{"id":9740,"date":"2025-02-02T17:08:55","date_gmt":"2025-02-02T16:08:55","guid":{"rendered":"https:\/\/baobolt.com\/?post_type=product&#038;p=9740"},"modified":"2025-02-02T17:08:55","modified_gmt":"2025-02-02T16:08:55","slug":"0170-cle-a-molette-a-ouverture-extra-large","status":"publish","type":"product","link":"https:\/\/baobolt.com\/index.php\/produit\/0170-cle-a-molette-a-ouverture-extra-large\/","title":{"rendered":"0170 : Cl\u00e9 \u00e0 molette \u00e0 ouverture extra-large"},"content":{"rendered":"<p>Cl\u00e9 \u00e0 molette gain\u00e9e \u00e0 ouverture extra-large, id\u00e9ale pour les travaux sur cuivre, laiton en plomberie, climatisation, r\u00e9frig\u00e9ration, maintenance, chauffage.<br \/>\nSa m\u00e2choire \u00e0 grande ouverture et sa r\u00e9sistance \u00e0 la torsion lui permettent de remplacer 3 cl\u00e9s :<br \/>\n6&Prime;-8&Prime;-10&Prime; pour la r\u00e9f. 017045\/017047<br \/>\n8&Prime;-10&Prime;-12&Prime; pour la r\u00e9f. 017050\/017052<br \/>\n10&Prime;-12&Prime;-15&Prime; pour la r\u00e9f. 017055<br \/>\nManche gain\u00e9 antid\u00e9rapant\u00a0pour une meilleure prise en main.<\/p>\n<p><strong>Cl\u00e9 \u00e0 molette extra large \u00e0 mors fins<\/strong>\u00a0(r\u00e9f. 017047 et 017052) pour s\u2019adapter aux \u00e9crous les plus minces.<br \/>\nId\u00e9al pour le montage et d\u00e9montage des syst\u00e8mes de blocage par contre-\u00e9crou.<br \/>\nAccessibilit\u00e9 maximale, gr\u00e2ce \u00e0 des mors jusqu\u2019\u00e0 50% plus fins que des cl\u00e9s standard avec ouverture similaire et une \u00e9paisseur homog\u00e8ne sur toute la longueur des mors.<\/p>\n<p>Conformes aux normes\u00a0ISO 6787:2001 et\u00a0ASME B107.100-2010.<\/p>\n","protected":false},"excerpt":{"rendered":"<p><strong>Pratique<\/strong>\u00a0:<strong><br \/>\n<\/strong>Une seule cl\u00e9 au lieu de plusieurs, gain de poids et de place.<br \/>\n<strong>Pour les espaces restreints<\/strong>\u00a0:<br \/>\nEpaisseur r\u00e9duite des bouts de becs et m\u00e2choire mobile non saillante en position ouverte.<br \/>\n<strong>2 versions \u00e0 ouverture extra-large compl\u00e9mentaires<\/strong>\u00a0:<br \/>\nClassique ou \u00e0 mors fins pour les endroits peu accessibles.<\/p>\n","protected":false},"featured_media":9742,"comment_status":"open","ping_status":"closed","template":"","meta":{"_eb_attr":"","ocean_post_layout":"","ocean_both_sidebars_style":"","ocean_both_sidebars_content_width":0,"ocean_both_sidebars_sidebars_width":0,"ocean_sidebar":"0","ocean_second_sidebar":"0","ocean_disable_margins":"enable","ocean_add_body_class":"","ocean_shortcode_before_top_bar":"","ocean_shortcode_after_top_bar":"","ocean_shortcode_before_header":"","ocean_shortcode_after_header":"","ocean_has_shortcode":"","ocean_shortcode_after_title":"","ocean_shortcode_before_footer_widgets":"","ocean_shortcode_after_footer_widgets":"","ocean_shortcode_before_footer_bottom":"","ocean_shortcode_after_footer_bottom":"","ocean_display_top_bar":"default","ocean_display_header":"default","ocean_header_style":"","ocean_center_header_left_menu":"0","ocean_custom_header_template":"0","ocean_custom_logo":0,"ocean_custom_retina_logo":0,"ocean_custom_logo_max_width":0,"ocean_custom_logo_tablet_max_width":0,"ocean_custom_logo_mobile_max_width":0,"ocean_custom_logo_max_height":0,"ocean_custom_logo_tablet_max_height":0,"ocean_custom_logo_mobile_max_height":0,"ocean_header_custom_menu":"0","ocean_menu_typo_font_family":"0","ocean_menu_typo_font_subset":"","ocean_menu_typo_font_size":0,"ocean_menu_typo_font_size_tablet":0,"ocean_menu_typo_font_size_mobile":0,"ocean_menu_typo_font_size_unit":"px","ocean_menu_typo_font_weight":"","ocean_menu_typo_font_weight_tablet":"","ocean_menu_typo_font_weight_mobile":"","ocean_menu_typo_transform":"","ocean_menu_typo_transform_tablet":"","ocean_menu_typo_transform_mobile":"","ocean_menu_typo_line_height":0,"ocean_menu_typo_line_height_tablet":0,"ocean_menu_typo_line_height_mobile":0,"ocean_menu_typo_line_height_unit":"","ocean_menu_typo_spacing":0,"ocean_menu_typo_spacing_tablet":0,"ocean_menu_typo_spacing_mobile":0,"ocean_menu_typo_spacing_unit":"","ocean_menu_link_color":"","ocean_menu_link_color_hover":"","ocean_menu_link_color_active":"","ocean_menu_link_background":"","ocean_menu_link_hover_background":"","ocean_menu_link_active_background":"","ocean_menu_social_links_bg":"","ocean_menu_social_hover_links_bg":"","ocean_menu_social_links_color":"","ocean_menu_social_hover_links_color":"","ocean_disable_title":"default","ocean_disable_heading":"default","ocean_post_title":"","ocean_post_subheading":"","ocean_post_title_style":"","ocean_post_title_background_color":"","ocean_post_title_background":0,"ocean_post_title_bg_image_position":"","ocean_post_title_bg_image_attachment":"","ocean_post_title_bg_image_repeat":"","ocean_post_title_bg_image_size":"","ocean_post_title_height":0,"ocean_post_title_bg_overlay":0.5,"ocean_post_title_bg_overlay_color":"","ocean_disable_breadcrumbs":"default","ocean_breadcrumbs_color":"","ocean_breadcrumbs_separator_color":"","ocean_breadcrumbs_links_color":"","ocean_breadcrumbs_links_hover_color":"","ocean_display_footer_widgets":"default","ocean_display_footer_bottom":"default","ocean_custom_footer_template":"0"},"product_brand":[],"product_cat":[134],"product_tag":[],"class_list":{"0":"post-9740","1":"product","2":"type-product","3":"status-publish","4":"has-post-thumbnail","6":"product_cat-cle-a-molette","8":"entry","9":"has-media","11":"first","12":"instock","13":"shipping-taxable","14":"product-type-simple","15":"has-product-nav","16":"col","17":"span_1_of_5","18":"owp-content-center","19":"owp-thumbs-layout-vertical","20":"owp-btn-big","21":"owp-tabs-layout-vertical","23":"circle-sale"},"_links":{"self":[{"href":"https:\/\/baobolt.com\/index.php\/wp-json\/wp\/v2\/product\/9740","targetHints":{"allow":["GET"]}}],"collection":[{"href":"https:\/\/baobolt.com\/index.php\/wp-json\/wp\/v2\/product"}],"about":[{"href":"https:\/\/baobolt.com\/index.php\/wp-json\/wp\/v2\/types\/product"}],"replies":[{"embeddable":true,"href":"https:\/\/baobolt.com\/index.php\/wp-json\/wp\/v2\/comments?post=9740"}],"version-history":[{"count":1,"href":"https:\/\/baobolt.com\/index.php\/wp-json\/wp\/v2\/product\/9740\/revisions"}],"predecessor-version":[{"id":9743,"href":"https:\/\/baobolt.com\/index.php\/wp-json\/wp\/v2\/product\/9740\/revisions\/9743"}],"wp:featuredmedia":[{"embeddable":true,"href":"https:\/\/baobolt.com\/index.php\/wp-json\/wp\/v2\/media\/9742"}],"wp:attachment":[{"href":"https:\/\/baobolt.com\/index.php\/wp-json\/wp\/v2\/media?parent=9740"}],"wp:term":[{"taxonomy":"product_brand","embeddable":true,"href":"https:\/\/baobolt.com\/index.php\/wp-json\/wp\/v2\/product_brand?post=9740"},{"taxonomy":"product_cat","embeddable":true,"href":"https:\/\/baobolt.com\/index.php\/wp-json\/wp\/v2\/product_cat?post=9740"},{"taxonomy":"product_tag","embeddable":true,"href":"https:\/\/baobolt.com\/index.php\/wp-json\/wp\/v2\/product_tag?post=9740"}],"curies":[{"name":"wp","href":"https:\/\/api.w.org\/{rel}","templated":true}]}}