{"id":8473,"date":"2024-03-20T23:23:58","date_gmt":"2024-03-20T22:23:58","guid":{"rendered":"https:\/\/baobolt.com\/?post_type=product&#038;p=8473"},"modified":"2024-03-20T23:23:58","modified_gmt":"2024-03-20T22:23:58","slug":"poste-a-soudure-telmig-180-2-220v-telwin","status":"publish","type":"product","link":"https:\/\/baobolt.com\/index.php\/produit\/poste-a-soudure-telmig-180-2-220v-telwin\/","title":{"rendered":"Poste \u00e0 soudure telmig 180\/2 220v &#8211; Telwin"},"content":{"rendered":"<ul>\n<li>Poste de soudure \u00e0 fil continu mig mag monophase Telmig 180\/2<\/li>\n<li>Normes EN 60974 &#8211; 1 et EN 50199<\/li>\n<li>Timer : r\u00e9gulation \u00e9lectronique du temps de pointage<\/li>\n<li>Poste \u00e9quip\u00e9 en standard avec galet et gaine 0,6\/0,8 mm<\/li>\n<li>Ventil\u00e9<\/li>\n<li>Tension r\u00e9seau 50\/60 Hz : 230 Volts 1phase<\/li>\n<li>Puissance absorb\u00e9e 60%\/max: 2,3-5,2 KW atts<\/li>\n<li>Fusible au r\u00e9seau : 16 Amp\u00e8res<\/li>\n<li>Tension \u00e0 vide max : 31 Volts<\/li>\n<li>Plage de r\u00e9glage : 30 \u00e0 170 Amp\u00e8res<\/li>\n<li>Courant max : 140 Amp\u00e8res \u00e0 20%<\/li>\n<li>Courant \u00e0 60% : 80 Amp\u00e8res<\/li>\n<li>Diam\u00e8tre fils acier (mm) : 0,6 &#8211; 0,8 \u00e9paisseur mat\u00e9riel conseill\u00e9 : 1 &#8211; 6 mm<\/li>\n<li>Diam\u00e8tre fils inox (mm) : 0,8 \u00e9paisseur mat\u00e9riel conseill\u00e9 :1-6 mm<\/li>\n<li>Diam\u00e8tre fils alu (mm) : 0,8 &#8211; 1 \u00e9paisseur mat\u00e9riel conseill\u00e9 : 1-4 mm<\/li>\n<li>Dimensions (mm) : 800 x 450 x 570<\/li>\n<li>Poids (Kg) : 38<\/li>\n<li>Accessoires livr\u00e9s :Torche &#8211; C\u00e2ble demasse -R\u00e9ducteur de pression<\/li>\n<li>Appareil concu pour un usage professionnel<\/li>\n<\/ul>\n","protected":false},"excerpt":{"rendered":"<p><strong>Poste \u00e0 soudure telmig 180\/2 220v\u00a0\u00e0 fil continu, mig mag monophase.<\/strong><\/p>\n<ul>\n<li>Diam\u00e8tre fils acier (mm) : 0,6 &#8211; 0,8 \u00e9paisseur mat\u00e9riel conseill\u00e9 : 1 &#8211; 6 mm<\/li>\n<li>Diam\u00e8tre fils inox (mm) : 0,8 \u00e9paisseur mat\u00e9riel conseill\u00e9 :1-6 mm<\/li>\n<li>Dimensions (mm) : 800 x 450 x 570.<\/li>\n<\/ul>\n","protected":false},"featured_media":8474,"comment_status":"open","ping_status":"closed","template":"","meta":{"_eb_attr":"","ocean_post_layout":"","ocean_both_sidebars_style":"","ocean_both_sidebars_content_width":0,"ocean_both_sidebars_sidebars_width":0,"ocean_sidebar":"0","ocean_second_sidebar":"0","ocean_disable_margins":"enable","ocean_add_body_class":"","ocean_shortcode_before_top_bar":"","ocean_shortcode_after_top_bar":"","ocean_shortcode_before_header":"","ocean_shortcode_after_header":"","ocean_has_shortcode":"","ocean_shortcode_after_title":"","ocean_shortcode_before_footer_widgets":"","ocean_shortcode_after_footer_widgets":"","ocean_shortcode_before_footer_bottom":"","ocean_shortcode_after_footer_bottom":"","ocean_display_top_bar":"default","ocean_display_header":"default","ocean_header_style":"","ocean_center_header_left_menu":"0","ocean_custom_header_template":"0","ocean_custom_logo":0,"ocean_custom_retina_logo":0,"ocean_custom_logo_max_width":0,"ocean_custom_logo_tablet_max_width":0,"ocean_custom_logo_mobile_max_width":0,"ocean_custom_logo_max_height":0,"ocean_custom_logo_tablet_max_height":0,"ocean_custom_logo_mobile_max_height":0,"ocean_header_custom_menu":"0","ocean_menu_typo_font_family":"0","ocean_menu_typo_font_subset":"","ocean_menu_typo_font_size":0,"ocean_menu_typo_font_size_tablet":0,"ocean_menu_typo_font_size_mobile":0,"ocean_menu_typo_font_size_unit":"px","ocean_menu_typo_font_weight":"","ocean_menu_typo_font_weight_tablet":"","ocean_menu_typo_font_weight_mobile":"","ocean_menu_typo_transform":"","ocean_menu_typo_transform_tablet":"","ocean_menu_typo_transform_mobile":"","ocean_menu_typo_line_height":0,"ocean_menu_typo_line_height_tablet":0,"ocean_menu_typo_line_height_mobile":0,"ocean_menu_typo_line_height_unit":"","ocean_menu_typo_spacing":0,"ocean_menu_typo_spacing_tablet":0,"ocean_menu_typo_spacing_mobile":0,"ocean_menu_typo_spacing_unit":"","ocean_menu_link_color":"","ocean_menu_link_color_hover":"","ocean_menu_link_color_active":"","ocean_menu_link_background":"","ocean_menu_link_hover_background":"","ocean_menu_link_active_background":"","ocean_menu_social_links_bg":"","ocean_menu_social_hover_links_bg":"","ocean_menu_social_links_color":"","ocean_menu_social_hover_links_color":"","ocean_disable_title":"default","ocean_disable_heading":"default","ocean_post_title":"","ocean_post_subheading":"","ocean_post_title_style":"","ocean_post_title_background_color":"","ocean_post_title_background":0,"ocean_post_title_bg_image_position":"","ocean_post_title_bg_image_attachment":"","ocean_post_title_bg_image_repeat":"","ocean_post_title_bg_image_size":"","ocean_post_title_height":0,"ocean_post_title_bg_overlay":0.5,"ocean_post_title_bg_overlay_color":"","ocean_disable_breadcrumbs":"default","ocean_breadcrumbs_color":"","ocean_breadcrumbs_separator_color":"","ocean_breadcrumbs_links_color":"","ocean_breadcrumbs_links_hover_color":"","ocean_display_footer_widgets":"default","ocean_display_footer_bottom":"default","ocean_custom_footer_template":"0"},"product_brand":[],"product_cat":[65,46,102],"product_tag":[],"class_list":{"0":"post-8473","1":"product","2":"type-product","3":"status-publish","4":"has-post-thumbnail","6":"product_cat-migmag","7":"product_cat-soudage","8":"product_cat-telwin","10":"entry","11":"has-media","13":"first","14":"instock","15":"shipping-taxable","16":"product-type-simple","17":"has-product-nav","18":"col","19":"span_1_of_5","20":"owp-content-center","21":"owp-thumbs-layout-vertical","22":"owp-btn-big","23":"owp-tabs-layout-vertical","24":"has-no-thumbnails","26":"circle-sale"},"_links":{"self":[{"href":"https:\/\/baobolt.com\/index.php\/wp-json\/wp\/v2\/product\/8473","targetHints":{"allow":["GET"]}}],"collection":[{"href":"https:\/\/baobolt.com\/index.php\/wp-json\/wp\/v2\/product"}],"about":[{"href":"https:\/\/baobolt.com\/index.php\/wp-json\/wp\/v2\/types\/product"}],"replies":[{"embeddable":true,"href":"https:\/\/baobolt.com\/index.php\/wp-json\/wp\/v2\/comments?post=8473"}],"version-history":[{"count":1,"href":"https:\/\/baobolt.com\/index.php\/wp-json\/wp\/v2\/product\/8473\/revisions"}],"predecessor-version":[{"id":8475,"href":"https:\/\/baobolt.com\/index.php\/wp-json\/wp\/v2\/product\/8473\/revisions\/8475"}],"wp:featuredmedia":[{"embeddable":true,"href":"https:\/\/baobolt.com\/index.php\/wp-json\/wp\/v2\/media\/8474"}],"wp:attachment":[{"href":"https:\/\/baobolt.com\/index.php\/wp-json\/wp\/v2\/media?parent=8473"}],"wp:term":[{"taxonomy":"product_brand","embeddable":true,"href":"https:\/\/baobolt.com\/index.php\/wp-json\/wp\/v2\/product_brand?post=8473"},{"taxonomy":"product_cat","embeddable":true,"href":"https:\/\/baobolt.com\/index.php\/wp-json\/wp\/v2\/product_cat?post=8473"},{"taxonomy":"product_tag","embeddable":true,"href":"https:\/\/baobolt.com\/index.php\/wp-json\/wp\/v2\/product_tag?post=8473"}],"curies":[{"name":"wp","href":"https:\/\/api.w.org\/{rel}","templated":true}]}}