{"id":8462,"date":"2024-03-20T01:08:32","date_gmt":"2024-03-20T00:08:32","guid":{"rendered":"https:\/\/baobolt.com\/?post_type=product&#038;p=8462"},"modified":"2024-04-23T00:44:36","modified_gmt":"2024-04-22T23:44:36","slug":"perceuse-a-percussion-750-watts-29nm-2-800-tr-min-sbe-750-re-aeg-4935442850","status":"publish","type":"product","link":"https:\/\/baobolt.com\/index.php\/produit\/perceuse-a-percussion-750-watts-29nm-2-800-tr-min-sbe-750-re-aeg-4935442850\/","title":{"rendered":"Perceuse \u00e0 percussion 750 Watts,  SBE 750 RE AEG"},"content":{"rendered":"<ul>\n<li>Cadence de frappe max (cps\/min) : 23.200<\/li>\n<li>Capacit\u00e9 Max. bois\/metal\/b\u00e9ton [mm] : 30 \/ 13 \/ 20 \/ 16<\/li>\n<li>Capacit\u00e9 acier (mm) : 13<\/li>\n<li>Capacit\u00e9 b\u00e9ton (mm) : 16<\/li>\n<li>Capacit\u00e9 bois (mm) : 30<\/li>\n<li>Capacit\u00e9 mandrin (mm) : 1,5 &#8211; 13<\/li>\n<li>Capacit\u00e9 pierre (mm) : 20<\/li>\n<li>Couple max (Nm) : 27<\/li>\n<li>Emballage : coffret<\/li>\n<li>Poids (kg) : 1.9<\/li>\n<li>Puissance absorb\u00e9e (W) : 750<\/li>\n<li>Puissance restitu\u00e9e (W) : 375<\/li>\n<li>Vitesse \u00e0 vide (tr\/min) : 0 &#8211; 3000<\/li>\n<\/ul>\n","protected":false},"excerpt":{"rendered":"<ul class=\"aeg-product-features\">\n<li>Moteur 750W<\/li>\n<li>Variateur \u00e9lectronique avec molette de pr\u00e9r\u00e9glage de la vitesse<\/li>\n<li>Haute cadence de per\u00e7age de 3 000 t\/mn<\/li>\n<li>Technologie IMB: Ch\u00e2ssis monobloc m\u00e9tallique : \u00ab M\u00e9canique de frappe, pignonnerie et moteur fix\u00e9s sur un ch\u00e2ssis monobloc tr\u00e8s rigide pour une robustesse accrue, une meilleure stabilit\u00e9 et une durabilit\u00e9 accrue \u00bb<\/li>\n<li class=\"hidden js-toggled-feature\">Mandrin autoserrant m\u00e9tal 13 mm<\/li>\n<li class=\"hidden js-toggled-feature\">Poign\u00e9e ergonomique pour une parfaite prise en main<\/li>\n<\/ul>\n","protected":false},"featured_media":8466,"comment_status":"open","ping_status":"closed","template":"","meta":{"_eb_attr":"","ocean_post_layout":"","ocean_both_sidebars_style":"","ocean_both_sidebars_content_width":0,"ocean_both_sidebars_sidebars_width":0,"ocean_sidebar":"0","ocean_second_sidebar":"0","ocean_disable_margins":"enable","ocean_add_body_class":"","ocean_shortcode_before_top_bar":"","ocean_shortcode_after_top_bar":"","ocean_shortcode_before_header":"","ocean_shortcode_after_header":"","ocean_has_shortcode":"","ocean_shortcode_after_title":"","ocean_shortcode_before_footer_widgets":"","ocean_shortcode_after_footer_widgets":"","ocean_shortcode_before_footer_bottom":"","ocean_shortcode_after_footer_bottom":"","ocean_display_top_bar":"default","ocean_display_header":"default","ocean_header_style":"","ocean_center_header_left_menu":"0","ocean_custom_header_template":"0","ocean_custom_logo":0,"ocean_custom_retina_logo":0,"ocean_custom_logo_max_width":0,"ocean_custom_logo_tablet_max_width":0,"ocean_custom_logo_mobile_max_width":0,"ocean_custom_logo_max_height":0,"ocean_custom_logo_tablet_max_height":0,"ocean_custom_logo_mobile_max_height":0,"ocean_header_custom_menu":"0","ocean_menu_typo_font_family":"0","ocean_menu_typo_font_subset":"","ocean_menu_typo_font_size":0,"ocean_menu_typo_font_size_tablet":0,"ocean_menu_typo_font_size_mobile":0,"ocean_menu_typo_font_size_unit":"px","ocean_menu_typo_font_weight":"","ocean_menu_typo_font_weight_tablet":"","ocean_menu_typo_font_weight_mobile":"","ocean_menu_typo_transform":"","ocean_menu_typo_transform_tablet":"","ocean_menu_typo_transform_mobile":"","ocean_menu_typo_line_height":0,"ocean_menu_typo_line_height_tablet":0,"ocean_menu_typo_line_height_mobile":0,"ocean_menu_typo_line_height_unit":"","ocean_menu_typo_spacing":0,"ocean_menu_typo_spacing_tablet":0,"ocean_menu_typo_spacing_mobile":0,"ocean_menu_typo_spacing_unit":"","ocean_menu_link_color":"","ocean_menu_link_color_hover":"","ocean_menu_link_color_active":"","ocean_menu_link_background":"","ocean_menu_link_hover_background":"","ocean_menu_link_active_background":"","ocean_menu_social_links_bg":"","ocean_menu_social_hover_links_bg":"","ocean_menu_social_links_color":"","ocean_menu_social_hover_links_color":"","ocean_disable_title":"default","ocean_disable_heading":"default","ocean_post_title":"","ocean_post_subheading":"","ocean_post_title_style":"","ocean_post_title_background_color":"","ocean_post_title_background":0,"ocean_post_title_bg_image_position":"","ocean_post_title_bg_image_attachment":"","ocean_post_title_bg_image_repeat":"","ocean_post_title_bg_image_size":"","ocean_post_title_height":0,"ocean_post_title_bg_overlay":0.5,"ocean_post_title_bg_overlay_color":"","ocean_disable_breadcrumbs":"default","ocean_breadcrumbs_color":"","ocean_breadcrumbs_separator_color":"","ocean_breadcrumbs_links_color":"","ocean_breadcrumbs_links_hover_color":"","ocean_display_footer_widgets":"default","ocean_display_footer_bottom":"default","ocean_custom_footer_template":"0"},"product_brand":[],"product_cat":[50,35,36],"product_tag":[],"class_list":{"0":"post-8462","1":"product","2":"type-product","3":"status-publish","4":"has-post-thumbnail","6":"product_cat-aeg","7":"product_cat-electroportatifs","8":"product_cat-perceuse","10":"entry","11":"has-media","13":"first","14":"instock","15":"shipping-taxable","16":"product-type-simple","17":"has-product-nav","18":"col","19":"span_1_of_5","20":"owp-content-center","21":"owp-thumbs-layout-vertical","22":"owp-btn-big","23":"owp-tabs-layout-vertical","24":"has-no-thumbnails","26":"circle-sale"},"_links":{"self":[{"href":"https:\/\/baobolt.com\/index.php\/wp-json\/wp\/v2\/product\/8462","targetHints":{"allow":["GET"]}}],"collection":[{"href":"https:\/\/baobolt.com\/index.php\/wp-json\/wp\/v2\/product"}],"about":[{"href":"https:\/\/baobolt.com\/index.php\/wp-json\/wp\/v2\/types\/product"}],"replies":[{"embeddable":true,"href":"https:\/\/baobolt.com\/index.php\/wp-json\/wp\/v2\/comments?post=8462"}],"version-history":[{"count":4,"href":"https:\/\/baobolt.com\/index.php\/wp-json\/wp\/v2\/product\/8462\/revisions"}],"predecessor-version":[{"id":8787,"href":"https:\/\/baobolt.com\/index.php\/wp-json\/wp\/v2\/product\/8462\/revisions\/8787"}],"wp:featuredmedia":[{"embeddable":true,"href":"https:\/\/baobolt.com\/index.php\/wp-json\/wp\/v2\/media\/8466"}],"wp:attachment":[{"href":"https:\/\/baobolt.com\/index.php\/wp-json\/wp\/v2\/media?parent=8462"}],"wp:term":[{"taxonomy":"product_brand","embeddable":true,"href":"https:\/\/baobolt.com\/index.php\/wp-json\/wp\/v2\/product_brand?post=8462"},{"taxonomy":"product_cat","embeddable":true,"href":"https:\/\/baobolt.com\/index.php\/wp-json\/wp\/v2\/product_cat?post=8462"},{"taxonomy":"product_tag","embeddable":true,"href":"https:\/\/baobolt.com\/index.php\/wp-json\/wp\/v2\/product_tag?post=8462"}],"curies":[{"name":"wp","href":"https:\/\/api.w.org\/{rel}","templated":true}]}}