{"id":8395,"date":"2024-03-19T23:49:10","date_gmt":"2024-03-19T22:49:10","guid":{"rendered":"https:\/\/baobolt.com\/?post_type=product&#038;p=8395"},"modified":"2024-04-13T17:25:03","modified_gmt":"2024-04-13T15:25:03","slug":"ecran-protection-claire-bolt-compact-bolt-200-milwaukee","status":"publish","type":"product","link":"https:\/\/baobolt.com\/index.php\/produit\/ecran-protection-claire-bolt-compact-bolt-200-milwaukee\/","title":{"rendered":"\u00c9CRAN PROTECTION CLAIRE BOLT COMPACT (BOLT 200) &#8211; Milwaukee"},"content":{"rendered":"<ul>\n<li>Visi\u00e8re compl\u00e8te avec champ de vision panoramique.<\/li>\n<li>Syst\u00e8me BOLT\u2122- assurez la compatibilit\u00e9 entre les accessoires gr\u00e2ce \u00e0 un syst\u00e8me de fixation facile et intuitif. Une large gamme d&rsquo;accessoires BOLT\u2122 disponible.<\/li>\n<li>Compatible avec la lampe BOLT\u2122 : possibilit\u00e9 de soulever l&rsquo;\u00e9cran facial m\u00eame avec la lampe install\u00e9e.<\/li>\n<li>Installation et retrait faciles et intuitifs.<\/li>\n<li>Visi\u00e8re en polycarbonate.<\/li>\n<li>Visi\u00e8re certifi\u00e9e anti-rayure K selon la norme EN166.<\/li>\n<li>Visi\u00e8re certifi\u00e9e anti-bu\u00e9e N selon la norme EN166.<\/li>\n<li>2 teintes de visi\u00e8res disponibles : transparent et gris.<\/li>\n<li>La version Compact offre un design fin et peu encombrant compatible avec les casques BOLT\u2122200.<\/li>\n<li>La version universelle peut \u00eatre adapt\u00e9e sur les casques BOLT\u2122 100 et BOLT\u2122 200 gr\u00e2ce \u00e0 un syst\u00e8me de switch facile.<\/li>\n<li>Les versions d&rsquo;\u00e9lagage ont une r\u00e9sistance aux chocs class\u00e9e F selon la norme EN 1731, les mailles sont en acier. Cette version est id\u00e9ale pour les applications ext\u00e9rieures et de jardinage\/entretien.<\/li>\n<li>Les versions d&rsquo;\u00e9lagage ont une transmission de la lumi\u00e8re &gt; 60 %.<\/li>\n<li>Ecran facial certifi\u00e9 selon la norme EN 166. \u00c9cran d&rsquo;\u00e9lagage certifi\u00e9 selon la norme EN 1731.<\/li>\n<\/ul>\n","protected":false},"excerpt":{"rendered":"<p>D\u00e9couvrez la gamme de casque Bolt et sa plateforme d&rsquo;accessoires unique, offrant une compatibilit\u00e9 hors norme de la protection de votre t\u00eate.<\/p>\n","protected":false},"featured_media":8398,"comment_status":"open","ping_status":"closed","template":"","meta":{"_eb_attr":"","ocean_post_layout":"","ocean_both_sidebars_style":"","ocean_both_sidebars_content_width":0,"ocean_both_sidebars_sidebars_width":0,"ocean_sidebar":"0","ocean_second_sidebar":"0","ocean_disable_margins":"enable","ocean_add_body_class":"","ocean_shortcode_before_top_bar":"","ocean_shortcode_after_top_bar":"","ocean_shortcode_before_header":"","ocean_shortcode_after_header":"","ocean_has_shortcode":"","ocean_shortcode_after_title":"","ocean_shortcode_before_footer_widgets":"","ocean_shortcode_after_footer_widgets":"","ocean_shortcode_before_footer_bottom":"","ocean_shortcode_after_footer_bottom":"","ocean_display_top_bar":"default","ocean_display_header":"default","ocean_header_style":"","ocean_center_header_left_menu":"0","ocean_custom_header_template":"0","ocean_custom_logo":0,"ocean_custom_retina_logo":0,"ocean_custom_logo_max_width":0,"ocean_custom_logo_tablet_max_width":0,"ocean_custom_logo_mobile_max_width":0,"ocean_custom_logo_max_height":0,"ocean_custom_logo_tablet_max_height":0,"ocean_custom_logo_mobile_max_height":0,"ocean_header_custom_menu":"0","ocean_menu_typo_font_family":"0","ocean_menu_typo_font_subset":"","ocean_menu_typo_font_size":0,"ocean_menu_typo_font_size_tablet":0,"ocean_menu_typo_font_size_mobile":0,"ocean_menu_typo_font_size_unit":"px","ocean_menu_typo_font_weight":"","ocean_menu_typo_font_weight_tablet":"","ocean_menu_typo_font_weight_mobile":"","ocean_menu_typo_transform":"","ocean_menu_typo_transform_tablet":"","ocean_menu_typo_transform_mobile":"","ocean_menu_typo_line_height":0,"ocean_menu_typo_line_height_tablet":0,"ocean_menu_typo_line_height_mobile":0,"ocean_menu_typo_line_height_unit":"","ocean_menu_typo_spacing":0,"ocean_menu_typo_spacing_tablet":0,"ocean_menu_typo_spacing_mobile":0,"ocean_menu_typo_spacing_unit":"","ocean_menu_link_color":"","ocean_menu_link_color_hover":"","ocean_menu_link_color_active":"","ocean_menu_link_background":"","ocean_menu_link_hover_background":"","ocean_menu_link_active_background":"","ocean_menu_social_links_bg":"","ocean_menu_social_hover_links_bg":"","ocean_menu_social_links_color":"","ocean_menu_social_hover_links_color":"","ocean_disable_title":"default","ocean_disable_heading":"default","ocean_post_title":"","ocean_post_subheading":"","ocean_post_title_style":"","ocean_post_title_background_color":"","ocean_post_title_background":0,"ocean_post_title_bg_image_position":"","ocean_post_title_bg_image_attachment":"","ocean_post_title_bg_image_repeat":"","ocean_post_title_bg_image_size":"","ocean_post_title_height":0,"ocean_post_title_bg_overlay":0.5,"ocean_post_title_bg_overlay_color":"","ocean_disable_breadcrumbs":"default","ocean_breadcrumbs_color":"","ocean_breadcrumbs_separator_color":"","ocean_breadcrumbs_links_color":"","ocean_breadcrumbs_links_hover_color":"","ocean_display_footer_widgets":"default","ocean_display_footer_bottom":"default","ocean_custom_footer_template":"0"},"product_brand":[],"product_cat":[86,48,45],"product_tag":[],"class_list":{"0":"post-8395","1":"product","2":"type-product","3":"status-publish","4":"has-post-thumbnail","6":"product_cat-casque-de-securite","7":"product_cat-milwaukee","8":"product_cat-securite-protection","10":"entry","11":"has-media","13":"first","14":"instock","15":"shipping-taxable","16":"product-type-simple","17":"has-product-nav","18":"col","19":"span_1_of_5","20":"owp-content-center","21":"owp-thumbs-layout-vertical","22":"owp-btn-big","23":"owp-tabs-layout-vertical","24":"has-no-thumbnails","26":"circle-sale"},"_links":{"self":[{"href":"https:\/\/baobolt.com\/index.php\/wp-json\/wp\/v2\/product\/8395","targetHints":{"allow":["GET"]}}],"collection":[{"href":"https:\/\/baobolt.com\/index.php\/wp-json\/wp\/v2\/product"}],"about":[{"href":"https:\/\/baobolt.com\/index.php\/wp-json\/wp\/v2\/types\/product"}],"replies":[{"embeddable":true,"href":"https:\/\/baobolt.com\/index.php\/wp-json\/wp\/v2\/comments?post=8395"}],"version-history":[{"count":2,"href":"https:\/\/baobolt.com\/index.php\/wp-json\/wp\/v2\/product\/8395\/revisions"}],"predecessor-version":[{"id":8601,"href":"https:\/\/baobolt.com\/index.php\/wp-json\/wp\/v2\/product\/8395\/revisions\/8601"}],"wp:featuredmedia":[{"embeddable":true,"href":"https:\/\/baobolt.com\/index.php\/wp-json\/wp\/v2\/media\/8398"}],"wp:attachment":[{"href":"https:\/\/baobolt.com\/index.php\/wp-json\/wp\/v2\/media?parent=8395"}],"wp:term":[{"taxonomy":"product_brand","embeddable":true,"href":"https:\/\/baobolt.com\/index.php\/wp-json\/wp\/v2\/product_brand?post=8395"},{"taxonomy":"product_cat","embeddable":true,"href":"https:\/\/baobolt.com\/index.php\/wp-json\/wp\/v2\/product_cat?post=8395"},{"taxonomy":"product_tag","embeddable":true,"href":"https:\/\/baobolt.com\/index.php\/wp-json\/wp\/v2\/product_tag?post=8395"}],"curies":[{"name":"wp","href":"https:\/\/api.w.org\/{rel}","templated":true}]}}