{"id":8381,"date":"2024-03-19T00:09:32","date_gmt":"2024-03-18T23:09:32","guid":{"rendered":"https:\/\/baobolt.com\/?post_type=product&#038;p=8381"},"modified":"2024-03-19T00:10:52","modified_gmt":"2024-03-18T23:10:52","slug":"red-cote-plus-35cm","status":"publish","type":"product","link":"https:\/\/baobolt.com\/index.php\/produit\/red-cote-plus-35cm\/","title":{"rendered":"Red Cote Plus -35CM"},"content":{"rendered":"<div class=\"woocommerce-product-details__short-description\">\n<p>\u201cGant r\u00e9sistant aux produits chimiques, disponible en 3 longueurs: 27, 35 et 40 cm.<br \/>\nLa doublure en coton interlock absorbe la transpiration de la main pour plus de confort.<br \/>\nSa finition lisse offre un excellent toucher et augmente la dext\u00e9rit\u00e9.<br \/>\nLes doigts articul\u00e9s du gant offrent un confort sup\u00e9rieur et r\u00e9duisent les efforts en cas d\u2019utilisation prolong\u00e9e.<br \/>\nSa composition en PVC a \u00e9t\u00e9 con\u00e7ue pour une manipulation polyvalente et r\u00e9p\u00e9titive dans une atmosph\u00e8re huileuse.<br \/>\nHaute r\u00e9sistance chimique.\u201d<\/p>\n<\/div>\n<div class=\"product_meta\"><\/div>\n","protected":false},"excerpt":{"rendered":"<div class=\"woocommerce-product-details__short-description\">\n<p>\u201cGant r\u00e9sistant aux produits chimiques, disponible en 3 longueurs: 27, 35 et 40 cm.<br \/>\nLa doublure en coton interlock absorbe la transpiration de la main pour plus de confort.<br \/>\nSa finition lisse offre un excellent toucher et augmente la dext\u00e9rit\u00e9.<br \/>\nLes doigts articul\u00e9s du gant offrent un confort sup\u00e9rieur et r\u00e9duisent les efforts en cas d\u2019utilisation prolong\u00e9e.<br \/>\nSa composition en PVC a \u00e9t\u00e9 con\u00e7ue pour une manipulation polyvalente et r\u00e9p\u00e9titive dans une atmosph\u00e8re huileuse.<br \/>\nHaute r\u00e9sistance chimique.\u201d<\/p>\n<\/div>\n<div class=\"product_meta\"><\/div>\n","protected":false},"featured_media":8383,"comment_status":"open","ping_status":"closed","template":"","meta":{"_eb_attr":"","ocean_post_layout":"","ocean_both_sidebars_style":"","ocean_both_sidebars_content_width":0,"ocean_both_sidebars_sidebars_width":0,"ocean_sidebar":"0","ocean_second_sidebar":"0","ocean_disable_margins":"enable","ocean_add_body_class":"","ocean_shortcode_before_top_bar":"","ocean_shortcode_after_top_bar":"","ocean_shortcode_before_header":"","ocean_shortcode_after_header":"","ocean_has_shortcode":"","ocean_shortcode_after_title":"","ocean_shortcode_before_footer_widgets":"","ocean_shortcode_after_footer_widgets":"","ocean_shortcode_before_footer_bottom":"","ocean_shortcode_after_footer_bottom":"","ocean_display_top_bar":"default","ocean_display_header":"default","ocean_header_style":"","ocean_center_header_left_menu":"0","ocean_custom_header_template":"0","ocean_custom_logo":0,"ocean_custom_retina_logo":0,"ocean_custom_logo_max_width":0,"ocean_custom_logo_tablet_max_width":0,"ocean_custom_logo_mobile_max_width":0,"ocean_custom_logo_max_height":0,"ocean_custom_logo_tablet_max_height":0,"ocean_custom_logo_mobile_max_height":0,"ocean_header_custom_menu":"0","ocean_menu_typo_font_family":"0","ocean_menu_typo_font_subset":"","ocean_menu_typo_font_size":0,"ocean_menu_typo_font_size_tablet":0,"ocean_menu_typo_font_size_mobile":0,"ocean_menu_typo_font_size_unit":"px","ocean_menu_typo_font_weight":"","ocean_menu_typo_font_weight_tablet":"","ocean_menu_typo_font_weight_mobile":"","ocean_menu_typo_transform":"","ocean_menu_typo_transform_tablet":"","ocean_menu_typo_transform_mobile":"","ocean_menu_typo_line_height":0,"ocean_menu_typo_line_height_tablet":0,"ocean_menu_typo_line_height_mobile":0,"ocean_menu_typo_line_height_unit":"","ocean_menu_typo_spacing":0,"ocean_menu_typo_spacing_tablet":0,"ocean_menu_typo_spacing_mobile":0,"ocean_menu_typo_spacing_unit":"","ocean_menu_link_color":"","ocean_menu_link_color_hover":"","ocean_menu_link_color_active":"","ocean_menu_link_background":"","ocean_menu_link_hover_background":"","ocean_menu_link_active_background":"","ocean_menu_social_links_bg":"","ocean_menu_social_hover_links_bg":"","ocean_menu_social_links_color":"","ocean_menu_social_hover_links_color":"","ocean_disable_title":"default","ocean_disable_heading":"default","ocean_post_title":"","ocean_post_subheading":"","ocean_post_title_style":"","ocean_post_title_background_color":"","ocean_post_title_background":0,"ocean_post_title_bg_image_position":"","ocean_post_title_bg_image_attachment":"","ocean_post_title_bg_image_repeat":"","ocean_post_title_bg_image_size":"","ocean_post_title_height":0,"ocean_post_title_bg_overlay":0.5,"ocean_post_title_bg_overlay_color":"","ocean_disable_breadcrumbs":"default","ocean_breadcrumbs_color":"","ocean_breadcrumbs_separator_color":"","ocean_breadcrumbs_links_color":"","ocean_breadcrumbs_links_hover_color":"","ocean_display_footer_widgets":"default","ocean_display_footer_bottom":"default","ocean_custom_footer_template":"0"},"product_brand":[],"product_cat":[85,45],"product_tag":[],"class_list":{"0":"post-8381","1":"product","2":"type-product","3":"status-publish","4":"has-post-thumbnail","6":"product_cat-gants-de-protection","7":"product_cat-securite-protection","9":"entry","10":"has-media","12":"first","13":"instock","14":"shipping-taxable","15":"product-type-simple","16":"has-product-nav","17":"col","18":"span_1_of_5","19":"owp-content-center","20":"owp-thumbs-layout-vertical","21":"owp-btn-big","22":"owp-tabs-layout-vertical","23":"has-no-thumbnails","25":"circle-sale"},"_links":{"self":[{"href":"https:\/\/baobolt.com\/index.php\/wp-json\/wp\/v2\/product\/8381","targetHints":{"allow":["GET"]}}],"collection":[{"href":"https:\/\/baobolt.com\/index.php\/wp-json\/wp\/v2\/product"}],"about":[{"href":"https:\/\/baobolt.com\/index.php\/wp-json\/wp\/v2\/types\/product"}],"replies":[{"embeddable":true,"href":"https:\/\/baobolt.com\/index.php\/wp-json\/wp\/v2\/comments?post=8381"}],"version-history":[{"count":1,"href":"https:\/\/baobolt.com\/index.php\/wp-json\/wp\/v2\/product\/8381\/revisions"}],"predecessor-version":[{"id":8384,"href":"https:\/\/baobolt.com\/index.php\/wp-json\/wp\/v2\/product\/8381\/revisions\/8384"}],"wp:featuredmedia":[{"embeddable":true,"href":"https:\/\/baobolt.com\/index.php\/wp-json\/wp\/v2\/media\/8383"}],"wp:attachment":[{"href":"https:\/\/baobolt.com\/index.php\/wp-json\/wp\/v2\/media?parent=8381"}],"wp:term":[{"taxonomy":"product_brand","embeddable":true,"href":"https:\/\/baobolt.com\/index.php\/wp-json\/wp\/v2\/product_brand?post=8381"},{"taxonomy":"product_cat","embeddable":true,"href":"https:\/\/baobolt.com\/index.php\/wp-json\/wp\/v2\/product_cat?post=8381"},{"taxonomy":"product_tag","embeddable":true,"href":"https:\/\/baobolt.com\/index.php\/wp-json\/wp\/v2\/product_tag?post=8381"}],"curies":[{"name":"wp","href":"https:\/\/api.w.org\/{rel}","templated":true}]}}