{"id":8246,"date":"2024-03-14T23:30:48","date_gmt":"2024-03-14T22:30:48","guid":{"rendered":"https:\/\/baobolt.com\/?post_type=product&#038;p=8246"},"modified":"2024-03-14T23:30:48","modified_gmt":"2024-03-14T22:30:48","slug":"hgmig-mig-maggmaw","status":"publish","type":"product","link":"https:\/\/baobolt.com\/index.php\/produit\/hgmig-mig-maggmaw\/","title":{"rendered":"HGMIG MIG\/MAG[GMAW]"},"content":{"rendered":"<p>Mod\u00e8le HGMIG 200 .HGMIG 250\/HGMIG 300<br \/>\nPuissance d&rsquo;entr\u00e9e (V) 400 400 400<br \/>\nCourant d&rsquo;entr\u00e9e nominal (A) 10 14 17,2<br \/>\nCapacit\u00e9 d&rsquo;entr\u00e9e nominale (kVA) 6,6 9,2 11,5<br \/>\nTension nominale en circuit ouvert (V) 18-31 18-35 19-38<br \/>\nPlage de r\u00e9glage du courant de soudage (A) 40-200 40-250 56-300<br \/>\nSortie nominale (A) 35 % \u00e0 200 35 % \u00e0 250 35 % \u00e0 300<br \/>\nPoids (kg) 72 75 86<br \/>\nDiam\u00e8tre du fil (mm) 0,8-1,0 0,8-1,0 1,0-1,2<br \/>\nLxlxH (mm) 800x375x700 800x375x700 830x395x770<\/p>\n","protected":false},"excerpt":{"rendered":"<p>Soudeuse MIG triphas\u00e9e semi-professionnelle<\/p>\n<p>Indicateur d&rsquo;alimentation<\/p>\n<p>Protection thermique<\/p>\n<p>Affichage num\u00e9rique<\/p>\n<p>12 r\u00e9glages de chaleur pour HGMIG250<\/p>\n<p>20 r\u00e9glages de chaleur pour HGMIG300<\/p>\n<p>R\u00e9glage continu du d\u00e9vidage du fil<\/p>\n<p>R\u00e9glage de la minuterie ponctuelle<\/p>\n<p>Soudage par points en continu<\/p>\n<p>Utilisez une bobine de fil de 15 kg ou 20 kg<\/p>\n","protected":false},"featured_media":8247,"comment_status":"open","ping_status":"closed","template":"","meta":{"_eb_attr":"","ocean_post_layout":"","ocean_both_sidebars_style":"","ocean_both_sidebars_content_width":0,"ocean_both_sidebars_sidebars_width":0,"ocean_sidebar":"0","ocean_second_sidebar":"0","ocean_disable_margins":"enable","ocean_add_body_class":"","ocean_shortcode_before_top_bar":"","ocean_shortcode_after_top_bar":"","ocean_shortcode_before_header":"","ocean_shortcode_after_header":"","ocean_has_shortcode":"","ocean_shortcode_after_title":"","ocean_shortcode_before_footer_widgets":"","ocean_shortcode_after_footer_widgets":"","ocean_shortcode_before_footer_bottom":"","ocean_shortcode_after_footer_bottom":"","ocean_display_top_bar":"default","ocean_display_header":"default","ocean_header_style":"","ocean_center_header_left_menu":"0","ocean_custom_header_template":"0","ocean_custom_logo":0,"ocean_custom_retina_logo":0,"ocean_custom_logo_max_width":0,"ocean_custom_logo_tablet_max_width":0,"ocean_custom_logo_mobile_max_width":0,"ocean_custom_logo_max_height":0,"ocean_custom_logo_tablet_max_height":0,"ocean_custom_logo_mobile_max_height":0,"ocean_header_custom_menu":"0","ocean_menu_typo_font_family":"0","ocean_menu_typo_font_subset":"","ocean_menu_typo_font_size":0,"ocean_menu_typo_font_size_tablet":0,"ocean_menu_typo_font_size_mobile":0,"ocean_menu_typo_font_size_unit":"px","ocean_menu_typo_font_weight":"","ocean_menu_typo_font_weight_tablet":"","ocean_menu_typo_font_weight_mobile":"","ocean_menu_typo_transform":"","ocean_menu_typo_transform_tablet":"","ocean_menu_typo_transform_mobile":"","ocean_menu_typo_line_height":0,"ocean_menu_typo_line_height_tablet":0,"ocean_menu_typo_line_height_mobile":0,"ocean_menu_typo_line_height_unit":"","ocean_menu_typo_spacing":0,"ocean_menu_typo_spacing_tablet":0,"ocean_menu_typo_spacing_mobile":0,"ocean_menu_typo_spacing_unit":"","ocean_menu_link_color":"","ocean_menu_link_color_hover":"","ocean_menu_link_color_active":"","ocean_menu_link_background":"","ocean_menu_link_hover_background":"","ocean_menu_link_active_background":"","ocean_menu_social_links_bg":"","ocean_menu_social_hover_links_bg":"","ocean_menu_social_links_color":"","ocean_menu_social_hover_links_color":"","ocean_disable_title":"default","ocean_disable_heading":"default","ocean_post_title":"","ocean_post_subheading":"","ocean_post_title_style":"","ocean_post_title_background_color":"","ocean_post_title_background":0,"ocean_post_title_bg_image_position":"","ocean_post_title_bg_image_attachment":"","ocean_post_title_bg_image_repeat":"","ocean_post_title_bg_image_size":"","ocean_post_title_height":0,"ocean_post_title_bg_overlay":0.5,"ocean_post_title_bg_overlay_color":"","ocean_disable_breadcrumbs":"default","ocean_breadcrumbs_color":"","ocean_breadcrumbs_separator_color":"","ocean_breadcrumbs_links_color":"","ocean_breadcrumbs_links_hover_color":"","ocean_display_footer_widgets":"default","ocean_display_footer_bottom":"default","ocean_custom_footer_template":"0"},"product_brand":[],"product_cat":[96,65],"product_tag":[],"class_list":{"0":"post-8246","1":"product","2":"type-product","3":"status-publish","4":"has-post-thumbnail","6":"product_cat-hugong","7":"product_cat-migmag","9":"entry","10":"has-media","12":"first","13":"instock","14":"shipping-taxable","15":"product-type-simple","16":"has-product-nav","17":"col","18":"span_1_of_5","19":"owp-content-center","20":"owp-thumbs-layout-vertical","21":"owp-btn-big","22":"owp-tabs-layout-vertical","23":"has-no-thumbnails","25":"circle-sale"},"_links":{"self":[{"href":"https:\/\/baobolt.com\/index.php\/wp-json\/wp\/v2\/product\/8246","targetHints":{"allow":["GET"]}}],"collection":[{"href":"https:\/\/baobolt.com\/index.php\/wp-json\/wp\/v2\/product"}],"about":[{"href":"https:\/\/baobolt.com\/index.php\/wp-json\/wp\/v2\/types\/product"}],"replies":[{"embeddable":true,"href":"https:\/\/baobolt.com\/index.php\/wp-json\/wp\/v2\/comments?post=8246"}],"version-history":[{"count":2,"href":"https:\/\/baobolt.com\/index.php\/wp-json\/wp\/v2\/product\/8246\/revisions"}],"predecessor-version":[{"id":8249,"href":"https:\/\/baobolt.com\/index.php\/wp-json\/wp\/v2\/product\/8246\/revisions\/8249"}],"wp:featuredmedia":[{"embeddable":true,"href":"https:\/\/baobolt.com\/index.php\/wp-json\/wp\/v2\/media\/8247"}],"wp:attachment":[{"href":"https:\/\/baobolt.com\/index.php\/wp-json\/wp\/v2\/media?parent=8246"}],"wp:term":[{"taxonomy":"product_brand","embeddable":true,"href":"https:\/\/baobolt.com\/index.php\/wp-json\/wp\/v2\/product_brand?post=8246"},{"taxonomy":"product_cat","embeddable":true,"href":"https:\/\/baobolt.com\/index.php\/wp-json\/wp\/v2\/product_cat?post=8246"},{"taxonomy":"product_tag","embeddable":true,"href":"https:\/\/baobolt.com\/index.php\/wp-json\/wp\/v2\/product_tag?post=8246"}],"curies":[{"name":"wp","href":"https:\/\/api.w.org\/{rel}","templated":true}]}}