{"id":8124,"date":"2024-02-28T01:02:18","date_gmt":"2024-02-28T00:02:18","guid":{"rendered":"https:\/\/baobolt.com\/?post_type=product&#038;p=8124"},"modified":"2024-03-20T00:30:29","modified_gmt":"2024-03-19T23:30:29","slug":"botte-de-securite-classic-s3","status":"publish","type":"product","link":"https:\/\/baobolt.com\/index.php\/produit\/botte-de-securite-classic-s3\/","title":{"rendered":"Botte de s\u00e9curit\u00e9 Classic S3"},"content":{"rendered":"<ul>\n<li>&#8211; Certifie\u0301e Cate\u0301gorie II suivant la norme EN ISO 20345:11.<\/li>\n<li>\u00a0TIGE: E\u0301paisseur du cuir de 1,6\/1,8 mm.<\/li>\n<li>\u00a0NEW FORME: Extra large.<\/li>\n<li>\u00a0S3: Cuir imperme\u0301abilise\u0301.<\/li>\n<li>PERSONALISATION: De\u0301tails imprime\u0301s et couleurs corporatives pour une reconnaissance de marque subtile.<\/li>\n<li>PREMIE\u0300RE DE PROPRETE\u0301: Plane avec forme extra large pour un confort quotidien et une adaptation a\u0300 tous les types de pieds.<\/li>\n<\/ul>\n","protected":false},"excerpt":{"rendered":"<p>Botte de s\u00e9curit\u00e9 Classic 3, avec semelle int\u00e9rieure anti-perforation et embout de protection m\u00e9talliques. La coupe est compos\u00e9e de cuir hydrofuge noir avec des d\u00e9tails en rouge et gris. Confortable et robuste, pour la construction et l\u2019industrie.<\/p>\n<ul>\n<li>Elles prennent soin de vos pieds. Meilleure a\u00e9ration et confort optimum.<\/li>\n<li>Votre s\u00e9curit\u00e9, notre objectif. Embout et semelle int\u00e9rieure anti-perforation m\u00e9talliques.<\/li>\n<li>r\u00e9sistant \u00e0 l\u2019 infiltration d\u2019eau Leur mati\u00e8re a \u00e9t\u00e9 soumise \u00e0 un traitement hydrofuge qui repousse l\u2019eau.<\/li>\n<\/ul>\n","protected":false},"featured_media":8126,"comment_status":"open","ping_status":"closed","template":"","meta":{"_eb_attr":"","ocean_post_layout":"","ocean_both_sidebars_style":"","ocean_both_sidebars_content_width":0,"ocean_both_sidebars_sidebars_width":0,"ocean_sidebar":"0","ocean_second_sidebar":"0","ocean_disable_margins":"enable","ocean_add_body_class":"","ocean_shortcode_before_top_bar":"","ocean_shortcode_after_top_bar":"","ocean_shortcode_before_header":"","ocean_shortcode_after_header":"","ocean_has_shortcode":"","ocean_shortcode_after_title":"","ocean_shortcode_before_footer_widgets":"","ocean_shortcode_after_footer_widgets":"","ocean_shortcode_before_footer_bottom":"","ocean_shortcode_after_footer_bottom":"","ocean_display_top_bar":"default","ocean_display_header":"default","ocean_header_style":"","ocean_center_header_left_menu":"0","ocean_custom_header_template":"0","ocean_custom_logo":0,"ocean_custom_retina_logo":0,"ocean_custom_logo_max_width":0,"ocean_custom_logo_tablet_max_width":0,"ocean_custom_logo_mobile_max_width":0,"ocean_custom_logo_max_height":0,"ocean_custom_logo_tablet_max_height":0,"ocean_custom_logo_mobile_max_height":0,"ocean_header_custom_menu":"0","ocean_menu_typo_font_family":"0","ocean_menu_typo_font_subset":"","ocean_menu_typo_font_size":0,"ocean_menu_typo_font_size_tablet":0,"ocean_menu_typo_font_size_mobile":0,"ocean_menu_typo_font_size_unit":"px","ocean_menu_typo_font_weight":"","ocean_menu_typo_font_weight_tablet":"","ocean_menu_typo_font_weight_mobile":"","ocean_menu_typo_transform":"","ocean_menu_typo_transform_tablet":"","ocean_menu_typo_transform_mobile":"","ocean_menu_typo_line_height":0,"ocean_menu_typo_line_height_tablet":0,"ocean_menu_typo_line_height_mobile":0,"ocean_menu_typo_line_height_unit":"","ocean_menu_typo_spacing":0,"ocean_menu_typo_spacing_tablet":0,"ocean_menu_typo_spacing_mobile":0,"ocean_menu_typo_spacing_unit":"","ocean_menu_link_color":"","ocean_menu_link_color_hover":"","ocean_menu_link_color_active":"","ocean_menu_link_background":"","ocean_menu_link_hover_background":"","ocean_menu_link_active_background":"","ocean_menu_social_links_bg":"","ocean_menu_social_hover_links_bg":"","ocean_menu_social_links_color":"","ocean_menu_social_hover_links_color":"","ocean_disable_title":"default","ocean_disable_heading":"default","ocean_post_title":"","ocean_post_subheading":"","ocean_post_title_style":"","ocean_post_title_background_color":"","ocean_post_title_background":0,"ocean_post_title_bg_image_position":"","ocean_post_title_bg_image_attachment":"","ocean_post_title_bg_image_repeat":"","ocean_post_title_bg_image_size":"","ocean_post_title_height":0,"ocean_post_title_bg_overlay":0.5,"ocean_post_title_bg_overlay_color":"","ocean_disable_breadcrumbs":"default","ocean_breadcrumbs_color":"","ocean_breadcrumbs_separator_color":"","ocean_breadcrumbs_links_color":"","ocean_breadcrumbs_links_hover_color":"","ocean_display_footer_widgets":"default","ocean_display_footer_bottom":"default","ocean_custom_footer_template":"0"},"product_brand":[],"product_cat":[98,89,45],"product_tag":[],"class_list":{"0":"post-8124","1":"product","2":"type-product","3":"status-publish","4":"has-post-thumbnail","6":"product_cat-bellota","7":"product_cat-chaussures-de-securite","8":"product_cat-securite-protection","10":"entry","11":"has-media","13":"first","14":"instock","15":"shipping-taxable","16":"purchasable","17":"product-type-variable","18":"has-product-nav","19":"col","20":"span_1_of_5","21":"owp-content-center","22":"owp-thumbs-layout-vertical","23":"owp-btn-big","24":"owp-tabs-layout-vertical","26":"circle-sale"},"_links":{"self":[{"href":"https:\/\/baobolt.com\/index.php\/wp-json\/wp\/v2\/product\/8124","targetHints":{"allow":["GET"]}}],"collection":[{"href":"https:\/\/baobolt.com\/index.php\/wp-json\/wp\/v2\/product"}],"about":[{"href":"https:\/\/baobolt.com\/index.php\/wp-json\/wp\/v2\/types\/product"}],"replies":[{"embeddable":true,"href":"https:\/\/baobolt.com\/index.php\/wp-json\/wp\/v2\/comments?post=8124"}],"version-history":[{"count":1,"href":"https:\/\/baobolt.com\/index.php\/wp-json\/wp\/v2\/product\/8124\/revisions"}],"predecessor-version":[{"id":8129,"href":"https:\/\/baobolt.com\/index.php\/wp-json\/wp\/v2\/product\/8124\/revisions\/8129"}],"wp:featuredmedia":[{"embeddable":true,"href":"https:\/\/baobolt.com\/index.php\/wp-json\/wp\/v2\/media\/8126"}],"wp:attachment":[{"href":"https:\/\/baobolt.com\/index.php\/wp-json\/wp\/v2\/media?parent=8124"}],"wp:term":[{"taxonomy":"product_brand","embeddable":true,"href":"https:\/\/baobolt.com\/index.php\/wp-json\/wp\/v2\/product_brand?post=8124"},{"taxonomy":"product_cat","embeddable":true,"href":"https:\/\/baobolt.com\/index.php\/wp-json\/wp\/v2\/product_cat?post=8124"},{"taxonomy":"product_tag","embeddable":true,"href":"https:\/\/baobolt.com\/index.php\/wp-json\/wp\/v2\/product_tag?post=8124"}],"curies":[{"name":"wp","href":"https:\/\/api.w.org\/{rel}","templated":true}]}}