{"id":7918,"date":"2024-02-25T18:25:43","date_gmt":"2024-02-25T17:25:43","guid":{"rendered":"https:\/\/baobolt.com\/?post_type=product&#038;p=7918"},"modified":"2024-02-25T18:25:43","modified_gmt":"2024-02-25T17:25:43","slug":"gmm-mig-410-er410","status":"publish","type":"product","link":"https:\/\/baobolt.com\/index.php\/produit\/gmm-mig-410-er410\/","title":{"rendered":"GMM MIG 410 ( ER410)"},"content":{"rendered":"<p><span>Le 410 est un acier inoxydable \u00e0 12 % de chrome durcissant \u00e0 l&rsquo;air pour le soudage des types 403, 405, 410, 414 et 416. \u00c9galement un rev\u00eatement sur les aciers au carbone pour la r\u00e9sistance \u00e0 la corrosion, \u00e0 l&rsquo;\u00e9rosion et \u00e0 l&rsquo;abrasion.\u00a0<\/span><span>Les d\u00e9p\u00f4ts de soudure pr\u00e9sentent une bonne r\u00e9sistance et ductilit\u00e9 ainsi qu&rsquo;une bonne r\u00e9sistance \u00e0 la corrosion et \u00e0 l&rsquo;oxydation \u00e0 haute temp\u00e9rature.\u00a0<\/span><span>Un pr\u00e9chauffage et une temp\u00e9rature entre passes d&rsquo;au moins 200 \u00b0C sont recommand\u00e9s pour obtenir une ductilit\u00e9 ad\u00e9quate.<\/span><\/p>\n","protected":false},"excerpt":{"rendered":"<ul>\n<li><span data-sheets-value=\"{&quot;1&quot;:2,&quot;2&quot;:&quot;\u00b7\u00a0\u00a0 Water &amp; Steam turbines&quot;}\" data-sheets-userformat=\"{&quot;2&quot;:14817,&quot;3&quot;:{&quot;1&quot;:0,&quot;3&quot;:1},&quot;8&quot;:{&quot;1&quot;:[{&quot;1&quot;:2,&quot;2&quot;:0,&quot;5&quot;:{&quot;1&quot;:2,&quot;2&quot;:0}},{&quot;1&quot;:0,&quot;2&quot;:0,&quot;3&quot;:3},{&quot;1&quot;:1,&quot;2&quot;:0,&quot;4&quot;:2}]},&quot;9&quot;:0,&quot;10&quot;:0,&quot;11&quot;:4,&quot;14&quot;:{&quot;1&quot;:3,&quot;3&quot;:1},&quot;15&quot;:&quot;Noto Sans Symbols&quot;,&quot;16&quot;:10}\" data-sheets-textstyleruns=\"{&quot;1&quot;:0}\uee10{&quot;1&quot;:1,&quot;2&quot;:{&quot;2&quot;:{&quot;1&quot;:3,&quot;3&quot;:1},&quot;3&quot;:&quot;Times New Roman&quot;,&quot;4&quot;:7}}\uee10{&quot;1&quot;:4,&quot;2&quot;:{&quot;2&quot;:{&quot;1&quot;:3,&quot;3&quot;:1},&quot;3&quot;:&quot;Arial&quot;,&quot;4&quot;:10}}\">Turbines \u00e0 eau et \u00e0 vapeur<\/span><\/li>\n<li><span data-sheets-value=\"{&quot;1&quot;:2,&quot;2&quot;:&quot;\u00b7\u00a0\u00a0 Heavy Fabrication &quot;}\" data-sheets-userformat=\"{&quot;2&quot;:14817,&quot;3&quot;:{&quot;1&quot;:0,&quot;3&quot;:1},&quot;8&quot;:{&quot;1&quot;:[{&quot;1&quot;:2,&quot;2&quot;:0,&quot;5&quot;:{&quot;1&quot;:2,&quot;2&quot;:0}},{&quot;1&quot;:0,&quot;2&quot;:0,&quot;3&quot;:3},{&quot;1&quot;:1,&quot;2&quot;:0,&quot;4&quot;:2}]},&quot;9&quot;:0,&quot;10&quot;:0,&quot;11&quot;:4,&quot;14&quot;:{&quot;1&quot;:3,&quot;3&quot;:1},&quot;15&quot;:&quot;Noto Sans Symbols&quot;,&quot;16&quot;:10}\" data-sheets-textstyleruns=\"{&quot;1&quot;:0}\uee10{&quot;1&quot;:1,&quot;2&quot;:{&quot;2&quot;:{&quot;1&quot;:3,&quot;3&quot;:1},&quot;3&quot;:&quot;Times New Roman&quot;,&quot;4&quot;:7}}\uee10{&quot;1&quot;:4,&quot;2&quot;:{&quot;2&quot;:{&quot;1&quot;:3,&quot;3&quot;:1},&quot;3&quot;:&quot;Arial&quot;,&quot;4&quot;:10}}\">Fabrication lourde<\/span><\/li>\n<li><span data-sheets-value=\"{&quot;1&quot;:2,&quot;2&quot;:&quot;\u00b7\u00a0\u00a0 Maintenance and Repair&quot;}\" data-sheets-userformat=\"{&quot;2&quot;:14817,&quot;3&quot;:{&quot;1&quot;:0,&quot;3&quot;:1},&quot;8&quot;:{&quot;1&quot;:[{&quot;1&quot;:2,&quot;2&quot;:0,&quot;5&quot;:{&quot;1&quot;:2,&quot;2&quot;:0}},{&quot;1&quot;:0,&quot;2&quot;:0,&quot;3&quot;:3},{&quot;1&quot;:1,&quot;2&quot;:0,&quot;4&quot;:2}]},&quot;9&quot;:0,&quot;10&quot;:0,&quot;11&quot;:4,&quot;14&quot;:{&quot;1&quot;:3,&quot;3&quot;:1},&quot;15&quot;:&quot;Noto Sans Symbols&quot;,&quot;16&quot;:10}\" data-sheets-textstyleruns=\"{&quot;1&quot;:0}\uee10{&quot;1&quot;:1,&quot;2&quot;:{&quot;2&quot;:{&quot;1&quot;:3,&quot;3&quot;:1},&quot;3&quot;:&quot;Times New Roman&quot;,&quot;4&quot;:7}}\uee10{&quot;1&quot;:4,&quot;2&quot;:{&quot;2&quot;:{&quot;1&quot;:3,&quot;3&quot;:1},&quot;3&quot;:&quot;Arial&quot;,&quot;4&quot;:10}}\">Entretien et r\u00e9paration<\/span><\/li>\n<li><span><span>1Kg\/2lbs \u2013 SD100<\/span><\/span><\/li>\n<li><span><span>5Kg\/10lbs \u2013 SD200<\/span><\/span><\/li>\n<li><span><span>15Kg\/25lbs\/33lbs \u2013 SD300\/BS300<\/span><\/span><\/li>\n<li><span><span>100 Kg \u2013 F\u00fbt<\/span><\/span><\/li>\n<li><span><span>250 Kg \u2013 F\u00fbt<\/span><\/span><\/li>\n<li><\/li>\n<\/ul>\n","protected":false},"featured_media":7913,"comment_status":"open","ping_status":"closed","template":"","meta":{"_eb_attr":"","ocean_post_layout":"","ocean_both_sidebars_style":"","ocean_both_sidebars_content_width":0,"ocean_both_sidebars_sidebars_width":0,"ocean_sidebar":"0","ocean_second_sidebar":"0","ocean_disable_margins":"enable","ocean_add_body_class":"","ocean_shortcode_before_top_bar":"","ocean_shortcode_after_top_bar":"","ocean_shortcode_before_header":"","ocean_shortcode_after_header":"","ocean_has_shortcode":"","ocean_shortcode_after_title":"","ocean_shortcode_before_footer_widgets":"","ocean_shortcode_after_footer_widgets":"","ocean_shortcode_before_footer_bottom":"","ocean_shortcode_after_footer_bottom":"","ocean_display_top_bar":"default","ocean_display_header":"default","ocean_header_style":"","ocean_center_header_left_menu":"0","ocean_custom_header_template":"0","ocean_custom_logo":0,"ocean_custom_retina_logo":0,"ocean_custom_logo_max_width":0,"ocean_custom_logo_tablet_max_width":0,"ocean_custom_logo_mobile_max_width":0,"ocean_custom_logo_max_height":0,"ocean_custom_logo_tablet_max_height":0,"ocean_custom_logo_mobile_max_height":0,"ocean_header_custom_menu":"0","ocean_menu_typo_font_family":"0","ocean_menu_typo_font_subset":"","ocean_menu_typo_font_size":0,"ocean_menu_typo_font_size_tablet":0,"ocean_menu_typo_font_size_mobile":0,"ocean_menu_typo_font_size_unit":"px","ocean_menu_typo_font_weight":"","ocean_menu_typo_font_weight_tablet":"","ocean_menu_typo_font_weight_mobile":"","ocean_menu_typo_transform":"","ocean_menu_typo_transform_tablet":"","ocean_menu_typo_transform_mobile":"","ocean_menu_typo_line_height":0,"ocean_menu_typo_line_height_tablet":0,"ocean_menu_typo_line_height_mobile":0,"ocean_menu_typo_line_height_unit":"","ocean_menu_typo_spacing":0,"ocean_menu_typo_spacing_tablet":0,"ocean_menu_typo_spacing_mobile":0,"ocean_menu_typo_spacing_unit":"","ocean_menu_link_color":"","ocean_menu_link_color_hover":"","ocean_menu_link_color_active":"","ocean_menu_link_background":"","ocean_menu_link_hover_background":"","ocean_menu_link_active_background":"","ocean_menu_social_links_bg":"","ocean_menu_social_hover_links_bg":"","ocean_menu_social_links_color":"","ocean_menu_social_hover_links_color":"","ocean_disable_title":"default","ocean_disable_heading":"default","ocean_post_title":"","ocean_post_subheading":"","ocean_post_title_style":"","ocean_post_title_background_color":"","ocean_post_title_background":0,"ocean_post_title_bg_image_position":"","ocean_post_title_bg_image_attachment":"","ocean_post_title_bg_image_repeat":"","ocean_post_title_bg_image_size":"","ocean_post_title_height":0,"ocean_post_title_bg_overlay":0.5,"ocean_post_title_bg_overlay_color":"","ocean_disable_breadcrumbs":"default","ocean_breadcrumbs_color":"","ocean_breadcrumbs_separator_color":"","ocean_breadcrumbs_links_color":"","ocean_breadcrumbs_links_hover_color":"","ocean_display_footer_widgets":"default","ocean_display_footer_bottom":"default","ocean_custom_footer_template":"0"},"product_brand":[],"product_cat":[79,101],"product_tag":[],"class_list":{"0":"post-7918","1":"product","2":"type-product","3":"status-publish","4":"has-post-thumbnail","6":"product_cat-fil-de-soudage-mig","7":"product_cat-modi-gmm-arc","9":"entry","10":"has-media","12":"first","13":"instock","14":"shipping-taxable","15":"product-type-simple","16":"has-product-nav","17":"col","18":"span_1_of_5","19":"owp-content-center","20":"owp-thumbs-layout-vertical","21":"owp-btn-big","22":"owp-tabs-layout-vertical","23":"has-no-thumbnails","25":"circle-sale"},"_links":{"self":[{"href":"https:\/\/baobolt.com\/index.php\/wp-json\/wp\/v2\/product\/7918","targetHints":{"allow":["GET"]}}],"collection":[{"href":"https:\/\/baobolt.com\/index.php\/wp-json\/wp\/v2\/product"}],"about":[{"href":"https:\/\/baobolt.com\/index.php\/wp-json\/wp\/v2\/types\/product"}],"replies":[{"embeddable":true,"href":"https:\/\/baobolt.com\/index.php\/wp-json\/wp\/v2\/comments?post=7918"}],"version-history":[{"count":1,"href":"https:\/\/baobolt.com\/index.php\/wp-json\/wp\/v2\/product\/7918\/revisions"}],"predecessor-version":[{"id":7919,"href":"https:\/\/baobolt.com\/index.php\/wp-json\/wp\/v2\/product\/7918\/revisions\/7919"}],"wp:featuredmedia":[{"embeddable":true,"href":"https:\/\/baobolt.com\/index.php\/wp-json\/wp\/v2\/media\/7913"}],"wp:attachment":[{"href":"https:\/\/baobolt.com\/index.php\/wp-json\/wp\/v2\/media?parent=7918"}],"wp:term":[{"taxonomy":"product_brand","embeddable":true,"href":"https:\/\/baobolt.com\/index.php\/wp-json\/wp\/v2\/product_brand?post=7918"},{"taxonomy":"product_cat","embeddable":true,"href":"https:\/\/baobolt.com\/index.php\/wp-json\/wp\/v2\/product_cat?post=7918"},{"taxonomy":"product_tag","embeddable":true,"href":"https:\/\/baobolt.com\/index.php\/wp-json\/wp\/v2\/product_tag?post=7918"}],"curies":[{"name":"wp","href":"https:\/\/api.w.org\/{rel}","templated":true}]}}