{"id":7874,"date":"2024-02-25T17:36:54","date_gmt":"2024-02-25T16:36:54","guid":{"rendered":"https:\/\/baobolt.com\/?post_type=product&#038;p=7874"},"modified":"2024-02-25T17:37:36","modified_gmt":"2024-02-25T16:37:36","slug":"uranos-nx-2700-mte","status":"publish","type":"product","link":"https:\/\/baobolt.com\/index.php\/produit\/uranos-nx-2700-mte\/","title":{"rendered":"URANOS NX 2700 MTE"},"content":{"rendered":"<table>\n<tbody>\n<tr>\n<th class=\"\" colspan=\"2\"><strong>G\u00e9n\u00e9ral<\/strong><\/th>\n<\/tr>\n<tr>\n<td class=\"\"><strong>Proc\u00e9d\u00e9s de soudage<\/strong><\/td>\n<td class=\"hover\">MIG\/MAG &#8211; MIG\/MAG PULS\u00c9 &#8211; MMA &#8211; TIG DC HF &#8211; TIG DC Lift<\/td>\n<\/tr>\n<tr>\n<td class=\"\"><strong>Mat\u00e9riaux<\/strong><\/td>\n<td class=\"hover\">Aciers au carbone &#8211; Aciers inoxydables &#8211; Aluminium &#8211; Cuivre<\/td>\n<\/tr>\n<tr>\n<td class=\"\"><strong>Dimensions<\/strong><\/td>\n<td class=\"hover\">620x270x460mm<\/td>\n<\/tr>\n<tr>\n<td class=\"\"><strong>Poids<\/strong><\/td>\n<td class=\"hover\">\u00a025,0 kg<\/td>\n<\/tr>\n<tr>\n<th class=\"\" colspan=\"2\"><strong>Source de courant<\/strong><\/th>\n<\/tr>\n<tr>\n<td class=\"\"><strong>Tension (50\/60 Hz)<\/strong><\/td>\n<td class=\"hover\">3&#215;400\/230V\u00b115%<\/td>\n<\/tr>\n<tr>\n<td class=\"\"><strong>Puissance d&rsquo;entr\u00e9e maximale<\/strong><\/td>\n<td class=\"hover\">9,1\/9,1kVA<\/td>\n<\/tr>\n<tr>\n<td class=\"\"><strong>Courant d&rsquo;entr\u00e9e maximal<\/strong><\/td>\n<td class=\"hover\">13,1\/22,8 A<\/td>\n<\/tr>\n<tr>\n<td class=\"\"><strong>Facteur de puissance PF<\/strong><\/td>\n<td class=\"hover\">0,94\/0,96<\/td>\n<\/tr>\n<tr>\n<td class=\"\"><strong>Efficacit\u00e9<\/strong><\/td>\n<td class=\"hover\">88\/86 %<\/td>\n<\/tr>\n<tr>\n<td class=\"\"><strong>Fusible de ligne \u00e0 fusion lente<\/strong><\/td>\n<td class=\"hover\">16\/20 UNE<\/td>\n<\/tr>\n<tr>\n<td class=\"\"><strong>Tension en circuit ouvert<\/strong><\/td>\n<td class=\"hover\">92 Vcc<\/td>\n<\/tr>\n<\/tbody>\n<\/table>\n","protected":false},"excerpt":{"rendered":"<p>Les g\u00e9n\u00e9rateurs URANOS NX 2700 MTE offrent la combinaison parfaite d&rsquo;un contr\u00f4le num\u00e9rique avanc\u00e9 et d&rsquo;une facilit\u00e9 d&rsquo;utilisation exceptionnelle, et garantissent des r\u00e9sultats de soudage de qualit\u00e9 sup\u00e9rieure.\u00a0Ils sont capables de r\u00e9pondre aux exigences de soudage de toute application sur le terrain.\u00a0La richesse des fonctions et des solutions technologiques en font un produit appr\u00e9ci\u00e9 dans tous les domaines d&rsquo;application o\u00f9 un soudage pr\u00e9cis et de haute qualit\u00e9 est requis.<\/p>\n<ul>\n<li><strong>MIG\/MAG &#8211; MIG\/MAG puls\u00e9 &#8211; TIG DC HF &#8211; MMA<\/strong><\/li>\n<li><strong>Alimentation triphas\u00e9e 3x230V \u2013 3x400V<\/strong><\/li>\n<li><strong>Technologie d&rsquo;onduleur greenWave\u00ae<\/strong><\/li>\n<li><strong>D\u00e9vidoir de fil int\u00e9gr\u00e9<\/strong><\/li>\n<li><strong>9 proc\u00e9d\u00e9s de soudage exclusifs de B\u00f6hler Welding<\/strong><\/li>\n<li><strong>Panneau utilisateur LCD couleur 3,5&Prime;<\/strong><\/li>\n<li><strong>270A \u00e0 45 % (40 \u00b0C)<\/strong><\/li>\n<li><strong>25kg<\/strong><\/li>\n<\/ul>\n","protected":false},"featured_media":7868,"comment_status":"open","ping_status":"closed","template":"","meta":{"_eb_attr":"","ocean_post_layout":"","ocean_both_sidebars_style":"","ocean_both_sidebars_content_width":0,"ocean_both_sidebars_sidebars_width":0,"ocean_sidebar":"0","ocean_second_sidebar":"0","ocean_disable_margins":"enable","ocean_add_body_class":"","ocean_shortcode_before_top_bar":"","ocean_shortcode_after_top_bar":"","ocean_shortcode_before_header":"","ocean_shortcode_after_header":"","ocean_has_shortcode":"","ocean_shortcode_after_title":"","ocean_shortcode_before_footer_widgets":"","ocean_shortcode_after_footer_widgets":"","ocean_shortcode_before_footer_bottom":"","ocean_shortcode_after_footer_bottom":"","ocean_display_top_bar":"default","ocean_display_header":"default","ocean_header_style":"","ocean_center_header_left_menu":"0","ocean_custom_header_template":"0","ocean_custom_logo":0,"ocean_custom_retina_logo":0,"ocean_custom_logo_max_width":0,"ocean_custom_logo_tablet_max_width":0,"ocean_custom_logo_mobile_max_width":0,"ocean_custom_logo_max_height":0,"ocean_custom_logo_tablet_max_height":0,"ocean_custom_logo_mobile_max_height":0,"ocean_header_custom_menu":"0","ocean_menu_typo_font_family":"0","ocean_menu_typo_font_subset":"","ocean_menu_typo_font_size":0,"ocean_menu_typo_font_size_tablet":0,"ocean_menu_typo_font_size_mobile":0,"ocean_menu_typo_font_size_unit":"px","ocean_menu_typo_font_weight":"","ocean_menu_typo_font_weight_tablet":"","ocean_menu_typo_font_weight_mobile":"","ocean_menu_typo_transform":"","ocean_menu_typo_transform_tablet":"","ocean_menu_typo_transform_mobile":"","ocean_menu_typo_line_height":0,"ocean_menu_typo_line_height_tablet":0,"ocean_menu_typo_line_height_mobile":0,"ocean_menu_typo_line_height_unit":"","ocean_menu_typo_spacing":0,"ocean_menu_typo_spacing_tablet":0,"ocean_menu_typo_spacing_mobile":0,"ocean_menu_typo_spacing_unit":"","ocean_menu_link_color":"","ocean_menu_link_color_hover":"","ocean_menu_link_color_active":"","ocean_menu_link_background":"","ocean_menu_link_hover_background":"","ocean_menu_link_active_background":"","ocean_menu_social_links_bg":"","ocean_menu_social_hover_links_bg":"","ocean_menu_social_links_color":"","ocean_menu_social_hover_links_color":"","ocean_disable_title":"default","ocean_disable_heading":"default","ocean_post_title":"","ocean_post_subheading":"","ocean_post_title_style":"","ocean_post_title_background_color":"","ocean_post_title_background":0,"ocean_post_title_bg_image_position":"","ocean_post_title_bg_image_attachment":"","ocean_post_title_bg_image_repeat":"","ocean_post_title_bg_image_size":"","ocean_post_title_height":0,"ocean_post_title_bg_overlay":0.5,"ocean_post_title_bg_overlay_color":"","ocean_disable_breadcrumbs":"default","ocean_breadcrumbs_color":"","ocean_breadcrumbs_separator_color":"","ocean_breadcrumbs_links_color":"","ocean_breadcrumbs_links_hover_color":"","ocean_display_footer_widgets":"default","ocean_display_footer_bottom":"default","ocean_custom_footer_template":"0"},"product_brand":[],"product_cat":[53,65],"product_tag":[],"class_list":{"0":"post-7874","1":"product","2":"type-product","3":"status-publish","4":"has-post-thumbnail","6":"product_cat-bohler-welding","7":"product_cat-migmag","9":"entry","10":"has-media","12":"first","13":"instock","14":"shipping-taxable","15":"product-type-simple","16":"has-product-nav","17":"col","18":"span_1_of_5","19":"owp-content-center","20":"owp-thumbs-layout-vertical","21":"owp-btn-big","22":"owp-tabs-layout-vertical","23":"has-no-thumbnails","25":"circle-sale"},"_links":{"self":[{"href":"https:\/\/baobolt.com\/index.php\/wp-json\/wp\/v2\/product\/7874","targetHints":{"allow":["GET"]}}],"collection":[{"href":"https:\/\/baobolt.com\/index.php\/wp-json\/wp\/v2\/product"}],"about":[{"href":"https:\/\/baobolt.com\/index.php\/wp-json\/wp\/v2\/types\/product"}],"replies":[{"embeddable":true,"href":"https:\/\/baobolt.com\/index.php\/wp-json\/wp\/v2\/comments?post=7874"}],"version-history":[{"count":2,"href":"https:\/\/baobolt.com\/index.php\/wp-json\/wp\/v2\/product\/7874\/revisions"}],"predecessor-version":[{"id":7876,"href":"https:\/\/baobolt.com\/index.php\/wp-json\/wp\/v2\/product\/7874\/revisions\/7876"}],"wp:featuredmedia":[{"embeddable":true,"href":"https:\/\/baobolt.com\/index.php\/wp-json\/wp\/v2\/media\/7868"}],"wp:attachment":[{"href":"https:\/\/baobolt.com\/index.php\/wp-json\/wp\/v2\/media?parent=7874"}],"wp:term":[{"taxonomy":"product_brand","embeddable":true,"href":"https:\/\/baobolt.com\/index.php\/wp-json\/wp\/v2\/product_brand?post=7874"},{"taxonomy":"product_cat","embeddable":true,"href":"https:\/\/baobolt.com\/index.php\/wp-json\/wp\/v2\/product_cat?post=7874"},{"taxonomy":"product_tag","embeddable":true,"href":"https:\/\/baobolt.com\/index.php\/wp-json\/wp\/v2\/product_tag?post=7874"}],"curies":[{"name":"wp","href":"https:\/\/api.w.org\/{rel}","templated":true}]}}