{"id":7842,"date":"2024-02-25T17:04:38","date_gmt":"2024-02-25T16:04:38","guid":{"rendered":"https:\/\/baobolt.com\/?post_type=product&#038;p=7842"},"modified":"2024-02-28T02:28:56","modified_gmt":"2024-02-28T01:28:56","slug":"terra-nx-400-mse","status":"publish","type":"product","link":"https:\/\/baobolt.com\/index.php\/produit\/terra-nx-400-mse\/","title":{"rendered":"TERRA NX 400 MSE"},"content":{"rendered":"<table>\n<tbody>\n<tr>\n<th class=\"\" colspan=\"2\"><strong>G\u00e9n\u00e9ral<\/strong><\/th>\n<\/tr>\n<tr>\n<td class=\"\"><strong>Proc\u00e9d\u00e9s de soudage<\/strong><\/td>\n<td class=\"hover\">MIG\/MAG &#8211; MMA &#8211; TIG DC Ascenseur<\/td>\n<\/tr>\n<tr>\n<td class=\"\"><strong>Logiciel ma\u00eetre<\/strong><\/td>\n<td class=\"hover\">MS TERRA NX SMC\/MSE SteelDrive<\/td>\n<\/tr>\n<tr>\n<td class=\"\"><strong>Mat\u00e9riaux<\/strong><\/td>\n<td class=\"hover\">Aciers au carbone &#8211; Aciers inoxydables &#8211; Aluminium<\/td>\n<\/tr>\n<tr>\n<td class=\"\"><strong>Dimensions<\/strong><\/td>\n<td class=\"hover\">620x240x460mm<\/td>\n<\/tr>\n<tr>\n<td class=\"\"><strong>Poids<\/strong><\/td>\n<td class=\"hover\">\u00a022,5kg<\/td>\n<\/tr>\n<tr>\n<th class=\"\" colspan=\"2\"><strong>Source de courant<\/strong><\/th>\n<\/tr>\n<tr>\n<td class=\"\"><strong>Tension (50\/60 Hz)<\/strong><\/td>\n<td class=\"hover\">3x400V\u00b115%<\/td>\n<\/tr>\n<tr>\n<td class=\"\"><strong>Puissance d&rsquo;entr\u00e9e maximale<\/strong><\/td>\n<td class=\"hover\">22,0 kVA<\/td>\n<\/tr>\n<tr>\n<td class=\"\"><strong>Courant d&rsquo;entr\u00e9e maximal<\/strong><\/td>\n<td class=\"hover\">31,5 A<\/td>\n<\/tr>\n<tr>\n<td class=\"\"><strong>Efficacit\u00e9<\/strong><\/td>\n<td class=\"hover\">89%<\/td>\n<\/tr>\n<tr>\n<td class=\"\"><strong>Fusible de ligne \u00e0 fusion lente<\/strong><\/td>\n<td class=\"hover\">30\u00a0A<\/td>\n<\/tr>\n<tr>\n<td class=\"\"><strong>Tension en circuit ouvert<\/strong><\/td>\n<td class=\"hover\">61 Vcc<\/td>\n<\/tr>\n<\/tbody>\n<\/table>\n","protected":false},"excerpt":{"rendered":"<article class=\"col-md-60\">\n<div id=\"centercontainer\">\n<article class=\"product\">\n<section class=\"header\">\n<div class=\"copy large\">\n<p>Le TERRA NX 400 MSE est la source de puissance de soudage id\u00e9ale pour un soudage simple, fiable et moderne.\u00a0Il est particuli\u00e8rement adapt\u00e9 aux processus continus et aux volumes de soudage \u00e9lev\u00e9s typiques de la fabrication de m\u00e9taux l\u00e9gers et lourds, de la construction navale, de la construction d&rsquo;usines et des ateliers m\u00e9caniques en g\u00e9n\u00e9ral.<\/p>\n<\/div>\n<\/section>\n<\/article>\n<\/div>\n<\/article>\n<article class=\"col-md-48 content-hasContext\">\n<div id=\"centercontainerDetail\">\n<div class=\"row layoutrow\">\n<div class=\"col-xxs-60 col-sm-30\">\n<div class=\"inner-container\">\n<section>\n<div class=\"content\">\n<ul>\n<li><strong>MIG\/MAG-MMA<\/strong><\/li>\n<li><strong>Alimentation triphas\u00e9e 3x400V<\/strong><\/li>\n<li><strong>Large choix de mod\u00e8les de d\u00e9vidoirs<\/strong><\/li>\n<li><strong>2 proc\u00e9d\u00e9s de soudage exclusifs de B\u00f6hler Welding<\/strong><\/li>\n<li><strong>Jusqu&rsquo;\u00e0 600 programmes de soudage (SteelDrive)<\/strong><\/li>\n<li><strong>400 A \u00e0 50 % (40 \u00b0C)<\/strong><\/li>\n<li><strong>22,5kg<\/strong><\/li>\n<\/ul>\n<\/div>\n<\/section>\n<\/div>\n<\/div>\n<\/div>\n<\/div>\n<\/article>\n","protected":false},"featured_media":7840,"comment_status":"open","ping_status":"closed","template":"","meta":{"_eb_attr":"","ocean_post_layout":"","ocean_both_sidebars_style":"","ocean_both_sidebars_content_width":0,"ocean_both_sidebars_sidebars_width":0,"ocean_sidebar":"0","ocean_second_sidebar":"0","ocean_disable_margins":"enable","ocean_add_body_class":"","ocean_shortcode_before_top_bar":"","ocean_shortcode_after_top_bar":"","ocean_shortcode_before_header":"","ocean_shortcode_after_header":"","ocean_has_shortcode":"","ocean_shortcode_after_title":"","ocean_shortcode_before_footer_widgets":"","ocean_shortcode_after_footer_widgets":"","ocean_shortcode_before_footer_bottom":"","ocean_shortcode_after_footer_bottom":"","ocean_display_top_bar":"default","ocean_display_header":"default","ocean_header_style":"","ocean_center_header_left_menu":"0","ocean_custom_header_template":"0","ocean_custom_logo":0,"ocean_custom_retina_logo":0,"ocean_custom_logo_max_width":0,"ocean_custom_logo_tablet_max_width":0,"ocean_custom_logo_mobile_max_width":0,"ocean_custom_logo_max_height":0,"ocean_custom_logo_tablet_max_height":0,"ocean_custom_logo_mobile_max_height":0,"ocean_header_custom_menu":"0","ocean_menu_typo_font_family":"0","ocean_menu_typo_font_subset":"","ocean_menu_typo_font_size":0,"ocean_menu_typo_font_size_tablet":0,"ocean_menu_typo_font_size_mobile":0,"ocean_menu_typo_font_size_unit":"px","ocean_menu_typo_font_weight":"","ocean_menu_typo_font_weight_tablet":"","ocean_menu_typo_font_weight_mobile":"","ocean_menu_typo_transform":"","ocean_menu_typo_transform_tablet":"","ocean_menu_typo_transform_mobile":"","ocean_menu_typo_line_height":0,"ocean_menu_typo_line_height_tablet":0,"ocean_menu_typo_line_height_mobile":0,"ocean_menu_typo_line_height_unit":"","ocean_menu_typo_spacing":0,"ocean_menu_typo_spacing_tablet":0,"ocean_menu_typo_spacing_mobile":0,"ocean_menu_typo_spacing_unit":"","ocean_menu_link_color":"","ocean_menu_link_color_hover":"","ocean_menu_link_color_active":"","ocean_menu_link_background":"","ocean_menu_link_hover_background":"","ocean_menu_link_active_background":"","ocean_menu_social_links_bg":"","ocean_menu_social_hover_links_bg":"","ocean_menu_social_links_color":"","ocean_menu_social_hover_links_color":"","ocean_disable_title":"default","ocean_disable_heading":"default","ocean_post_title":"","ocean_post_subheading":"","ocean_post_title_style":"","ocean_post_title_background_color":"","ocean_post_title_background":0,"ocean_post_title_bg_image_position":"","ocean_post_title_bg_image_attachment":"","ocean_post_title_bg_image_repeat":"","ocean_post_title_bg_image_size":"","ocean_post_title_height":0,"ocean_post_title_bg_overlay":0.5,"ocean_post_title_bg_overlay_color":"","ocean_disable_breadcrumbs":"default","ocean_breadcrumbs_color":"","ocean_breadcrumbs_separator_color":"","ocean_breadcrumbs_links_color":"","ocean_breadcrumbs_links_hover_color":"","ocean_display_footer_widgets":"default","ocean_display_footer_bottom":"default","ocean_custom_footer_template":"0"},"product_brand":[],"product_cat":[53,65],"product_tag":[],"class_list":{"0":"post-7842","1":"product","2":"type-product","3":"status-publish","4":"has-post-thumbnail","6":"product_cat-bohler-welding","7":"product_cat-migmag","9":"entry","10":"has-media","12":"first","13":"instock","14":"shipping-taxable","15":"product-type-simple","16":"has-product-nav","17":"col","18":"span_1_of_5","19":"owp-content-center","20":"owp-thumbs-layout-vertical","21":"owp-btn-big","22":"owp-tabs-layout-vertical","23":"has-no-thumbnails","25":"circle-sale"},"_links":{"self":[{"href":"https:\/\/baobolt.com\/index.php\/wp-json\/wp\/v2\/product\/7842","targetHints":{"allow":["GET"]}}],"collection":[{"href":"https:\/\/baobolt.com\/index.php\/wp-json\/wp\/v2\/product"}],"about":[{"href":"https:\/\/baobolt.com\/index.php\/wp-json\/wp\/v2\/types\/product"}],"replies":[{"embeddable":true,"href":"https:\/\/baobolt.com\/index.php\/wp-json\/wp\/v2\/comments?post=7842"}],"version-history":[{"count":3,"href":"https:\/\/baobolt.com\/index.php\/wp-json\/wp\/v2\/product\/7842\/revisions"}],"predecessor-version":[{"id":8147,"href":"https:\/\/baobolt.com\/index.php\/wp-json\/wp\/v2\/product\/7842\/revisions\/8147"}],"wp:featuredmedia":[{"embeddable":true,"href":"https:\/\/baobolt.com\/index.php\/wp-json\/wp\/v2\/media\/7840"}],"wp:attachment":[{"href":"https:\/\/baobolt.com\/index.php\/wp-json\/wp\/v2\/media?parent=7842"}],"wp:term":[{"taxonomy":"product_brand","embeddable":true,"href":"https:\/\/baobolt.com\/index.php\/wp-json\/wp\/v2\/product_brand?post=7842"},{"taxonomy":"product_cat","embeddable":true,"href":"https:\/\/baobolt.com\/index.php\/wp-json\/wp\/v2\/product_cat?post=7842"},{"taxonomy":"product_tag","embeddable":true,"href":"https:\/\/baobolt.com\/index.php\/wp-json\/wp\/v2\/product_tag?post=7842"}],"curies":[{"name":"wp","href":"https:\/\/api.w.org\/{rel}","templated":true}]}}