{"id":7827,"date":"2024-02-25T16:47:50","date_gmt":"2024-02-25T15:47:50","guid":{"rendered":"https:\/\/baobolt.com\/?post_type=product&#038;p=7827"},"modified":"2024-03-04T22:17:48","modified_gmt":"2024-03-04T21:17:48","slug":"uranos-nx-3200-tlh","status":"publish","type":"product","link":"https:\/\/baobolt.com\/index.php\/produit\/uranos-nx-3200-tlh\/","title":{"rendered":"URANOS NX 3200 TLH"},"content":{"rendered":"<table>\n<tbody>\n<tr>\n<th class=\"\" colspan=\"2\"><strong>G\u00e9n\u00e9ral<\/strong><\/th>\n<\/tr>\n<tr>\n<td class=\"\"><strong>Proc\u00e9d\u00e9s de soudage<\/strong><\/td>\n<td class=\"hover\">TIG DC HF &#8211; TIG DC Lift &#8211; MMA<\/td>\n<\/tr>\n<tr>\n<td class=\"\"><strong>Mat\u00e9riaux<\/strong><\/td>\n<td class=\"hover\">Aciers au carbone &#8211; Aciers inoxydables &#8211; Fontes &#8211; Cuivre &#8211; Titane<\/td>\n<\/tr>\n<tr>\n<td class=\"\"><strong>Dimensions<\/strong><\/td>\n<td class=\"hover\">620x240x460mm<\/td>\n<\/tr>\n<tr>\n<td class=\"\"><strong>Poids<\/strong><\/td>\n<td class=\"hover\">26,0 kg<\/td>\n<\/tr>\n<tr>\n<th class=\"\" colspan=\"2\"><strong>Source de courant<\/strong><\/th>\n<\/tr>\n<tr>\n<td class=\"\"><strong>Tension (50\/60 Hz)<\/strong><\/td>\n<td class=\"hover\">3&#215;400\/230V\u00b115%<\/td>\n<\/tr>\n<tr>\n<td class=\"\"><strong>Puissance d&rsquo;entr\u00e9e maximale<\/strong><\/td>\n<td class=\"hover\">13,0\/13,3kVA<\/td>\n<\/tr>\n<tr>\n<td class=\"\"><strong>Courant d&rsquo;entr\u00e9e maximal<\/strong><\/td>\n<td class=\"hover\">18,8\/32,9 A<\/td>\n<\/tr>\n<tr>\n<td class=\"\"><strong>Facteur de puissance PF<\/strong><\/td>\n<td class=\"hover\">0,95<\/td>\n<\/tr>\n<tr>\n<td class=\"\"><strong>Efficacit\u00e9<\/strong><\/td>\n<td class=\"hover\">85 %<\/td>\n<\/tr>\n<tr>\n<td class=\"\"><strong>Fusible de ligne \u00e0 fusion lente<\/strong><\/td>\n<td class=\"hover\">15\/25A<\/td>\n<\/tr>\n<tr>\n<td class=\"\"><strong>Tension en circuit ouvert<\/strong><\/td>\n<td class=\"hover\">75 Vcc<\/td>\n<\/tr>\n<\/tbody>\n<\/table>\n","protected":false},"excerpt":{"rendered":"<article class=\"col-md-60\">\n<div id=\"centercontainer\">\n<article class=\"product\">\n<section class=\"header\">\n<div class=\"copy large\">\n<p>Avec des fonctionnalit\u00e9s telles qu&rsquo;un \u00e9cran couleur avec une interface utilisateur tr\u00e8s intuitive, un syst\u00e8me d&rsquo;alimentation intelligent qui garantit l&rsquo;arc de soudage le plus pr\u00e9cis ou la possibilit\u00e9 d&rsquo;adapter les postes de soudage NX \u00e0 des t\u00e2ches de soudage sp\u00e9cifiques avec myNX, B\u00f6hler Welding r\u00e9unit la comp\u00e9tence et l&rsquo;exp\u00e9rience de 40 ans dans le d\u00e9veloppement d&rsquo;\u00e9quipements de soudage.<\/p>\n<\/div>\n<\/section>\n<\/article>\n<\/div>\n<\/article>\n<article class=\"col-md-48 content-hasContext\">\n<div id=\"centercontainerDetail\">\n<div class=\"row layoutrow\">\n<div class=\"col-xxs-60 col-sm-30\">\n<div class=\"inner-container\">\n<section>\n<div class=\"content\">\n<ul>\n<li><strong>TIG DC HF &#8211; MMA<\/strong><\/li>\n<li><strong>Alimentation triphas\u00e9e 3x230V \u2013 3x400V<\/strong><\/li>\n<li><strong>Technologie d&rsquo;onduleur greenWave\u00ae<\/strong><\/li>\n<li><strong>Panneau utilisateur LCD couleur 3,5&Prime;<\/strong><\/li>\n<li><strong>4 proc\u00e9d\u00e9s de soudage exclusifs de B\u00f6hler Welding<\/strong><\/li>\n<li><strong>Jusqu&rsquo;\u00e0 240 programmes personnalis\u00e9s (Jobs).<\/strong><\/li>\n<li><strong>320A \u00e0 40 % (40 \u00b0C)<\/strong><\/li>\n<li><strong>26,0 kg<\/strong><\/li>\n<\/ul>\n<\/div>\n<\/section>\n<\/div>\n<\/div>\n<\/div>\n<\/div>\n<\/article>\n","protected":false},"featured_media":7834,"comment_status":"open","ping_status":"closed","template":"","meta":{"_eb_attr":"","ocean_post_layout":"","ocean_both_sidebars_style":"","ocean_both_sidebars_content_width":0,"ocean_both_sidebars_sidebars_width":0,"ocean_sidebar":"0","ocean_second_sidebar":"0","ocean_disable_margins":"enable","ocean_add_body_class":"","ocean_shortcode_before_top_bar":"","ocean_shortcode_after_top_bar":"","ocean_shortcode_before_header":"","ocean_shortcode_after_header":"","ocean_has_shortcode":"","ocean_shortcode_after_title":"","ocean_shortcode_before_footer_widgets":"","ocean_shortcode_after_footer_widgets":"","ocean_shortcode_before_footer_bottom":"","ocean_shortcode_after_footer_bottom":"","ocean_display_top_bar":"default","ocean_display_header":"default","ocean_header_style":"","ocean_center_header_left_menu":"0","ocean_custom_header_template":"0","ocean_custom_logo":0,"ocean_custom_retina_logo":0,"ocean_custom_logo_max_width":0,"ocean_custom_logo_tablet_max_width":0,"ocean_custom_logo_mobile_max_width":0,"ocean_custom_logo_max_height":0,"ocean_custom_logo_tablet_max_height":0,"ocean_custom_logo_mobile_max_height":0,"ocean_header_custom_menu":"0","ocean_menu_typo_font_family":"0","ocean_menu_typo_font_subset":"","ocean_menu_typo_font_size":0,"ocean_menu_typo_font_size_tablet":0,"ocean_menu_typo_font_size_mobile":0,"ocean_menu_typo_font_size_unit":"px","ocean_menu_typo_font_weight":"","ocean_menu_typo_font_weight_tablet":"","ocean_menu_typo_font_weight_mobile":"","ocean_menu_typo_transform":"","ocean_menu_typo_transform_tablet":"","ocean_menu_typo_transform_mobile":"","ocean_menu_typo_line_height":0,"ocean_menu_typo_line_height_tablet":0,"ocean_menu_typo_line_height_mobile":0,"ocean_menu_typo_line_height_unit":"","ocean_menu_typo_spacing":0,"ocean_menu_typo_spacing_tablet":0,"ocean_menu_typo_spacing_mobile":0,"ocean_menu_typo_spacing_unit":"","ocean_menu_link_color":"","ocean_menu_link_color_hover":"","ocean_menu_link_color_active":"","ocean_menu_link_background":"","ocean_menu_link_hover_background":"","ocean_menu_link_active_background":"","ocean_menu_social_links_bg":"","ocean_menu_social_hover_links_bg":"","ocean_menu_social_links_color":"","ocean_menu_social_hover_links_color":"","ocean_disable_title":"default","ocean_disable_heading":"default","ocean_post_title":"","ocean_post_subheading":"","ocean_post_title_style":"","ocean_post_title_background_color":"","ocean_post_title_background":0,"ocean_post_title_bg_image_position":"","ocean_post_title_bg_image_attachment":"","ocean_post_title_bg_image_repeat":"","ocean_post_title_bg_image_size":"","ocean_post_title_height":0,"ocean_post_title_bg_overlay":0.5,"ocean_post_title_bg_overlay_color":"","ocean_disable_breadcrumbs":"default","ocean_breadcrumbs_color":"","ocean_breadcrumbs_separator_color":"","ocean_breadcrumbs_links_color":"","ocean_breadcrumbs_links_hover_color":"","ocean_display_footer_widgets":"default","ocean_display_footer_bottom":"default","ocean_custom_footer_template":"0"},"product_brand":[],"product_cat":[53,66],"product_tag":[],"class_list":{"0":"post-7827","1":"product","2":"type-product","3":"status-publish","4":"has-post-thumbnail","6":"product_cat-bohler-welding","7":"product_cat-tig-machine","9":"entry","10":"has-media","12":"first","13":"instock","14":"shipping-taxable","15":"product-type-simple","16":"has-product-nav","17":"col","18":"span_1_of_5","19":"owp-content-center","20":"owp-thumbs-layout-vertical","21":"owp-btn-big","22":"owp-tabs-layout-vertical","23":"has-no-thumbnails","25":"circle-sale"},"_links":{"self":[{"href":"https:\/\/baobolt.com\/index.php\/wp-json\/wp\/v2\/product\/7827","targetHints":{"allow":["GET"]}}],"collection":[{"href":"https:\/\/baobolt.com\/index.php\/wp-json\/wp\/v2\/product"}],"about":[{"href":"https:\/\/baobolt.com\/index.php\/wp-json\/wp\/v2\/types\/product"}],"replies":[{"embeddable":true,"href":"https:\/\/baobolt.com\/index.php\/wp-json\/wp\/v2\/comments?post=7827"}],"version-history":[{"count":2,"href":"https:\/\/baobolt.com\/index.php\/wp-json\/wp\/v2\/product\/7827\/revisions"}],"predecessor-version":[{"id":8155,"href":"https:\/\/baobolt.com\/index.php\/wp-json\/wp\/v2\/product\/7827\/revisions\/8155"}],"wp:featuredmedia":[{"embeddable":true,"href":"https:\/\/baobolt.com\/index.php\/wp-json\/wp\/v2\/media\/7834"}],"wp:attachment":[{"href":"https:\/\/baobolt.com\/index.php\/wp-json\/wp\/v2\/media?parent=7827"}],"wp:term":[{"taxonomy":"product_brand","embeddable":true,"href":"https:\/\/baobolt.com\/index.php\/wp-json\/wp\/v2\/product_brand?post=7827"},{"taxonomy":"product_cat","embeddable":true,"href":"https:\/\/baobolt.com\/index.php\/wp-json\/wp\/v2\/product_cat?post=7827"},{"taxonomy":"product_tag","embeddable":true,"href":"https:\/\/baobolt.com\/index.php\/wp-json\/wp\/v2\/product_tag?post=7827"}],"curies":[{"name":"wp","href":"https:\/\/api.w.org\/{rel}","templated":true}]}}