{"id":7820,"date":"2024-02-25T16:42:03","date_gmt":"2024-02-25T15:42:03","guid":{"rendered":"https:\/\/baobolt.com\/?post_type=product&#038;p=7820"},"modified":"2024-02-25T16:42:03","modified_gmt":"2024-02-25T15:42:03","slug":"uranos-nx-2200-tlh","status":"publish","type":"product","link":"https:\/\/baobolt.com\/index.php\/produit\/uranos-nx-2200-tlh\/","title":{"rendered":"URANOS NX 2200 TLH"},"content":{"rendered":"<table>\n<tbody>\n<tr>\n<th class=\"\" colspan=\"2\"><strong><span>G\u00e9n\u00e9ral<\/span><\/strong><\/th>\n<\/tr>\n<tr>\n<td class=\"\"><strong><span>Proc\u00e9d\u00e9s de soudage<\/span><\/strong><\/td>\n<td class=\"hover\"><span>TIG DC HF &#8211; TIG DC Lift &#8211; MMA<\/span><\/td>\n<\/tr>\n<tr>\n<td class=\"\"><strong><span>Mat\u00e9riaux<\/span><\/strong><\/td>\n<td class=\"hover\"><span>Aciers au carbone &#8211; Aciers inoxydables &#8211; Fontes &#8211; Cuivre &#8211; Titane<\/span><\/td>\n<\/tr>\n<tr>\n<td class=\"\"><strong><span>Dimensions<\/span><\/strong><\/td>\n<td class=\"hover\"><span>620x270x460mm<\/span><\/td>\n<\/tr>\n<tr>\n<td class=\"\"><strong><span>Poids<\/span><\/strong><\/td>\n<td class=\"hover\"><span>23,7 kg<\/span><\/td>\n<\/tr>\n<tr>\n<th class=\"\" colspan=\"2\"><strong><span>Source de courant<\/span><\/strong><\/th>\n<\/tr>\n<tr>\n<td class=\"\"><strong><span>Tension (50\/60 Hz)<\/span><\/strong><\/td>\n<td class=\"hover\"><span>1&#215;230\/115V\u00b115%<\/span><\/td>\n<\/tr>\n<tr>\n<td class=\"\"><strong><span>Puissance d&rsquo;entr\u00e9e maximale<\/span><\/strong><\/td>\n<td class=\"hover\"><span>5,2\/3,4kVA\u00a0<\/span><\/td>\n<\/tr>\n<tr>\n<td class=\"\"><strong><span>Courant d&rsquo;entr\u00e9e maximal<\/span><\/strong><\/td>\n<td class=\"hover\"><span>25,0\/29,7 A<\/span><\/td>\n<\/tr>\n<tr>\n<td class=\"\"><strong><span>Facteur de puissance PF<\/span><\/strong><\/td>\n<td class=\"hover\"><span>0,99<\/span><\/td>\n<\/tr>\n<tr>\n<td class=\"\"><strong><span>Efficacit\u00e9<\/span><\/strong><\/td>\n<td class=\"hover\"><span>85%<\/span><\/td>\n<\/tr>\n<tr>\n<td class=\"\"><strong><span>Fusible de ligne \u00e0 fusion lente<\/span><\/strong><\/td>\n<td class=\"hover\"><span>16\/20 UNE<\/span><\/td>\n<\/tr>\n<tr>\n<td class=\"\"><strong><span>Tension en circuit ouvert<\/span><\/strong><\/td>\n<td class=\"hover\"><span>94 Vcc<\/span><\/td>\n<\/tr>\n<\/tbody>\n<\/table>\n","protected":false},"excerpt":{"rendered":"<p><span>L&rsquo;URANOS NX 2200 TLH est une source d&rsquo;alimentation \u00e0 onduleur pour le soudage TIG DC HF et \u00e0 l&rsquo;\u00e9lectrode (MMA).\u00a0<\/span><span>En raison de la multitude de fonctions et de solutions techniques, ce produit est con\u00e7u pour des applications de soudage de haute qualit\u00e9 et pr\u00e9cises comme dans le cas de l&rsquo;acier inoxydable.<\/span><\/p>\n<ul>\n<li><strong><span>TIG DC HF &#8211; MMA<\/span><\/strong><\/li>\n<li><strong><span>Monophas\u00e9 1x230V &#8211; 1x115V<\/span><\/strong><\/li>\n<li><strong><span>Technologie d&rsquo;onduleur greenWave\u00ae<\/span><\/strong><\/li>\n<li><strong><span>Panneau utilisateur LCD couleur 3,5&Prime;<\/span><\/strong><\/li>\n<li><strong><span>4 proc\u00e9d\u00e9s de soudage exclusifs de B\u00f6hler Welding<\/span><\/strong><\/li>\n<li><strong><span>220 A \u00e0 35 % (40 \u00b0C)<\/span><\/strong><\/li>\n<li><strong><span>14,3 kg<\/span><\/strong><\/li>\n<\/ul>\n","protected":false},"featured_media":7821,"comment_status":"open","ping_status":"closed","template":"","meta":{"_eb_attr":"","ocean_post_layout":"","ocean_both_sidebars_style":"","ocean_both_sidebars_content_width":0,"ocean_both_sidebars_sidebars_width":0,"ocean_sidebar":"0","ocean_second_sidebar":"0","ocean_disable_margins":"enable","ocean_add_body_class":"","ocean_shortcode_before_top_bar":"","ocean_shortcode_after_top_bar":"","ocean_shortcode_before_header":"","ocean_shortcode_after_header":"","ocean_has_shortcode":"","ocean_shortcode_after_title":"","ocean_shortcode_before_footer_widgets":"","ocean_shortcode_after_footer_widgets":"","ocean_shortcode_before_footer_bottom":"","ocean_shortcode_after_footer_bottom":"","ocean_display_top_bar":"default","ocean_display_header":"default","ocean_header_style":"","ocean_center_header_left_menu":"0","ocean_custom_header_template":"0","ocean_custom_logo":0,"ocean_custom_retina_logo":0,"ocean_custom_logo_max_width":0,"ocean_custom_logo_tablet_max_width":0,"ocean_custom_logo_mobile_max_width":0,"ocean_custom_logo_max_height":0,"ocean_custom_logo_tablet_max_height":0,"ocean_custom_logo_mobile_max_height":0,"ocean_header_custom_menu":"0","ocean_menu_typo_font_family":"0","ocean_menu_typo_font_subset":"","ocean_menu_typo_font_size":0,"ocean_menu_typo_font_size_tablet":0,"ocean_menu_typo_font_size_mobile":0,"ocean_menu_typo_font_size_unit":"px","ocean_menu_typo_font_weight":"","ocean_menu_typo_font_weight_tablet":"","ocean_menu_typo_font_weight_mobile":"","ocean_menu_typo_transform":"","ocean_menu_typo_transform_tablet":"","ocean_menu_typo_transform_mobile":"","ocean_menu_typo_line_height":0,"ocean_menu_typo_line_height_tablet":0,"ocean_menu_typo_line_height_mobile":0,"ocean_menu_typo_line_height_unit":"","ocean_menu_typo_spacing":0,"ocean_menu_typo_spacing_tablet":0,"ocean_menu_typo_spacing_mobile":0,"ocean_menu_typo_spacing_unit":"","ocean_menu_link_color":"","ocean_menu_link_color_hover":"","ocean_menu_link_color_active":"","ocean_menu_link_background":"","ocean_menu_link_hover_background":"","ocean_menu_link_active_background":"","ocean_menu_social_links_bg":"","ocean_menu_social_hover_links_bg":"","ocean_menu_social_links_color":"","ocean_menu_social_hover_links_color":"","ocean_disable_title":"default","ocean_disable_heading":"default","ocean_post_title":"","ocean_post_subheading":"","ocean_post_title_style":"","ocean_post_title_background_color":"","ocean_post_title_background":0,"ocean_post_title_bg_image_position":"","ocean_post_title_bg_image_attachment":"","ocean_post_title_bg_image_repeat":"","ocean_post_title_bg_image_size":"","ocean_post_title_height":0,"ocean_post_title_bg_overlay":0.5,"ocean_post_title_bg_overlay_color":"","ocean_disable_breadcrumbs":"default","ocean_breadcrumbs_color":"","ocean_breadcrumbs_separator_color":"","ocean_breadcrumbs_links_color":"","ocean_breadcrumbs_links_hover_color":"","ocean_display_footer_widgets":"default","ocean_display_footer_bottom":"default","ocean_custom_footer_template":"0"},"product_brand":[],"product_cat":[53,66],"product_tag":[],"class_list":{"0":"post-7820","1":"product","2":"type-product","3":"status-publish","4":"has-post-thumbnail","6":"product_cat-bohler-welding","7":"product_cat-tig-machine","9":"entry","10":"has-media","12":"first","13":"instock","14":"shipping-taxable","15":"product-type-simple","16":"has-product-nav","17":"col","18":"span_1_of_5","19":"owp-content-center","20":"owp-thumbs-layout-vertical","21":"owp-btn-big","22":"owp-tabs-layout-vertical","23":"has-no-thumbnails","25":"circle-sale"},"_links":{"self":[{"href":"https:\/\/baobolt.com\/index.php\/wp-json\/wp\/v2\/product\/7820","targetHints":{"allow":["GET"]}}],"collection":[{"href":"https:\/\/baobolt.com\/index.php\/wp-json\/wp\/v2\/product"}],"about":[{"href":"https:\/\/baobolt.com\/index.php\/wp-json\/wp\/v2\/types\/product"}],"replies":[{"embeddable":true,"href":"https:\/\/baobolt.com\/index.php\/wp-json\/wp\/v2\/comments?post=7820"}],"version-history":[{"count":1,"href":"https:\/\/baobolt.com\/index.php\/wp-json\/wp\/v2\/product\/7820\/revisions"}],"predecessor-version":[{"id":7822,"href":"https:\/\/baobolt.com\/index.php\/wp-json\/wp\/v2\/product\/7820\/revisions\/7822"}],"wp:featuredmedia":[{"embeddable":true,"href":"https:\/\/baobolt.com\/index.php\/wp-json\/wp\/v2\/media\/7821"}],"wp:attachment":[{"href":"https:\/\/baobolt.com\/index.php\/wp-json\/wp\/v2\/media?parent=7820"}],"wp:term":[{"taxonomy":"product_brand","embeddable":true,"href":"https:\/\/baobolt.com\/index.php\/wp-json\/wp\/v2\/product_brand?post=7820"},{"taxonomy":"product_cat","embeddable":true,"href":"https:\/\/baobolt.com\/index.php\/wp-json\/wp\/v2\/product_cat?post=7820"},{"taxonomy":"product_tag","embeddable":true,"href":"https:\/\/baobolt.com\/index.php\/wp-json\/wp\/v2\/product_tag?post=7820"}],"curies":[{"name":"wp","href":"https:\/\/api.w.org\/{rel}","templated":true}]}}