{"id":7589,"date":"2024-02-13T03:41:51","date_gmt":"2024-02-13T02:41:51","guid":{"rendered":"https:\/\/baobolt.com\/?post_type=product&#038;p=7589"},"modified":"2024-02-25T15:33:09","modified_gmt":"2024-02-25T14:33:09","slug":"terra150","status":"publish","type":"product","link":"https:\/\/baobolt.com\/index.php\/produit\/terra150\/","title":{"rendered":"TERRA150"},"content":{"rendered":"<ul>\n<li><strong>MMA \u2013 Ascenseur TIG DC<\/strong><\/li>\n<li><strong>Monophas\u00e9 1x230V<\/strong><\/li>\n<li><strong>Technologie d&rsquo;onduleur<\/strong><\/li>\n<li><strong>L\u00e9ger et professionnel<\/strong><\/li>\n<li><strong>Fonctions Hot Start \/ Arc Force \/ AntiSticking<\/strong><\/li>\n<li><strong>150 A \u00e0 30 % (40 \u00b0C)<\/strong><\/li>\n<li><strong>4,1 kg<\/strong><\/li>\n<\/ul>\n","protected":false},"excerpt":{"rendered":"<article class=\"col-md-60\">\n<div id=\"centercontainer\">\n<article class=\"product\">\n<section class=\"header\">\n<div class=\"copy large\">\n<p>TERRA 150 contr\u00f4le le courant de mani\u00e8re parfaitement lin\u00e9aire, obtenant un arc de soudage particuli\u00e8rement stable et pr\u00e9cis, un soudage de qualit\u00e9 et une am\u00e9lioration g\u00e9n\u00e9rale des performances de la source d&rsquo;alimentation.\u00a0Cette technologie innovante a permis l&rsquo;utilisation de composants particuli\u00e8rement petits, ce qui a permis d&rsquo;obtenir des sources d&rsquo;\u00e9nergie extr\u00eamement compactes en termes de dimensions et de poids.<\/p>\n<\/div>\n<\/section>\n<\/article>\n<\/div>\n<\/article>\n<article class=\"col-md-48 content-hasContext\">\n<div id=\"centercontainerDetail\">\n<div class=\"row layoutrow\">\n<div class=\"col-xxs-60 col-sm-30\">\n<div class=\"inner-container\">\n<section>\n<div class=\"content\"><\/div>\n<\/section>\n<\/div>\n<\/div>\n<\/div>\n<\/div>\n<\/article>\n","protected":false},"featured_media":7770,"comment_status":"open","ping_status":"closed","template":"","meta":{"_eb_attr":"","ocean_post_layout":"","ocean_both_sidebars_style":"","ocean_both_sidebars_content_width":0,"ocean_both_sidebars_sidebars_width":0,"ocean_sidebar":"0","ocean_second_sidebar":"0","ocean_disable_margins":"enable","ocean_add_body_class":"","ocean_shortcode_before_top_bar":"","ocean_shortcode_after_top_bar":"","ocean_shortcode_before_header":"","ocean_shortcode_after_header":"","ocean_has_shortcode":"","ocean_shortcode_after_title":"","ocean_shortcode_before_footer_widgets":"","ocean_shortcode_after_footer_widgets":"","ocean_shortcode_before_footer_bottom":"","ocean_shortcode_after_footer_bottom":"","ocean_display_top_bar":"default","ocean_display_header":"default","ocean_header_style":"","ocean_center_header_left_menu":"0","ocean_custom_header_template":"0","ocean_custom_logo":0,"ocean_custom_retina_logo":0,"ocean_custom_logo_max_width":0,"ocean_custom_logo_tablet_max_width":0,"ocean_custom_logo_mobile_max_width":0,"ocean_custom_logo_max_height":0,"ocean_custom_logo_tablet_max_height":0,"ocean_custom_logo_mobile_max_height":0,"ocean_header_custom_menu":"0","ocean_menu_typo_font_family":"0","ocean_menu_typo_font_subset":"","ocean_menu_typo_font_size":0,"ocean_menu_typo_font_size_tablet":0,"ocean_menu_typo_font_size_mobile":0,"ocean_menu_typo_font_size_unit":"px","ocean_menu_typo_font_weight":"","ocean_menu_typo_font_weight_tablet":"","ocean_menu_typo_font_weight_mobile":"","ocean_menu_typo_transform":"","ocean_menu_typo_transform_tablet":"","ocean_menu_typo_transform_mobile":"","ocean_menu_typo_line_height":0,"ocean_menu_typo_line_height_tablet":0,"ocean_menu_typo_line_height_mobile":0,"ocean_menu_typo_line_height_unit":"","ocean_menu_typo_spacing":0,"ocean_menu_typo_spacing_tablet":0,"ocean_menu_typo_spacing_mobile":0,"ocean_menu_typo_spacing_unit":"","ocean_menu_link_color":"","ocean_menu_link_color_hover":"","ocean_menu_link_color_active":"","ocean_menu_link_background":"","ocean_menu_link_hover_background":"","ocean_menu_link_active_background":"","ocean_menu_social_links_bg":"","ocean_menu_social_hover_links_bg":"","ocean_menu_social_links_color":"","ocean_menu_social_hover_links_color":"","ocean_disable_title":"default","ocean_disable_heading":"default","ocean_post_title":"","ocean_post_subheading":"","ocean_post_title_style":"","ocean_post_title_background_color":"","ocean_post_title_background":0,"ocean_post_title_bg_image_position":"","ocean_post_title_bg_image_attachment":"","ocean_post_title_bg_image_repeat":"","ocean_post_title_bg_image_size":"","ocean_post_title_height":0,"ocean_post_title_bg_overlay":0.5,"ocean_post_title_bg_overlay_color":"","ocean_disable_breadcrumbs":"default","ocean_breadcrumbs_color":"","ocean_breadcrumbs_separator_color":"","ocean_breadcrumbs_links_color":"","ocean_breadcrumbs_links_hover_color":"","ocean_display_footer_widgets":"default","ocean_display_footer_bottom":"default","ocean_custom_footer_template":"0"},"product_brand":[],"product_cat":[53,67],"product_tag":[],"class_list":{"0":"post-7589","1":"product","2":"type-product","3":"status-publish","4":"has-post-thumbnail","6":"product_cat-bohler-welding","7":"product_cat-mma-machine","9":"entry","10":"has-media","12":"first","13":"instock","14":"shipping-taxable","15":"product-type-simple","16":"has-product-nav","17":"col","18":"span_1_of_5","19":"owp-content-center","20":"owp-thumbs-layout-vertical","21":"owp-btn-big","22":"owp-tabs-layout-vertical","23":"has-no-thumbnails","25":"circle-sale"},"_links":{"self":[{"href":"https:\/\/baobolt.com\/index.php\/wp-json\/wp\/v2\/product\/7589","targetHints":{"allow":["GET"]}}],"collection":[{"href":"https:\/\/baobolt.com\/index.php\/wp-json\/wp\/v2\/product"}],"about":[{"href":"https:\/\/baobolt.com\/index.php\/wp-json\/wp\/v2\/types\/product"}],"replies":[{"embeddable":true,"href":"https:\/\/baobolt.com\/index.php\/wp-json\/wp\/v2\/comments?post=7589"}],"version-history":[{"count":2,"href":"https:\/\/baobolt.com\/index.php\/wp-json\/wp\/v2\/product\/7589\/revisions"}],"predecessor-version":[{"id":7771,"href":"https:\/\/baobolt.com\/index.php\/wp-json\/wp\/v2\/product\/7589\/revisions\/7771"}],"wp:featuredmedia":[{"embeddable":true,"href":"https:\/\/baobolt.com\/index.php\/wp-json\/wp\/v2\/media\/7770"}],"wp:attachment":[{"href":"https:\/\/baobolt.com\/index.php\/wp-json\/wp\/v2\/media?parent=7589"}],"wp:term":[{"taxonomy":"product_brand","embeddable":true,"href":"https:\/\/baobolt.com\/index.php\/wp-json\/wp\/v2\/product_brand?post=7589"},{"taxonomy":"product_cat","embeddable":true,"href":"https:\/\/baobolt.com\/index.php\/wp-json\/wp\/v2\/product_cat?post=7589"},{"taxonomy":"product_tag","embeddable":true,"href":"https:\/\/baobolt.com\/index.php\/wp-json\/wp\/v2\/product_tag?post=7589"}],"curies":[{"name":"wp","href":"https:\/\/api.w.org\/{rel}","templated":true}]}}