{"id":7575,"date":"2024-02-11T03:24:34","date_gmt":"2024-02-11T02:24:34","guid":{"rendered":"https:\/\/baobolt.com\/?post_type=product&#038;p=7575"},"modified":"2024-02-11T03:24:34","modified_gmt":"2024-02-11T02:24:34","slug":"technologie-plasma-60-xt","status":"publish","type":"product","link":"https:\/\/baobolt.com\/index.php\/produit\/technologie-plasma-60-xt\/","title":{"rendered":"TECHNOLOGIE PLASMA 60 XT"},"content":{"rendered":"<p><span>Onduleur, syst\u00e8me de coupage plasma \u00e0 air comprim\u00e9, avec amor\u00e7age par contact de l&rsquo;arc pilote.<\/span><br \/>\n<span>Permet une d\u00e9coupe, une d\u00e9coupe en grille et un calibrage rapide et sans d\u00e9formation de tous les mat\u00e9riaux conducteurs tels que l&rsquo;acier, l&rsquo;inox, l&rsquo;acier galvanis\u00e9, l&rsquo;aluminium, le cuivre, le laiton,<\/span><br \/>\n<span>etc.<\/span><\/p>\n<ul>\n<li><span>robuste et r\u00e9sistant aux chocs ;<\/span><\/li>\n<li><span>poids et dimensions r\u00e9duits;<\/span><\/li>\n<li><span>led d&rsquo;avertissement pour torche sous tension, protections;<\/span><\/li>\n<li><span>LED d&rsquo;avertissement pour changement de consommables\u00a0;<\/span><\/li>\n<li><span>refroidissement automatique de la torche\u00a0;<\/span><\/li>\n<li><span>visualisation de la pression atmosph\u00e9rique;<\/span><\/li>\n<li><span>protections thermostatiques, contre les surtensions, les sous-tensions, les surintensit\u00e9s et les pannes d&rsquo;air.<\/span><\/li>\n<\/ul>\n<p><span>Complet avec torche PH.<\/span><\/p>\n<div class=\"icons-description-container d-flex\">\n<div class=\"\n                                          icon-description-box\n                                          d-flex\n                                          flex-column\n                                          justify-content-center\n                                          align-items-center\n                                        \"><img decoding=\"async\" class=\"alignleft\" src=\"https:\/\/www.telwin.com\/TELWIN\/ALTRI%20MEDIA\/IM2360_1ph_230V.png\" width=\"93\" height=\"93\" alt=\"IM2360 1ph 230V\" title=\"TECHNOLOGIE PLASMA 60 XT\"><\/div>\n<div class=\"\n                                          icon-description-box\n                                          d-flex\n                                          flex-column\n                                          justify-content-center\n                                          align-items-center\n                                        \"><img decoding=\"async\" class=\"alignleft\" src=\"https:\/\/www.telwin.com\/TELWIN\/ALTRI%20MEDIA\/IM2750_CONTACT_STRIKING.png\" width=\"93\" height=\"93\" alt=\"IM2750 CONTACT STRIKING\" title=\"TECHNOLOGIE PLASMA 60 XT\"><\/div>\n<div class=\"\n                                          icon-description-box\n                                          d-flex\n                                          flex-column\n                                          justify-content-center\n                                          align-items-center\n                                        \"><img decoding=\"async\" class=\"alignleft\" src=\"https:\/\/www.telwin.com\/TELWIN\/ALTRI%20MEDIA\/IM2700_CE.png\" width=\"93\" height=\"93\" alt=\"IM2700 CE\" title=\"TECHNOLOGIE PLASMA 60 XT\"><\/div>\n<div class=\"\n                                          icon-description-box\n                                          d-flex\n                                          flex-column\n                                          justify-content-center\n                                          align-items-center\n                                        \"><img loading=\"lazy\" decoding=\"async\" class=\"alignleft\" src=\"https:\/\/www.telwin.com\/TELWIN\/ALTRI%20MEDIA\/IM2710_EAC.png\" width=\"93\" height=\"93\" alt=\"IM2710 EAC\" title=\"TECHNOLOGIE PLASMA 60 XT\"><\/div>\n<\/div>\n","protected":false},"excerpt":{"rendered":"<ul>\n<li><span>Syst\u00e8me inverseur de coupage plasma 60A avec air comprim\u00e9 et frappe au contact de l&rsquo;arc pilote.\u00a0Avec torche PH.<\/span><\/li>\n<li><span>Max.\u00a0couper 20 mm.\u00a0Fonctions avanc\u00e9es : d\u00e9coupe de grille, d\u00e9coupe 4T et gougeage de tous les mat\u00e9riaux conducteurs.<\/span><\/li>\n<li><span>Jauge num\u00e9rique int\u00e9gr\u00e9e \u00e0 l&rsquo;avant du produit.\u00a0Signal de tension sous tension dans la torche, protection\u00a0;\u00a0signal de changement de consommables, affichage de la pression atmosph\u00e9rique.<\/span><\/li>\n<li><span>Refroidissement automatique de la torche : cage de protection m\u00e9tallique de jauge.<\/span><\/li>\n<li><span>Thermostatique, surtension, sous-tension, protection contre les surintensit\u00e9s, pas de protection de l&rsquo;air.<\/span><\/li>\n<li><span>Solide et r\u00e9sistant aux chocs\u00a0;\u00a0poids et dimensions r\u00e9duits.<\/span><\/li>\n<\/ul>\n","protected":false},"featured_media":7577,"comment_status":"open","ping_status":"closed","template":"","meta":{"_eb_attr":"","ocean_post_layout":"","ocean_both_sidebars_style":"","ocean_both_sidebars_content_width":0,"ocean_both_sidebars_sidebars_width":0,"ocean_sidebar":"0","ocean_second_sidebar":"0","ocean_disable_margins":"enable","ocean_add_body_class":"","ocean_shortcode_before_top_bar":"","ocean_shortcode_after_top_bar":"","ocean_shortcode_before_header":"","ocean_shortcode_after_header":"","ocean_has_shortcode":"","ocean_shortcode_after_title":"","ocean_shortcode_before_footer_widgets":"","ocean_shortcode_after_footer_widgets":"","ocean_shortcode_before_footer_bottom":"","ocean_shortcode_after_footer_bottom":"","ocean_display_top_bar":"default","ocean_display_header":"default","ocean_header_style":"","ocean_center_header_left_menu":"0","ocean_custom_header_template":"0","ocean_custom_logo":0,"ocean_custom_retina_logo":0,"ocean_custom_logo_max_width":0,"ocean_custom_logo_tablet_max_width":0,"ocean_custom_logo_mobile_max_width":0,"ocean_custom_logo_max_height":0,"ocean_custom_logo_tablet_max_height":0,"ocean_custom_logo_mobile_max_height":0,"ocean_header_custom_menu":"0","ocean_menu_typo_font_family":"0","ocean_menu_typo_font_subset":"","ocean_menu_typo_font_size":0,"ocean_menu_typo_font_size_tablet":0,"ocean_menu_typo_font_size_mobile":0,"ocean_menu_typo_font_size_unit":"px","ocean_menu_typo_font_weight":"","ocean_menu_typo_font_weight_tablet":"","ocean_menu_typo_font_weight_mobile":"","ocean_menu_typo_transform":"","ocean_menu_typo_transform_tablet":"","ocean_menu_typo_transform_mobile":"","ocean_menu_typo_line_height":0,"ocean_menu_typo_line_height_tablet":0,"ocean_menu_typo_line_height_mobile":0,"ocean_menu_typo_line_height_unit":"","ocean_menu_typo_spacing":0,"ocean_menu_typo_spacing_tablet":0,"ocean_menu_typo_spacing_mobile":0,"ocean_menu_typo_spacing_unit":"","ocean_menu_link_color":"","ocean_menu_link_color_hover":"","ocean_menu_link_color_active":"","ocean_menu_link_background":"","ocean_menu_link_hover_background":"","ocean_menu_link_active_background":"","ocean_menu_social_links_bg":"","ocean_menu_social_hover_links_bg":"","ocean_menu_social_links_color":"","ocean_menu_social_hover_links_color":"","ocean_disable_title":"default","ocean_disable_heading":"default","ocean_post_title":"","ocean_post_subheading":"","ocean_post_title_style":"","ocean_post_title_background_color":"","ocean_post_title_background":0,"ocean_post_title_bg_image_position":"","ocean_post_title_bg_image_attachment":"","ocean_post_title_bg_image_repeat":"","ocean_post_title_bg_image_size":"","ocean_post_title_height":0,"ocean_post_title_bg_overlay":0.5,"ocean_post_title_bg_overlay_color":"","ocean_disable_breadcrumbs":"default","ocean_breadcrumbs_color":"","ocean_breadcrumbs_separator_color":"","ocean_breadcrumbs_links_color":"","ocean_breadcrumbs_links_hover_color":"","ocean_display_footer_widgets":"default","ocean_display_footer_bottom":"default","ocean_custom_footer_template":"0"},"product_brand":[],"product_cat":[102],"product_tag":[],"class_list":{"0":"post-7575","1":"product","2":"type-product","3":"status-publish","4":"has-post-thumbnail","6":"product_cat-telwin","8":"entry","9":"has-media","11":"first","12":"instock","13":"shipping-taxable","14":"product-type-simple","15":"has-product-nav","16":"col","17":"span_1_of_5","18":"owp-content-center","19":"owp-thumbs-layout-vertical","20":"owp-btn-big","21":"owp-tabs-layout-vertical","23":"circle-sale"},"_links":{"self":[{"href":"https:\/\/baobolt.com\/index.php\/wp-json\/wp\/v2\/product\/7575","targetHints":{"allow":["GET"]}}],"collection":[{"href":"https:\/\/baobolt.com\/index.php\/wp-json\/wp\/v2\/product"}],"about":[{"href":"https:\/\/baobolt.com\/index.php\/wp-json\/wp\/v2\/types\/product"}],"replies":[{"embeddable":true,"href":"https:\/\/baobolt.com\/index.php\/wp-json\/wp\/v2\/comments?post=7575"}],"version-history":[{"count":1,"href":"https:\/\/baobolt.com\/index.php\/wp-json\/wp\/v2\/product\/7575\/revisions"}],"predecessor-version":[{"id":7579,"href":"https:\/\/baobolt.com\/index.php\/wp-json\/wp\/v2\/product\/7575\/revisions\/7579"}],"wp:featuredmedia":[{"embeddable":true,"href":"https:\/\/baobolt.com\/index.php\/wp-json\/wp\/v2\/media\/7577"}],"wp:attachment":[{"href":"https:\/\/baobolt.com\/index.php\/wp-json\/wp\/v2\/media?parent=7575"}],"wp:term":[{"taxonomy":"product_brand","embeddable":true,"href":"https:\/\/baobolt.com\/index.php\/wp-json\/wp\/v2\/product_brand?post=7575"},{"taxonomy":"product_cat","embeddable":true,"href":"https:\/\/baobolt.com\/index.php\/wp-json\/wp\/v2\/product_cat?post=7575"},{"taxonomy":"product_tag","embeddable":true,"href":"https:\/\/baobolt.com\/index.php\/wp-json\/wp\/v2\/product_tag?post=7575"}],"curies":[{"name":"wp","href":"https:\/\/api.w.org\/{rel}","templated":true}]}}