{"id":7544,"date":"2024-02-09T23:41:56","date_gmt":"2024-02-09T22:41:56","guid":{"rendered":"https:\/\/baobolt.com\/?post_type=product&#038;p=7544"},"modified":"2024-02-25T15:51:20","modified_gmt":"2024-02-25T14:51:20","slug":"soudeuse-tig-fronius-magicwave-230i-ac-dc","status":"publish","type":"product","link":"https:\/\/baobolt.com\/index.php\/produit\/soudeuse-tig-fronius-magicwave-230i-ac-dc\/","title":{"rendered":"Soudeuse TIG Fronius Magicwave 230i AC DC"},"content":{"rendered":"<p><strong>Forfait 1 &#8211; Refroidi par air<\/strong><\/p>\n<p>Soudeuse TIG Fronius Magicwave 230i AC DC, torche TIG 4 m commut\u00e9e et gain\u00e9e, c\u00e2ble et pince de terre, tuyau de gaz et r\u00e9gulateur d&rsquo;argon<\/p>\n<p><strong>Forfait 2 &#8211; Refroidi par air<\/strong><\/p>\n<p>Soudeuse TIG Magicwave 230i AC DC, commande au pied \u00e0 distance avec c\u00e2ble de 5 m, torche TIG de 4 m, c\u00e2ble et pince de terre, tuyau de gaz et r\u00e9gulateur d&rsquo;argon.<\/p>\n<p><strong>Paquet 3 &#8211; Refroidi \u00e0 l&rsquo;eau<\/strong><\/p>\n<p>Soudeuse TIG AC DC Magicwave 230i, refroidisseur d&rsquo;eau modulaire Fronius CU 600t, torche TIG refroidie \u00e0 l&rsquo;eau de 4 m\u00e8tres, c\u00e2ble et pince de terre, tuyau de gaz et r\u00e9gulateur d&rsquo;argon<\/p>\n<p><strong>Paquet 4 &#8211; Refroidi \u00e0 l&rsquo;eau<\/strong><\/p>\n<p>Soudeuse TIG Magicwave 230i AC DC, refroidisseur d&rsquo;eau modulaire Fronius CU 600t, t\u00e9l\u00e9commande au pied, torche TIG refroidie \u00e0 l&rsquo;eau de 4 m, c\u00e2ble et pince de terre, tuyau de gaz et r\u00e9gulateur d&rsquo;argon<\/p>\n","protected":false},"excerpt":{"rendered":"<p>Le Fronius MagicWave 230i est un poste \u00e0 souder TIG AC\/DC enti\u00e8rement num\u00e9ris\u00e9 offrant une technologie de pointe dans les applications de soudage TIG AC et DC, notamment dans l&rsquo;aluminium. Cette soudeuse TIG est avanc\u00e9e, robuste, fiable et extr\u00eamement portable, appelez notre service technique pour en savoir plus. Le nouveau panneau de commande num\u00e9rique est extr\u00eamement simple \u00e0 utiliser et les caract\u00e9ristiques de soudage sont encore plus impressionnantes.<\/p>\n<p>&nbsp;<\/p>\n","protected":false},"featured_media":7785,"comment_status":"open","ping_status":"closed","template":"","meta":{"_eb_attr":"","ocean_post_layout":"","ocean_both_sidebars_style":"","ocean_both_sidebars_content_width":0,"ocean_both_sidebars_sidebars_width":0,"ocean_sidebar":"0","ocean_second_sidebar":"0","ocean_disable_margins":"enable","ocean_add_body_class":"","ocean_shortcode_before_top_bar":"","ocean_shortcode_after_top_bar":"","ocean_shortcode_before_header":"","ocean_shortcode_after_header":"","ocean_has_shortcode":"","ocean_shortcode_after_title":"","ocean_shortcode_before_footer_widgets":"","ocean_shortcode_after_footer_widgets":"","ocean_shortcode_before_footer_bottom":"","ocean_shortcode_after_footer_bottom":"","ocean_display_top_bar":"default","ocean_display_header":"default","ocean_header_style":"","ocean_center_header_left_menu":"0","ocean_custom_header_template":"0","ocean_custom_logo":0,"ocean_custom_retina_logo":0,"ocean_custom_logo_max_width":0,"ocean_custom_logo_tablet_max_width":0,"ocean_custom_logo_mobile_max_width":0,"ocean_custom_logo_max_height":0,"ocean_custom_logo_tablet_max_height":0,"ocean_custom_logo_mobile_max_height":0,"ocean_header_custom_menu":"0","ocean_menu_typo_font_family":"0","ocean_menu_typo_font_subset":"","ocean_menu_typo_font_size":0,"ocean_menu_typo_font_size_tablet":0,"ocean_menu_typo_font_size_mobile":0,"ocean_menu_typo_font_size_unit":"px","ocean_menu_typo_font_weight":"","ocean_menu_typo_font_weight_tablet":"","ocean_menu_typo_font_weight_mobile":"","ocean_menu_typo_transform":"","ocean_menu_typo_transform_tablet":"","ocean_menu_typo_transform_mobile":"","ocean_menu_typo_line_height":0,"ocean_menu_typo_line_height_tablet":0,"ocean_menu_typo_line_height_mobile":0,"ocean_menu_typo_line_height_unit":"","ocean_menu_typo_spacing":0,"ocean_menu_typo_spacing_tablet":0,"ocean_menu_typo_spacing_mobile":0,"ocean_menu_typo_spacing_unit":"","ocean_menu_link_color":"","ocean_menu_link_color_hover":"","ocean_menu_link_color_active":"","ocean_menu_link_background":"","ocean_menu_link_hover_background":"","ocean_menu_link_active_background":"","ocean_menu_social_links_bg":"","ocean_menu_social_hover_links_bg":"","ocean_menu_social_links_color":"","ocean_menu_social_hover_links_color":"","ocean_disable_title":"default","ocean_disable_heading":"default","ocean_post_title":"","ocean_post_subheading":"","ocean_post_title_style":"","ocean_post_title_background_color":"","ocean_post_title_background":0,"ocean_post_title_bg_image_position":"","ocean_post_title_bg_image_attachment":"","ocean_post_title_bg_image_repeat":"","ocean_post_title_bg_image_size":"","ocean_post_title_height":0,"ocean_post_title_bg_overlay":0.5,"ocean_post_title_bg_overlay_color":"","ocean_disable_breadcrumbs":"default","ocean_breadcrumbs_color":"","ocean_breadcrumbs_separator_color":"","ocean_breadcrumbs_links_color":"","ocean_breadcrumbs_links_hover_color":"","ocean_display_footer_widgets":"default","ocean_display_footer_bottom":"default","ocean_custom_footer_template":"0"},"product_brand":[],"product_cat":[49,66],"product_tag":[],"class_list":{"0":"post-7544","1":"product","2":"type-product","3":"status-publish","4":"has-post-thumbnail","6":"product_cat-fronius","7":"product_cat-tig-machine","9":"entry","10":"has-media","12":"first","13":"instock","14":"shipping-taxable","15":"product-type-simple","16":"has-product-nav","17":"col","18":"span_1_of_5","19":"owp-content-center","20":"owp-thumbs-layout-vertical","21":"owp-btn-big","22":"owp-tabs-layout-vertical","23":"has-no-thumbnails","25":"circle-sale"},"_links":{"self":[{"href":"https:\/\/baobolt.com\/index.php\/wp-json\/wp\/v2\/product\/7544","targetHints":{"allow":["GET"]}}],"collection":[{"href":"https:\/\/baobolt.com\/index.php\/wp-json\/wp\/v2\/product"}],"about":[{"href":"https:\/\/baobolt.com\/index.php\/wp-json\/wp\/v2\/types\/product"}],"replies":[{"embeddable":true,"href":"https:\/\/baobolt.com\/index.php\/wp-json\/wp\/v2\/comments?post=7544"}],"version-history":[{"count":2,"href":"https:\/\/baobolt.com\/index.php\/wp-json\/wp\/v2\/product\/7544\/revisions"}],"predecessor-version":[{"id":7786,"href":"https:\/\/baobolt.com\/index.php\/wp-json\/wp\/v2\/product\/7544\/revisions\/7786"}],"wp:featuredmedia":[{"embeddable":true,"href":"https:\/\/baobolt.com\/index.php\/wp-json\/wp\/v2\/media\/7785"}],"wp:attachment":[{"href":"https:\/\/baobolt.com\/index.php\/wp-json\/wp\/v2\/media?parent=7544"}],"wp:term":[{"taxonomy":"product_brand","embeddable":true,"href":"https:\/\/baobolt.com\/index.php\/wp-json\/wp\/v2\/product_brand?post=7544"},{"taxonomy":"product_cat","embeddable":true,"href":"https:\/\/baobolt.com\/index.php\/wp-json\/wp\/v2\/product_cat?post=7544"},{"taxonomy":"product_tag","embeddable":true,"href":"https:\/\/baobolt.com\/index.php\/wp-json\/wp\/v2\/product_tag?post=7544"}],"curies":[{"name":"wp","href":"https:\/\/api.w.org\/{rel}","templated":true}]}}