{"id":7533,"date":"2024-02-09T22:50:54","date_gmt":"2024-02-09T21:50:54","guid":{"rendered":"https:\/\/baobolt.com\/?post_type=product&#038;p=7533"},"modified":"2024-02-09T22:51:25","modified_gmt":"2024-02-09T21:51:25","slug":"refroidisseur-deau-fronius-cu-600t","status":"publish","type":"product","link":"https:\/\/baobolt.com\/index.php\/produit\/refroidisseur-deau-fronius-cu-600t\/","title":{"rendered":"Refroidisseur d&rsquo;eau Fronius CU 600t"},"content":{"rendered":"<ul>\n<li>Mod\u00e8le CU<\/li>\n<li>Num\u00e9ro de pi\u00e8ce Fronius 4\u00a0048\u00a0010.<\/li>\n<li>Pression 4,2 bars<\/li>\n<li>Alimentation 230V<\/li>\n<li>Puissance 600W<\/li>\n<li>Dimensions du refroidisseur d&rsquo;eau B\/H\/L 260-219 706 mm<\/li>\n<li>Capacit\u00e9 de refroidissement 600W<\/li>\n<li>Poids 10Kg (sans liquide de refroidissement)<\/li>\n<\/ul>\n","protected":false},"excerpt":{"rendered":"<p>Refroidisseur d&rsquo;eau Fronius CU 600t Pt No 4 048 010. S&rsquo;adapte au Magicwave 230I soit dans le cadre d&rsquo;un package, soit peut \u00eatre install\u00e9 apr\u00e8s.<\/p>\n","protected":false},"featured_media":0,"comment_status":"open","ping_status":"closed","template":"","meta":{"_eb_attr":"","ocean_post_layout":"","ocean_both_sidebars_style":"","ocean_both_sidebars_content_width":0,"ocean_both_sidebars_sidebars_width":0,"ocean_sidebar":"0","ocean_second_sidebar":"0","ocean_disable_margins":"enable","ocean_add_body_class":"","ocean_shortcode_before_top_bar":"","ocean_shortcode_after_top_bar":"","ocean_shortcode_before_header":"","ocean_shortcode_after_header":"","ocean_has_shortcode":"","ocean_shortcode_after_title":"","ocean_shortcode_before_footer_widgets":"","ocean_shortcode_after_footer_widgets":"","ocean_shortcode_before_footer_bottom":"","ocean_shortcode_after_footer_bottom":"","ocean_display_top_bar":"default","ocean_display_header":"default","ocean_header_style":"","ocean_center_header_left_menu":"0","ocean_custom_header_template":"0","ocean_custom_logo":0,"ocean_custom_retina_logo":0,"ocean_custom_logo_max_width":0,"ocean_custom_logo_tablet_max_width":0,"ocean_custom_logo_mobile_max_width":0,"ocean_custom_logo_max_height":0,"ocean_custom_logo_tablet_max_height":0,"ocean_custom_logo_mobile_max_height":0,"ocean_header_custom_menu":"0","ocean_menu_typo_font_family":"0","ocean_menu_typo_font_subset":"","ocean_menu_typo_font_size":0,"ocean_menu_typo_font_size_tablet":0,"ocean_menu_typo_font_size_mobile":0,"ocean_menu_typo_font_size_unit":"px","ocean_menu_typo_font_weight":"","ocean_menu_typo_font_weight_tablet":"","ocean_menu_typo_font_weight_mobile":"","ocean_menu_typo_transform":"","ocean_menu_typo_transform_tablet":"","ocean_menu_typo_transform_mobile":"","ocean_menu_typo_line_height":0,"ocean_menu_typo_line_height_tablet":0,"ocean_menu_typo_line_height_mobile":0,"ocean_menu_typo_line_height_unit":"","ocean_menu_typo_spacing":0,"ocean_menu_typo_spacing_tablet":0,"ocean_menu_typo_spacing_mobile":0,"ocean_menu_typo_spacing_unit":"","ocean_menu_link_color":"","ocean_menu_link_color_hover":"","ocean_menu_link_color_active":"","ocean_menu_link_background":"","ocean_menu_link_hover_background":"","ocean_menu_link_active_background":"","ocean_menu_social_links_bg":"","ocean_menu_social_hover_links_bg":"","ocean_menu_social_links_color":"","ocean_menu_social_hover_links_color":"","ocean_disable_title":"default","ocean_disable_heading":"default","ocean_post_title":"","ocean_post_subheading":"","ocean_post_title_style":"","ocean_post_title_background_color":"","ocean_post_title_background":0,"ocean_post_title_bg_image_position":"","ocean_post_title_bg_image_attachment":"","ocean_post_title_bg_image_repeat":"","ocean_post_title_bg_image_size":"","ocean_post_title_height":0,"ocean_post_title_bg_overlay":0.5,"ocean_post_title_bg_overlay_color":"","ocean_disable_breadcrumbs":"default","ocean_breadcrumbs_color":"","ocean_breadcrumbs_separator_color":"","ocean_breadcrumbs_links_color":"","ocean_breadcrumbs_links_hover_color":"","ocean_display_footer_widgets":"default","ocean_display_footer_bottom":"default","ocean_custom_footer_template":"0"},"product_brand":[],"product_cat":[49],"product_tag":[],"class_list":{"0":"post-7533","1":"product","2":"type-product","3":"status-publish","5":"product_cat-fronius","7":"entry","9":"first","10":"instock","11":"shipping-taxable","12":"product-type-simple","13":"has-product-nav","14":"col","15":"span_1_of_5","16":"owp-content-center","17":"owp-thumbs-layout-vertical","18":"owp-btn-big","19":"owp-tabs-layout-vertical","20":"has-no-thumbnails","22":"circle-sale"},"_links":{"self":[{"href":"https:\/\/baobolt.com\/index.php\/wp-json\/wp\/v2\/product\/7533","targetHints":{"allow":["GET"]}}],"collection":[{"href":"https:\/\/baobolt.com\/index.php\/wp-json\/wp\/v2\/product"}],"about":[{"href":"https:\/\/baobolt.com\/index.php\/wp-json\/wp\/v2\/types\/product"}],"replies":[{"embeddable":true,"href":"https:\/\/baobolt.com\/index.php\/wp-json\/wp\/v2\/comments?post=7533"}],"version-history":[{"count":2,"href":"https:\/\/baobolt.com\/index.php\/wp-json\/wp\/v2\/product\/7533\/revisions"}],"predecessor-version":[{"id":7536,"href":"https:\/\/baobolt.com\/index.php\/wp-json\/wp\/v2\/product\/7533\/revisions\/7536"}],"wp:attachment":[{"href":"https:\/\/baobolt.com\/index.php\/wp-json\/wp\/v2\/media?parent=7533"}],"wp:term":[{"taxonomy":"product_brand","embeddable":true,"href":"https:\/\/baobolt.com\/index.php\/wp-json\/wp\/v2\/product_brand?post=7533"},{"taxonomy":"product_cat","embeddable":true,"href":"https:\/\/baobolt.com\/index.php\/wp-json\/wp\/v2\/product_cat?post=7533"},{"taxonomy":"product_tag","embeddable":true,"href":"https:\/\/baobolt.com\/index.php\/wp-json\/wp\/v2\/product_tag?post=7533"}],"curies":[{"name":"wp","href":"https:\/\/api.w.org\/{rel}","templated":true}]}}