{"id":7530,"date":"2024-02-09T22:47:21","date_gmt":"2024-02-09T21:47:21","guid":{"rendered":"https:\/\/baobolt.com\/?post_type=product&#038;p=7530"},"modified":"2024-02-25T16:02:34","modified_gmt":"2024-02-25T15:02:34","slug":"source-dalimentation-multitension-magicwave-230i","status":"publish","type":"product","link":"https:\/\/baobolt.com\/index.php\/produit\/source-dalimentation-multitension-magicwave-230i\/","title":{"rendered":"Source d&rsquo;alimentation multitension MagicWave 230i"},"content":{"rendered":"<p><strong>Plein de fonctionnalit\u00e9s<\/strong><\/p>\n<p><strong>TAC<\/strong><\/p>\n<p>Avec le TAC, un seul point suffit pour le pointage, car l&rsquo;arc puls\u00e9 met les deux bains de soudure en mouvement, les faisant sauter ensemble en un rien de temps pour former un seul bain de fusion. La fonction TAC est \u00e9galement tr\u00e8s utile lors du soudage de t\u00f4les l\u00e9g\u00e8res sans m\u00e9tal d&rsquo;apport.<\/p>\n<p><strong>Allumage HF<\/strong><\/p>\n<p>L\u2019allumage doux et sans contact \u00e0 haute fr\u00e9quence est l\u2019option la plus simple pour allumer l\u2019arc.<\/p>\n<p><strong>Allumage au touch\u00e9<\/strong><\/p>\n<p>L&rsquo;allumage par contact peut \u00eatre utilis\u00e9 en particulier pour les domaines d&rsquo;application sensibles. Cela permet d&rsquo;\u00e9viter les interf\u00e9rences \u00e9lectromagn\u00e9tiques qui peuvent se produire lors de l&rsquo;amor\u00e7age HF.<\/p>\n<p><strong>Mise en forme automatique des tasses<\/strong><\/p>\n<p>Cette fonction permet une mise en forme automatique du capuchon lors du soudage de l&rsquo;aluminium, ce qui entra\u00eene un gain de temps significatif. L&rsquo;utilisateur peut d\u00e9finir la taille.<\/p>\n","protected":false},"excerpt":{"rendered":"<p><strong>Technologie de soudage leader sur le march\u00e9<\/strong><\/p>\n<p>Active Wave fait du soudage TIG AC une activit\u00e9 beaucoup plus silencieuse. Le processeur de signal num\u00e9rique int\u00e9gr\u00e9 calcule toujours la forme d&rsquo;onde qui permettra la plus grande stabilit\u00e9 d&rsquo;arc possible avec les niveaux d&rsquo;\u00e9mission de bruit les plus bas possibles en temps r\u00e9el. La mesure de ces niveaux de bruit montre clairement qu&rsquo;avec Active Wave, la valeur dbA reste inf\u00e9rieure \u00e0 80 dbA, m\u00eame lorsque la machine d\u00e9livre 300 A de puissance.<\/p>\n","protected":false},"featured_media":7796,"comment_status":"open","ping_status":"closed","template":"","meta":{"_eb_attr":"","ocean_post_layout":"","ocean_both_sidebars_style":"","ocean_both_sidebars_content_width":0,"ocean_both_sidebars_sidebars_width":0,"ocean_sidebar":"0","ocean_second_sidebar":"0","ocean_disable_margins":"enable","ocean_add_body_class":"","ocean_shortcode_before_top_bar":"","ocean_shortcode_after_top_bar":"","ocean_shortcode_before_header":"","ocean_shortcode_after_header":"","ocean_has_shortcode":"","ocean_shortcode_after_title":"","ocean_shortcode_before_footer_widgets":"","ocean_shortcode_after_footer_widgets":"","ocean_shortcode_before_footer_bottom":"","ocean_shortcode_after_footer_bottom":"","ocean_display_top_bar":"default","ocean_display_header":"default","ocean_header_style":"","ocean_center_header_left_menu":"0","ocean_custom_header_template":"0","ocean_custom_logo":0,"ocean_custom_retina_logo":0,"ocean_custom_logo_max_width":0,"ocean_custom_logo_tablet_max_width":0,"ocean_custom_logo_mobile_max_width":0,"ocean_custom_logo_max_height":0,"ocean_custom_logo_tablet_max_height":0,"ocean_custom_logo_mobile_max_height":0,"ocean_header_custom_menu":"0","ocean_menu_typo_font_family":"0","ocean_menu_typo_font_subset":"","ocean_menu_typo_font_size":0,"ocean_menu_typo_font_size_tablet":0,"ocean_menu_typo_font_size_mobile":0,"ocean_menu_typo_font_size_unit":"px","ocean_menu_typo_font_weight":"","ocean_menu_typo_font_weight_tablet":"","ocean_menu_typo_font_weight_mobile":"","ocean_menu_typo_transform":"","ocean_menu_typo_transform_tablet":"","ocean_menu_typo_transform_mobile":"","ocean_menu_typo_line_height":0,"ocean_menu_typo_line_height_tablet":0,"ocean_menu_typo_line_height_mobile":0,"ocean_menu_typo_line_height_unit":"","ocean_menu_typo_spacing":0,"ocean_menu_typo_spacing_tablet":0,"ocean_menu_typo_spacing_mobile":0,"ocean_menu_typo_spacing_unit":"","ocean_menu_link_color":"","ocean_menu_link_color_hover":"","ocean_menu_link_color_active":"","ocean_menu_link_background":"","ocean_menu_link_hover_background":"","ocean_menu_link_active_background":"","ocean_menu_social_links_bg":"","ocean_menu_social_hover_links_bg":"","ocean_menu_social_links_color":"","ocean_menu_social_hover_links_color":"","ocean_disable_title":"default","ocean_disable_heading":"default","ocean_post_title":"","ocean_post_subheading":"","ocean_post_title_style":"","ocean_post_title_background_color":"","ocean_post_title_background":0,"ocean_post_title_bg_image_position":"","ocean_post_title_bg_image_attachment":"","ocean_post_title_bg_image_repeat":"","ocean_post_title_bg_image_size":"","ocean_post_title_height":0,"ocean_post_title_bg_overlay":0.5,"ocean_post_title_bg_overlay_color":"","ocean_disable_breadcrumbs":"default","ocean_breadcrumbs_color":"","ocean_breadcrumbs_separator_color":"","ocean_breadcrumbs_links_color":"","ocean_breadcrumbs_links_hover_color":"","ocean_display_footer_widgets":"default","ocean_display_footer_bottom":"default","ocean_custom_footer_template":"0"},"product_brand":[],"product_cat":[49,66],"product_tag":[],"class_list":{"0":"post-7530","1":"product","2":"type-product","3":"status-publish","4":"has-post-thumbnail","6":"product_cat-fronius","7":"product_cat-tig-machine","9":"entry","10":"has-media","12":"first","13":"instock","14":"shipping-taxable","15":"product-type-simple","16":"has-product-nav","17":"col","18":"span_1_of_5","19":"owp-content-center","20":"owp-thumbs-layout-vertical","21":"owp-btn-big","22":"owp-tabs-layout-vertical","23":"has-no-thumbnails","25":"circle-sale"},"_links":{"self":[{"href":"https:\/\/baobolt.com\/index.php\/wp-json\/wp\/v2\/product\/7530","targetHints":{"allow":["GET"]}}],"collection":[{"href":"https:\/\/baobolt.com\/index.php\/wp-json\/wp\/v2\/product"}],"about":[{"href":"https:\/\/baobolt.com\/index.php\/wp-json\/wp\/v2\/types\/product"}],"replies":[{"embeddable":true,"href":"https:\/\/baobolt.com\/index.php\/wp-json\/wp\/v2\/comments?post=7530"}],"version-history":[{"count":2,"href":"https:\/\/baobolt.com\/index.php\/wp-json\/wp\/v2\/product\/7530\/revisions"}],"predecessor-version":[{"id":7797,"href":"https:\/\/baobolt.com\/index.php\/wp-json\/wp\/v2\/product\/7530\/revisions\/7797"}],"wp:featuredmedia":[{"embeddable":true,"href":"https:\/\/baobolt.com\/index.php\/wp-json\/wp\/v2\/media\/7796"}],"wp:attachment":[{"href":"https:\/\/baobolt.com\/index.php\/wp-json\/wp\/v2\/media?parent=7530"}],"wp:term":[{"taxonomy":"product_brand","embeddable":true,"href":"https:\/\/baobolt.com\/index.php\/wp-json\/wp\/v2\/product_brand?post=7530"},{"taxonomy":"product_cat","embeddable":true,"href":"https:\/\/baobolt.com\/index.php\/wp-json\/wp\/v2\/product_cat?post=7530"},{"taxonomy":"product_tag","embeddable":true,"href":"https:\/\/baobolt.com\/index.php\/wp-json\/wp\/v2\/product_tag?post=7530"}],"curies":[{"name":"wp","href":"https:\/\/api.w.org\/{rel}","templated":true}]}}