{"id":7518,"date":"2024-02-08T02:17:15","date_gmt":"2024-02-08T01:17:15","guid":{"rendered":"https:\/\/baobolt.com\/?post_type=product&#038;p=7518"},"modified":"2024-02-08T02:17:16","modified_gmt":"2024-02-08T01:17:16","slug":"torche-tig-refroidie-a-leau-max-arc-ma18-progrip-avec-nouvelle-prise-de-commande-fronius-a-8-broches","status":"publish","type":"product","link":"https:\/\/baobolt.com\/index.php\/produit\/torche-tig-refroidie-a-leau-max-arc-ma18-progrip-avec-nouvelle-prise-de-commande-fronius-a-8-broches\/","title":{"rendered":"Torche TIG refroidie \u00e0 l&rsquo;eau Max-Arc MA18 Progrip avec nouvelle prise de commande Fronius \u00e0 8 broches"},"content":{"rendered":"<div id=\"PrimaryContent\" class=\"col-xs-12\">\n<div class=\"TabContainer\">\n<div id=\"ProductInformation\" class=\"r-tabs\">\n<div class=\"TabContentsContainer\">\n<div id=\"tab-0\" class=\"TabContent r-tabs-panel r-tabs-state-active\">\n<ul>\n<li><span>Connexion centrale Fronius<\/span><\/li>\n<li><span>Disponible en variantes de 4 m\u00e8tres et 8 m\u00e8tres<\/span><\/li>\n<li><span>Raccords d&rsquo;eau \u00e0 connexion rapide<\/span><\/li>\n<li><span>Enti\u00e8rement interchangeable avec toutes les pi\u00e8ces de la torche Weldcraft WP18 TIG<\/span><\/li>\n<li><span>Joint \u00e0 rotule sur la poign\u00e9e pour un confort g\u00e9n\u00e9ral du soudeur<\/span><\/li>\n<li><span>C\u00e2bles d&rsquo;alimentation \u00e0 code couleur<\/span><\/li>\n<li><span>Equip\u00e9 d&rsquo;un micro-interrupteur en standard avec l&rsquo;option d&rsquo;un couvercle vierge.<\/span><\/li>\n<\/ul>\n<p><strong><span>Veuillez noter que si elle est install\u00e9e sur une soudeuse Fronius TIG de plus grande capacit\u00e9, l&rsquo;amp\u00e9rage de sortie de la machine pourrait d\u00e9passer le cycle de service de la torche TIG, entra\u00eenant une surchauffe de la torche.<\/span><\/strong><\/p>\n<ul>\n<li><span>M\u00e9thode de refroidissement, refroidi par eau<\/span><\/li>\n<li><span>Puissance nominale\u00a0:\u00a0380\u00a0amp\u00e8res CC \u00e0 100\u00a0% CC, 270\u00a0amp\u00e8res CA \u00e0 100\u00a0% CC<\/span><\/li>\n<\/ul>\n<\/div>\n<\/div>\n<\/div>\n<\/div>\n<\/div>\n<div class=\"RegisterPannel\"><\/div>\n","protected":false},"excerpt":{"rendered":"<p><span>La torche de soudage TIG refroidie \u00e0 l&rsquo;eau Max Arc MA18 Pro-Grip offre le nec plus ultra en mati\u00e8re de qualit\u00e9 de construction et d&rsquo;ergonomie dans la conception de la torche TIG.\u00a0La toute nouvelle poign\u00e9e Pro-Grip poss\u00e8de de nombreuses caract\u00e9ristiques uniques qui font de cette torche TIG un produit leader sur le march\u00e9 de l&rsquo;industrie du soudage.\u00a0\u00c9quip\u00e9 de la connexion centrale Fronius et d&rsquo;une fiche Fronius Control \u00e0 8 broches pour s&rsquo;adapter aux machines \u00e0 souder Fronius TIG de nouvelle g\u00e9n\u00e9ration.<\/span><\/p>\n","protected":false},"featured_media":7519,"comment_status":"open","ping_status":"closed","template":"","meta":{"_eb_attr":"","ocean_post_layout":"","ocean_both_sidebars_style":"","ocean_both_sidebars_content_width":0,"ocean_both_sidebars_sidebars_width":0,"ocean_sidebar":"0","ocean_second_sidebar":"0","ocean_disable_margins":"enable","ocean_add_body_class":"","ocean_shortcode_before_top_bar":"","ocean_shortcode_after_top_bar":"","ocean_shortcode_before_header":"","ocean_shortcode_after_header":"","ocean_has_shortcode":"","ocean_shortcode_after_title":"","ocean_shortcode_before_footer_widgets":"","ocean_shortcode_after_footer_widgets":"","ocean_shortcode_before_footer_bottom":"","ocean_shortcode_after_footer_bottom":"","ocean_display_top_bar":"default","ocean_display_header":"default","ocean_header_style":"","ocean_center_header_left_menu":"0","ocean_custom_header_template":"0","ocean_custom_logo":0,"ocean_custom_retina_logo":0,"ocean_custom_logo_max_width":0,"ocean_custom_logo_tablet_max_width":0,"ocean_custom_logo_mobile_max_width":0,"ocean_custom_logo_max_height":0,"ocean_custom_logo_tablet_max_height":0,"ocean_custom_logo_mobile_max_height":0,"ocean_header_custom_menu":"0","ocean_menu_typo_font_family":"0","ocean_menu_typo_font_subset":"","ocean_menu_typo_font_size":0,"ocean_menu_typo_font_size_tablet":0,"ocean_menu_typo_font_size_mobile":0,"ocean_menu_typo_font_size_unit":"px","ocean_menu_typo_font_weight":"","ocean_menu_typo_font_weight_tablet":"","ocean_menu_typo_font_weight_mobile":"","ocean_menu_typo_transform":"","ocean_menu_typo_transform_tablet":"","ocean_menu_typo_transform_mobile":"","ocean_menu_typo_line_height":0,"ocean_menu_typo_line_height_tablet":0,"ocean_menu_typo_line_height_mobile":0,"ocean_menu_typo_line_height_unit":"","ocean_menu_typo_spacing":0,"ocean_menu_typo_spacing_tablet":0,"ocean_menu_typo_spacing_mobile":0,"ocean_menu_typo_spacing_unit":"","ocean_menu_link_color":"","ocean_menu_link_color_hover":"","ocean_menu_link_color_active":"","ocean_menu_link_background":"","ocean_menu_link_hover_background":"","ocean_menu_link_active_background":"","ocean_menu_social_links_bg":"","ocean_menu_social_hover_links_bg":"","ocean_menu_social_links_color":"","ocean_menu_social_hover_links_color":"","ocean_disable_title":"default","ocean_disable_heading":"default","ocean_post_title":"","ocean_post_subheading":"","ocean_post_title_style":"","ocean_post_title_background_color":"","ocean_post_title_background":0,"ocean_post_title_bg_image_position":"","ocean_post_title_bg_image_attachment":"","ocean_post_title_bg_image_repeat":"","ocean_post_title_bg_image_size":"","ocean_post_title_height":0,"ocean_post_title_bg_overlay":0.5,"ocean_post_title_bg_overlay_color":"","ocean_disable_breadcrumbs":"default","ocean_breadcrumbs_color":"","ocean_breadcrumbs_separator_color":"","ocean_breadcrumbs_links_color":"","ocean_breadcrumbs_links_hover_color":"","ocean_display_footer_widgets":"default","ocean_display_footer_bottom":"default","ocean_custom_footer_template":"0"},"product_brand":[],"product_cat":[49,72],"product_tag":[],"class_list":{"0":"post-7518","1":"product","2":"type-product","3":"status-publish","4":"has-post-thumbnail","6":"product_cat-fronius","7":"product_cat-torche-de-soudage-tig","9":"entry","10":"has-media","12":"first","13":"instock","14":"shipping-taxable","15":"purchasable","16":"product-type-variable","17":"has-product-nav","18":"col","19":"span_1_of_5","20":"owp-content-center","21":"owp-thumbs-layout-vertical","22":"owp-btn-big","23":"owp-tabs-layout-vertical","24":"has-no-thumbnails","26":"circle-sale"},"_links":{"self":[{"href":"https:\/\/baobolt.com\/index.php\/wp-json\/wp\/v2\/product\/7518","targetHints":{"allow":["GET"]}}],"collection":[{"href":"https:\/\/baobolt.com\/index.php\/wp-json\/wp\/v2\/product"}],"about":[{"href":"https:\/\/baobolt.com\/index.php\/wp-json\/wp\/v2\/types\/product"}],"replies":[{"embeddable":true,"href":"https:\/\/baobolt.com\/index.php\/wp-json\/wp\/v2\/comments?post=7518"}],"version-history":[{"count":1,"href":"https:\/\/baobolt.com\/index.php\/wp-json\/wp\/v2\/product\/7518\/revisions"}],"predecessor-version":[{"id":7522,"href":"https:\/\/baobolt.com\/index.php\/wp-json\/wp\/v2\/product\/7518\/revisions\/7522"}],"wp:featuredmedia":[{"embeddable":true,"href":"https:\/\/baobolt.com\/index.php\/wp-json\/wp\/v2\/media\/7519"}],"wp:attachment":[{"href":"https:\/\/baobolt.com\/index.php\/wp-json\/wp\/v2\/media?parent=7518"}],"wp:term":[{"taxonomy":"product_brand","embeddable":true,"href":"https:\/\/baobolt.com\/index.php\/wp-json\/wp\/v2\/product_brand?post=7518"},{"taxonomy":"product_cat","embeddable":true,"href":"https:\/\/baobolt.com\/index.php\/wp-json\/wp\/v2\/product_cat?post=7518"},{"taxonomy":"product_tag","embeddable":true,"href":"https:\/\/baobolt.com\/index.php\/wp-json\/wp\/v2\/product_tag?post=7518"}],"curies":[{"name":"wp","href":"https:\/\/api.w.org\/{rel}","templated":true}]}}