{"id":7485,"date":"2024-02-08T01:31:05","date_gmt":"2024-02-08T00:31:05","guid":{"rendered":"https:\/\/baobolt.com\/?post_type=product&#038;p=7485"},"modified":"2024-02-08T01:31:06","modified_gmt":"2024-02-08T00:31:06","slug":"fronius-transtig-170-mv-np","status":"publish","type":"product","link":"https:\/\/baobolt.com\/index.php\/produit\/fronius-transtig-170-mv-np\/","title":{"rendered":"Fronius TransTig 170\/MV\/NP"},"content":{"rendered":"<h2><span>Les fonctions<\/span><\/h2>\n<p><strong><span>TAC<\/span><\/strong><\/p>\n<p><span>Avec le TAC, un seul point suffit pour le pointage, car l&rsquo;arc puls\u00e9 met les deux bains de soudure en mouvement, les faisant sauter ensemble en un rien de temps pour former un seul bain de fusion.\u00a0La fonction TAC est \u00e9galement tr\u00e8s utile lors du soudage de t\u00f4les l\u00e9g\u00e8res sans m\u00e9tal d&rsquo;apport.<\/span><\/p>\n<p><strong><span>ALLUMAGE HF<\/span><\/strong><\/p>\n<p><span>L\u2019allumage doux et sans contact \u00e0 haute fr\u00e9quence est l\u2019option la plus simple pour allumer l\u2019arc.<\/span><\/p>\n<p><strong><span>ALLUMAGE AU TOUCHER<\/span><\/strong><\/p>\n<p><span>L&rsquo;allumage par contact peut \u00eatre utilis\u00e9 en particulier pour les domaines d&rsquo;application sensibles.\u00a0Cela permet d&rsquo;\u00e9viter les interf\u00e9rences \u00e9lectromagn\u00e9tiques qui peuvent se produire lors de l&rsquo;amor\u00e7age HF.<\/span><\/p>\n<p><span>Courant de soudage \/ Cycle de service [10min\/40\u00b0C] : 170A \/ 40%<\/span><\/p>\n<p><span>Courant de soudage \/ Cycle de service [10min\/40\u00b0C] : 155A \/ 60%<\/span><\/p>\n<p><span>Courant de soudage \/ Cycle de service [10min\/40\u00b0C] : 140A \/ 100%<\/span><\/p>\n<p><span>Tension de fonctionnement : 10,1V &#8211; 16,8V<\/span><\/p>\n<p><span>Tension en circuit ouvert : 35 V<\/span><\/p>\n<p><span>Fr\u00e9quence secteur : 50-60 Hz<\/span><\/p>\n<p><span>Tension secteur : 230V<\/span><\/p>\n<p><span>Fusible secteur : 16A<\/span><\/p>\n<p><span>Dimension : \/ b 160 mm<\/span><\/p>\n<p><span>Dimension : \/ l 435 mm<\/span><\/p>\n<p><span>Poids : 9,7 kg<\/span><\/p>\n","protected":false},"excerpt":{"rendered":"<p><span>Il s&rsquo;agit d&rsquo;un produit uniquement multi-tension et la prise n&rsquo;est pas incluse.\u00a0Les pi\u00e8ces et accessoires correspondants \u00e0 cette machine sont disponibles sur notre site Internet, dans le d\u00e9partement Soudeuse TIG Fronius TransTig 170 DC Only, \u00e0 la page pr\u00e9c\u00e9dente.<\/span><\/p>\n<p><span>Le TransTig est une source d\u2019alimentation TIG DC enti\u00e8rement num\u00e9ris\u00e9e.\u00a0Outre les diff\u00e9rentes cat\u00e9gories de puissance de 80 \u00e0 500 A, les appareils varient \u00e9galement en termes de mobilit\u00e9 \u2013 de l&rsquo;appareil mobile et portable au syst\u00e8me complet stationnaire \u00e0 haute puissance.\u00a0Cependant, ils ont tous une chose en commun : une conception extr\u00eamement robuste pour une longue dur\u00e9e de vie et un concept de commande particuli\u00e8rement explicite.<\/span><\/p>\n<p><span>Lors du d\u00e9veloppement du TransTig 170\/210, l&rsquo;accent a \u00e9t\u00e9 enti\u00e8rement mis sur le b\u00e9n\u00e9fice pour nos clients.\u00a0Ce dont nous avons besoin est absolument clair : un arc parfait et stable.\u00a0La fr\u00e9quence de fonctionnement plus \u00e9lev\u00e9e de la technologie de l&rsquo;onduleur rend cette stabilit\u00e9 possible &#8211; gr\u00e2ce \u00e0 un contr\u00f4le pr\u00e9cis.\u00a0D&rsquo;autres avantages de cette technologie de processus optimis\u00e9e sont une efficacit\u00e9 maximale du cycle de service, de la puissance de sortie et de l&rsquo;alimentation en tension secteur.\u00a0Enfin, cette efficacit\u00e9 accrue rend \u00e9galement le soudage plus agr\u00e9able !<\/span><\/p>\n","protected":false},"featured_media":7486,"comment_status":"open","ping_status":"closed","template":"","meta":{"_eb_attr":"","ocean_post_layout":"","ocean_both_sidebars_style":"","ocean_both_sidebars_content_width":0,"ocean_both_sidebars_sidebars_width":0,"ocean_sidebar":"0","ocean_second_sidebar":"0","ocean_disable_margins":"enable","ocean_add_body_class":"","ocean_shortcode_before_top_bar":"","ocean_shortcode_after_top_bar":"","ocean_shortcode_before_header":"","ocean_shortcode_after_header":"","ocean_has_shortcode":"","ocean_shortcode_after_title":"","ocean_shortcode_before_footer_widgets":"","ocean_shortcode_after_footer_widgets":"","ocean_shortcode_before_footer_bottom":"","ocean_shortcode_after_footer_bottom":"","ocean_display_top_bar":"default","ocean_display_header":"default","ocean_header_style":"","ocean_center_header_left_menu":"0","ocean_custom_header_template":"0","ocean_custom_logo":0,"ocean_custom_retina_logo":0,"ocean_custom_logo_max_width":0,"ocean_custom_logo_tablet_max_width":0,"ocean_custom_logo_mobile_max_width":0,"ocean_custom_logo_max_height":0,"ocean_custom_logo_tablet_max_height":0,"ocean_custom_logo_mobile_max_height":0,"ocean_header_custom_menu":"0","ocean_menu_typo_font_family":"0","ocean_menu_typo_font_subset":"","ocean_menu_typo_font_size":0,"ocean_menu_typo_font_size_tablet":0,"ocean_menu_typo_font_size_mobile":0,"ocean_menu_typo_font_size_unit":"px","ocean_menu_typo_font_weight":"","ocean_menu_typo_font_weight_tablet":"","ocean_menu_typo_font_weight_mobile":"","ocean_menu_typo_transform":"","ocean_menu_typo_transform_tablet":"","ocean_menu_typo_transform_mobile":"","ocean_menu_typo_line_height":0,"ocean_menu_typo_line_height_tablet":0,"ocean_menu_typo_line_height_mobile":0,"ocean_menu_typo_line_height_unit":"","ocean_menu_typo_spacing":0,"ocean_menu_typo_spacing_tablet":0,"ocean_menu_typo_spacing_mobile":0,"ocean_menu_typo_spacing_unit":"","ocean_menu_link_color":"","ocean_menu_link_color_hover":"","ocean_menu_link_color_active":"","ocean_menu_link_background":"","ocean_menu_link_hover_background":"","ocean_menu_link_active_background":"","ocean_menu_social_links_bg":"","ocean_menu_social_hover_links_bg":"","ocean_menu_social_links_color":"","ocean_menu_social_hover_links_color":"","ocean_disable_title":"default","ocean_disable_heading":"default","ocean_post_title":"","ocean_post_subheading":"","ocean_post_title_style":"","ocean_post_title_background_color":"","ocean_post_title_background":0,"ocean_post_title_bg_image_position":"","ocean_post_title_bg_image_attachment":"","ocean_post_title_bg_image_repeat":"","ocean_post_title_bg_image_size":"","ocean_post_title_height":0,"ocean_post_title_bg_overlay":0.5,"ocean_post_title_bg_overlay_color":"","ocean_disable_breadcrumbs":"default","ocean_breadcrumbs_color":"","ocean_breadcrumbs_separator_color":"","ocean_breadcrumbs_links_color":"","ocean_breadcrumbs_links_hover_color":"","ocean_display_footer_widgets":"default","ocean_display_footer_bottom":"default","ocean_custom_footer_template":"0"},"product_brand":[],"product_cat":[49,66],"product_tag":[],"class_list":{"0":"post-7485","1":"product","2":"type-product","3":"status-publish","4":"has-post-thumbnail","6":"product_cat-fronius","7":"product_cat-tig-machine","9":"entry","10":"has-media","12":"first","13":"instock","14":"shipping-taxable","15":"product-type-simple","16":"has-product-nav","17":"col","18":"span_1_of_5","19":"owp-content-center","20":"owp-thumbs-layout-vertical","21":"owp-btn-big","22":"owp-tabs-layout-vertical","24":"circle-sale"},"_links":{"self":[{"href":"https:\/\/baobolt.com\/index.php\/wp-json\/wp\/v2\/product\/7485","targetHints":{"allow":["GET"]}}],"collection":[{"href":"https:\/\/baobolt.com\/index.php\/wp-json\/wp\/v2\/product"}],"about":[{"href":"https:\/\/baobolt.com\/index.php\/wp-json\/wp\/v2\/types\/product"}],"replies":[{"embeddable":true,"href":"https:\/\/baobolt.com\/index.php\/wp-json\/wp\/v2\/comments?post=7485"}],"version-history":[{"count":1,"href":"https:\/\/baobolt.com\/index.php\/wp-json\/wp\/v2\/product\/7485\/revisions"}],"predecessor-version":[{"id":7491,"href":"https:\/\/baobolt.com\/index.php\/wp-json\/wp\/v2\/product\/7485\/revisions\/7491"}],"wp:featuredmedia":[{"embeddable":true,"href":"https:\/\/baobolt.com\/index.php\/wp-json\/wp\/v2\/media\/7486"}],"wp:attachment":[{"href":"https:\/\/baobolt.com\/index.php\/wp-json\/wp\/v2\/media?parent=7485"}],"wp:term":[{"taxonomy":"product_brand","embeddable":true,"href":"https:\/\/baobolt.com\/index.php\/wp-json\/wp\/v2\/product_brand?post=7485"},{"taxonomy":"product_cat","embeddable":true,"href":"https:\/\/baobolt.com\/index.php\/wp-json\/wp\/v2\/product_cat?post=7485"},{"taxonomy":"product_tag","embeddable":true,"href":"https:\/\/baobolt.com\/index.php\/wp-json\/wp\/v2\/product_tag?post=7485"}],"curies":[{"name":"wp","href":"https:\/\/api.w.org\/{rel}","templated":true}]}}