{"id":7482,"date":"2024-02-08T01:26:56","date_gmt":"2024-02-08T00:26:56","guid":{"rendered":"https:\/\/baobolt.com\/?post_type=product&#038;p=7482"},"modified":"2024-02-25T02:32:28","modified_gmt":"2024-02-25T01:32:28","slug":"ensemble-de-soudeuse-a-larc-alimente-par-batterie-fronius-accupocket-150","status":"publish","type":"product","link":"https:\/\/baobolt.com\/index.php\/produit\/ensemble-de-soudeuse-a-larc-alimente-par-batterie-fronius-accupocket-150\/","title":{"rendered":"Ensemble de soudeuse \u00e0 l&rsquo;arc aliment\u00e9 par batterie Fronius AccuPocket 150"},"content":{"rendered":"<ul>\n<li>Courant de soudage \/ Cycle de service [10min\/40C] 140A \/ 18% ED (Hybride)<\/li>\n<li>Courant de soudage \/ Cycle de service [10min\/40C] 100A \/ 25% ED (Hybride)<\/li>\n<li>Courant de soudage \/ Cycle de service [10min\/40C] 40A \/ 100% ED (Hybride)<\/li>\n<li>Tension de fonctionnement 0 &#8211; 91 V<\/li>\n<li>Tension en circuit ouvert 91 V<\/li>\n<li>Tension secteur [+\/-15%] 52,8V DC Chargespannung<\/li>\n<li>Dimension \/ b 160,0 mm<\/li>\n<li>Dimension \/ l 435,0 mm<\/li>\n<li>Poids 10,9 kg<\/li>\n<\/ul>\n","protected":false},"excerpt":{"rendered":"<p>Avec le Fronius AccuPocket, l&rsquo;acc\u00e8s au r\u00e9seau \u00e9lectrique n&rsquo;est plus n\u00e9cessaire.\u00a0Les t\u00e2ches de soudage impliquant jusqu&rsquo;\u00e0 huit \u00e9lectrodes de 3,25 mm ou jusqu&rsquo;\u00e0 dix-huit \u00e9lectrodes de 2,5 mm peuvent \u00eatre r\u00e9alis\u00e9es de mani\u00e8re autonome.\u00a0Un petit g\u00e9n\u00e9rateur compact de 2 kVA suffit pour les applications de soudage \u00e0 plus grande \u00e9chelle.\u00a0Et tout cela sans aucune restriction sur la puissance de soudage ou la qualit\u00e9 de l&rsquo;arc.\u00a0La toute derni\u00e8re conception fonctionnelle, avec des dimensions r\u00e9duites au minimum, un faible poids et une construction robuste, font d&rsquo;AccuPocket le partenaire id\u00e9al sur tout chantier de construction.<\/p>\n","protected":false},"featured_media":7756,"comment_status":"open","ping_status":"closed","template":"","meta":{"_eb_attr":"","ocean_post_layout":"","ocean_both_sidebars_style":"","ocean_both_sidebars_content_width":0,"ocean_both_sidebars_sidebars_width":0,"ocean_sidebar":"0","ocean_second_sidebar":"0","ocean_disable_margins":"enable","ocean_add_body_class":"","ocean_shortcode_before_top_bar":"","ocean_shortcode_after_top_bar":"","ocean_shortcode_before_header":"","ocean_shortcode_after_header":"","ocean_has_shortcode":"","ocean_shortcode_after_title":"","ocean_shortcode_before_footer_widgets":"","ocean_shortcode_after_footer_widgets":"","ocean_shortcode_before_footer_bottom":"","ocean_shortcode_after_footer_bottom":"","ocean_display_top_bar":"default","ocean_display_header":"default","ocean_header_style":"","ocean_center_header_left_menu":"0","ocean_custom_header_template":"0","ocean_custom_logo":0,"ocean_custom_retina_logo":0,"ocean_custom_logo_max_width":0,"ocean_custom_logo_tablet_max_width":0,"ocean_custom_logo_mobile_max_width":0,"ocean_custom_logo_max_height":0,"ocean_custom_logo_tablet_max_height":0,"ocean_custom_logo_mobile_max_height":0,"ocean_header_custom_menu":"0","ocean_menu_typo_font_family":"0","ocean_menu_typo_font_subset":"","ocean_menu_typo_font_size":0,"ocean_menu_typo_font_size_tablet":0,"ocean_menu_typo_font_size_mobile":0,"ocean_menu_typo_font_size_unit":"px","ocean_menu_typo_font_weight":"","ocean_menu_typo_font_weight_tablet":"","ocean_menu_typo_font_weight_mobile":"","ocean_menu_typo_transform":"","ocean_menu_typo_transform_tablet":"","ocean_menu_typo_transform_mobile":"","ocean_menu_typo_line_height":0,"ocean_menu_typo_line_height_tablet":0,"ocean_menu_typo_line_height_mobile":0,"ocean_menu_typo_line_height_unit":"","ocean_menu_typo_spacing":0,"ocean_menu_typo_spacing_tablet":0,"ocean_menu_typo_spacing_mobile":0,"ocean_menu_typo_spacing_unit":"","ocean_menu_link_color":"","ocean_menu_link_color_hover":"","ocean_menu_link_color_active":"","ocean_menu_link_background":"","ocean_menu_link_hover_background":"","ocean_menu_link_active_background":"","ocean_menu_social_links_bg":"","ocean_menu_social_hover_links_bg":"","ocean_menu_social_links_color":"","ocean_menu_social_hover_links_color":"","ocean_disable_title":"default","ocean_disable_heading":"default","ocean_post_title":"","ocean_post_subheading":"","ocean_post_title_style":"","ocean_post_title_background_color":"","ocean_post_title_background":0,"ocean_post_title_bg_image_position":"","ocean_post_title_bg_image_attachment":"","ocean_post_title_bg_image_repeat":"","ocean_post_title_bg_image_size":"","ocean_post_title_height":0,"ocean_post_title_bg_overlay":0.5,"ocean_post_title_bg_overlay_color":"","ocean_disable_breadcrumbs":"default","ocean_breadcrumbs_color":"","ocean_breadcrumbs_separator_color":"","ocean_breadcrumbs_links_color":"","ocean_breadcrumbs_links_hover_color":"","ocean_display_footer_widgets":"default","ocean_display_footer_bottom":"default","ocean_custom_footer_template":"0"},"product_brand":[],"product_cat":[49,67],"product_tag":[],"class_list":{"0":"post-7482","1":"product","2":"type-product","3":"status-publish","4":"has-post-thumbnail","6":"product_cat-fronius","7":"product_cat-mma-machine","9":"entry","10":"has-media","12":"first","13":"instock","14":"shipping-taxable","15":"product-type-simple","16":"has-product-nav","17":"col","18":"span_1_of_5","19":"owp-content-center","20":"owp-thumbs-layout-vertical","21":"owp-btn-big","22":"owp-tabs-layout-vertical","24":"circle-sale"},"_links":{"self":[{"href":"https:\/\/baobolt.com\/index.php\/wp-json\/wp\/v2\/product\/7482","targetHints":{"allow":["GET"]}}],"collection":[{"href":"https:\/\/baobolt.com\/index.php\/wp-json\/wp\/v2\/product"}],"about":[{"href":"https:\/\/baobolt.com\/index.php\/wp-json\/wp\/v2\/types\/product"}],"replies":[{"embeddable":true,"href":"https:\/\/baobolt.com\/index.php\/wp-json\/wp\/v2\/comments?post=7482"}],"version-history":[{"count":2,"href":"https:\/\/baobolt.com\/index.php\/wp-json\/wp\/v2\/product\/7482\/revisions"}],"predecessor-version":[{"id":7758,"href":"https:\/\/baobolt.com\/index.php\/wp-json\/wp\/v2\/product\/7482\/revisions\/7758"}],"wp:featuredmedia":[{"embeddable":true,"href":"https:\/\/baobolt.com\/index.php\/wp-json\/wp\/v2\/media\/7756"}],"wp:attachment":[{"href":"https:\/\/baobolt.com\/index.php\/wp-json\/wp\/v2\/media?parent=7482"}],"wp:term":[{"taxonomy":"product_brand","embeddable":true,"href":"https:\/\/baobolt.com\/index.php\/wp-json\/wp\/v2\/product_brand?post=7482"},{"taxonomy":"product_cat","embeddable":true,"href":"https:\/\/baobolt.com\/index.php\/wp-json\/wp\/v2\/product_cat?post=7482"},{"taxonomy":"product_tag","embeddable":true,"href":"https:\/\/baobolt.com\/index.php\/wp-json\/wp\/v2\/product_tag?post=7482"}],"curies":[{"name":"wp","href":"https:\/\/api.w.org\/{rel}","templated":true}]}}