{"id":7479,"date":"2024-02-08T01:23:58","date_gmt":"2024-02-08T00:23:58","guid":{"rendered":"https:\/\/baobolt.com\/?post_type=product&#038;p=7479"},"modified":"2024-02-25T02:24:08","modified_gmt":"2024-02-25T01:24:08","slug":"soudeuse-mma-double-tension-fronius-transpocket-180mv","status":"publish","type":"product","link":"https:\/\/baobolt.com\/index.php\/produit\/soudeuse-mma-double-tension-fronius-transpocket-180mv\/","title":{"rendered":"Soudeuse MMA double tension Fronius TransPocket 180MV"},"content":{"rendered":"<ul>\n<li>Courant de soudage \/ Cycle de service [10min\/40C] 180A \/ 40%<\/li>\n<li>Courant de soudage \/ Cycle de service [10min\/40C] 160A \/ 60%<\/li>\n<li>Courant de soudage \/ Cycle de service [10min\/40C] 120A \/ 100%<\/li>\n<li>Tension de fonctionnement 20,4V &#8211; 27,2V<\/li>\n<li>Tension en circuit ouvert 101 V<\/li>\n<li>Fr\u00e9quence secteur 50-60 Hz<\/li>\n<li>Tension secteur [+\/-15%] 230V<\/li>\n<li>Fusible secteur 16A<\/li>\n<li>Dimension \/ b 160,0 mm<\/li>\n<li>Dimension \/ l 435,0 mm<\/li>\n<li>Poids 8,8 kg<\/li>\n<\/ul>\n","protected":false},"excerpt":{"rendered":"<p>La nouvelle g\u00e9n\u00e9ration de soudeuse \u00e0 onduleur MMA Fronius TransPocket 180 double tension (110 V\/240 V) apporte un haut degr\u00e9 de flexibilit\u00e9.\u00a0La technologie PFC (Power Factor Correction) int\u00e9gr\u00e9e prend en charge l&rsquo;utilisation de c\u00e2bles secteur extr\u00eamement longs, jusqu&rsquo;\u00e0 100 m de longueur.\u00a0Le concept de commande est \u00e9galement devenu encore plus intuitif.\u00a0Un afficheur \u00e0 7 segments permet de lire rapidement les param\u00e8tres configur\u00e9s.\u00a0De plus, l&rsquo;\u00e9cran est l\u00e9g\u00e8rement en retrait et donc bien prot\u00e9g\u00e9 contre les dommages.\u00a0Des param\u00e8tres de configuration facilement compr\u00e9hensibles sont d&rsquo;une aide pr\u00e9cieuse pour simplifier l&rsquo;utilisation.<\/p>\n","protected":false},"featured_media":7753,"comment_status":"open","ping_status":"closed","template":"","meta":{"_eb_attr":"","ocean_post_layout":"","ocean_both_sidebars_style":"","ocean_both_sidebars_content_width":0,"ocean_both_sidebars_sidebars_width":0,"ocean_sidebar":"0","ocean_second_sidebar":"0","ocean_disable_margins":"enable","ocean_add_body_class":"","ocean_shortcode_before_top_bar":"","ocean_shortcode_after_top_bar":"","ocean_shortcode_before_header":"","ocean_shortcode_after_header":"","ocean_has_shortcode":"","ocean_shortcode_after_title":"","ocean_shortcode_before_footer_widgets":"","ocean_shortcode_after_footer_widgets":"","ocean_shortcode_before_footer_bottom":"","ocean_shortcode_after_footer_bottom":"","ocean_display_top_bar":"default","ocean_display_header":"default","ocean_header_style":"","ocean_center_header_left_menu":"0","ocean_custom_header_template":"0","ocean_custom_logo":0,"ocean_custom_retina_logo":0,"ocean_custom_logo_max_width":0,"ocean_custom_logo_tablet_max_width":0,"ocean_custom_logo_mobile_max_width":0,"ocean_custom_logo_max_height":0,"ocean_custom_logo_tablet_max_height":0,"ocean_custom_logo_mobile_max_height":0,"ocean_header_custom_menu":"0","ocean_menu_typo_font_family":"0","ocean_menu_typo_font_subset":"","ocean_menu_typo_font_size":0,"ocean_menu_typo_font_size_tablet":0,"ocean_menu_typo_font_size_mobile":0,"ocean_menu_typo_font_size_unit":"px","ocean_menu_typo_font_weight":"","ocean_menu_typo_font_weight_tablet":"","ocean_menu_typo_font_weight_mobile":"","ocean_menu_typo_transform":"","ocean_menu_typo_transform_tablet":"","ocean_menu_typo_transform_mobile":"","ocean_menu_typo_line_height":0,"ocean_menu_typo_line_height_tablet":0,"ocean_menu_typo_line_height_mobile":0,"ocean_menu_typo_line_height_unit":"","ocean_menu_typo_spacing":0,"ocean_menu_typo_spacing_tablet":0,"ocean_menu_typo_spacing_mobile":0,"ocean_menu_typo_spacing_unit":"","ocean_menu_link_color":"","ocean_menu_link_color_hover":"","ocean_menu_link_color_active":"","ocean_menu_link_background":"","ocean_menu_link_hover_background":"","ocean_menu_link_active_background":"","ocean_menu_social_links_bg":"","ocean_menu_social_hover_links_bg":"","ocean_menu_social_links_color":"","ocean_menu_social_hover_links_color":"","ocean_disable_title":"default","ocean_disable_heading":"default","ocean_post_title":"","ocean_post_subheading":"","ocean_post_title_style":"","ocean_post_title_background_color":"","ocean_post_title_background":0,"ocean_post_title_bg_image_position":"","ocean_post_title_bg_image_attachment":"","ocean_post_title_bg_image_repeat":"","ocean_post_title_bg_image_size":"","ocean_post_title_height":0,"ocean_post_title_bg_overlay":0.5,"ocean_post_title_bg_overlay_color":"","ocean_disable_breadcrumbs":"default","ocean_breadcrumbs_color":"","ocean_breadcrumbs_separator_color":"","ocean_breadcrumbs_links_color":"","ocean_breadcrumbs_links_hover_color":"","ocean_display_footer_widgets":"default","ocean_display_footer_bottom":"default","ocean_custom_footer_template":"0"},"product_brand":[],"product_cat":[49,67],"product_tag":[],"class_list":{"0":"post-7479","1":"product","2":"type-product","3":"status-publish","4":"has-post-thumbnail","6":"product_cat-fronius","7":"product_cat-mma-machine","9":"entry","10":"has-media","12":"first","13":"instock","14":"shipping-taxable","15":"product-type-simple","16":"has-product-nav","17":"col","18":"span_1_of_5","19":"owp-content-center","20":"owp-thumbs-layout-vertical","21":"owp-btn-big","22":"owp-tabs-layout-vertical","23":"has-no-thumbnails","25":"circle-sale"},"_links":{"self":[{"href":"https:\/\/baobolt.com\/index.php\/wp-json\/wp\/v2\/product\/7479","targetHints":{"allow":["GET"]}}],"collection":[{"href":"https:\/\/baobolt.com\/index.php\/wp-json\/wp\/v2\/product"}],"about":[{"href":"https:\/\/baobolt.com\/index.php\/wp-json\/wp\/v2\/types\/product"}],"replies":[{"embeddable":true,"href":"https:\/\/baobolt.com\/index.php\/wp-json\/wp\/v2\/comments?post=7479"}],"version-history":[{"count":3,"href":"https:\/\/baobolt.com\/index.php\/wp-json\/wp\/v2\/product\/7479\/revisions"}],"predecessor-version":[{"id":7754,"href":"https:\/\/baobolt.com\/index.php\/wp-json\/wp\/v2\/product\/7479\/revisions\/7754"}],"wp:featuredmedia":[{"embeddable":true,"href":"https:\/\/baobolt.com\/index.php\/wp-json\/wp\/v2\/media\/7753"}],"wp:attachment":[{"href":"https:\/\/baobolt.com\/index.php\/wp-json\/wp\/v2\/media?parent=7479"}],"wp:term":[{"taxonomy":"product_brand","embeddable":true,"href":"https:\/\/baobolt.com\/index.php\/wp-json\/wp\/v2\/product_brand?post=7479"},{"taxonomy":"product_cat","embeddable":true,"href":"https:\/\/baobolt.com\/index.php\/wp-json\/wp\/v2\/product_cat?post=7479"},{"taxonomy":"product_tag","embeddable":true,"href":"https:\/\/baobolt.com\/index.php\/wp-json\/wp\/v2\/product_tag?post=7479"}],"curies":[{"name":"wp","href":"https:\/\/api.w.org\/{rel}","templated":true}]}}