{"id":7472,"date":"2024-02-08T01:13:37","date_gmt":"2024-02-08T00:13:37","guid":{"rendered":"https:\/\/baobolt.com\/?post_type=product&#038;p=7472"},"modified":"2024-03-06T01:14:45","modified_gmt":"2024-03-06T00:14:45","slug":"soudeuse-mig-compacte-fronius-transsteel-3000-c-pulse-fsc","status":"publish","type":"product","link":"https:\/\/baobolt.com\/index.php\/produit\/soudeuse-mig-compacte-fronius-transsteel-3000-c-pulse-fsc\/","title":{"rendered":"Soudeuse MIG compacte Fronius TransSteel 3000 C Pulse\/FSC"},"content":{"rendered":"<ul>\n<li>Courant de soudage max.\u00a0300\u00a0A<\/li>\n<li>Courant de soudage min.\u00a010\u00a0A<\/li>\n<li>Courant de soudage \/ Cycle de service [10min\/40\u00b0C] 280A<\/li>\n<li>Courant de soudage \/ Cycle de service [10min\/40\u00b0C] 240A<\/li>\n<li>Tension de fonctionnement 14,5 &#8211; 29V<\/li>\n<li>Tension en circuit ouvert 59 V<\/li>\n<li>Fr\u00e9quence secteur 50-60 Hz<\/li>\n<li>Tension secteur 380 \/ 400V<\/li>\n<li>Fusible secteur 35A<\/li>\n<li>Dimension \/ b 300 mm<\/li>\n<li>Dimension \/ l 747 mm<\/li>\n<li>Poids 34,64 kg<\/li>\n<\/ul>\n","protected":false},"excerpt":{"rendered":"<p>Le Fronius TransSteel 3000 Pulse apporte de nouvelles dimensions \u00e0 cette gamme d&rsquo;exception de soudeurs MIG synergiques Fronius, avec de nouveaux programmes MIG puls\u00e9 sur toute une gamme de mat\u00e9riaux, notamment les aciers doux, l&rsquo;aluminium, les aciers inoxydables et le brasage MIG.<\/p>\n<ul>\n<li>Soudage MIG Pulse et Syncro-Pulse pour un aspect de soudure exceptionnel de type TIG, avec la vitesse du MIG.<\/li>\n<li>Soudage enti\u00e8rement multi-proc\u00e9d\u00e9s offrant Synergic MIG, Pulse MIG, MMA Arc Welding et Lift TIG.<\/li>\n<li>Configuration synergique tr\u00e8s simple, contr\u00f4le de tous les param\u00e8tres de soudage<\/li>\n<li>Fonction de travail facile pour un changement instantan\u00e9 des param\u00e8tres enregistr\u00e9s sur la machine<\/li>\n<li>Torche en option avec contr\u00f4le haut\/bas<\/li>\n<li>Disponible en version refroidie par air ou refroidie par eau<\/li>\n<\/ul>\n","protected":false},"featured_media":8178,"comment_status":"open","ping_status":"closed","template":"","meta":{"_eb_attr":"","ocean_post_layout":"","ocean_both_sidebars_style":"","ocean_both_sidebars_content_width":0,"ocean_both_sidebars_sidebars_width":0,"ocean_sidebar":"0","ocean_second_sidebar":"0","ocean_disable_margins":"enable","ocean_add_body_class":"","ocean_shortcode_before_top_bar":"","ocean_shortcode_after_top_bar":"","ocean_shortcode_before_header":"","ocean_shortcode_after_header":"","ocean_has_shortcode":"","ocean_shortcode_after_title":"","ocean_shortcode_before_footer_widgets":"","ocean_shortcode_after_footer_widgets":"","ocean_shortcode_before_footer_bottom":"","ocean_shortcode_after_footer_bottom":"","ocean_display_top_bar":"default","ocean_display_header":"default","ocean_header_style":"","ocean_center_header_left_menu":"0","ocean_custom_header_template":"0","ocean_custom_logo":0,"ocean_custom_retina_logo":0,"ocean_custom_logo_max_width":0,"ocean_custom_logo_tablet_max_width":0,"ocean_custom_logo_mobile_max_width":0,"ocean_custom_logo_max_height":0,"ocean_custom_logo_tablet_max_height":0,"ocean_custom_logo_mobile_max_height":0,"ocean_header_custom_menu":"0","ocean_menu_typo_font_family":"0","ocean_menu_typo_font_subset":"","ocean_menu_typo_font_size":0,"ocean_menu_typo_font_size_tablet":0,"ocean_menu_typo_font_size_mobile":0,"ocean_menu_typo_font_size_unit":"px","ocean_menu_typo_font_weight":"","ocean_menu_typo_font_weight_tablet":"","ocean_menu_typo_font_weight_mobile":"","ocean_menu_typo_transform":"","ocean_menu_typo_transform_tablet":"","ocean_menu_typo_transform_mobile":"","ocean_menu_typo_line_height":0,"ocean_menu_typo_line_height_tablet":0,"ocean_menu_typo_line_height_mobile":0,"ocean_menu_typo_line_height_unit":"","ocean_menu_typo_spacing":0,"ocean_menu_typo_spacing_tablet":0,"ocean_menu_typo_spacing_mobile":0,"ocean_menu_typo_spacing_unit":"","ocean_menu_link_color":"","ocean_menu_link_color_hover":"","ocean_menu_link_color_active":"","ocean_menu_link_background":"","ocean_menu_link_hover_background":"","ocean_menu_link_active_background":"","ocean_menu_social_links_bg":"","ocean_menu_social_hover_links_bg":"","ocean_menu_social_links_color":"","ocean_menu_social_hover_links_color":"","ocean_disable_title":"default","ocean_disable_heading":"default","ocean_post_title":"","ocean_post_subheading":"","ocean_post_title_style":"","ocean_post_title_background_color":"","ocean_post_title_background":0,"ocean_post_title_bg_image_position":"","ocean_post_title_bg_image_attachment":"","ocean_post_title_bg_image_repeat":"","ocean_post_title_bg_image_size":"","ocean_post_title_height":0,"ocean_post_title_bg_overlay":0.5,"ocean_post_title_bg_overlay_color":"","ocean_disable_breadcrumbs":"default","ocean_breadcrumbs_color":"","ocean_breadcrumbs_separator_color":"","ocean_breadcrumbs_links_color":"","ocean_breadcrumbs_links_hover_color":"","ocean_display_footer_widgets":"default","ocean_display_footer_bottom":"default","ocean_custom_footer_template":"0"},"product_brand":[],"product_cat":[49,65],"product_tag":[],"class_list":{"0":"post-7472","1":"product","2":"type-product","3":"status-publish","4":"has-post-thumbnail","6":"product_cat-fronius","7":"product_cat-migmag","9":"entry","10":"has-media","12":"first","13":"instock","14":"shipping-taxable","15":"product-type-simple","16":"has-product-nav","17":"col","18":"span_1_of_5","19":"owp-content-center","20":"owp-thumbs-layout-vertical","21":"owp-btn-big","22":"owp-tabs-layout-vertical","23":"has-no-thumbnails","25":"circle-sale"},"_links":{"self":[{"href":"https:\/\/baobolt.com\/index.php\/wp-json\/wp\/v2\/product\/7472","targetHints":{"allow":["GET"]}}],"collection":[{"href":"https:\/\/baobolt.com\/index.php\/wp-json\/wp\/v2\/product"}],"about":[{"href":"https:\/\/baobolt.com\/index.php\/wp-json\/wp\/v2\/types\/product"}],"replies":[{"embeddable":true,"href":"https:\/\/baobolt.com\/index.php\/wp-json\/wp\/v2\/comments?post=7472"}],"version-history":[{"count":2,"href":"https:\/\/baobolt.com\/index.php\/wp-json\/wp\/v2\/product\/7472\/revisions"}],"predecessor-version":[{"id":7706,"href":"https:\/\/baobolt.com\/index.php\/wp-json\/wp\/v2\/product\/7472\/revisions\/7706"}],"wp:featuredmedia":[{"embeddable":true,"href":"https:\/\/baobolt.com\/index.php\/wp-json\/wp\/v2\/media\/8178"}],"wp:attachment":[{"href":"https:\/\/baobolt.com\/index.php\/wp-json\/wp\/v2\/media?parent=7472"}],"wp:term":[{"taxonomy":"product_brand","embeddable":true,"href":"https:\/\/baobolt.com\/index.php\/wp-json\/wp\/v2\/product_brand?post=7472"},{"taxonomy":"product_cat","embeddable":true,"href":"https:\/\/baobolt.com\/index.php\/wp-json\/wp\/v2\/product_cat?post=7472"},{"taxonomy":"product_tag","embeddable":true,"href":"https:\/\/baobolt.com\/index.php\/wp-json\/wp\/v2\/product_tag?post=7472"}],"curies":[{"name":"wp","href":"https:\/\/api.w.org\/{rel}","templated":true}]}}