{"id":7458,"date":"2024-02-08T01:00:37","date_gmt":"2024-02-08T00:00:37","guid":{"rendered":"https:\/\/baobolt.com\/?post_type=product&#038;p=7458"},"modified":"2024-03-06T01:10:26","modified_gmt":"2024-03-06T00:10:26","slug":"ensemble-de-soudeuse-a-onduleur-jasic-mig-350s","status":"publish","type":"product","link":"https:\/\/baobolt.com\/index.php\/produit\/ensemble-de-soudeuse-a-onduleur-jasic-mig-350s\/","title":{"rendered":"Ensemble de soudeuse \u00e0 onduleur Jasic MIG 350S"},"content":{"rendered":"<ul>\n<li>Poste \u00e0 souder inverseur IGBT MIG\/MAG MMA<\/li>\n<li>Amp\u00e8rem\u00e8tre et voltm\u00e8tre num\u00e9rique<\/li>\n<li>Cycle de service \u00e9lev\u00e9<\/li>\n<li>Unit\u00e9 d&rsquo;alimentation en fil \u00e0 4 rouleaux<\/li>\n<li>Circuits de contr\u00f4le avanc\u00e9s<\/li>\n<li>Convient aux fils de 0,8\/1,0\/1,2\/1,6 mm<\/li>\n<li>Contr\u00f4le du retour de flamme et avance des fils<\/li>\n<li>Fonction de d\u00e9clenchement 2T\/4T<\/li>\n<li>LED d&rsquo;alimentation et d&rsquo;\u00e9tat<\/li>\n<li>Fonction de contr\u00f4le du gaz<\/li>\n<li>Inductance variable<\/li>\n<li>Le chariot inverseur accepte une bouteille de gaz pleine grandeur<\/li>\n<\/ul>\n<table style=\"height: 305px;\" width=\"622\">\n<tbody>\n<tr>\n<th>Tension d&rsquo;entr\u00e9e nominale<\/th>\n<td>V<\/td>\n<td>AC400V\u00b115% 50\/60Hz<\/td>\n<\/tr>\n<tr>\n<th>Puissance d&rsquo;entr\u00e9e nominale<\/th>\n<td>kVA<\/td>\n<td style=\"text-align: left;\">15<\/td>\n<\/tr>\n<tr>\n<th>Courant d&rsquo;entr\u00e9e nominal I max<\/th>\n<td>UN<\/td>\n<td>20.9<\/td>\n<\/tr>\n<tr>\n<th>Courant d&rsquo;entr\u00e9e nominal I eff<\/th>\n<td>UN<\/td>\n<td>13.2<\/td>\n<\/tr>\n<tr>\n<th>Plage de courant de soudage<\/th>\n<td>UN<\/td>\n<td>MIG 50 ~ 350<br \/>\nMMA 20 ~ 350<\/td>\n<\/tr>\n<tr>\n<th>Tension \u00e0 vide<\/th>\n<td>V<\/td>\n<td>65<\/td>\n<\/tr>\n<tr>\n<th>Cycle de service nominal (40\u00b0C)<\/th>\n<td>%<\/td>\n<td>MIG 350A \u00e0 40%<br \/>\nMMA 350A \u00e0 40%<\/td>\n<\/tr>\n<tr>\n<th>Type d&rsquo;alimentation en fil<\/th>\n<td><\/td>\n<td>4 rouleaux &#8211; \u00e0 engrenages<\/td>\n<\/tr>\n<tr>\n<th>Plage de vitesse de d\u00e9vidage du fil<\/th>\n<td>m\/min<\/td>\n<td>1 ~ 18<\/td>\n<\/tr>\n<\/tbody>\n<\/table>\n","protected":false},"excerpt":{"rendered":"<p>Le Jasic MIG 350 Separate, \u00e9quip\u00e9 de puissants composants IGBT, de compteurs num\u00e9riques et de capacit\u00e9s multi-processus, offre d&rsquo;excellentes caract\u00e9ristiques de soudage et des performances robustes et fiables.<\/p>\n<p>Cette soudeuse \u00e0 onduleur triphas\u00e9 de haute qualit\u00e9 offre une puissance impressionnante de 350 amp\u00e8res \u00e0 un cycle de service de 40 %, faisant du MIG 350 un excellent choix pour les fabricants industriels lourds.<\/p>\n<p>Dot\u00e9 d&rsquo;un circuit de contr\u00f4le des caract\u00e9ristiques dynamiques de soudage unique en MIG, il fournit un arc stable, de faibles projections, un excellent aspect de soudure et une efficacit\u00e9 de soudage \u00e9lev\u00e9e.<\/p>\n","protected":false},"featured_media":8177,"comment_status":"open","ping_status":"closed","template":"","meta":{"_eb_attr":"","ocean_post_layout":"","ocean_both_sidebars_style":"","ocean_both_sidebars_content_width":0,"ocean_both_sidebars_sidebars_width":0,"ocean_sidebar":"0","ocean_second_sidebar":"0","ocean_disable_margins":"enable","ocean_add_body_class":"","ocean_shortcode_before_top_bar":"","ocean_shortcode_after_top_bar":"","ocean_shortcode_before_header":"","ocean_shortcode_after_header":"","ocean_has_shortcode":"","ocean_shortcode_after_title":"","ocean_shortcode_before_footer_widgets":"","ocean_shortcode_after_footer_widgets":"","ocean_shortcode_before_footer_bottom":"","ocean_shortcode_after_footer_bottom":"","ocean_display_top_bar":"default","ocean_display_header":"default","ocean_header_style":"","ocean_center_header_left_menu":"0","ocean_custom_header_template":"0","ocean_custom_logo":0,"ocean_custom_retina_logo":0,"ocean_custom_logo_max_width":0,"ocean_custom_logo_tablet_max_width":0,"ocean_custom_logo_mobile_max_width":0,"ocean_custom_logo_max_height":0,"ocean_custom_logo_tablet_max_height":0,"ocean_custom_logo_mobile_max_height":0,"ocean_header_custom_menu":"0","ocean_menu_typo_font_family":"0","ocean_menu_typo_font_subset":"","ocean_menu_typo_font_size":0,"ocean_menu_typo_font_size_tablet":0,"ocean_menu_typo_font_size_mobile":0,"ocean_menu_typo_font_size_unit":"px","ocean_menu_typo_font_weight":"","ocean_menu_typo_font_weight_tablet":"","ocean_menu_typo_font_weight_mobile":"","ocean_menu_typo_transform":"","ocean_menu_typo_transform_tablet":"","ocean_menu_typo_transform_mobile":"","ocean_menu_typo_line_height":0,"ocean_menu_typo_line_height_tablet":0,"ocean_menu_typo_line_height_mobile":0,"ocean_menu_typo_line_height_unit":"","ocean_menu_typo_spacing":0,"ocean_menu_typo_spacing_tablet":0,"ocean_menu_typo_spacing_mobile":0,"ocean_menu_typo_spacing_unit":"","ocean_menu_link_color":"","ocean_menu_link_color_hover":"","ocean_menu_link_color_active":"","ocean_menu_link_background":"","ocean_menu_link_hover_background":"","ocean_menu_link_active_background":"","ocean_menu_social_links_bg":"","ocean_menu_social_hover_links_bg":"","ocean_menu_social_links_color":"","ocean_menu_social_hover_links_color":"","ocean_disable_title":"default","ocean_disable_heading":"default","ocean_post_title":"","ocean_post_subheading":"","ocean_post_title_style":"","ocean_post_title_background_color":"","ocean_post_title_background":0,"ocean_post_title_bg_image_position":"","ocean_post_title_bg_image_attachment":"","ocean_post_title_bg_image_repeat":"","ocean_post_title_bg_image_size":"","ocean_post_title_height":0,"ocean_post_title_bg_overlay":0.5,"ocean_post_title_bg_overlay_color":"","ocean_disable_breadcrumbs":"default","ocean_breadcrumbs_color":"","ocean_breadcrumbs_separator_color":"","ocean_breadcrumbs_links_color":"","ocean_breadcrumbs_links_hover_color":"","ocean_display_footer_widgets":"default","ocean_display_footer_bottom":"default","ocean_custom_footer_template":"0"},"product_brand":[],"product_cat":[63,65],"product_tag":[],"class_list":{"0":"post-7458","1":"product","2":"type-product","3":"status-publish","4":"has-post-thumbnail","6":"product_cat-jasic","7":"product_cat-migmag","9":"entry","10":"has-media","12":"first","13":"instock","14":"shipping-taxable","15":"product-type-simple","16":"has-product-nav","17":"col","18":"span_1_of_5","19":"owp-content-center","20":"owp-thumbs-layout-vertical","21":"owp-btn-big","22":"owp-tabs-layout-vertical","24":"circle-sale"},"_links":{"self":[{"href":"https:\/\/baobolt.com\/index.php\/wp-json\/wp\/v2\/product\/7458","targetHints":{"allow":["GET"]}}],"collection":[{"href":"https:\/\/baobolt.com\/index.php\/wp-json\/wp\/v2\/product"}],"about":[{"href":"https:\/\/baobolt.com\/index.php\/wp-json\/wp\/v2\/types\/product"}],"replies":[{"embeddable":true,"href":"https:\/\/baobolt.com\/index.php\/wp-json\/wp\/v2\/comments?post=7458"}],"version-history":[{"count":2,"href":"https:\/\/baobolt.com\/index.php\/wp-json\/wp\/v2\/product\/7458\/revisions"}],"predecessor-version":[{"id":7701,"href":"https:\/\/baobolt.com\/index.php\/wp-json\/wp\/v2\/product\/7458\/revisions\/7701"}],"wp:featuredmedia":[{"embeddable":true,"href":"https:\/\/baobolt.com\/index.php\/wp-json\/wp\/v2\/media\/8177"}],"wp:attachment":[{"href":"https:\/\/baobolt.com\/index.php\/wp-json\/wp\/v2\/media?parent=7458"}],"wp:term":[{"taxonomy":"product_brand","embeddable":true,"href":"https:\/\/baobolt.com\/index.php\/wp-json\/wp\/v2\/product_brand?post=7458"},{"taxonomy":"product_cat","embeddable":true,"href":"https:\/\/baobolt.com\/index.php\/wp-json\/wp\/v2\/product_cat?post=7458"},{"taxonomy":"product_tag","embeddable":true,"href":"https:\/\/baobolt.com\/index.php\/wp-json\/wp\/v2\/product_tag?post=7458"}],"curies":[{"name":"wp","href":"https:\/\/api.w.org\/{rel}","templated":true}]}}