{"id":7437,"date":"2024-02-05T23:02:39","date_gmt":"2024-02-05T22:02:39","guid":{"rendered":"https:\/\/baobolt.com\/?post_type=product&#038;p=7437"},"modified":"2024-02-05T23:02:39","modified_gmt":"2024-02-05T22:02:39","slug":"etig-200-dpiii-tiggtaw","status":"publish","type":"product","link":"https:\/\/baobolt.com\/index.php\/produit\/etig-200-dpiii-tiggtaw\/","title":{"rendered":"ETIG 200 DPIII TIG[GTAW]"},"content":{"rendered":"<p><span>\u25cfR\u00e9glable\u00a0;\u00a0D\u00e9marrage \u00e0 chaud, Arc Force et anti-adh\u00e9sif int\u00e9gr\u00e9 pour le soudage MMA\u00a0<\/span><br \/>\n<span>\u25cf Bouton de r\u00e9glage\/courant de soudage Steeples<\/span><br \/>\n<span>\u25cf Indicateurs LED d&rsquo;alimentation, de surcharge et de sous\/surtension<\/span><br \/>\n<span>\u25cf Connexions faciles des c\u00e2bles de soudage avec connecteurs rapides de type europ\u00e9en<\/span><br \/>\n<span>\u25cf La commande au pied peut \u00eatre utilis\u00e9e<\/span><br \/>\n<span>\u25cfSyst\u00e8me de refroidissement par ventilateur<\/span><br \/>\n<span>\u25cfClasse de protection IP21S<\/span><br \/>\n<span>\u25cfConception compacte l\u00e9g\u00e8re, petite et brevet\u00e9e\u00a0<\/span><br \/>\n<span>\u25cfLe poids est de seulement 10 kg.<\/span><br \/>\n<span>\u25cfDimensions (cm.) (L\u00d7L\u00d7H) 47,2 \u00d7 18,5 \u00d7 34\u00a0<\/span><img fetchpriority=\"high\" decoding=\"async\" class=\"aligncenter\" src=\"https:\/\/www.hugongwelds.com\/UploadImage\/edit\/images\/ETIG%20200%20DPIII.png\" alt=\"ETIG%20200%20DPIII\" width=\"563\" height=\"467\" title=\"ETIG 200 DPIII TIG[GTAW]\"><\/p>\n","protected":false},"excerpt":{"rendered":"<p><span>\u25cfSoudeur portable DC HF TIG\/MMA \u00e0 onduleur\u00a0<\/span><br \/>\n<span>\u25cfTechnologie d&rsquo;onduleur IGBT de nouvelle g\u00e9n\u00e9ration\u00a0<\/span><br \/>\n<span>\u25cfId\u00e9al pour le soudage des aciers au carbone, des aciers faiblement alli\u00e9s, des aciers inoxydables et de l&rsquo;aluminium\u00a0<\/span><br \/>\n<span>\u25cfAffichage num\u00e9rique<\/span><br \/>\n<span>\u25cf\u00c9quip\u00e9 d&rsquo;une protection de tension et d&rsquo;une protection thermique<\/span><br \/>\n<span>\u25cfFacile \u00e0 utiliser et panneau de commande convivial<\/span><br \/>\n<span>\u25cfMode de soudage (DC HF TIG \/ LIFT TIG\/MMA), s\u00e9lections TIG et 2T\/4T<\/span><br \/>\n<span>\u25cfPr\u00e9-d\u00e9bit\/post-d\u00e9bit de gaz r\u00e9glables et affichables, courant d&rsquo;allumage\/base\/cr\u00eate\u00a0;\u00a0<\/span><br \/>\n<span>\u00a0 simplement les param\u00e8tres de la proc\u00e9dure de soudage.<\/span><\/p>\n","protected":false},"featured_media":7438,"comment_status":"open","ping_status":"closed","template":"","meta":{"_eb_attr":"","ocean_post_layout":"","ocean_both_sidebars_style":"","ocean_both_sidebars_content_width":0,"ocean_both_sidebars_sidebars_width":0,"ocean_sidebar":"0","ocean_second_sidebar":"0","ocean_disable_margins":"enable","ocean_add_body_class":"","ocean_shortcode_before_top_bar":"","ocean_shortcode_after_top_bar":"","ocean_shortcode_before_header":"","ocean_shortcode_after_header":"","ocean_has_shortcode":"","ocean_shortcode_after_title":"","ocean_shortcode_before_footer_widgets":"","ocean_shortcode_after_footer_widgets":"","ocean_shortcode_before_footer_bottom":"","ocean_shortcode_after_footer_bottom":"","ocean_display_top_bar":"default","ocean_display_header":"default","ocean_header_style":"","ocean_center_header_left_menu":"0","ocean_custom_header_template":"0","ocean_custom_logo":0,"ocean_custom_retina_logo":0,"ocean_custom_logo_max_width":0,"ocean_custom_logo_tablet_max_width":0,"ocean_custom_logo_mobile_max_width":0,"ocean_custom_logo_max_height":0,"ocean_custom_logo_tablet_max_height":0,"ocean_custom_logo_mobile_max_height":0,"ocean_header_custom_menu":"0","ocean_menu_typo_font_family":"0","ocean_menu_typo_font_subset":"","ocean_menu_typo_font_size":0,"ocean_menu_typo_font_size_tablet":0,"ocean_menu_typo_font_size_mobile":0,"ocean_menu_typo_font_size_unit":"px","ocean_menu_typo_font_weight":"","ocean_menu_typo_font_weight_tablet":"","ocean_menu_typo_font_weight_mobile":"","ocean_menu_typo_transform":"","ocean_menu_typo_transform_tablet":"","ocean_menu_typo_transform_mobile":"","ocean_menu_typo_line_height":0,"ocean_menu_typo_line_height_tablet":0,"ocean_menu_typo_line_height_mobile":0,"ocean_menu_typo_line_height_unit":"","ocean_menu_typo_spacing":0,"ocean_menu_typo_spacing_tablet":0,"ocean_menu_typo_spacing_mobile":0,"ocean_menu_typo_spacing_unit":"","ocean_menu_link_color":"","ocean_menu_link_color_hover":"","ocean_menu_link_color_active":"","ocean_menu_link_background":"","ocean_menu_link_hover_background":"","ocean_menu_link_active_background":"","ocean_menu_social_links_bg":"","ocean_menu_social_hover_links_bg":"","ocean_menu_social_links_color":"","ocean_menu_social_hover_links_color":"","ocean_disable_title":"default","ocean_disable_heading":"default","ocean_post_title":"","ocean_post_subheading":"","ocean_post_title_style":"","ocean_post_title_background_color":"","ocean_post_title_background":0,"ocean_post_title_bg_image_position":"","ocean_post_title_bg_image_attachment":"","ocean_post_title_bg_image_repeat":"","ocean_post_title_bg_image_size":"","ocean_post_title_height":0,"ocean_post_title_bg_overlay":0.5,"ocean_post_title_bg_overlay_color":"","ocean_disable_breadcrumbs":"default","ocean_breadcrumbs_color":"","ocean_breadcrumbs_separator_color":"","ocean_breadcrumbs_links_color":"","ocean_breadcrumbs_links_hover_color":"","ocean_display_footer_widgets":"default","ocean_display_footer_bottom":"default","ocean_custom_footer_template":"0"},"product_brand":[],"product_cat":[96],"product_tag":[],"class_list":{"0":"post-7437","1":"product","2":"type-product","3":"status-publish","4":"has-post-thumbnail","6":"product_cat-hugong","8":"entry","9":"has-media","11":"first","12":"instock","13":"shipping-taxable","14":"product-type-simple","15":"has-product-nav","16":"col","17":"span_1_of_5","18":"owp-content-center","19":"owp-thumbs-layout-vertical","20":"owp-btn-big","21":"owp-tabs-layout-vertical","22":"has-no-thumbnails","24":"circle-sale"},"_links":{"self":[{"href":"https:\/\/baobolt.com\/index.php\/wp-json\/wp\/v2\/product\/7437","targetHints":{"allow":["GET"]}}],"collection":[{"href":"https:\/\/baobolt.com\/index.php\/wp-json\/wp\/v2\/product"}],"about":[{"href":"https:\/\/baobolt.com\/index.php\/wp-json\/wp\/v2\/types\/product"}],"replies":[{"embeddable":true,"href":"https:\/\/baobolt.com\/index.php\/wp-json\/wp\/v2\/comments?post=7437"}],"version-history":[{"count":1,"href":"https:\/\/baobolt.com\/index.php\/wp-json\/wp\/v2\/product\/7437\/revisions"}],"predecessor-version":[{"id":7439,"href":"https:\/\/baobolt.com\/index.php\/wp-json\/wp\/v2\/product\/7437\/revisions\/7439"}],"wp:featuredmedia":[{"embeddable":true,"href":"https:\/\/baobolt.com\/index.php\/wp-json\/wp\/v2\/media\/7438"}],"wp:attachment":[{"href":"https:\/\/baobolt.com\/index.php\/wp-json\/wp\/v2\/media?parent=7437"}],"wp:term":[{"taxonomy":"product_brand","embeddable":true,"href":"https:\/\/baobolt.com\/index.php\/wp-json\/wp\/v2\/product_brand?post=7437"},{"taxonomy":"product_cat","embeddable":true,"href":"https:\/\/baobolt.com\/index.php\/wp-json\/wp\/v2\/product_cat?post=7437"},{"taxonomy":"product_tag","embeddable":true,"href":"https:\/\/baobolt.com\/index.php\/wp-json\/wp\/v2\/product_tag?post=7437"}],"curies":[{"name":"wp","href":"https:\/\/api.w.org\/{rel}","templated":true}]}}