{"id":7347,"date":"2024-02-02T00:40:05","date_gmt":"2024-02-01T23:40:05","guid":{"rendered":"https:\/\/baobolt.com\/?post_type=product&#038;p=7347"},"modified":"2024-02-02T00:41:08","modified_gmt":"2024-02-01T23:41:08","slug":"fraises-en-bout-universelle-avec-2-lames-uc2-version-angulaire-aiguise","status":"publish","type":"product","link":"https:\/\/baobolt.com\/index.php\/produit\/fraises-en-bout-universelle-avec-2-lames-uc2-version-angulaire-aiguise\/","title":{"rendered":"Fraises en bout universelle avec 2 lames UC2, version angulaire aiguis\u00e9"},"content":{"rendered":"<div class=\"pg-aggregation__heading spacing-bottom\">Fraise pour \u00e9paulement VHM longue, 2 lames, \u00d8 6 mm aiguis\u00e9e TiAlN tige HB gamme universelle pour d\u00e9grossissage, finitions, rainures<\/div>\n<hr \/>\n<div class=\"col col--sm-12 pg-aggregation__detail-list-item\"><strong>Angle h\u00e9lico\u00efdal<\/strong>30\u00b0<\/div>\n<div class=\"col col--sm-12 pg-aggregation__detail-list-item\"><strong>Approvisionnement interne en lubrifiants de refroidissement<\/strong>Non<\/div>\n<div class=\"col col--sm-12 pg-aggregation__detail-list-item\"><strong>Ex\u00e9cution<\/strong>90\u00b0 aiguis\u00e9<\/div>\n<div class=\"col col--sm-12 pg-aggregation__detail-list-item\"><strong>Forme de la tige<\/strong>HB (DIN6535)<\/div>\n<div class=\"col col--sm-12 pg-aggregation__detail-list-item\"><strong>Longueur totale LF<\/strong>57 mm<\/div>\n<div class=\"col col--sm-12 pg-aggregation__detail-list-item\"><strong>Mat\u00e9riau de coupe<\/strong>AL40<\/div>\n<div class=\"col col--sm-12 pg-aggregation__detail-list-item\"><strong>Nombre de dents ZEFP<\/strong>2 pi\u00e8ce<\/div>\n<div class=\"col col--sm-12 pg-aggregation__detail-list-item\"><strong>Norme<\/strong>DIN 6527 Long<\/div>\n<div class=\"col col--sm-12 pg-aggregation__detail-list-item\"><strong>Profondeur de coupe maximale APMX<\/strong>10 mm<\/div>\n<div class=\"col col--sm-12 pg-aggregation__detail-list-item\"><strong>Rev\u00eatement<\/strong>TiAlN<\/div>\n<div class=\"col col--sm-12 pg-aggregation__detail-list-item\"><strong>Sens d\u2019avance<\/strong>x,y,z<\/div>\n<div class=\"col col--sm-12 pg-aggregation__detail-list-item\"><strong>Version angulaire<\/strong>Version angulaire aiguis\u00e9<\/div>\n<div class=\"col col--sm-12 pg-aggregation__detail-list-item\"><strong>\u00d8 du tranchant DC<\/strong>6 mm<\/div>\n<div class=\"col col--sm-12 pg-aggregation__detail-list-item\"><strong>\u00f8 de tige DCON<\/strong>6 mm<\/div>\n<div class=\"col col--sm-12 pg-aggregation__detail-list-item\"><strong>Unit\u00e9 d\u2019emballage<\/strong>1 pi\u00e8ce<\/div>\n","protected":false},"excerpt":{"rendered":"<p>Les fraises carbure monobloc en bout sont adapt\u00e9es \u00e0 une utilisation universelle sur de nombreux mat\u00e9riaux.<\/p>\n<p>Fraise en bout pour le fraisage de rainures pleines, de rainures de forage et de travaux de d\u00e9grossissage avec grandes largeurs de prise.<\/p>\n<p>Tige Weldon HB selon DIN 6535 avec surface d\u2019entra\u00eenement lat\u00e9rale<\/p>\n","protected":false},"featured_media":7361,"comment_status":"open","ping_status":"closed","template":"","meta":{"_eb_attr":"","ocean_post_layout":"","ocean_both_sidebars_style":"","ocean_both_sidebars_content_width":0,"ocean_both_sidebars_sidebars_width":0,"ocean_sidebar":"0","ocean_second_sidebar":"0","ocean_disable_margins":"enable","ocean_add_body_class":"","ocean_shortcode_before_top_bar":"","ocean_shortcode_after_top_bar":"","ocean_shortcode_before_header":"","ocean_shortcode_after_header":"","ocean_has_shortcode":"","ocean_shortcode_after_title":"","ocean_shortcode_before_footer_widgets":"","ocean_shortcode_after_footer_widgets":"","ocean_shortcode_before_footer_bottom":"","ocean_shortcode_after_footer_bottom":"","ocean_display_top_bar":"default","ocean_display_header":"default","ocean_header_style":"","ocean_center_header_left_menu":"0","ocean_custom_header_template":"0","ocean_custom_logo":0,"ocean_custom_retina_logo":0,"ocean_custom_logo_max_width":0,"ocean_custom_logo_tablet_max_width":0,"ocean_custom_logo_mobile_max_width":0,"ocean_custom_logo_max_height":0,"ocean_custom_logo_tablet_max_height":0,"ocean_custom_logo_mobile_max_height":0,"ocean_header_custom_menu":"0","ocean_menu_typo_font_family":"0","ocean_menu_typo_font_subset":"","ocean_menu_typo_font_size":0,"ocean_menu_typo_font_size_tablet":0,"ocean_menu_typo_font_size_mobile":0,"ocean_menu_typo_font_size_unit":"px","ocean_menu_typo_font_weight":"","ocean_menu_typo_font_weight_tablet":"","ocean_menu_typo_font_weight_mobile":"","ocean_menu_typo_transform":"","ocean_menu_typo_transform_tablet":"","ocean_menu_typo_transform_mobile":"","ocean_menu_typo_line_height":0,"ocean_menu_typo_line_height_tablet":0,"ocean_menu_typo_line_height_mobile":0,"ocean_menu_typo_line_height_unit":"","ocean_menu_typo_spacing":0,"ocean_menu_typo_spacing_tablet":0,"ocean_menu_typo_spacing_mobile":0,"ocean_menu_typo_spacing_unit":"","ocean_menu_link_color":"","ocean_menu_link_color_hover":"","ocean_menu_link_color_active":"","ocean_menu_link_background":"","ocean_menu_link_hover_background":"","ocean_menu_link_active_background":"","ocean_menu_social_links_bg":"","ocean_menu_social_hover_links_bg":"","ocean_menu_social_links_color":"","ocean_menu_social_hover_links_color":"","ocean_disable_title":"default","ocean_disable_heading":"default","ocean_post_title":"","ocean_post_subheading":"","ocean_post_title_style":"","ocean_post_title_background_color":"","ocean_post_title_background":0,"ocean_post_title_bg_image_position":"","ocean_post_title_bg_image_attachment":"","ocean_post_title_bg_image_repeat":"","ocean_post_title_bg_image_size":"","ocean_post_title_height":0,"ocean_post_title_bg_overlay":0.5,"ocean_post_title_bg_overlay_color":"","ocean_disable_breadcrumbs":"default","ocean_breadcrumbs_color":"","ocean_breadcrumbs_separator_color":"","ocean_breadcrumbs_links_color":"","ocean_breadcrumbs_links_hover_color":"","ocean_display_footer_widgets":"default","ocean_display_footer_bottom":"default","ocean_custom_footer_template":"0"},"product_brand":[],"product_cat":[97],"product_tag":[],"class_list":{"0":"post-7347","1":"product","2":"type-product","3":"status-publish","4":"has-post-thumbnail","6":"product_cat-pferd","8":"entry","9":"has-media","11":"first","12":"instock","13":"shipping-taxable","14":"purchasable","15":"product-type-variable","16":"has-product-nav","17":"col","18":"span_1_of_5","19":"owp-content-center","20":"owp-thumbs-layout-vertical","21":"owp-btn-big","22":"owp-tabs-layout-vertical","24":"circle-sale"},"_links":{"self":[{"href":"https:\/\/baobolt.com\/index.php\/wp-json\/wp\/v2\/product\/7347","targetHints":{"allow":["GET"]}}],"collection":[{"href":"https:\/\/baobolt.com\/index.php\/wp-json\/wp\/v2\/product"}],"about":[{"href":"https:\/\/baobolt.com\/index.php\/wp-json\/wp\/v2\/types\/product"}],"replies":[{"embeddable":true,"href":"https:\/\/baobolt.com\/index.php\/wp-json\/wp\/v2\/comments?post=7347"}],"version-history":[{"count":2,"href":"https:\/\/baobolt.com\/index.php\/wp-json\/wp\/v2\/product\/7347\/revisions"}],"predecessor-version":[{"id":7362,"href":"https:\/\/baobolt.com\/index.php\/wp-json\/wp\/v2\/product\/7347\/revisions\/7362"}],"wp:featuredmedia":[{"embeddable":true,"href":"https:\/\/baobolt.com\/index.php\/wp-json\/wp\/v2\/media\/7361"}],"wp:attachment":[{"href":"https:\/\/baobolt.com\/index.php\/wp-json\/wp\/v2\/media?parent=7347"}],"wp:term":[{"taxonomy":"product_brand","embeddable":true,"href":"https:\/\/baobolt.com\/index.php\/wp-json\/wp\/v2\/product_brand?post=7347"},{"taxonomy":"product_cat","embeddable":true,"href":"https:\/\/baobolt.com\/index.php\/wp-json\/wp\/v2\/product_cat?post=7347"},{"taxonomy":"product_tag","embeddable":true,"href":"https:\/\/baobolt.com\/index.php\/wp-json\/wp\/v2\/product_tag?post=7347"}],"curies":[{"name":"wp","href":"https:\/\/api.w.org\/{rel}","templated":true}]}}