{"id":7312,"date":"2024-01-30T16:18:03","date_gmt":"2024-01-30T15:18:03","guid":{"rendered":"https:\/\/baobolt.com\/?post_type=product&#038;p=7312"},"modified":"2024-02-10T00:25:15","modified_gmt":"2024-02-09T23:25:15","slug":"soudeuse-mig-compacte-multi-procedes-jasic-352-3-phases","status":"publish","type":"product","link":"https:\/\/baobolt.com\/index.php\/produit\/soudeuse-mig-compacte-multi-procedes-jasic-352-3-phases\/","title":{"rendered":"Soudeuse MIG Compacte Multi-Proc\u00e9d\u00e9s Jasic 352 &#8211; 3 Phases"},"content":{"rendered":"<ul>\n<li><span>Comprend une torche MIG, un c\u00e2ble de retour de travail, une pince de terre et un r\u00e9gulateur<\/span><\/li>\n<li><span>Onduleur IGBT MIG MAG\/MMA\/Lift-Arc TIG<\/span><\/li>\n<li><span>Amp\u00e8rem\u00e8tre et voltm\u00e8tre num\u00e9rique<\/span><\/li>\n<li><span>Cycle de service \u00e9lev\u00e9<\/span><\/li>\n<li><span>Circuits de contr\u00f4le avanc\u00e9s<\/span><\/li>\n<li><span>Contr\u00f4le du retour de flamme et avance des fils<\/span><\/li>\n<li><span>Convient pour les fils de 0,6 mm \u00e0 1,2 mm.<\/span><\/li>\n<li><span>Fonction de d\u00e9clenchement 2T\/4T<\/span><\/li>\n<li><span>LED d&rsquo;alimentation et d&rsquo;\u00e9tat<\/span><\/li>\n<li><span>Fonction de contr\u00f4le du gaz<\/span><\/li>\n<li><span>Inductance variable<\/span><\/li>\n<\/ul>\n","protected":false},"excerpt":{"rendered":"<ul>\n<li><span>\u00c9paisseur de soudure maximale de 15 mm sur l&rsquo;acier doux<\/span><\/li>\n<li><span>Sortie 50A &#8211; 350A<\/span><\/li>\n<li><span>Machine multi-processus bas\u00e9e sur l&rsquo;inversion<\/span><\/li>\n<li><strong><span>Cycle de service &#8211; 100\u00a0% \u00e0 350\u00a0A<\/span><\/strong><\/li>\n<li><span>D\u00e9vidoir \u00e0 4 rouleaux<\/span><\/li>\n<\/ul>\n","protected":false},"featured_media":7313,"comment_status":"open","ping_status":"closed","template":"","meta":{"_eb_attr":"","ocean_post_layout":"","ocean_both_sidebars_style":"","ocean_both_sidebars_content_width":0,"ocean_both_sidebars_sidebars_width":0,"ocean_sidebar":"0","ocean_second_sidebar":"0","ocean_disable_margins":"enable","ocean_add_body_class":"","ocean_shortcode_before_top_bar":"","ocean_shortcode_after_top_bar":"","ocean_shortcode_before_header":"","ocean_shortcode_after_header":"","ocean_has_shortcode":"","ocean_shortcode_after_title":"","ocean_shortcode_before_footer_widgets":"","ocean_shortcode_after_footer_widgets":"","ocean_shortcode_before_footer_bottom":"","ocean_shortcode_after_footer_bottom":"","ocean_display_top_bar":"default","ocean_display_header":"default","ocean_header_style":"","ocean_center_header_left_menu":"0","ocean_custom_header_template":"0","ocean_custom_logo":0,"ocean_custom_retina_logo":0,"ocean_custom_logo_max_width":0,"ocean_custom_logo_tablet_max_width":0,"ocean_custom_logo_mobile_max_width":0,"ocean_custom_logo_max_height":0,"ocean_custom_logo_tablet_max_height":0,"ocean_custom_logo_mobile_max_height":0,"ocean_header_custom_menu":"0","ocean_menu_typo_font_family":"0","ocean_menu_typo_font_subset":"","ocean_menu_typo_font_size":0,"ocean_menu_typo_font_size_tablet":0,"ocean_menu_typo_font_size_mobile":0,"ocean_menu_typo_font_size_unit":"px","ocean_menu_typo_font_weight":"","ocean_menu_typo_font_weight_tablet":"","ocean_menu_typo_font_weight_mobile":"","ocean_menu_typo_transform":"","ocean_menu_typo_transform_tablet":"","ocean_menu_typo_transform_mobile":"","ocean_menu_typo_line_height":0,"ocean_menu_typo_line_height_tablet":0,"ocean_menu_typo_line_height_mobile":0,"ocean_menu_typo_line_height_unit":"","ocean_menu_typo_spacing":0,"ocean_menu_typo_spacing_tablet":0,"ocean_menu_typo_spacing_mobile":0,"ocean_menu_typo_spacing_unit":"","ocean_menu_link_color":"","ocean_menu_link_color_hover":"","ocean_menu_link_color_active":"","ocean_menu_link_background":"","ocean_menu_link_hover_background":"","ocean_menu_link_active_background":"","ocean_menu_social_links_bg":"","ocean_menu_social_hover_links_bg":"","ocean_menu_social_links_color":"","ocean_menu_social_hover_links_color":"","ocean_disable_title":"default","ocean_disable_heading":"default","ocean_post_title":"","ocean_post_subheading":"","ocean_post_title_style":"","ocean_post_title_background_color":"","ocean_post_title_background":0,"ocean_post_title_bg_image_position":"","ocean_post_title_bg_image_attachment":"","ocean_post_title_bg_image_repeat":"","ocean_post_title_bg_image_size":"","ocean_post_title_height":0,"ocean_post_title_bg_overlay":0.5,"ocean_post_title_bg_overlay_color":"","ocean_disable_breadcrumbs":"default","ocean_breadcrumbs_color":"","ocean_breadcrumbs_separator_color":"","ocean_breadcrumbs_links_color":"","ocean_breadcrumbs_links_hover_color":"","ocean_display_footer_widgets":"default","ocean_display_footer_bottom":"default","ocean_custom_footer_template":"0"},"product_brand":[],"product_cat":[63,65],"product_tag":[],"class_list":{"0":"post-7312","1":"product","2":"type-product","3":"status-publish","4":"has-post-thumbnail","6":"product_cat-jasic","7":"product_cat-migmag","9":"entry","10":"has-media","12":"first","13":"instock","14":"shipping-taxable","15":"product-type-simple","16":"has-product-nav","17":"col","18":"span_1_of_5","19":"owp-content-center","20":"owp-thumbs-layout-vertical","21":"owp-btn-big","22":"owp-tabs-layout-vertical","24":"circle-sale"},"_links":{"self":[{"href":"https:\/\/baobolt.com\/index.php\/wp-json\/wp\/v2\/product\/7312","targetHints":{"allow":["GET"]}}],"collection":[{"href":"https:\/\/baobolt.com\/index.php\/wp-json\/wp\/v2\/product"}],"about":[{"href":"https:\/\/baobolt.com\/index.php\/wp-json\/wp\/v2\/types\/product"}],"replies":[{"embeddable":true,"href":"https:\/\/baobolt.com\/index.php\/wp-json\/wp\/v2\/comments?post=7312"}],"version-history":[{"count":1,"href":"https:\/\/baobolt.com\/index.php\/wp-json\/wp\/v2\/product\/7312\/revisions"}],"predecessor-version":[{"id":7315,"href":"https:\/\/baobolt.com\/index.php\/wp-json\/wp\/v2\/product\/7312\/revisions\/7315"}],"wp:featuredmedia":[{"embeddable":true,"href":"https:\/\/baobolt.com\/index.php\/wp-json\/wp\/v2\/media\/7313"}],"wp:attachment":[{"href":"https:\/\/baobolt.com\/index.php\/wp-json\/wp\/v2\/media?parent=7312"}],"wp:term":[{"taxonomy":"product_brand","embeddable":true,"href":"https:\/\/baobolt.com\/index.php\/wp-json\/wp\/v2\/product_brand?post=7312"},{"taxonomy":"product_cat","embeddable":true,"href":"https:\/\/baobolt.com\/index.php\/wp-json\/wp\/v2\/product_cat?post=7312"},{"taxonomy":"product_tag","embeddable":true,"href":"https:\/\/baobolt.com\/index.php\/wp-json\/wp\/v2\/product_tag?post=7312"}],"curies":[{"name":"wp","href":"https:\/\/api.w.org\/{rel}","templated":true}]}}