{"id":7272,"date":"2024-01-29T18:06:49","date_gmt":"2024-01-29T17:06:49","guid":{"rendered":"https:\/\/baobolt.com\/?post_type=product&#038;p=7272"},"modified":"2025-02-02T00:18:28","modified_gmt":"2025-02-01T23:18:28","slug":"disques-a-tronconner-pour-inox","status":"publish","type":"product","link":"https:\/\/baobolt.com\/index.php\/produit\/disques-a-tronconner-pour-inox\/","title":{"rendered":"Disques \u00e0 tron\u00e7onner pour Inox"},"content":{"rendered":"","protected":false},"excerpt":{"rendered":"<div>Les disques \u00e0 tron\u00e7onner Wings inox sont sp\u00e9cialement con\u00e7us pour la d\u00e9coupe de certains alliages d&rsquo;acier inoxydable.<\/div>\n<div><\/div>\n<div>Sa teneur en abrasif est un abrasif \u00e0 l&rsquo;oxyde d&rsquo;aluminium plus sp\u00e9cial.\u00a0Les disques \u00e0 tron\u00e7onner Inox contiennent des abrasifs avec une granulom\u00e9trie accrue en raison des propri\u00e9t\u00e9s structurelles des aciers inoxydables (inox).<\/div>\n<div><\/div>\n<div>Ce sont des disques \u00e0 tron\u00e7onner plus souples que les disques \u00e0 tron\u00e7onner en m\u00e9tal standard.\u00a0Lorsque la r\u00e9sistance \u00e0 l&rsquo;enl\u00e8vement de mati\u00e8re des mat\u00e9riaux en acier inoxydable est prise en compte, ils garantissent que le processus de coupe est effectu\u00e9 facilement sans trop r\u00e9sister au mat\u00e9riau et en maintenant l&rsquo;impact de la chaleur au niveau minimum pendant la coupe.<\/div>\n<div><\/div>\n<div>Ils seront destin\u00e9s aux op\u00e9rations de d\u00e9coupe des aciers inoxydables de qualit\u00e9 AISI 304, 316 et 316 L.<\/div>\n<div><\/div>\n<div>Vous pouvez utiliser les disques \u00e0 tron\u00e7onner Wings inox sur les profil\u00e9s en acier inoxydable (inox) de qualit\u00e9 AISI 304, 316 et 316 L, les profil\u00e9s en caisson en acier inoxydable (inox), les barres et tiges plates en acier.<\/div>\n","protected":false},"featured_media":7273,"comment_status":"open","ping_status":"closed","template":"","meta":{"_eb_attr":"","ocean_post_layout":"","ocean_both_sidebars_style":"","ocean_both_sidebars_content_width":0,"ocean_both_sidebars_sidebars_width":0,"ocean_sidebar":"0","ocean_second_sidebar":"0","ocean_disable_margins":"enable","ocean_add_body_class":"","ocean_shortcode_before_top_bar":"","ocean_shortcode_after_top_bar":"","ocean_shortcode_before_header":"","ocean_shortcode_after_header":"","ocean_has_shortcode":"","ocean_shortcode_after_title":"","ocean_shortcode_before_footer_widgets":"","ocean_shortcode_after_footer_widgets":"","ocean_shortcode_before_footer_bottom":"","ocean_shortcode_after_footer_bottom":"","ocean_display_top_bar":"default","ocean_display_header":"default","ocean_header_style":"","ocean_center_header_left_menu":"0","ocean_custom_header_template":"0","ocean_custom_logo":0,"ocean_custom_retina_logo":0,"ocean_custom_logo_max_width":0,"ocean_custom_logo_tablet_max_width":0,"ocean_custom_logo_mobile_max_width":0,"ocean_custom_logo_max_height":0,"ocean_custom_logo_tablet_max_height":0,"ocean_custom_logo_mobile_max_height":0,"ocean_header_custom_menu":"0","ocean_menu_typo_font_family":"0","ocean_menu_typo_font_subset":"","ocean_menu_typo_font_size":0,"ocean_menu_typo_font_size_tablet":0,"ocean_menu_typo_font_size_mobile":0,"ocean_menu_typo_font_size_unit":"px","ocean_menu_typo_font_weight":"","ocean_menu_typo_font_weight_tablet":"","ocean_menu_typo_font_weight_mobile":"","ocean_menu_typo_transform":"","ocean_menu_typo_transform_tablet":"","ocean_menu_typo_transform_mobile":"","ocean_menu_typo_line_height":0,"ocean_menu_typo_line_height_tablet":0,"ocean_menu_typo_line_height_mobile":0,"ocean_menu_typo_line_height_unit":"","ocean_menu_typo_spacing":0,"ocean_menu_typo_spacing_tablet":0,"ocean_menu_typo_spacing_mobile":0,"ocean_menu_typo_spacing_unit":"","ocean_menu_link_color":"","ocean_menu_link_color_hover":"","ocean_menu_link_color_active":"","ocean_menu_link_background":"","ocean_menu_link_hover_background":"","ocean_menu_link_active_background":"","ocean_menu_social_links_bg":"","ocean_menu_social_hover_links_bg":"","ocean_menu_social_links_color":"","ocean_menu_social_hover_links_color":"","ocean_disable_title":"default","ocean_disable_heading":"default","ocean_post_title":"","ocean_post_subheading":"","ocean_post_title_style":"","ocean_post_title_background_color":"","ocean_post_title_background":0,"ocean_post_title_bg_image_position":"","ocean_post_title_bg_image_attachment":"","ocean_post_title_bg_image_repeat":"","ocean_post_title_bg_image_size":"","ocean_post_title_height":0,"ocean_post_title_bg_overlay":0.5,"ocean_post_title_bg_overlay_color":"","ocean_disable_breadcrumbs":"default","ocean_breadcrumbs_color":"","ocean_breadcrumbs_separator_color":"","ocean_breadcrumbs_links_color":"","ocean_breadcrumbs_links_hover_color":"","ocean_display_footer_widgets":"default","ocean_display_footer_bottom":"default","ocean_custom_footer_template":"0"},"product_brand":[],"product_cat":[123,55,94],"product_tag":[],"class_list":{"0":"post-7272","1":"product","2":"type-product","3":"status-publish","4":"has-post-thumbnail","6":"product_cat-disques-a-tronconner","7":"product_cat-outillage-universel","8":"product_cat-wings","10":"entry","11":"has-media","13":"first","14":"instock","15":"shipping-taxable","16":"product-type-simple","17":"has-product-nav","18":"col","19":"span_1_of_5","20":"owp-content-center","21":"owp-thumbs-layout-vertical","22":"owp-btn-big","23":"owp-tabs-layout-vertical","24":"has-no-thumbnails","26":"circle-sale"},"_links":{"self":[{"href":"https:\/\/baobolt.com\/index.php\/wp-json\/wp\/v2\/product\/7272","targetHints":{"allow":["GET"]}}],"collection":[{"href":"https:\/\/baobolt.com\/index.php\/wp-json\/wp\/v2\/product"}],"about":[{"href":"https:\/\/baobolt.com\/index.php\/wp-json\/wp\/v2\/types\/product"}],"replies":[{"embeddable":true,"href":"https:\/\/baobolt.com\/index.php\/wp-json\/wp\/v2\/comments?post=7272"}],"version-history":[{"count":1,"href":"https:\/\/baobolt.com\/index.php\/wp-json\/wp\/v2\/product\/7272\/revisions"}],"predecessor-version":[{"id":7274,"href":"https:\/\/baobolt.com\/index.php\/wp-json\/wp\/v2\/product\/7272\/revisions\/7274"}],"wp:featuredmedia":[{"embeddable":true,"href":"https:\/\/baobolt.com\/index.php\/wp-json\/wp\/v2\/media\/7273"}],"wp:attachment":[{"href":"https:\/\/baobolt.com\/index.php\/wp-json\/wp\/v2\/media?parent=7272"}],"wp:term":[{"taxonomy":"product_brand","embeddable":true,"href":"https:\/\/baobolt.com\/index.php\/wp-json\/wp\/v2\/product_brand?post=7272"},{"taxonomy":"product_cat","embeddable":true,"href":"https:\/\/baobolt.com\/index.php\/wp-json\/wp\/v2\/product_cat?post=7272"},{"taxonomy":"product_tag","embeddable":true,"href":"https:\/\/baobolt.com\/index.php\/wp-json\/wp\/v2\/product_tag?post=7272"}],"curies":[{"name":"wp","href":"https:\/\/api.w.org\/{rel}","templated":true}]}}