{"id":7269,"date":"2024-01-29T18:04:16","date_gmt":"2024-01-29T17:04:16","guid":{"rendered":"https:\/\/baobolt.com\/?post_type=product&#038;p=7269"},"modified":"2024-01-29T18:04:16","modified_gmt":"2024-01-29T17:04:16","slug":"disques-a-tronconner-pour-le-metal","status":"publish","type":"product","link":"https:\/\/baobolt.com\/index.php\/produit\/disques-a-tronconner-pour-le-metal\/","title":{"rendered":"Disques \u00e0 tron\u00e7onner pour le m\u00e9tal"},"content":{"rendered":"","protected":false},"excerpt":{"rendered":"<div><span>Les disques \u00e0 tron\u00e7onner les m\u00e9taux Wings sont con\u00e7us pour les processus de coupe sur les m\u00e9taux ferreux.\u00a0<\/span><\/div>\n<div><\/div>\n<div><span>L&rsquo;oxyde d&rsquo;aluminium est utilis\u00e9 comme abrasif.<\/span><\/div>\n<div><\/div>\n<div><span>Ils seront g\u00e9n\u00e9ralement pr\u00e9f\u00e9r\u00e9s pour les aciers non alli\u00e9s ou faiblement alli\u00e9s.\u00a0<\/span><\/div>\n<div><\/div>\n<div><span>Ils sont pr\u00e9f\u00e9r\u00e9s pour la coupe rapide et s\u00fbre des fers de construction, des aciers de construction, des plaques d&rsquo;acier, des tuyaux en acier, des profil\u00e9s en acier, des barres de fer pleines et des aciers plats \u00c71040-1050.\u00a0<\/span><\/div>\n<div><\/div>\n<div><span>Il d\u00e9montre \u00e9galement des performances sup\u00e9rieures dans le processus de division des cordons de soudure dans les applications professionnelles.<\/span><\/div>\n<div><\/div>\n<div><span>Ils durent plus longtemps et coupent plus rapidement que les disques \u00e0 tron\u00e7onner les m\u00e9taux conventionnels.\u00a0Ils satisfont pleinement tous les besoins des utilisateurs gr\u00e2ce \u00e0 une fonction de coupe pratique.<\/span><\/div>\n<div><\/div>\n<div><span>Ils sont largement pr\u00e9f\u00e9r\u00e9s dans la construction en acier, la production soud\u00e9e et tout type de domaine de la construction navale.<\/span><\/div>\n","protected":false},"featured_media":7270,"comment_status":"open","ping_status":"closed","template":"","meta":{"_eb_attr":"","ocean_post_layout":"","ocean_both_sidebars_style":"","ocean_both_sidebars_content_width":0,"ocean_both_sidebars_sidebars_width":0,"ocean_sidebar":"0","ocean_second_sidebar":"0","ocean_disable_margins":"enable","ocean_add_body_class":"","ocean_shortcode_before_top_bar":"","ocean_shortcode_after_top_bar":"","ocean_shortcode_before_header":"","ocean_shortcode_after_header":"","ocean_has_shortcode":"","ocean_shortcode_after_title":"","ocean_shortcode_before_footer_widgets":"","ocean_shortcode_after_footer_widgets":"","ocean_shortcode_before_footer_bottom":"","ocean_shortcode_after_footer_bottom":"","ocean_display_top_bar":"default","ocean_display_header":"default","ocean_header_style":"","ocean_center_header_left_menu":"0","ocean_custom_header_template":"0","ocean_custom_logo":0,"ocean_custom_retina_logo":0,"ocean_custom_logo_max_width":0,"ocean_custom_logo_tablet_max_width":0,"ocean_custom_logo_mobile_max_width":0,"ocean_custom_logo_max_height":0,"ocean_custom_logo_tablet_max_height":0,"ocean_custom_logo_mobile_max_height":0,"ocean_header_custom_menu":"0","ocean_menu_typo_font_family":"0","ocean_menu_typo_font_subset":"","ocean_menu_typo_font_size":0,"ocean_menu_typo_font_size_tablet":0,"ocean_menu_typo_font_size_mobile":0,"ocean_menu_typo_font_size_unit":"px","ocean_menu_typo_font_weight":"","ocean_menu_typo_font_weight_tablet":"","ocean_menu_typo_font_weight_mobile":"","ocean_menu_typo_transform":"","ocean_menu_typo_transform_tablet":"","ocean_menu_typo_transform_mobile":"","ocean_menu_typo_line_height":0,"ocean_menu_typo_line_height_tablet":0,"ocean_menu_typo_line_height_mobile":0,"ocean_menu_typo_line_height_unit":"","ocean_menu_typo_spacing":0,"ocean_menu_typo_spacing_tablet":0,"ocean_menu_typo_spacing_mobile":0,"ocean_menu_typo_spacing_unit":"","ocean_menu_link_color":"","ocean_menu_link_color_hover":"","ocean_menu_link_color_active":"","ocean_menu_link_background":"","ocean_menu_link_hover_background":"","ocean_menu_link_active_background":"","ocean_menu_social_links_bg":"","ocean_menu_social_hover_links_bg":"","ocean_menu_social_links_color":"","ocean_menu_social_hover_links_color":"","ocean_disable_title":"default","ocean_disable_heading":"default","ocean_post_title":"","ocean_post_subheading":"","ocean_post_title_style":"","ocean_post_title_background_color":"","ocean_post_title_background":0,"ocean_post_title_bg_image_position":"","ocean_post_title_bg_image_attachment":"","ocean_post_title_bg_image_repeat":"","ocean_post_title_bg_image_size":"","ocean_post_title_height":0,"ocean_post_title_bg_overlay":0.5,"ocean_post_title_bg_overlay_color":"","ocean_disable_breadcrumbs":"default","ocean_breadcrumbs_color":"","ocean_breadcrumbs_separator_color":"","ocean_breadcrumbs_links_color":"","ocean_breadcrumbs_links_hover_color":"","ocean_display_footer_widgets":"default","ocean_display_footer_bottom":"default","ocean_custom_footer_template":"0"},"product_brand":[],"product_cat":[94],"product_tag":[],"class_list":{"0":"post-7269","1":"product","2":"type-product","3":"status-publish","4":"has-post-thumbnail","6":"product_cat-wings","8":"entry","9":"has-media","11":"first","12":"instock","13":"shipping-taxable","14":"product-type-simple","15":"has-product-nav","16":"col","17":"span_1_of_5","18":"owp-content-center","19":"owp-thumbs-layout-vertical","20":"owp-btn-big","21":"owp-tabs-layout-vertical","22":"has-no-thumbnails","24":"circle-sale"},"_links":{"self":[{"href":"https:\/\/baobolt.com\/index.php\/wp-json\/wp\/v2\/product\/7269","targetHints":{"allow":["GET"]}}],"collection":[{"href":"https:\/\/baobolt.com\/index.php\/wp-json\/wp\/v2\/product"}],"about":[{"href":"https:\/\/baobolt.com\/index.php\/wp-json\/wp\/v2\/types\/product"}],"replies":[{"embeddable":true,"href":"https:\/\/baobolt.com\/index.php\/wp-json\/wp\/v2\/comments?post=7269"}],"version-history":[{"count":1,"href":"https:\/\/baobolt.com\/index.php\/wp-json\/wp\/v2\/product\/7269\/revisions"}],"predecessor-version":[{"id":7271,"href":"https:\/\/baobolt.com\/index.php\/wp-json\/wp\/v2\/product\/7269\/revisions\/7271"}],"wp:featuredmedia":[{"embeddable":true,"href":"https:\/\/baobolt.com\/index.php\/wp-json\/wp\/v2\/media\/7270"}],"wp:attachment":[{"href":"https:\/\/baobolt.com\/index.php\/wp-json\/wp\/v2\/media?parent=7269"}],"wp:term":[{"taxonomy":"product_brand","embeddable":true,"href":"https:\/\/baobolt.com\/index.php\/wp-json\/wp\/v2\/product_brand?post=7269"},{"taxonomy":"product_cat","embeddable":true,"href":"https:\/\/baobolt.com\/index.php\/wp-json\/wp\/v2\/product_cat?post=7269"},{"taxonomy":"product_tag","embeddable":true,"href":"https:\/\/baobolt.com\/index.php\/wp-json\/wp\/v2\/product_tag?post=7269"}],"curies":[{"name":"wp","href":"https:\/\/api.w.org\/{rel}","templated":true}]}}