{"id":7236,"date":"2024-01-28T15:53:17","date_gmt":"2024-01-28T14:53:17","guid":{"rendered":"https:\/\/baobolt.com\/?post_type=product&#038;p=7236"},"modified":"2024-01-28T15:53:17","modified_gmt":"2024-01-28T14:53:17","slug":"systeme-plasma-powermax65-sync","status":"publish","type":"product","link":"https:\/\/baobolt.com\/index.php\/produit\/systeme-plasma-powermax65-sync\/","title":{"rendered":"Syst\u00e8me plasma Powermax65 SYNC"},"content":{"rendered":"<h4>Capacit\u00e9 de coupe<\/h4>\n<table class=\"table table-striped table-bordered\">\n<tbody>\n<tr>\n<th>Capacit\u00e9<\/th>\n<th>\u00c9paisseur<\/th>\n<th>Vitesse de coupe<\/th>\n<\/tr>\n<tr>\n<td>Recommand\u00e9e<\/td>\n<td>20\u00a0mm (3\/4\u00a0po)<\/td>\n<td>500\u00a0mm\/min (20\u00a0po\/min)<\/td>\n<\/tr>\n<tr>\n<td><\/td>\n<td>25\u00a0mm (1\u00a0po)<\/td>\n<td>250\u00a0mm\/min (10\u00a0po\/min)<\/td>\n<\/tr>\n<tr>\n<td>Grossi\u00e8re (coupe manuelle)<\/td>\n<td>32\u00a0mm (1 1\/4 po)<\/td>\n<td>125\u00a0mm\/min (5\u00a0po\/min)<\/td>\n<\/tr>\n<tr>\n<td>Pierce (Per\u00e7age)<span class=\"asterisk\">*<\/span><\/td>\n<td>16\u00a0mm<\/td>\n<td><\/td>\n<\/tr>\n<\/tbody>\n<\/table>\n<p><em><span class=\"asterisk\">*<\/span>Capacit\u00e9 de per\u00e7age pour la coupe manuelle ou la coupe m\u00e9canique avec un dispositif de r\u00e9glage en hauteur de la torche programmable.<\/em><\/p>\n<h4><\/h4>\n","protected":false},"excerpt":{"rendered":"<div class=\"shorten\">\n<p>Le Powermax65 SYNC<sup>\u00ae<\/sup>\u00a0est une machine de coupe au plasma \u00e0 air de qualit\u00e9 professionnelle de nouvelle g\u00e9n\u00e9ration dont le fonctionnement simplifie consid\u00e9rablement le gougeage et la coupe recommand\u00e9e allant jusqu\u2019\u00e0 20 mm (3\/4 po). Syst\u00e8me dot\u00e9 de la configuration automatique de proc\u00e9d\u00e9 gr\u00e2ce aux torches SmartSYNC<sup>\u00ae<\/sup>\u00a0\u00e0 identification par radiofr\u00e9quence (RFID), ainsi que d\u2019une cartouche de consommables monobloc r\u00e9volutionnaire permettant le suivi des donn\u00e9es d\u2019utilisation. Le Powermax65 SYNC maximise la productivit\u00e9 en r\u00e9duisant les temps morts, en optimisant les performances et la qualit\u00e9 de coupe et en simplifiant la gestion des stocks de consommables.<\/p>\n<\/div>\n<p class=\"subtitle margin-bottom20\">\n<div class=\"container-fluid\">\n<div class=\"row\"><\/div>\n<\/div>\n","protected":false},"featured_media":7238,"comment_status":"open","ping_status":"closed","template":"","meta":{"_eb_attr":"","ocean_post_layout":"","ocean_both_sidebars_style":"","ocean_both_sidebars_content_width":0,"ocean_both_sidebars_sidebars_width":0,"ocean_sidebar":"0","ocean_second_sidebar":"0","ocean_disable_margins":"enable","ocean_add_body_class":"","ocean_shortcode_before_top_bar":"","ocean_shortcode_after_top_bar":"","ocean_shortcode_before_header":"","ocean_shortcode_after_header":"","ocean_has_shortcode":"","ocean_shortcode_after_title":"","ocean_shortcode_before_footer_widgets":"","ocean_shortcode_after_footer_widgets":"","ocean_shortcode_before_footer_bottom":"","ocean_shortcode_after_footer_bottom":"","ocean_display_top_bar":"default","ocean_display_header":"default","ocean_header_style":"","ocean_center_header_left_menu":"0","ocean_custom_header_template":"0","ocean_custom_logo":0,"ocean_custom_retina_logo":0,"ocean_custom_logo_max_width":0,"ocean_custom_logo_tablet_max_width":0,"ocean_custom_logo_mobile_max_width":0,"ocean_custom_logo_max_height":0,"ocean_custom_logo_tablet_max_height":0,"ocean_custom_logo_mobile_max_height":0,"ocean_header_custom_menu":"0","ocean_menu_typo_font_family":"0","ocean_menu_typo_font_subset":"","ocean_menu_typo_font_size":0,"ocean_menu_typo_font_size_tablet":0,"ocean_menu_typo_font_size_mobile":0,"ocean_menu_typo_font_size_unit":"px","ocean_menu_typo_font_weight":"","ocean_menu_typo_font_weight_tablet":"","ocean_menu_typo_font_weight_mobile":"","ocean_menu_typo_transform":"","ocean_menu_typo_transform_tablet":"","ocean_menu_typo_transform_mobile":"","ocean_menu_typo_line_height":0,"ocean_menu_typo_line_height_tablet":0,"ocean_menu_typo_line_height_mobile":0,"ocean_menu_typo_line_height_unit":"","ocean_menu_typo_spacing":0,"ocean_menu_typo_spacing_tablet":0,"ocean_menu_typo_spacing_mobile":0,"ocean_menu_typo_spacing_unit":"","ocean_menu_link_color":"","ocean_menu_link_color_hover":"","ocean_menu_link_color_active":"","ocean_menu_link_background":"","ocean_menu_link_hover_background":"","ocean_menu_link_active_background":"","ocean_menu_social_links_bg":"","ocean_menu_social_hover_links_bg":"","ocean_menu_social_links_color":"","ocean_menu_social_hover_links_color":"","ocean_disable_title":"default","ocean_disable_heading":"default","ocean_post_title":"","ocean_post_subheading":"","ocean_post_title_style":"","ocean_post_title_background_color":"","ocean_post_title_background":0,"ocean_post_title_bg_image_position":"","ocean_post_title_bg_image_attachment":"","ocean_post_title_bg_image_repeat":"","ocean_post_title_bg_image_size":"","ocean_post_title_height":0,"ocean_post_title_bg_overlay":0.5,"ocean_post_title_bg_overlay_color":"","ocean_disable_breadcrumbs":"default","ocean_breadcrumbs_color":"","ocean_breadcrumbs_separator_color":"","ocean_breadcrumbs_links_color":"","ocean_breadcrumbs_links_hover_color":"","ocean_display_footer_widgets":"default","ocean_display_footer_bottom":"default","ocean_custom_footer_template":"0"},"product_brand":[],"product_cat":[64,62],"product_tag":[],"class_list":{"0":"post-7236","1":"product","2":"type-product","3":"status-publish","4":"has-post-thumbnail","6":"product_cat-hypertherm","7":"product_cat-coupage-plasma","9":"entry","10":"has-media","12":"first","13":"instock","14":"shipping-taxable","15":"product-type-simple","16":"has-product-nav","17":"col","18":"span_1_of_5","19":"owp-content-center","20":"owp-thumbs-layout-vertical","21":"owp-btn-big","22":"owp-tabs-layout-vertical","24":"circle-sale"},"_links":{"self":[{"href":"https:\/\/baobolt.com\/index.php\/wp-json\/wp\/v2\/product\/7236","targetHints":{"allow":["GET"]}}],"collection":[{"href":"https:\/\/baobolt.com\/index.php\/wp-json\/wp\/v2\/product"}],"about":[{"href":"https:\/\/baobolt.com\/index.php\/wp-json\/wp\/v2\/types\/product"}],"replies":[{"embeddable":true,"href":"https:\/\/baobolt.com\/index.php\/wp-json\/wp\/v2\/comments?post=7236"}],"version-history":[{"count":2,"href":"https:\/\/baobolt.com\/index.php\/wp-json\/wp\/v2\/product\/7236\/revisions"}],"predecessor-version":[{"id":7240,"href":"https:\/\/baobolt.com\/index.php\/wp-json\/wp\/v2\/product\/7236\/revisions\/7240"}],"wp:featuredmedia":[{"embeddable":true,"href":"https:\/\/baobolt.com\/index.php\/wp-json\/wp\/v2\/media\/7238"}],"wp:attachment":[{"href":"https:\/\/baobolt.com\/index.php\/wp-json\/wp\/v2\/media?parent=7236"}],"wp:term":[{"taxonomy":"product_brand","embeddable":true,"href":"https:\/\/baobolt.com\/index.php\/wp-json\/wp\/v2\/product_brand?post=7236"},{"taxonomy":"product_cat","embeddable":true,"href":"https:\/\/baobolt.com\/index.php\/wp-json\/wp\/v2\/product_cat?post=7236"},{"taxonomy":"product_tag","embeddable":true,"href":"https:\/\/baobolt.com\/index.php\/wp-json\/wp\/v2\/product_tag?post=7236"}],"curies":[{"name":"wp","href":"https:\/\/api.w.org\/{rel}","templated":true}]}}