{"id":7166,"date":"2024-01-28T12:34:23","date_gmt":"2024-01-28T11:34:23","guid":{"rendered":"https:\/\/baobolt.com\/?post_type=product&#038;p=7166"},"modified":"2024-01-28T12:34:23","modified_gmt":"2024-01-28T11:34:23","slug":"electrodes-de-soudage-bohler-fox-ev-50-e7018-1-h4r-drysystem","status":"publish","type":"product","link":"https:\/\/baobolt.com\/index.php\/produit\/electrodes-de-soudage-bohler-fox-ev-50-e7018-1-h4r-drysystem\/","title":{"rendered":"\u00c9lectrodes De Soudage Bohler FOX EV 50 E7018-1 H4R (DrySystem)"},"content":{"rendered":"","protected":false},"excerpt":{"rendered":"<p><span>\u00c9lectrode enrob\u00e9e de base con\u00e7ue pour des soudures de haute qualit\u00e9. Excellentes propri\u00e9t\u00e9s de r\u00e9sistance et de t\u00e9nacit\u00e9 jusqu&rsquo;\u00e0 -50\u00b0C. R\u00e9cup\u00e9ration des m\u00e9taux environ 110 %. Bonne soudabilit\u00e9 dans toutes les positions sauf verticalement vers le bas. Tr\u00e8s faible teneur en hydrog\u00e8ne (selon la condition AWS HD &lt; 4 ml\/100 g de m\u00e9tal fondu). Convient au soudage des aciers \u00e0 faible puret\u00e9 et \u00e0 haute teneur en carbone. Soudage dans la construction m\u00e9tallique, la fabrication de chaudi\u00e8res et de r\u00e9servoirs, la construction automobile, la construction navale et la construction de machines ainsi que pour les couches tampons sur les aciers \u00e0 haute teneur en carbone. Particuli\u00e8rement adapt\u00e9 \u00e0 la construction offshore, test\u00e9 CTOD \u00e0 -10 \u00b0C. B\u00d6HLER FOX EV 50 peut \u00eatre utilis\u00e9 dans les applications sur gaz corrosifs (Test HIC selon NACE TM-02-84).<\/span><\/p>\n<p><span>\u00a0EN ISO 2560-AE 42 5 B 4 2 H5<\/span><\/p>\n<p><span>EN ISO 2560-B E4918-1 AU H5<\/span><\/p>\n<p><span>AWS A5.1M E4918-1H4R<\/span><\/p>\n<p><span>AWS A5.1 \/ SFA-5.1 E7018-1H4R<\/span><\/p>\n","protected":false},"featured_media":7164,"comment_status":"open","ping_status":"closed","template":"","meta":{"_eb_attr":"","ocean_post_layout":"","ocean_both_sidebars_style":"","ocean_both_sidebars_content_width":0,"ocean_both_sidebars_sidebars_width":0,"ocean_sidebar":"0","ocean_second_sidebar":"0","ocean_disable_margins":"enable","ocean_add_body_class":"","ocean_shortcode_before_top_bar":"","ocean_shortcode_after_top_bar":"","ocean_shortcode_before_header":"","ocean_shortcode_after_header":"","ocean_has_shortcode":"","ocean_shortcode_after_title":"","ocean_shortcode_before_footer_widgets":"","ocean_shortcode_after_footer_widgets":"","ocean_shortcode_before_footer_bottom":"","ocean_shortcode_after_footer_bottom":"","ocean_display_top_bar":"default","ocean_display_header":"default","ocean_header_style":"","ocean_center_header_left_menu":"0","ocean_custom_header_template":"0","ocean_custom_logo":0,"ocean_custom_retina_logo":0,"ocean_custom_logo_max_width":0,"ocean_custom_logo_tablet_max_width":0,"ocean_custom_logo_mobile_max_width":0,"ocean_custom_logo_max_height":0,"ocean_custom_logo_tablet_max_height":0,"ocean_custom_logo_mobile_max_height":0,"ocean_header_custom_menu":"0","ocean_menu_typo_font_family":"0","ocean_menu_typo_font_subset":"","ocean_menu_typo_font_size":0,"ocean_menu_typo_font_size_tablet":0,"ocean_menu_typo_font_size_mobile":0,"ocean_menu_typo_font_size_unit":"px","ocean_menu_typo_font_weight":"","ocean_menu_typo_font_weight_tablet":"","ocean_menu_typo_font_weight_mobile":"","ocean_menu_typo_transform":"","ocean_menu_typo_transform_tablet":"","ocean_menu_typo_transform_mobile":"","ocean_menu_typo_line_height":0,"ocean_menu_typo_line_height_tablet":0,"ocean_menu_typo_line_height_mobile":0,"ocean_menu_typo_line_height_unit":"","ocean_menu_typo_spacing":0,"ocean_menu_typo_spacing_tablet":0,"ocean_menu_typo_spacing_mobile":0,"ocean_menu_typo_spacing_unit":"","ocean_menu_link_color":"","ocean_menu_link_color_hover":"","ocean_menu_link_color_active":"","ocean_menu_link_background":"","ocean_menu_link_hover_background":"","ocean_menu_link_active_background":"","ocean_menu_social_links_bg":"","ocean_menu_social_hover_links_bg":"","ocean_menu_social_links_color":"","ocean_menu_social_hover_links_color":"","ocean_disable_title":"default","ocean_disable_heading":"default","ocean_post_title":"","ocean_post_subheading":"","ocean_post_title_style":"","ocean_post_title_background_color":"","ocean_post_title_background":0,"ocean_post_title_bg_image_position":"","ocean_post_title_bg_image_attachment":"","ocean_post_title_bg_image_repeat":"","ocean_post_title_bg_image_size":"","ocean_post_title_height":0,"ocean_post_title_bg_overlay":0.5,"ocean_post_title_bg_overlay_color":"","ocean_disable_breadcrumbs":"default","ocean_breadcrumbs_color":"","ocean_breadcrumbs_separator_color":"","ocean_breadcrumbs_links_color":"","ocean_breadcrumbs_links_hover_color":"","ocean_display_footer_widgets":"default","ocean_display_footer_bottom":"default","ocean_custom_footer_template":"0"},"product_brand":[],"product_cat":[93],"product_tag":[],"class_list":{"0":"post-7166","1":"product","2":"type-product","3":"status-publish","4":"has-post-thumbnail","6":"product_cat-electrodes-et-baguettes-de-soudage","8":"entry","9":"has-media","11":"first","12":"instock","13":"shipping-taxable","14":"product-type-simple","15":"has-product-nav","16":"col","17":"span_1_of_5","18":"owp-content-center","19":"owp-thumbs-layout-vertical","20":"owp-btn-big","21":"owp-tabs-layout-vertical","22":"has-no-thumbnails","24":"circle-sale"},"_links":{"self":[{"href":"https:\/\/baobolt.com\/index.php\/wp-json\/wp\/v2\/product\/7166","targetHints":{"allow":["GET"]}}],"collection":[{"href":"https:\/\/baobolt.com\/index.php\/wp-json\/wp\/v2\/product"}],"about":[{"href":"https:\/\/baobolt.com\/index.php\/wp-json\/wp\/v2\/types\/product"}],"replies":[{"embeddable":true,"href":"https:\/\/baobolt.com\/index.php\/wp-json\/wp\/v2\/comments?post=7166"}],"version-history":[{"count":1,"href":"https:\/\/baobolt.com\/index.php\/wp-json\/wp\/v2\/product\/7166\/revisions"}],"predecessor-version":[{"id":7167,"href":"https:\/\/baobolt.com\/index.php\/wp-json\/wp\/v2\/product\/7166\/revisions\/7167"}],"wp:featuredmedia":[{"embeddable":true,"href":"https:\/\/baobolt.com\/index.php\/wp-json\/wp\/v2\/media\/7164"}],"wp:attachment":[{"href":"https:\/\/baobolt.com\/index.php\/wp-json\/wp\/v2\/media?parent=7166"}],"wp:term":[{"taxonomy":"product_brand","embeddable":true,"href":"https:\/\/baobolt.com\/index.php\/wp-json\/wp\/v2\/product_brand?post=7166"},{"taxonomy":"product_cat","embeddable":true,"href":"https:\/\/baobolt.com\/index.php\/wp-json\/wp\/v2\/product_cat?post=7166"},{"taxonomy":"product_tag","embeddable":true,"href":"https:\/\/baobolt.com\/index.php\/wp-json\/wp\/v2\/product_tag?post=7166"}],"curies":[{"name":"wp","href":"https:\/\/api.w.org\/{rel}","templated":true}]}}