{"id":7163,"date":"2024-01-28T12:32:56","date_gmt":"2024-01-28T11:32:56","guid":{"rendered":"https:\/\/baobolt.com\/?post_type=product&#038;p=7163"},"modified":"2024-01-28T12:32:56","modified_gmt":"2024-01-28T11:32:56","slug":"electrodes-de-soudage-bohler-fox-dmo-kb-e7018-a1-h4-r-drysystem","status":"publish","type":"product","link":"https:\/\/baobolt.com\/index.php\/produit\/electrodes-de-soudage-bohler-fox-dmo-kb-e7018-a1-h4-r-drysystem\/","title":{"rendered":"\u00c9lectrodes De Soudage Bohler FOX DMO Kb E7018-A1 H4 R (DrySystem)"},"content":{"rendered":"","protected":false},"excerpt":{"rendered":"<p><span>B\u00d6HLER FOX DMO kb est une \u00e9lectrode enrob\u00e9e avec rev\u00eatement de base pour le soudage \u00e0 l&rsquo;arc avec m\u00e9tal blind\u00e9. La microstructure m\u00e9tallique soud\u00e9e de type 0,5 Mo pr\u00e9sente de la ferrite et de la bainite aciculaires avec des propri\u00e9t\u00e9s m\u00e9caniques favorables \u00e0 l&rsquo;\u00e9tat brut de soudage et de traitement thermique apr\u00e8s soudage. La gamme d&rsquo;applications couvre le soudage par assemblage d&rsquo;aciers alli\u00e9s similaires r\u00e9sistant au fluage et d&rsquo;aciers moul\u00e9s jusqu&rsquo;\u00e0 l&rsquo;assemblage d&rsquo;aciers de construction \u00e0 haute r\u00e9sistance, \u00e0 grains fins et pour pipelines. B\u00d6HLER FOX DMO kb est approuv\u00e9 pour une application dans des conditions de fluage \u00e0 des temp\u00e9ratures de conception allant jusqu&rsquo;\u00e0 550 \u00baC. L&rsquo;\u00e9nergie d&rsquo;impact est excellente jusqu&rsquo;\u00e0 des temp\u00e9ratures &lt; -50 \u00baC. Le rev\u00eatement optimis\u00e9 de B\u00d6HLER FOX DMO kb entra\u00eene une absorption minimale d&rsquo;humidit\u00e9 et garantit un faible niveau d&rsquo;hydrog\u00e8ne diffusible dans le m\u00e9tal fondu et une r\u00e9cup\u00e9ration du m\u00e9tal de 115 %.<\/span><\/p>\n<p><span>EN ISO 3580-AE Mo B 4 2 H5<\/span><\/p>\n<p><span>EN ISO 3580-B E4918-1M3 H5\u00a0<\/span><\/p>\n<p><span>EN ISO 2560-AE 46 5 Mo B 4 2 H5<\/span><\/p>\n<p><span>EN ISO 2560-B E4918-1M3 AU H5\u00a0<\/span><\/p>\n<p><span>AWS A5.5 \/ SFA-5.5 E7018-A1 H4R<\/span><\/p>\n<p><span>AWS A5.5M E4918-A1 H4R\u00a0<\/span><\/p>\n","protected":false},"featured_media":7164,"comment_status":"open","ping_status":"closed","template":"","meta":{"_eb_attr":"","ocean_post_layout":"","ocean_both_sidebars_style":"","ocean_both_sidebars_content_width":0,"ocean_both_sidebars_sidebars_width":0,"ocean_sidebar":"0","ocean_second_sidebar":"0","ocean_disable_margins":"enable","ocean_add_body_class":"","ocean_shortcode_before_top_bar":"","ocean_shortcode_after_top_bar":"","ocean_shortcode_before_header":"","ocean_shortcode_after_header":"","ocean_has_shortcode":"","ocean_shortcode_after_title":"","ocean_shortcode_before_footer_widgets":"","ocean_shortcode_after_footer_widgets":"","ocean_shortcode_before_footer_bottom":"","ocean_shortcode_after_footer_bottom":"","ocean_display_top_bar":"default","ocean_display_header":"default","ocean_header_style":"","ocean_center_header_left_menu":"0","ocean_custom_header_template":"0","ocean_custom_logo":0,"ocean_custom_retina_logo":0,"ocean_custom_logo_max_width":0,"ocean_custom_logo_tablet_max_width":0,"ocean_custom_logo_mobile_max_width":0,"ocean_custom_logo_max_height":0,"ocean_custom_logo_tablet_max_height":0,"ocean_custom_logo_mobile_max_height":0,"ocean_header_custom_menu":"0","ocean_menu_typo_font_family":"0","ocean_menu_typo_font_subset":"","ocean_menu_typo_font_size":0,"ocean_menu_typo_font_size_tablet":0,"ocean_menu_typo_font_size_mobile":0,"ocean_menu_typo_font_size_unit":"px","ocean_menu_typo_font_weight":"","ocean_menu_typo_font_weight_tablet":"","ocean_menu_typo_font_weight_mobile":"","ocean_menu_typo_transform":"","ocean_menu_typo_transform_tablet":"","ocean_menu_typo_transform_mobile":"","ocean_menu_typo_line_height":0,"ocean_menu_typo_line_height_tablet":0,"ocean_menu_typo_line_height_mobile":0,"ocean_menu_typo_line_height_unit":"","ocean_menu_typo_spacing":0,"ocean_menu_typo_spacing_tablet":0,"ocean_menu_typo_spacing_mobile":0,"ocean_menu_typo_spacing_unit":"","ocean_menu_link_color":"","ocean_menu_link_color_hover":"","ocean_menu_link_color_active":"","ocean_menu_link_background":"","ocean_menu_link_hover_background":"","ocean_menu_link_active_background":"","ocean_menu_social_links_bg":"","ocean_menu_social_hover_links_bg":"","ocean_menu_social_links_color":"","ocean_menu_social_hover_links_color":"","ocean_disable_title":"default","ocean_disable_heading":"default","ocean_post_title":"","ocean_post_subheading":"","ocean_post_title_style":"","ocean_post_title_background_color":"","ocean_post_title_background":0,"ocean_post_title_bg_image_position":"","ocean_post_title_bg_image_attachment":"","ocean_post_title_bg_image_repeat":"","ocean_post_title_bg_image_size":"","ocean_post_title_height":0,"ocean_post_title_bg_overlay":0.5,"ocean_post_title_bg_overlay_color":"","ocean_disable_breadcrumbs":"default","ocean_breadcrumbs_color":"","ocean_breadcrumbs_separator_color":"","ocean_breadcrumbs_links_color":"","ocean_breadcrumbs_links_hover_color":"","ocean_display_footer_widgets":"default","ocean_display_footer_bottom":"default","ocean_custom_footer_template":"0"},"product_brand":[],"product_cat":[93],"product_tag":[],"class_list":{"0":"post-7163","1":"product","2":"type-product","3":"status-publish","4":"has-post-thumbnail","6":"product_cat-electrodes-et-baguettes-de-soudage","8":"entry","9":"has-media","11":"first","12":"instock","13":"shipping-taxable","14":"product-type-simple","15":"has-product-nav","16":"col","17":"span_1_of_5","18":"owp-content-center","19":"owp-thumbs-layout-vertical","20":"owp-btn-big","21":"owp-tabs-layout-vertical","22":"has-no-thumbnails","24":"circle-sale"},"_links":{"self":[{"href":"https:\/\/baobolt.com\/index.php\/wp-json\/wp\/v2\/product\/7163","targetHints":{"allow":["GET"]}}],"collection":[{"href":"https:\/\/baobolt.com\/index.php\/wp-json\/wp\/v2\/product"}],"about":[{"href":"https:\/\/baobolt.com\/index.php\/wp-json\/wp\/v2\/types\/product"}],"replies":[{"embeddable":true,"href":"https:\/\/baobolt.com\/index.php\/wp-json\/wp\/v2\/comments?post=7163"}],"version-history":[{"count":1,"href":"https:\/\/baobolt.com\/index.php\/wp-json\/wp\/v2\/product\/7163\/revisions"}],"predecessor-version":[{"id":7165,"href":"https:\/\/baobolt.com\/index.php\/wp-json\/wp\/v2\/product\/7163\/revisions\/7165"}],"wp:featuredmedia":[{"embeddable":true,"href":"https:\/\/baobolt.com\/index.php\/wp-json\/wp\/v2\/media\/7164"}],"wp:attachment":[{"href":"https:\/\/baobolt.com\/index.php\/wp-json\/wp\/v2\/media?parent=7163"}],"wp:term":[{"taxonomy":"product_brand","embeddable":true,"href":"https:\/\/baobolt.com\/index.php\/wp-json\/wp\/v2\/product_brand?post=7163"},{"taxonomy":"product_cat","embeddable":true,"href":"https:\/\/baobolt.com\/index.php\/wp-json\/wp\/v2\/product_cat?post=7163"},{"taxonomy":"product_tag","embeddable":true,"href":"https:\/\/baobolt.com\/index.php\/wp-json\/wp\/v2\/product_tag?post=7163"}],"curies":[{"name":"wp","href":"https:\/\/api.w.org\/{rel}","templated":true}]}}