{"id":7156,"date":"2024-01-28T12:25:50","date_gmt":"2024-01-28T11:25:50","guid":{"rendered":"https:\/\/baobolt.com\/?post_type=product&#038;p=7156"},"modified":"2024-02-25T02:21:54","modified_gmt":"2024-02-25T01:21:54","slug":"utp-65-d-312-29-9-electrodes-de-soudage-differentes","status":"publish","type":"product","link":"https:\/\/baobolt.com\/index.php\/produit\/utp-65-d-312-29-9-electrodes-de-soudage-differentes\/","title":{"rendered":"UTP 65 D 312 \/ 29\/9 \u00c9lectrodes De Soudage Diff\u00e9rentes"},"content":{"rendered":"<p>L&rsquo;UTP 65 est particuli\u00e8rement adapt\u00e9 \u00e0 l&rsquo;assemblage d&rsquo;aciers difficilement soudables lorsque les exigences les plus \u00e9lev\u00e9es en mati\u00e8re de cordon de soudure sont impos\u00e9es. Haute r\u00e9sistance \u00e0 la fissuration lors de l&rsquo;assemblage de m\u00e9taux de base pr\u00e9sentant des soudabilit\u00e9s difficiles, tels que les aciers aust\u00e9nitiques et ferritiques, les aciers \u00e0 haute teneur en mangan\u00e8se avec des aciers alli\u00e9s et non alli\u00e9s, les aciers pour traitement thermique et les aciers \u00e0 outils. En tant que couche de rembourrage sur ces mat\u00e9riaux, elle est \u00e9galement parfaitement adapt\u00e9e. L&rsquo;UTP 65 trouve de nombreuses applications dans la r\u00e9paration et la maintenance de composants de machines et d&rsquo;entra\u00eenement ainsi que dans la r\u00e9paration d&rsquo;outils. Propri\u00e9t\u00e9s de soudage et propri\u00e9t\u00e9s particuli\u00e8res du m\u00e9tal fondu UTP 65 est tr\u00e8s facilement soudable avec un arc lisse et stable, un aspect de cordon homog\u00e8ne et finement ondul\u00e9 et donne une tr\u00e8s bonne \u00e9limination des scories, auto-relevable par parties. Le d\u00e9p\u00f4t de soudure aust\u00e9nitique-ferritique pr\u00e9sente les valeurs de r\u00e9sistance les plus \u00e9lev\u00e9es et une r\u00e9sistance \u00e9lev\u00e9e aux fissures. Durcissant, r\u00e9sistant au fluage et inoxydable. La duret\u00e9 du m\u00e9tal soud\u00e9 pur env. 240 HB fourni par paquet de 1,0 kg<\/p>\n","protected":false},"excerpt":{"rendered":"<ul>\n<li>Haute r\u00e9sistance aux fissures<\/li>\n<li>Facilement soudable avec un arc lisse<\/li>\n<li>Particuli\u00e8rement adapt\u00e9 \u00e0 l&rsquo;assemblage d&rsquo;aciers difficilement soudables lorsque les exigences les plus \u00e9lev\u00e9es en mati\u00e8re de cordon de soudure sont impos\u00e9es<\/li>\n<li>\u00c9crouissage, r\u00e9sistance au fluage et acier inoxydable<\/li>\n<\/ul>\n","protected":false},"featured_media":7750,"comment_status":"open","ping_status":"closed","template":"","meta":{"_eb_attr":"","ocean_post_layout":"","ocean_both_sidebars_style":"","ocean_both_sidebars_content_width":0,"ocean_both_sidebars_sidebars_width":0,"ocean_sidebar":"0","ocean_second_sidebar":"0","ocean_disable_margins":"enable","ocean_add_body_class":"","ocean_shortcode_before_top_bar":"","ocean_shortcode_after_top_bar":"","ocean_shortcode_before_header":"","ocean_shortcode_after_header":"","ocean_has_shortcode":"","ocean_shortcode_after_title":"","ocean_shortcode_before_footer_widgets":"","ocean_shortcode_after_footer_widgets":"","ocean_shortcode_before_footer_bottom":"","ocean_shortcode_after_footer_bottom":"","ocean_display_top_bar":"default","ocean_display_header":"default","ocean_header_style":"","ocean_center_header_left_menu":"0","ocean_custom_header_template":"0","ocean_custom_logo":0,"ocean_custom_retina_logo":0,"ocean_custom_logo_max_width":0,"ocean_custom_logo_tablet_max_width":0,"ocean_custom_logo_mobile_max_width":0,"ocean_custom_logo_max_height":0,"ocean_custom_logo_tablet_max_height":0,"ocean_custom_logo_mobile_max_height":0,"ocean_header_custom_menu":"0","ocean_menu_typo_font_family":"0","ocean_menu_typo_font_subset":"","ocean_menu_typo_font_size":0,"ocean_menu_typo_font_size_tablet":0,"ocean_menu_typo_font_size_mobile":0,"ocean_menu_typo_font_size_unit":"px","ocean_menu_typo_font_weight":"","ocean_menu_typo_font_weight_tablet":"","ocean_menu_typo_font_weight_mobile":"","ocean_menu_typo_transform":"","ocean_menu_typo_transform_tablet":"","ocean_menu_typo_transform_mobile":"","ocean_menu_typo_line_height":0,"ocean_menu_typo_line_height_tablet":0,"ocean_menu_typo_line_height_mobile":0,"ocean_menu_typo_line_height_unit":"","ocean_menu_typo_spacing":0,"ocean_menu_typo_spacing_tablet":0,"ocean_menu_typo_spacing_mobile":0,"ocean_menu_typo_spacing_unit":"","ocean_menu_link_color":"","ocean_menu_link_color_hover":"","ocean_menu_link_color_active":"","ocean_menu_link_background":"","ocean_menu_link_hover_background":"","ocean_menu_link_active_background":"","ocean_menu_social_links_bg":"","ocean_menu_social_hover_links_bg":"","ocean_menu_social_links_color":"","ocean_menu_social_hover_links_color":"","ocean_disable_title":"default","ocean_disable_heading":"default","ocean_post_title":"","ocean_post_subheading":"","ocean_post_title_style":"","ocean_post_title_background_color":"","ocean_post_title_background":0,"ocean_post_title_bg_image_position":"","ocean_post_title_bg_image_attachment":"","ocean_post_title_bg_image_repeat":"","ocean_post_title_bg_image_size":"","ocean_post_title_height":0,"ocean_post_title_bg_overlay":0.5,"ocean_post_title_bg_overlay_color":"","ocean_disable_breadcrumbs":"default","ocean_breadcrumbs_color":"","ocean_breadcrumbs_separator_color":"","ocean_breadcrumbs_links_color":"","ocean_breadcrumbs_links_hover_color":"","ocean_display_footer_widgets":"default","ocean_display_footer_bottom":"default","ocean_custom_footer_template":"0"},"product_brand":[],"product_cat":[93],"product_tag":[],"class_list":{"0":"post-7156","1":"product","2":"type-product","3":"status-publish","4":"has-post-thumbnail","6":"product_cat-electrodes-et-baguettes-de-soudage","8":"entry","9":"has-media","11":"first","12":"instock","13":"shipping-taxable","14":"product-type-simple","15":"has-product-nav","16":"col","17":"span_1_of_5","18":"owp-content-center","19":"owp-thumbs-layout-vertical","20":"owp-btn-big","21":"owp-tabs-layout-vertical","22":"has-no-thumbnails","24":"circle-sale"},"_links":{"self":[{"href":"https:\/\/baobolt.com\/index.php\/wp-json\/wp\/v2\/product\/7156","targetHints":{"allow":["GET"]}}],"collection":[{"href":"https:\/\/baobolt.com\/index.php\/wp-json\/wp\/v2\/product"}],"about":[{"href":"https:\/\/baobolt.com\/index.php\/wp-json\/wp\/v2\/types\/product"}],"replies":[{"embeddable":true,"href":"https:\/\/baobolt.com\/index.php\/wp-json\/wp\/v2\/comments?post=7156"}],"version-history":[{"count":2,"href":"https:\/\/baobolt.com\/index.php\/wp-json\/wp\/v2\/product\/7156\/revisions"}],"predecessor-version":[{"id":7751,"href":"https:\/\/baobolt.com\/index.php\/wp-json\/wp\/v2\/product\/7156\/revisions\/7751"}],"wp:featuredmedia":[{"embeddable":true,"href":"https:\/\/baobolt.com\/index.php\/wp-json\/wp\/v2\/media\/7750"}],"wp:attachment":[{"href":"https:\/\/baobolt.com\/index.php\/wp-json\/wp\/v2\/media?parent=7156"}],"wp:term":[{"taxonomy":"product_brand","embeddable":true,"href":"https:\/\/baobolt.com\/index.php\/wp-json\/wp\/v2\/product_brand?post=7156"},{"taxonomy":"product_cat","embeddable":true,"href":"https:\/\/baobolt.com\/index.php\/wp-json\/wp\/v2\/product_cat?post=7156"},{"taxonomy":"product_tag","embeddable":true,"href":"https:\/\/baobolt.com\/index.php\/wp-json\/wp\/v2\/product_tag?post=7156"}],"curies":[{"name":"wp","href":"https:\/\/api.w.org\/{rel}","templated":true}]}}