{"id":7150,"date":"2024-01-28T12:19:45","date_gmt":"2024-01-28T11:19:45","guid":{"rendered":"https:\/\/baobolt.com\/?post_type=product&#038;p=7150"},"modified":"2024-02-25T02:11:49","modified_gmt":"2024-02-25T01:11:49","slug":"electrodes-de-soudage-bohler-fox-eas-2-a-308l","status":"publish","type":"product","link":"https:\/\/baobolt.com\/index.php\/produit\/electrodes-de-soudage-bohler-fox-eas-2-a-308l\/","title":{"rendered":"\u00c9lectrodes De Soudage Bohler FOX EAS 2-A 308L"},"content":{"rendered":"<p>&nbsp;<\/p>\n<div class=\"columns\">\n<div class=\"column main\">\n<div class=\"product info detailed\">\n<div class=\"product data items mage-tabs-disabled\">\n<div class=\"data-tabs-content\">\n<div id=\"description\" class=\"data item content\" role=\"tabpanel\" data-role=\"content\" aria-labelledby=\"tab-label-description\" aria-hidden=\"false\">\n<div class=\"product attribute description\">\n<div class=\"value\">\n<p>\u00c9lectrode rutile, fil d&rsquo;\u00e2me en acier inoxydable alli\u00e9. Utilis\u00e9 de pr\u00e9f\u00e9rence pour les nuances d&rsquo;acier 1.4306 \/ 304L \/ 304LN. BOHLER FOX EAS 2-A est r\u00e9put\u00e9 pour ses caract\u00e9ristiques de soudage et sa m\u00e9tallurgie sup\u00e9rieures. Peut \u00eatre utilis\u00e9 sur AC ou DC. Les autres caract\u00e9ristiques comprennent une capacit\u00e9 de transport de courant \u00e9lev\u00e9e, une formation minimale de projections, des scories auto-lib\u00e9rantes, un profil de soudure lisse et propre, une s\u00e9curit\u00e9 contre la formation de porosit\u00e9 gr\u00e2ce \u00e0 un rev\u00eatement r\u00e9sistant \u00e0 l&rsquo;humidit\u00e9 et un emballage dans des bo\u00eetes herm\u00e9tiquement ferm\u00e9es. R\u00e9sistant \u00e0 la corrosion intergranulaire jusqu&rsquo;\u00e0 +350<\/p>\n<\/div>\n<\/div>\n<\/div>\n<\/div>\n<\/div>\n<\/div>\n<\/div>\n<\/div>\n<p>&nbsp;<\/p>\n<footer class=\"page-footer\">\n<div class=\"block-footer-top\">\n<div data-content-type=\"html\" data-appearance=\"default\" data-element=\"main\" data-decoded=\"true\">\n<div id=\"cms-static-main-footer\" class=\"cms-static-main-footer\">\n<div class=\"container\">\n<div class=\"footer-top\">\n<div class=\"row\">\n<div class=\"col-xs-12 col-sm-12 col-md-12 col-lg-12\">\n<div class=\"box-content\"><\/div>\n<\/div>\n<\/div>\n<\/div>\n<\/div>\n<\/div>\n<\/div>\n<\/div>\n<\/footer>\n","protected":false},"excerpt":{"rendered":"<ul>\n<li>Peut \u00eatre utilis\u00e9 sur AC ou DC<\/li>\n<li>Capacit\u00e9 de charge de courant \u00e9lev\u00e9e<\/li>\n<li>Formation minimale de projections<\/li>\n<li>Scories auto-lib\u00e9rantes<\/li>\n<li>R\u00e9sistant \u00e0 l&rsquo;humidit\u00e9<\/li>\n<li>Profil de soudure lisse et propre<\/li>\n<\/ul>\n","protected":false},"featured_media":7743,"comment_status":"open","ping_status":"closed","template":"","meta":{"_eb_attr":"","ocean_post_layout":"","ocean_both_sidebars_style":"","ocean_both_sidebars_content_width":0,"ocean_both_sidebars_sidebars_width":0,"ocean_sidebar":"0","ocean_second_sidebar":"0","ocean_disable_margins":"enable","ocean_add_body_class":"","ocean_shortcode_before_top_bar":"","ocean_shortcode_after_top_bar":"","ocean_shortcode_before_header":"","ocean_shortcode_after_header":"","ocean_has_shortcode":"","ocean_shortcode_after_title":"","ocean_shortcode_before_footer_widgets":"","ocean_shortcode_after_footer_widgets":"","ocean_shortcode_before_footer_bottom":"","ocean_shortcode_after_footer_bottom":"","ocean_display_top_bar":"default","ocean_display_header":"default","ocean_header_style":"","ocean_center_header_left_menu":"0","ocean_custom_header_template":"0","ocean_custom_logo":0,"ocean_custom_retina_logo":0,"ocean_custom_logo_max_width":0,"ocean_custom_logo_tablet_max_width":0,"ocean_custom_logo_mobile_max_width":0,"ocean_custom_logo_max_height":0,"ocean_custom_logo_tablet_max_height":0,"ocean_custom_logo_mobile_max_height":0,"ocean_header_custom_menu":"0","ocean_menu_typo_font_family":"0","ocean_menu_typo_font_subset":"","ocean_menu_typo_font_size":0,"ocean_menu_typo_font_size_tablet":0,"ocean_menu_typo_font_size_mobile":0,"ocean_menu_typo_font_size_unit":"px","ocean_menu_typo_font_weight":"","ocean_menu_typo_font_weight_tablet":"","ocean_menu_typo_font_weight_mobile":"","ocean_menu_typo_transform":"","ocean_menu_typo_transform_tablet":"","ocean_menu_typo_transform_mobile":"","ocean_menu_typo_line_height":0,"ocean_menu_typo_line_height_tablet":0,"ocean_menu_typo_line_height_mobile":0,"ocean_menu_typo_line_height_unit":"","ocean_menu_typo_spacing":0,"ocean_menu_typo_spacing_tablet":0,"ocean_menu_typo_spacing_mobile":0,"ocean_menu_typo_spacing_unit":"","ocean_menu_link_color":"","ocean_menu_link_color_hover":"","ocean_menu_link_color_active":"","ocean_menu_link_background":"","ocean_menu_link_hover_background":"","ocean_menu_link_active_background":"","ocean_menu_social_links_bg":"","ocean_menu_social_hover_links_bg":"","ocean_menu_social_links_color":"","ocean_menu_social_hover_links_color":"","ocean_disable_title":"default","ocean_disable_heading":"default","ocean_post_title":"","ocean_post_subheading":"","ocean_post_title_style":"","ocean_post_title_background_color":"","ocean_post_title_background":0,"ocean_post_title_bg_image_position":"","ocean_post_title_bg_image_attachment":"","ocean_post_title_bg_image_repeat":"","ocean_post_title_bg_image_size":"","ocean_post_title_height":0,"ocean_post_title_bg_overlay":0.5,"ocean_post_title_bg_overlay_color":"","ocean_disable_breadcrumbs":"default","ocean_breadcrumbs_color":"","ocean_breadcrumbs_separator_color":"","ocean_breadcrumbs_links_color":"","ocean_breadcrumbs_links_hover_color":"","ocean_display_footer_widgets":"default","ocean_display_footer_bottom":"default","ocean_custom_footer_template":"0"},"product_brand":[],"product_cat":[93],"product_tag":[],"class_list":{"0":"post-7150","1":"product","2":"type-product","3":"status-publish","4":"has-post-thumbnail","6":"product_cat-electrodes-et-baguettes-de-soudage","8":"entry","9":"has-media","11":"first","12":"instock","13":"shipping-taxable","14":"product-type-simple","15":"has-product-nav","16":"col","17":"span_1_of_5","18":"owp-content-center","19":"owp-thumbs-layout-vertical","20":"owp-btn-big","21":"owp-tabs-layout-vertical","22":"has-no-thumbnails","24":"circle-sale"},"_links":{"self":[{"href":"https:\/\/baobolt.com\/index.php\/wp-json\/wp\/v2\/product\/7150","targetHints":{"allow":["GET"]}}],"collection":[{"href":"https:\/\/baobolt.com\/index.php\/wp-json\/wp\/v2\/product"}],"about":[{"href":"https:\/\/baobolt.com\/index.php\/wp-json\/wp\/v2\/types\/product"}],"replies":[{"embeddable":true,"href":"https:\/\/baobolt.com\/index.php\/wp-json\/wp\/v2\/comments?post=7150"}],"version-history":[{"count":2,"href":"https:\/\/baobolt.com\/index.php\/wp-json\/wp\/v2\/product\/7150\/revisions"}],"predecessor-version":[{"id":7744,"href":"https:\/\/baobolt.com\/index.php\/wp-json\/wp\/v2\/product\/7150\/revisions\/7744"}],"wp:featuredmedia":[{"embeddable":true,"href":"https:\/\/baobolt.com\/index.php\/wp-json\/wp\/v2\/media\/7743"}],"wp:attachment":[{"href":"https:\/\/baobolt.com\/index.php\/wp-json\/wp\/v2\/media?parent=7150"}],"wp:term":[{"taxonomy":"product_brand","embeddable":true,"href":"https:\/\/baobolt.com\/index.php\/wp-json\/wp\/v2\/product_brand?post=7150"},{"taxonomy":"product_cat","embeddable":true,"href":"https:\/\/baobolt.com\/index.php\/wp-json\/wp\/v2\/product_cat?post=7150"},{"taxonomy":"product_tag","embeddable":true,"href":"https:\/\/baobolt.com\/index.php\/wp-json\/wp\/v2\/product_tag?post=7150"}],"curies":[{"name":"wp","href":"https:\/\/api.w.org\/{rel}","templated":true}]}}