{"id":7136,"date":"2024-01-28T12:06:28","date_gmt":"2024-01-28T11:06:28","guid":{"rendered":"https:\/\/baobolt.com\/?post_type=product&#038;p=7136"},"modified":"2024-02-25T02:03:16","modified_gmt":"2024-02-25T01:03:16","slug":"electrodes-de-soudage-a-faible-teneur-en-hydrogene-bohler-aws-7018","status":"publish","type":"product","link":"https:\/\/baobolt.com\/index.php\/produit\/electrodes-de-soudage-a-faible-teneur-en-hydrogene-bohler-aws-7018\/","title":{"rendered":"\u00c9lectrodes De Soudage \u00c0 Faible Teneur En Hydrog\u00e8ne Bohler AWS 7018"},"content":{"rendered":"<ul>\n<li>\u00c9lectrode enrob\u00e9e de base con\u00e7ue pour des soudures de haute qualit\u00e9.<\/li>\n<li>Excellentes propri\u00e9t\u00e9s de r\u00e9sistance et de t\u00e9nacit\u00e9.<\/li>\n<li>Convient au soudage des aciers \u00e0 faible puret\u00e9 et \u00e0 haute teneur en carbone.<\/li>\n<li>R\u00e9cup\u00e9ration des m\u00e9taux &gt; 110 %.<\/li>\n<li>Bonne soudabilit\u00e9 en travail hors position sauf en position verticale basse.<\/li>\n<li>Convient pour la construction en acier, la fabrication de chaudi\u00e8res\/conteneurs, la construction de v\u00e9hicules, la construction navale et la construction de machines ainsi que pour les couches tampons lors de la construction sur des aciers \u00e0 haute teneur en carbone.<\/li>\n<\/ul>\n","protected":false},"excerpt":{"rendered":"<ul>\n<li>Bonne soudabilit\u00e9 en travail hors position (hors vertical descendant)<\/li>\n<li>Convient au soudage des aciers \u00e0 faible puret\u00e9 et \u00e0 haute teneur en carbone<\/li>\n<li>Convient \u00e0 la construction en acier, \u00e0 la fabrication de chaudi\u00e8res\/conteneurs, \u00e0 la construction de v\u00e9hicules, \u00e0 la construction navale et \u00e0 la construction de machines<\/li>\n<li>R\u00e9cup\u00e9ration des m\u00e9taux &gt; 110\u00a0%<\/li>\n<\/ul>\n","protected":false},"featured_media":7737,"comment_status":"open","ping_status":"closed","template":"","meta":{"_eb_attr":"","ocean_post_layout":"","ocean_both_sidebars_style":"","ocean_both_sidebars_content_width":0,"ocean_both_sidebars_sidebars_width":0,"ocean_sidebar":"0","ocean_second_sidebar":"0","ocean_disable_margins":"enable","ocean_add_body_class":"","ocean_shortcode_before_top_bar":"","ocean_shortcode_after_top_bar":"","ocean_shortcode_before_header":"","ocean_shortcode_after_header":"","ocean_has_shortcode":"","ocean_shortcode_after_title":"","ocean_shortcode_before_footer_widgets":"","ocean_shortcode_after_footer_widgets":"","ocean_shortcode_before_footer_bottom":"","ocean_shortcode_after_footer_bottom":"","ocean_display_top_bar":"default","ocean_display_header":"default","ocean_header_style":"","ocean_center_header_left_menu":"0","ocean_custom_header_template":"0","ocean_custom_logo":0,"ocean_custom_retina_logo":0,"ocean_custom_logo_max_width":0,"ocean_custom_logo_tablet_max_width":0,"ocean_custom_logo_mobile_max_width":0,"ocean_custom_logo_max_height":0,"ocean_custom_logo_tablet_max_height":0,"ocean_custom_logo_mobile_max_height":0,"ocean_header_custom_menu":"0","ocean_menu_typo_font_family":"0","ocean_menu_typo_font_subset":"","ocean_menu_typo_font_size":0,"ocean_menu_typo_font_size_tablet":0,"ocean_menu_typo_font_size_mobile":0,"ocean_menu_typo_font_size_unit":"px","ocean_menu_typo_font_weight":"","ocean_menu_typo_font_weight_tablet":"","ocean_menu_typo_font_weight_mobile":"","ocean_menu_typo_transform":"","ocean_menu_typo_transform_tablet":"","ocean_menu_typo_transform_mobile":"","ocean_menu_typo_line_height":0,"ocean_menu_typo_line_height_tablet":0,"ocean_menu_typo_line_height_mobile":0,"ocean_menu_typo_line_height_unit":"","ocean_menu_typo_spacing":0,"ocean_menu_typo_spacing_tablet":0,"ocean_menu_typo_spacing_mobile":0,"ocean_menu_typo_spacing_unit":"","ocean_menu_link_color":"","ocean_menu_link_color_hover":"","ocean_menu_link_color_active":"","ocean_menu_link_background":"","ocean_menu_link_hover_background":"","ocean_menu_link_active_background":"","ocean_menu_social_links_bg":"","ocean_menu_social_hover_links_bg":"","ocean_menu_social_links_color":"","ocean_menu_social_hover_links_color":"","ocean_disable_title":"default","ocean_disable_heading":"default","ocean_post_title":"","ocean_post_subheading":"","ocean_post_title_style":"","ocean_post_title_background_color":"","ocean_post_title_background":0,"ocean_post_title_bg_image_position":"","ocean_post_title_bg_image_attachment":"","ocean_post_title_bg_image_repeat":"","ocean_post_title_bg_image_size":"","ocean_post_title_height":0,"ocean_post_title_bg_overlay":0.5,"ocean_post_title_bg_overlay_color":"","ocean_disable_breadcrumbs":"default","ocean_breadcrumbs_color":"","ocean_breadcrumbs_separator_color":"","ocean_breadcrumbs_links_color":"","ocean_breadcrumbs_links_hover_color":"","ocean_display_footer_widgets":"default","ocean_display_footer_bottom":"default","ocean_custom_footer_template":"0"},"product_brand":[],"product_cat":[93],"product_tag":[],"class_list":{"0":"post-7136","1":"product","2":"type-product","3":"status-publish","4":"has-post-thumbnail","6":"product_cat-electrodes-et-baguettes-de-soudage","8":"entry","9":"has-media","11":"first","12":"instock","13":"shipping-taxable","14":"product-type-simple","15":"has-product-nav","16":"col","17":"span_1_of_5","18":"owp-content-center","19":"owp-thumbs-layout-vertical","20":"owp-btn-big","21":"owp-tabs-layout-vertical","22":"has-no-thumbnails","24":"circle-sale"},"_links":{"self":[{"href":"https:\/\/baobolt.com\/index.php\/wp-json\/wp\/v2\/product\/7136","targetHints":{"allow":["GET"]}}],"collection":[{"href":"https:\/\/baobolt.com\/index.php\/wp-json\/wp\/v2\/product"}],"about":[{"href":"https:\/\/baobolt.com\/index.php\/wp-json\/wp\/v2\/types\/product"}],"replies":[{"embeddable":true,"href":"https:\/\/baobolt.com\/index.php\/wp-json\/wp\/v2\/comments?post=7136"}],"version-history":[{"count":2,"href":"https:\/\/baobolt.com\/index.php\/wp-json\/wp\/v2\/product\/7136\/revisions"}],"predecessor-version":[{"id":7739,"href":"https:\/\/baobolt.com\/index.php\/wp-json\/wp\/v2\/product\/7136\/revisions\/7739"}],"wp:featuredmedia":[{"embeddable":true,"href":"https:\/\/baobolt.com\/index.php\/wp-json\/wp\/v2\/media\/7737"}],"wp:attachment":[{"href":"https:\/\/baobolt.com\/index.php\/wp-json\/wp\/v2\/media?parent=7136"}],"wp:term":[{"taxonomy":"product_brand","embeddable":true,"href":"https:\/\/baobolt.com\/index.php\/wp-json\/wp\/v2\/product_brand?post=7136"},{"taxonomy":"product_cat","embeddable":true,"href":"https:\/\/baobolt.com\/index.php\/wp-json\/wp\/v2\/product_cat?post=7136"},{"taxonomy":"product_tag","embeddable":true,"href":"https:\/\/baobolt.com\/index.php\/wp-json\/wp\/v2\/product_tag?post=7136"}],"curies":[{"name":"wp","href":"https:\/\/api.w.org\/{rel}","templated":true}]}}