{"id":6990,"date":"2024-01-21T16:58:13","date_gmt":"2024-01-21T15:58:13","guid":{"rendered":"https:\/\/baobolt.com\/?post_type=product&#038;p=6990"},"modified":"2024-02-10T00:25:18","modified_gmt":"2024-02-09T23:25:18","slug":"poste-a-souder-mig-mag-evo20-mig200-pfc-n2s62","status":"publish","type":"product","link":"https:\/\/baobolt.com\/index.php\/produit\/poste-a-souder-mig-mag-evo20-mig200-pfc-n2s62\/","title":{"rendered":"POSTE \u00c0 SOUDER MIG\/MAG EVO20 MIG200 PFC N2S62"},"content":{"rendered":"<table style=\"height: 463px;\" width=\"703\">\n<tbody>\n<tr>\n<td colspan=\"2\"><span>Tension d&rsquo;entr\u00e9e<\/span><\/td>\n<td><span>CA 95 ~ 265 V, 50\/60 Hz\u00a0;\u00a0AC230V<\/span><\/td>\n<\/tr>\n<tr>\n<td colspan=\"2\"><span>Tension en circuit ouvert<\/span><\/td>\n<td><span>67V<\/span><\/td>\n<\/tr>\n<tr>\n<td rowspan=\"6\"><span>MIG<\/span><\/td>\n<td><span>Consommation de courant<\/span><\/td>\n<td><span>38,3 A<\/span><\/td>\n<\/tr>\n<tr>\n<td><span>Puissance d&rsquo;entr\u00e9e nominale<\/span><\/td>\n<td><span>5,74kVA<\/span><\/td>\n<\/tr>\n<tr>\n<td><span>Plage de r\u00e9glage du courant de soudage<\/span><\/td>\n<td><span>30\uff5e200A<\/span><\/td>\n<\/tr>\n<tr>\n<td><span>Cycle de service<\/span><\/td>\n<td><span>25%<\/span><\/td>\n<\/tr>\n<tr>\n<td><span>Vitesse du fil<\/span><\/td>\n<td><span>2 ~ 15 m\/min<\/span><\/td>\n<\/tr>\n<tr>\n<td><span>Diam\u00e8tre de la bobine<\/span><\/td>\n<td><span>D200<\/span><\/td>\n<\/tr>\n<tr>\n<td rowspan=\"4\"><span>MMA<\/span><\/td>\n<td><span>Consommation de courant<\/span><\/td>\n<td><span>25 A<\/span><\/td>\n<\/tr>\n<tr>\n<td><span>Puissance d&rsquo;entr\u00e9e nominale<\/span><\/td>\n<td><span>5,77 kVA<\/span><\/td>\n<\/tr>\n<tr>\n<td><span>Plage de r\u00e9glage du courant de soudage<\/span><\/td>\n<td><span>20\uff5e190A<\/span><\/td>\n<\/tr>\n<tr>\n<td><span>Cycle de service<\/span><\/td>\n<td><span>25%<\/span><\/td>\n<\/tr>\n<tr>\n<td rowspan=\"4\"><span>TIG<\/span><\/td>\n<td><span>Consommation de courant<\/span><\/td>\n<td><span>19.1A<\/span><\/td>\n<\/tr>\n<tr>\n<td><span>Puissance d&rsquo;entr\u00e9e nominale<\/span><\/td>\n<td><span>4,43kVA<\/span><\/td>\n<\/tr>\n<tr>\n<td><span>Plage de r\u00e9glage du courant de soudage<\/span><\/td>\n<td><span>5\uff5e200A<\/span><\/td>\n<\/tr>\n<tr>\n<td><span>Cycle de service<\/span><\/td>\n<td><span>25%<\/span><\/td>\n<\/tr>\n<tr>\n<td colspan=\"2\"><span>Efficacit\u00e9<\/span><\/td>\n<td><span>84%<\/span><\/td>\n<\/tr>\n<tr>\n<td colspan=\"2\"><span>Facteur de puissance<\/span><\/td>\n<td><span>0,99<\/span><\/td>\n<\/tr>\n<tr>\n<td colspan=\"2\"><span>Consommation d&rsquo;\u00e9nergie en \u00e9tat de veille<\/span><\/td>\n<td><span>&lt;50W<\/span><\/td>\n<\/tr>\n<tr>\n<td colspan=\"2\"><span>classe de protection<\/span><\/td>\n<td><span>IP23S<\/span><\/td>\n<\/tr>\n<tr>\n<td colspan=\"2\"><span>Classe d&rsquo;isolement<\/span><\/td>\n<td><span>H<\/span><\/td>\n<\/tr>\n<tr>\n<td colspan=\"2\"><span>Dimensions (L\u00d7L\u00d7H)<\/span><\/td>\n<td><span>565\u00d7220\u00d7415mm<\/span><\/td>\n<\/tr>\n<tr>\n<td colspan=\"2\"><span>Poids<\/span><\/td>\n<td><span>16 kg<\/span><\/td>\n<\/tr>\n<\/tbody>\n<\/table>\n","protected":false},"excerpt":{"rendered":"<ul>\n<li><span>look robuste et industriel avec un design ergonomique<\/span><\/li>\n<li><strong><em><span>ClearVision &#8211;\u00a0<\/span><\/em><\/strong><strong><em><span>Technologie<\/span><\/em><\/strong><\/li>\n<li><strong><em><span>Contr\u00f4le intelligent des synergies<\/span><\/em><\/strong><\/li>\n<li><span>grande plage de courant de soudage r\u00e9glable<\/span><\/li>\n<li><span>Mode professionnel<\/span><\/li>\n<li><strong><em><span>Arc de levage TIG<\/span><\/em><\/strong><\/li>\n<li><span>Soudage par points MIG avec des performances constantes et efficaces<\/span><\/li>\n<li><span>t\u00e9l\u00e9commandes flexibles, en option (radio ou filaire)<\/span><\/li>\n<li><span>Correction du facteur de puissance (PFC), compatibilit\u00e9 avec le g\u00e9n\u00e9rateur<\/span><\/li>\n<li><span>R\u00e9initialisation \u00e0 une touche et fonctionnement en veille automatique<\/span><\/li>\n<li><span>Compatible avec toutes les torches MIG num\u00e9riques, pistolets \u00e0 bobine et torches push-pull courants<\/span><\/li>\n<li><span>Compartiment \u00e0 bobine avec \u00e9clairage LED int\u00e9gr\u00e9 avec compartiment de rangement<\/span><\/li>\n<\/ul>\n","protected":false},"featured_media":6995,"comment_status":"open","ping_status":"closed","template":"","meta":{"_eb_attr":"","ocean_post_layout":"","ocean_both_sidebars_style":"","ocean_both_sidebars_content_width":0,"ocean_both_sidebars_sidebars_width":0,"ocean_sidebar":"0","ocean_second_sidebar":"0","ocean_disable_margins":"enable","ocean_add_body_class":"","ocean_shortcode_before_top_bar":"","ocean_shortcode_after_top_bar":"","ocean_shortcode_before_header":"","ocean_shortcode_after_header":"","ocean_has_shortcode":"","ocean_shortcode_after_title":"","ocean_shortcode_before_footer_widgets":"","ocean_shortcode_after_footer_widgets":"","ocean_shortcode_before_footer_bottom":"","ocean_shortcode_after_footer_bottom":"","ocean_display_top_bar":"default","ocean_display_header":"default","ocean_header_style":"","ocean_center_header_left_menu":"0","ocean_custom_header_template":"0","ocean_custom_logo":0,"ocean_custom_retina_logo":0,"ocean_custom_logo_max_width":0,"ocean_custom_logo_tablet_max_width":0,"ocean_custom_logo_mobile_max_width":0,"ocean_custom_logo_max_height":0,"ocean_custom_logo_tablet_max_height":0,"ocean_custom_logo_mobile_max_height":0,"ocean_header_custom_menu":"0","ocean_menu_typo_font_family":"0","ocean_menu_typo_font_subset":"","ocean_menu_typo_font_size":0,"ocean_menu_typo_font_size_tablet":0,"ocean_menu_typo_font_size_mobile":0,"ocean_menu_typo_font_size_unit":"px","ocean_menu_typo_font_weight":"","ocean_menu_typo_font_weight_tablet":"","ocean_menu_typo_font_weight_mobile":"","ocean_menu_typo_transform":"","ocean_menu_typo_transform_tablet":"","ocean_menu_typo_transform_mobile":"","ocean_menu_typo_line_height":0,"ocean_menu_typo_line_height_tablet":0,"ocean_menu_typo_line_height_mobile":0,"ocean_menu_typo_line_height_unit":"","ocean_menu_typo_spacing":0,"ocean_menu_typo_spacing_tablet":0,"ocean_menu_typo_spacing_mobile":0,"ocean_menu_typo_spacing_unit":"","ocean_menu_link_color":"","ocean_menu_link_color_hover":"","ocean_menu_link_color_active":"","ocean_menu_link_background":"","ocean_menu_link_hover_background":"","ocean_menu_link_active_background":"","ocean_menu_social_links_bg":"","ocean_menu_social_hover_links_bg":"","ocean_menu_social_links_color":"","ocean_menu_social_hover_links_color":"","ocean_disable_title":"default","ocean_disable_heading":"default","ocean_post_title":"","ocean_post_subheading":"","ocean_post_title_style":"","ocean_post_title_background_color":"","ocean_post_title_background":0,"ocean_post_title_bg_image_position":"","ocean_post_title_bg_image_attachment":"","ocean_post_title_bg_image_repeat":"","ocean_post_title_bg_image_size":"","ocean_post_title_height":0,"ocean_post_title_bg_overlay":0.5,"ocean_post_title_bg_overlay_color":"","ocean_disable_breadcrumbs":"default","ocean_breadcrumbs_color":"","ocean_breadcrumbs_separator_color":"","ocean_breadcrumbs_links_color":"","ocean_breadcrumbs_links_hover_color":"","ocean_display_footer_widgets":"default","ocean_display_footer_bottom":"default","ocean_custom_footer_template":"0"},"product_brand":[],"product_cat":[63,65],"product_tag":[],"class_list":{"0":"post-6990","1":"product","2":"type-product","3":"status-publish","4":"has-post-thumbnail","6":"product_cat-jasic","7":"product_cat-migmag","9":"entry","10":"has-media","12":"first","13":"instock","14":"shipping-taxable","15":"product-type-simple","16":"has-product-nav","17":"col","18":"span_1_of_5","19":"owp-content-center","20":"owp-thumbs-layout-vertical","21":"owp-btn-big","22":"owp-tabs-layout-vertical","24":"circle-sale"},"_links":{"self":[{"href":"https:\/\/baobolt.com\/index.php\/wp-json\/wp\/v2\/product\/6990","targetHints":{"allow":["GET"]}}],"collection":[{"href":"https:\/\/baobolt.com\/index.php\/wp-json\/wp\/v2\/product"}],"about":[{"href":"https:\/\/baobolt.com\/index.php\/wp-json\/wp\/v2\/types\/product"}],"replies":[{"embeddable":true,"href":"https:\/\/baobolt.com\/index.php\/wp-json\/wp\/v2\/comments?post=6990"}],"version-history":[{"count":1,"href":"https:\/\/baobolt.com\/index.php\/wp-json\/wp\/v2\/product\/6990\/revisions"}],"predecessor-version":[{"id":6996,"href":"https:\/\/baobolt.com\/index.php\/wp-json\/wp\/v2\/product\/6990\/revisions\/6996"}],"wp:featuredmedia":[{"embeddable":true,"href":"https:\/\/baobolt.com\/index.php\/wp-json\/wp\/v2\/media\/6995"}],"wp:attachment":[{"href":"https:\/\/baobolt.com\/index.php\/wp-json\/wp\/v2\/media?parent=6990"}],"wp:term":[{"taxonomy":"product_brand","embeddable":true,"href":"https:\/\/baobolt.com\/index.php\/wp-json\/wp\/v2\/product_brand?post=6990"},{"taxonomy":"product_cat","embeddable":true,"href":"https:\/\/baobolt.com\/index.php\/wp-json\/wp\/v2\/product_cat?post=6990"},{"taxonomy":"product_tag","embeddable":true,"href":"https:\/\/baobolt.com\/index.php\/wp-json\/wp\/v2\/product_tag?post=6990"}],"curies":[{"name":"wp","href":"https:\/\/api.w.org\/{rel}","templated":true}]}}