{"id":6983,"date":"2024-01-21T16:40:19","date_gmt":"2024-01-21T15:40:19","guid":{"rendered":"https:\/\/baobolt.com\/?post_type=product&#038;p=6983"},"modified":"2024-02-18T02:38:37","modified_gmt":"2024-02-18T01:38:37","slug":"evo-20-mig-160","status":"publish","type":"product","link":"https:\/\/baobolt.com\/index.php\/produit\/evo-20-mig-160\/","title":{"rendered":"EVO 20 MIG 160"},"content":{"rendered":"<ul>\n<li>Tension d&rsquo;entr\u00e9e : 95 V &#8211; 265 V<\/li>\n<li>Aucune tension de charge: 67 V<\/li>\n<li>Courant d&rsquo;entr\u00e9e\u00a0: 240 V 10,4 A \/ 110 V 14,5 A (varie quelque peu en fonction du processus)<\/li>\n<li>Puissance d&rsquo;entr\u00e9e nominale\u00a0: 240 V 4,22 kVA \/ 110 V 2,98 kVA (varie quelque peu en fonction du processus)<\/li>\n<li>Plage de courant MIG : 110V 30A &#8211; 120A \/ 240V 20A &#8211; 160A<\/li>\n<li>Plage de courant MMA : 110V 30A &#8211; 100A \/ 240V 20A &#8211; 140A<\/li>\n<li>Plage de courant TIG : 110V 50A &#8211; 100A \/ 240V 5A &#8211; 160A<\/li>\n<li>Cycle de service (temp\u00e9rature ambiante de 40 \u00b0C)\u00a0: 30\u00a0% \u00e0 160\u00a0A<\/li>\n<li>Plage de vitesse d&rsquo;alimentation du fil\u00a0: 2 M \u00e0 14 M par minute<\/li>\n<li>Taille de la bobine de fil\u00a0: 5\u00a0KG (200\u00a0MM)<\/li>\n<li>Efficacit\u00e9\u00a0: 84\u00a0%<\/li>\n<li>Facteur de puissance : 0,99<\/li>\n<li>Puissance \u00e0 l&rsquo;\u00e9tat inactif\u00a0: &lt;50\u00a0W<\/li>\n<li>Classe de protection : IP23S<\/li>\n<li>Classe d&rsquo;isolation : H<\/li>\n<li>Dimensions\u00a0: 565\u00a0MM x 220\u00a0MM x 415\u00a0MM<\/li>\n<li>Poids: 16KG<\/li>\n<\/ul>\n","protected":false},"excerpt":{"rendered":"<ul>\n<li>Le nouveau EVO 2.0 de Jasic est soumis \u00e0 une proc\u00e9dure de test pas comme les autres, devant passer 42 tests individuels avant d&rsquo;\u00eatre emball\u00e9 et exp\u00e9di\u00e9 aux clients, garantissant ainsi le respect des normes de qualit\u00e9 et de s\u00e9curit\u00e9 les plus strictes.\u00a0En plus de cela, ils ont \u00e9t\u00e9 con\u00e7us d\u00e8s le d\u00e9part pour \u00eatre plus \u00ab centr\u00e9s sur l&rsquo;utilisateur \u00bb dans leur convivialit\u00e9, tout en restant robustes, robustes et ergonomiques.<\/li>\n<\/ul>\n","protected":false},"featured_media":7703,"comment_status":"open","ping_status":"closed","template":"","meta":{"_eb_attr":"","ocean_post_layout":"","ocean_both_sidebars_style":"","ocean_both_sidebars_content_width":0,"ocean_both_sidebars_sidebars_width":0,"ocean_sidebar":"0","ocean_second_sidebar":"0","ocean_disable_margins":"enable","ocean_add_body_class":"","ocean_shortcode_before_top_bar":"","ocean_shortcode_after_top_bar":"","ocean_shortcode_before_header":"","ocean_shortcode_after_header":"","ocean_has_shortcode":"","ocean_shortcode_after_title":"","ocean_shortcode_before_footer_widgets":"","ocean_shortcode_after_footer_widgets":"","ocean_shortcode_before_footer_bottom":"","ocean_shortcode_after_footer_bottom":"","ocean_display_top_bar":"default","ocean_display_header":"default","ocean_header_style":"","ocean_center_header_left_menu":"0","ocean_custom_header_template":"0","ocean_custom_logo":0,"ocean_custom_retina_logo":0,"ocean_custom_logo_max_width":0,"ocean_custom_logo_tablet_max_width":0,"ocean_custom_logo_mobile_max_width":0,"ocean_custom_logo_max_height":0,"ocean_custom_logo_tablet_max_height":0,"ocean_custom_logo_mobile_max_height":0,"ocean_header_custom_menu":"0","ocean_menu_typo_font_family":"0","ocean_menu_typo_font_subset":"","ocean_menu_typo_font_size":0,"ocean_menu_typo_font_size_tablet":0,"ocean_menu_typo_font_size_mobile":0,"ocean_menu_typo_font_size_unit":"px","ocean_menu_typo_font_weight":"","ocean_menu_typo_font_weight_tablet":"","ocean_menu_typo_font_weight_mobile":"","ocean_menu_typo_transform":"","ocean_menu_typo_transform_tablet":"","ocean_menu_typo_transform_mobile":"","ocean_menu_typo_line_height":0,"ocean_menu_typo_line_height_tablet":0,"ocean_menu_typo_line_height_mobile":0,"ocean_menu_typo_line_height_unit":"","ocean_menu_typo_spacing":0,"ocean_menu_typo_spacing_tablet":0,"ocean_menu_typo_spacing_mobile":0,"ocean_menu_typo_spacing_unit":"","ocean_menu_link_color":"","ocean_menu_link_color_hover":"","ocean_menu_link_color_active":"","ocean_menu_link_background":"","ocean_menu_link_hover_background":"","ocean_menu_link_active_background":"","ocean_menu_social_links_bg":"","ocean_menu_social_hover_links_bg":"","ocean_menu_social_links_color":"","ocean_menu_social_hover_links_color":"","ocean_disable_title":"default","ocean_disable_heading":"default","ocean_post_title":"","ocean_post_subheading":"","ocean_post_title_style":"","ocean_post_title_background_color":"","ocean_post_title_background":0,"ocean_post_title_bg_image_position":"","ocean_post_title_bg_image_attachment":"","ocean_post_title_bg_image_repeat":"","ocean_post_title_bg_image_size":"","ocean_post_title_height":0,"ocean_post_title_bg_overlay":0.5,"ocean_post_title_bg_overlay_color":"","ocean_disable_breadcrumbs":"default","ocean_breadcrumbs_color":"","ocean_breadcrumbs_separator_color":"","ocean_breadcrumbs_links_color":"","ocean_breadcrumbs_links_hover_color":"","ocean_display_footer_widgets":"default","ocean_display_footer_bottom":"default","ocean_custom_footer_template":"0"},"product_brand":[],"product_cat":[63,65],"product_tag":[],"class_list":{"0":"post-6983","1":"product","2":"type-product","3":"status-publish","4":"has-post-thumbnail","6":"product_cat-jasic","7":"product_cat-migmag","9":"entry","10":"has-media","12":"first","13":"instock","14":"shipping-taxable","15":"product-type-simple","16":"has-product-nav","17":"col","18":"span_1_of_5","19":"owp-content-center","20":"owp-thumbs-layout-vertical","21":"owp-btn-big","22":"owp-tabs-layout-vertical","24":"circle-sale"},"_links":{"self":[{"href":"https:\/\/baobolt.com\/index.php\/wp-json\/wp\/v2\/product\/6983","targetHints":{"allow":["GET"]}}],"collection":[{"href":"https:\/\/baobolt.com\/index.php\/wp-json\/wp\/v2\/product"}],"about":[{"href":"https:\/\/baobolt.com\/index.php\/wp-json\/wp\/v2\/types\/product"}],"replies":[{"embeddable":true,"href":"https:\/\/baobolt.com\/index.php\/wp-json\/wp\/v2\/comments?post=6983"}],"version-history":[{"count":3,"href":"https:\/\/baobolt.com\/index.php\/wp-json\/wp\/v2\/product\/6983\/revisions"}],"predecessor-version":[{"id":7704,"href":"https:\/\/baobolt.com\/index.php\/wp-json\/wp\/v2\/product\/6983\/revisions\/7704"}],"wp:featuredmedia":[{"embeddable":true,"href":"https:\/\/baobolt.com\/index.php\/wp-json\/wp\/v2\/media\/7703"}],"wp:attachment":[{"href":"https:\/\/baobolt.com\/index.php\/wp-json\/wp\/v2\/media?parent=6983"}],"wp:term":[{"taxonomy":"product_brand","embeddable":true,"href":"https:\/\/baobolt.com\/index.php\/wp-json\/wp\/v2\/product_brand?post=6983"},{"taxonomy":"product_cat","embeddable":true,"href":"https:\/\/baobolt.com\/index.php\/wp-json\/wp\/v2\/product_cat?post=6983"},{"taxonomy":"product_tag","embeddable":true,"href":"https:\/\/baobolt.com\/index.php\/wp-json\/wp\/v2\/product_tag?post=6983"}],"curies":[{"name":"wp","href":"https:\/\/api.w.org\/{rel}","templated":true}]}}