{"id":6897,"date":"2024-01-12T18:06:01","date_gmt":"2024-01-12T17:06:01","guid":{"rendered":"https:\/\/baobolt.com\/?post_type=product&#038;p=6897"},"modified":"2024-03-15T23:13:13","modified_gmt":"2024-03-15T22:13:13","slug":"detendeurs-modele-en-2000","status":"publish","type":"product","link":"https:\/\/baobolt.com\/index.php\/produit\/detendeurs-modele-en-2000\/","title":{"rendered":"D\u00e9tendeurs mod\u00e8le EN-2000"},"content":{"rendered":"<table width=\"100%\">\n<thead>\n<tr>\n<th align=\"left\">Mod\u00e8les EN-2000<\/th>\n<th align=\"left\"><\/th>\n<th align=\"left\"><\/th>\n<th align=\"left\"><\/th>\n<th align=\"left\"><\/th>\n<\/tr>\n<\/thead>\n<tbody>\n<tr>\n<td>R\u00e9f\u00e9rence<\/td>\n<td>Gaz<\/td>\n<td align=\"left\">Pression d\u2019entr\u00e9e<\/td>\n<td align=\"left\">Pression de sortie<\/td>\n<td align=\"left\">D\u00e9bit nominal<\/td>\n<\/tr>\n<tr>\n<td>37000000<\/td>\n<td>Oxyg\u00e8ne<\/td>\n<td align=\"left\">200<\/td>\n<td align=\"left\">10<\/td>\n<td align=\"left\">30 m3\/h.<\/td>\n<\/tr>\n<tr>\n<td>37500000<\/td>\n<td>Ac\u00e9tyl\u00e8ne<\/td>\n<td align=\"left\">25<\/td>\n<td align=\"left\">1,5<\/td>\n<td align=\"left\">5 m3\/h.<\/td>\n<\/tr>\n<tr>\n<td>37500004<\/td>\n<td>Ac\u00e9tyl\u00e8ne Bride<\/td>\n<td align=\"left\">25<\/td>\n<td align=\"left\">1,5<\/td>\n<td align=\"left\">5 m3\/h.<\/td>\n<\/tr>\n<tr>\n<td>37600000<\/td>\n<td>Argon-CO2<\/td>\n<td align=\"left\">200<\/td>\n<td align=\"left\">8<\/td>\n<td align=\"left\">25 m3\/h.<\/td>\n<\/tr>\n<tr>\n<td>37600500<\/td>\n<td>Argon-CO2 Rotam\u00e8tre<\/td>\n<td align=\"left\">200<\/td>\n<td align=\"left\">2,5<\/td>\n<td align=\"left\">30 m3\/h.<\/td>\n<\/tr>\n<tr>\n<td>37600510<\/td>\n<td>Argon-Helium<\/td>\n<td align=\"left\">200<\/td>\n<td align=\"left\">2,5<\/td>\n<td align=\"left\">30 m3\/h.<\/td>\n<\/tr>\n<tr>\n<td>37100500<\/td>\n<td>Azote<\/td>\n<td align=\"left\">200<\/td>\n<td align=\"left\">10<\/td>\n<td align=\"left\">30 m3\/h.<\/td>\n<\/tr>\n<tr>\n<td align=\"left\">37300000<\/td>\n<td align=\"left\">Butane\/Propane<\/td>\n<td align=\"left\">25<\/td>\n<td align=\"left\">1,5<\/td>\n<td align=\"left\">5 m3\/h.<\/td>\n<\/tr>\n<tr>\n<td align=\"left\">37100020<\/td>\n<td align=\"left\">Helium<\/td>\n<td align=\"left\">200<\/td>\n<td align=\"left\">10<\/td>\n<td align=\"left\">50 m3\/h.<\/td>\n<\/tr>\n<\/tbody>\n<\/table>\n","protected":false},"excerpt":{"rendered":"<h2 class=\"fusion-title-heading title-heading-left fusion-responsive-typography-calculated\">Pour le contr\u00f4le des gaz dans les proc\u00e9d\u00e9s de soudage et de coupage avec des exigences \u00e9lev\u00e9es en mati\u00e8re de pression et de d\u00e9bit.<\/h2>\n<p><strong>Fonctions principales :<\/strong><br \/>\nRemplissage de r\u00e9servoirs, pressurisation et balayage de conduits et toute r\u00e9gulation de pression de gaz combustibles ou inertes.<br \/>\nD\u00e9compression des gaz industriels pour le soudage, le d\u00e9coupage et les proc\u00e9d\u00e9s connexes.<\/p>\n<p><strong>Applications :<\/strong><br \/>\nProc\u00e9d\u00e9s de soudage : MIG\/MAG \u2013 TIG<br \/>\nChauffage \u2013 Soudage \u00e0 la flamme \u2013 D\u00e9coupage \u00e0 la flamme<\/p>\n<p>S\u00e9curit\u00e9 et fiabilit\u00e9 totales. Tous nos r\u00e9gulateurs sont test\u00e9s en termes d\u2019\u00e9tanch\u00e9it\u00e9 et de fonctionnement.<\/p>\n<p>R\u00e9f.<span class=\"awb-sku product_meta\"><span class=\"sku\" data-o_content=\"37600000\">37000000<\/span><\/span><\/p>\n","protected":false},"featured_media":8251,"comment_status":"open","ping_status":"closed","template":"","meta":{"_eb_attr":"","ocean_post_layout":"","ocean_both_sidebars_style":"","ocean_both_sidebars_content_width":0,"ocean_both_sidebars_sidebars_width":0,"ocean_sidebar":"0","ocean_second_sidebar":"0","ocean_disable_margins":"enable","ocean_add_body_class":"","ocean_shortcode_before_top_bar":"","ocean_shortcode_after_top_bar":"","ocean_shortcode_before_header":"","ocean_shortcode_after_header":"","ocean_has_shortcode":"","ocean_shortcode_after_title":"","ocean_shortcode_before_footer_widgets":"","ocean_shortcode_after_footer_widgets":"","ocean_shortcode_before_footer_bottom":"","ocean_shortcode_after_footer_bottom":"","ocean_display_top_bar":"default","ocean_display_header":"default","ocean_header_style":"","ocean_center_header_left_menu":"0","ocean_custom_header_template":"0","ocean_custom_logo":0,"ocean_custom_retina_logo":0,"ocean_custom_logo_max_width":0,"ocean_custom_logo_tablet_max_width":0,"ocean_custom_logo_mobile_max_width":0,"ocean_custom_logo_max_height":0,"ocean_custom_logo_tablet_max_height":0,"ocean_custom_logo_mobile_max_height":0,"ocean_header_custom_menu":"0","ocean_menu_typo_font_family":"0","ocean_menu_typo_font_subset":"","ocean_menu_typo_font_size":0,"ocean_menu_typo_font_size_tablet":0,"ocean_menu_typo_font_size_mobile":0,"ocean_menu_typo_font_size_unit":"px","ocean_menu_typo_font_weight":"","ocean_menu_typo_font_weight_tablet":"","ocean_menu_typo_font_weight_mobile":"","ocean_menu_typo_transform":"","ocean_menu_typo_transform_tablet":"","ocean_menu_typo_transform_mobile":"","ocean_menu_typo_line_height":0,"ocean_menu_typo_line_height_tablet":0,"ocean_menu_typo_line_height_mobile":0,"ocean_menu_typo_line_height_unit":"","ocean_menu_typo_spacing":0,"ocean_menu_typo_spacing_tablet":0,"ocean_menu_typo_spacing_mobile":0,"ocean_menu_typo_spacing_unit":"","ocean_menu_link_color":"","ocean_menu_link_color_hover":"","ocean_menu_link_color_active":"","ocean_menu_link_background":"","ocean_menu_link_hover_background":"","ocean_menu_link_active_background":"","ocean_menu_social_links_bg":"","ocean_menu_social_hover_links_bg":"","ocean_menu_social_links_color":"","ocean_menu_social_hover_links_color":"","ocean_disable_title":"default","ocean_disable_heading":"default","ocean_post_title":"","ocean_post_subheading":"","ocean_post_title_style":"","ocean_post_title_background_color":"","ocean_post_title_background":0,"ocean_post_title_bg_image_position":"","ocean_post_title_bg_image_attachment":"","ocean_post_title_bg_image_repeat":"","ocean_post_title_bg_image_size":"","ocean_post_title_height":0,"ocean_post_title_bg_overlay":0.5,"ocean_post_title_bg_overlay_color":"","ocean_disable_breadcrumbs":"default","ocean_breadcrumbs_color":"","ocean_breadcrumbs_separator_color":"","ocean_breadcrumbs_links_color":"","ocean_breadcrumbs_links_hover_color":"","ocean_display_footer_widgets":"default","ocean_display_footer_bottom":"default","ocean_custom_footer_template":"0"},"product_brand":[],"product_cat":[51,77],"product_tag":[],"class_list":{"0":"post-6897","1":"product","2":"type-product","3":"status-publish","4":"has-post-thumbnail","6":"product_cat-galagar","7":"product_cat-regulation-des-gaz","9":"entry","10":"has-media","12":"first","13":"instock","14":"shipping-taxable","15":"purchasable","16":"product-type-variable","17":"has-product-nav","18":"col","19":"span_1_of_5","20":"owp-content-center","21":"owp-thumbs-layout-vertical","22":"owp-btn-big","23":"owp-tabs-layout-vertical","24":"has-no-thumbnails","26":"circle-sale"},"_links":{"self":[{"href":"https:\/\/baobolt.com\/index.php\/wp-json\/wp\/v2\/product\/6897","targetHints":{"allow":["GET"]}}],"collection":[{"href":"https:\/\/baobolt.com\/index.php\/wp-json\/wp\/v2\/product"}],"about":[{"href":"https:\/\/baobolt.com\/index.php\/wp-json\/wp\/v2\/types\/product"}],"replies":[{"embeddable":true,"href":"https:\/\/baobolt.com\/index.php\/wp-json\/wp\/v2\/comments?post=6897"}],"version-history":[{"count":1,"href":"https:\/\/baobolt.com\/index.php\/wp-json\/wp\/v2\/product\/6897\/revisions"}],"predecessor-version":[{"id":6913,"href":"https:\/\/baobolt.com\/index.php\/wp-json\/wp\/v2\/product\/6897\/revisions\/6913"}],"wp:featuredmedia":[{"embeddable":true,"href":"https:\/\/baobolt.com\/index.php\/wp-json\/wp\/v2\/media\/8251"}],"wp:attachment":[{"href":"https:\/\/baobolt.com\/index.php\/wp-json\/wp\/v2\/media?parent=6897"}],"wp:term":[{"taxonomy":"product_brand","embeddable":true,"href":"https:\/\/baobolt.com\/index.php\/wp-json\/wp\/v2\/product_brand?post=6897"},{"taxonomy":"product_cat","embeddable":true,"href":"https:\/\/baobolt.com\/index.php\/wp-json\/wp\/v2\/product_cat?post=6897"},{"taxonomy":"product_tag","embeddable":true,"href":"https:\/\/baobolt.com\/index.php\/wp-json\/wp\/v2\/product_tag?post=6897"}],"curies":[{"name":"wp","href":"https:\/\/api.w.org\/{rel}","templated":true}]}}