{"id":6360,"date":"2023-12-31T20:30:33","date_gmt":"2023-12-31T19:30:33","guid":{"rendered":"https:\/\/baobolt.com\/?post_type=product&#038;p=6360"},"modified":"2024-04-23T00:54:47","modified_gmt":"2024-04-22T23:54:47","slug":"perceuse-visseuse-a-percussion-brushless-18v-bsb-18bl2-aeg","status":"publish","type":"product","link":"https:\/\/baobolt.com\/index.php\/produit\/perceuse-visseuse-a-percussion-brushless-18v-bsb-18bl2-aeg\/","title":{"rendered":"Perceuse-visseuse \u00e0 percussion Brushless 18V BSB 18BL2  AEG"},"content":{"rendered":"<h3><strong>Garantie et SAV de votre outillage professionnelPerceuse-visseuse \u00e0 percussion Brushless 18V BSB 18BL2 AEG<\/strong><\/h3>\n<p>S\u00fbr de la qualit\u00e9 de ses produits et soucieux de r\u00e9pondre aux besoins des professionnels et bricoleurs exigeants, AEG \u00e9tend sa garantie \u00e0 1 ans sur toute sa gamme d\u2019outils filaires et sans fil et 3 ans sur les batteries et chargeurs.<\/p>\n<p>L\u2019extension de garantie est automatiquement activ\u00e9e apr\u00e8s enregistrement en ligne de l\u2019outil dans les 30 jours suivant l\u2019achat. Cette extension de garantie d\u00e9montre une nouvelle fois la volont\u00e9 de la marque d\u2019offrir aux professionnels et aux bricoleurs exigeants l\u2019assurance de la qualit\u00e9.<\/p>\n<p>Elle exclut les avaries dues \u00e0 un mauvais usage, \u00e0 un entretien d\u00e9fectueux, \u00e0 l&rsquo;usure normale, \u00e0 une surcharge ou \u00e0 une utilisation d&rsquo;accessoires non pr\u00e9vus.<\/p>\n<p>La demande de garantie doit \u00eatre effectu\u00e9e lors de l&rsquo;envoi du mat\u00e9riel. Pour qu&rsquo;elle soit applicable, l&rsquo;outil doit nous \u00eatre retourn\u00e9 non ouvert et non d\u00e9mont\u00e9, accompagn\u00e9 de la preuve d&rsquo;achat.<\/p>\n","protected":false},"excerpt":{"rendered":"<ul class=\"aeg-product-features\">\n<li class=\"\">La plus puissante perceuse brushless de la gamme AEG offrant un couple de 141 Nm dans un design compact et permettant aux utilisateurs de r\u00e9aliser les applications les plus exigeantes<\/li>\n<li class=\"\">Syst\u00e8me de protection anti-rebond \u00e9lectronique pour un travail plus s\u00e9curisant<\/li>\n<li class=\"\">Mandrin m\u00e9tallique 13 mm pour une durabilit\u00e9 maximale<\/li>\n<li class=\"\">2 vitesses : 0-550 \/ 0-2000 tr\/min<\/li>\n<li class=\"hide-lg-down js-toggled-feature\">24 r\u00e9glages de couple permettant un travail pr\u00e9cis<\/li>\n<li class=\"hide-lg-down js-toggled-feature\">Per\u00e7age possible jusqu&rsquo;\u00e0 100 mm dans le bois, 13 mm dans le m\u00e9tal et 20 mm dans le b\u00e9ton<\/li>\n<li class=\"hide-lg-down js-toggled-feature\">\u00c9clairage LED pour une meilleure visibilit\u00e9 de la zone de travail.<\/li>\n<li class=\"hide-lg-down js-toggled-feature\">Livr\u00e9 avec une poign\u00e9e lat\u00e9rale suppl\u00e9mentaire, un crochet de ceinture et un porte-embout<\/li>\n<li class=\"hide-lg-down js-toggled-feature\">Equip\u00e9 de la technologie HD-SYNC qui permet d&rsquo;augmenter la puissance de +20% si combin\u00e9 avec une batterie 18V PROHD \u00e9quip\u00e9e de la technologie HD SYNC<\/li>\n<li class=\"hide-lg-down js-toggled-feature\">Compatible avec toutes les batteries PRO18V<\/li>\n<\/ul>\n","protected":false},"featured_media":8795,"comment_status":"open","ping_status":"closed","template":"","meta":{"_eb_attr":"","ocean_post_layout":"","ocean_both_sidebars_style":"","ocean_both_sidebars_content_width":0,"ocean_both_sidebars_sidebars_width":0,"ocean_sidebar":"0","ocean_second_sidebar":"0","ocean_disable_margins":"enable","ocean_add_body_class":"","ocean_shortcode_before_top_bar":"","ocean_shortcode_after_top_bar":"","ocean_shortcode_before_header":"","ocean_shortcode_after_header":"","ocean_has_shortcode":"","ocean_shortcode_after_title":"","ocean_shortcode_before_footer_widgets":"","ocean_shortcode_after_footer_widgets":"","ocean_shortcode_before_footer_bottom":"","ocean_shortcode_after_footer_bottom":"","ocean_display_top_bar":"default","ocean_display_header":"default","ocean_header_style":"","ocean_center_header_left_menu":"0","ocean_custom_header_template":"0","ocean_custom_logo":0,"ocean_custom_retina_logo":0,"ocean_custom_logo_max_width":0,"ocean_custom_logo_tablet_max_width":0,"ocean_custom_logo_mobile_max_width":0,"ocean_custom_logo_max_height":0,"ocean_custom_logo_tablet_max_height":0,"ocean_custom_logo_mobile_max_height":0,"ocean_header_custom_menu":"0","ocean_menu_typo_font_family":"0","ocean_menu_typo_font_subset":"","ocean_menu_typo_font_size":0,"ocean_menu_typo_font_size_tablet":0,"ocean_menu_typo_font_size_mobile":0,"ocean_menu_typo_font_size_unit":"px","ocean_menu_typo_font_weight":"","ocean_menu_typo_font_weight_tablet":"","ocean_menu_typo_font_weight_mobile":"","ocean_menu_typo_transform":"","ocean_menu_typo_transform_tablet":"","ocean_menu_typo_transform_mobile":"","ocean_menu_typo_line_height":0,"ocean_menu_typo_line_height_tablet":0,"ocean_menu_typo_line_height_mobile":0,"ocean_menu_typo_line_height_unit":"","ocean_menu_typo_spacing":0,"ocean_menu_typo_spacing_tablet":0,"ocean_menu_typo_spacing_mobile":0,"ocean_menu_typo_spacing_unit":"","ocean_menu_link_color":"","ocean_menu_link_color_hover":"","ocean_menu_link_color_active":"","ocean_menu_link_background":"","ocean_menu_link_hover_background":"","ocean_menu_link_active_background":"","ocean_menu_social_links_bg":"","ocean_menu_social_hover_links_bg":"","ocean_menu_social_links_color":"","ocean_menu_social_hover_links_color":"","ocean_disable_title":"default","ocean_disable_heading":"default","ocean_post_title":"","ocean_post_subheading":"","ocean_post_title_style":"","ocean_post_title_background_color":"","ocean_post_title_background":0,"ocean_post_title_bg_image_position":"","ocean_post_title_bg_image_attachment":"","ocean_post_title_bg_image_repeat":"","ocean_post_title_bg_image_size":"","ocean_post_title_height":0,"ocean_post_title_bg_overlay":0.5,"ocean_post_title_bg_overlay_color":"","ocean_disable_breadcrumbs":"default","ocean_breadcrumbs_color":"","ocean_breadcrumbs_separator_color":"","ocean_breadcrumbs_links_color":"","ocean_breadcrumbs_links_hover_color":"","ocean_display_footer_widgets":"default","ocean_display_footer_bottom":"default","ocean_custom_footer_template":"0"},"product_brand":[],"product_cat":[50],"product_tag":[],"class_list":{"0":"post-6360","1":"product","2":"type-product","3":"status-publish","4":"has-post-thumbnail","6":"product_cat-aeg","8":"entry","9":"has-media","11":"first","12":"instock","13":"shipping-taxable","14":"product-type-simple","15":"has-product-nav","16":"col","17":"span_1_of_5","18":"owp-content-center","19":"owp-thumbs-layout-vertical","20":"owp-btn-big","21":"owp-tabs-layout-vertical","22":"has-no-thumbnails","24":"circle-sale"},"_links":{"self":[{"href":"https:\/\/baobolt.com\/index.php\/wp-json\/wp\/v2\/product\/6360","targetHints":{"allow":["GET"]}}],"collection":[{"href":"https:\/\/baobolt.com\/index.php\/wp-json\/wp\/v2\/product"}],"about":[{"href":"https:\/\/baobolt.com\/index.php\/wp-json\/wp\/v2\/types\/product"}],"replies":[{"embeddable":true,"href":"https:\/\/baobolt.com\/index.php\/wp-json\/wp\/v2\/comments?post=6360"}],"version-history":[{"count":2,"href":"https:\/\/baobolt.com\/index.php\/wp-json\/wp\/v2\/product\/6360\/revisions"}],"predecessor-version":[{"id":6363,"href":"https:\/\/baobolt.com\/index.php\/wp-json\/wp\/v2\/product\/6360\/revisions\/6363"}],"wp:featuredmedia":[{"embeddable":true,"href":"https:\/\/baobolt.com\/index.php\/wp-json\/wp\/v2\/media\/8795"}],"wp:attachment":[{"href":"https:\/\/baobolt.com\/index.php\/wp-json\/wp\/v2\/media?parent=6360"}],"wp:term":[{"taxonomy":"product_brand","embeddable":true,"href":"https:\/\/baobolt.com\/index.php\/wp-json\/wp\/v2\/product_brand?post=6360"},{"taxonomy":"product_cat","embeddable":true,"href":"https:\/\/baobolt.com\/index.php\/wp-json\/wp\/v2\/product_cat?post=6360"},{"taxonomy":"product_tag","embeddable":true,"href":"https:\/\/baobolt.com\/index.php\/wp-json\/wp\/v2\/product_tag?post=6360"}],"curies":[{"name":"wp","href":"https:\/\/api.w.org\/{rel}","templated":true}]}}