{"id":6321,"date":"2023-12-30T19:46:41","date_gmt":"2023-12-30T18:46:41","guid":{"rendered":"https:\/\/baobolt.com\/?post_type=product&#038;p=6321"},"modified":"2024-02-18T02:28:37","modified_gmt":"2024-02-18T01:28:37","slug":"devidoir-d-20-a","status":"publish","type":"product","link":"https:\/\/baobolt.com\/index.php\/produit\/devidoir-d-20-a\/","title":{"rendered":"D\u00e9vidoir D-20 A"},"content":{"rendered":"<p>D\u00e9vidoir de fil pour le soudage MIG\/MAG des aciers normaux, des aciers inoxydables et de l\u2019aluminium.<\/p>\n<p><strong>Principaux avantages :<\/strong><br \/>\nEnrouleur ouvert (bobine de 15 kg) avec couvercle de bobine.<br \/>\nMoteur d\u2019entra\u00eenement avec 4 galets de 30 mm.<br \/>\nContr\u00f4le de la vitesse du fil et de la tension de soudage<br \/>\nConvient \u00e0 tous les \u00e9quipements de la gamme GALA INDUSTRIAL.<br \/>\nContr\u00f4le 2T\/4T.<br \/>\nPurge des gaz et des fils.<br \/>\nContr\u00f4le de la rampe initiale de d\u00e9marrage du fil. Syst\u00e8me anti-projection.<br \/>\nContr\u00f4le de la longueur du filetage.<br \/>\nConnecteurs filet\u00e9s industriels \u201canti-corrosion\u201d.<\/p>\n<p>R\u00e9f.<span class=\"awb-sku product_meta\"><span class=\"sku\">62100000<\/span><\/span><\/p>\n<div class=\"fusion-builder-row fusion-builder-row-inner fusion-row fusion-flex-align-items-flex-start fusion-flex-content-wrap\">\n<div class=\"fusion-layout-column fusion_builder_column_inner fusion-builder-nested-column-2 fusion_builder_column_inner_1_1 1_1 fusion-flex-column fusion-animated\" data-animationtype=\"fadeInLeft\" data-animationduration=\"0.3\" data-animationoffset=\"top-into-view\">\n<div class=\"fusion-column-wrapper fusion-column-has-shadow fusion-flex-justify-content-flex-start fusion-content-layout-row\"><\/div>\n<\/div>\n<\/div>\n","protected":false},"excerpt":{"rendered":"<table width=\"100%\">\n<thead>\n<tr>\n<th align=\"left\">Caract\u00e9ristiques<\/th>\n<th align=\"left\"><\/th>\n<\/tr>\n<\/thead>\n<tbody>\n<tr>\n<td>Tension d\u2019alimentation<\/td>\n<td>3 Ph 400V \u00b1 10 % \u2013 50\/60 Hz.<\/td>\n<\/tr>\n<tr>\n<td>Marge de r\u00e9gulation<\/td>\n<td>30 A \u00f7 400 A<\/td>\n<\/tr>\n<tr>\n<td>Facteur de marche MIG\/MAG 40\u00baC<\/td>\n<td>400 A \/ 45 %<\/td>\n<\/tr>\n<tr>\n<td>Facteur de marche TIG 40\u00baC<\/td>\n<td>400 A \/ 40 %<\/td>\n<\/tr>\n<tr>\n<td>Facteur de marche MMA 40\u00baC<\/td>\n<td>400 A \/ 40 %<\/td>\n<\/tr>\n<tr>\n<td>Puissance maximale absorb\u00e9e<\/td>\n<td>24 Kva<\/td>\n<\/tr>\n<tr>\n<td>Vitesse maximale du fil<\/td>\n<td>24 m\/min.<\/td>\n<\/tr>\n<tr>\n<td>Dimensions<\/td>\n<td>345 x 541 x 660 mm.<\/td>\n<\/tr>\n<tr>\n<td>Poids<\/td>\n<td>45 Kg.<\/td>\n<\/tr>\n<\/tbody>\n<\/table>\n","protected":false},"featured_media":7698,"comment_status":"open","ping_status":"closed","template":"","meta":{"_eb_attr":"","ocean_post_layout":"","ocean_both_sidebars_style":"","ocean_both_sidebars_content_width":0,"ocean_both_sidebars_sidebars_width":0,"ocean_sidebar":"0","ocean_second_sidebar":"0","ocean_disable_margins":"enable","ocean_add_body_class":"","ocean_shortcode_before_top_bar":"","ocean_shortcode_after_top_bar":"","ocean_shortcode_before_header":"","ocean_shortcode_after_header":"","ocean_has_shortcode":"","ocean_shortcode_after_title":"","ocean_shortcode_before_footer_widgets":"","ocean_shortcode_after_footer_widgets":"","ocean_shortcode_before_footer_bottom":"","ocean_shortcode_after_footer_bottom":"","ocean_display_top_bar":"default","ocean_display_header":"default","ocean_header_style":"","ocean_center_header_left_menu":"0","ocean_custom_header_template":"0","ocean_custom_logo":0,"ocean_custom_retina_logo":0,"ocean_custom_logo_max_width":0,"ocean_custom_logo_tablet_max_width":0,"ocean_custom_logo_mobile_max_width":0,"ocean_custom_logo_max_height":0,"ocean_custom_logo_tablet_max_height":0,"ocean_custom_logo_mobile_max_height":0,"ocean_header_custom_menu":"0","ocean_menu_typo_font_family":"0","ocean_menu_typo_font_subset":"","ocean_menu_typo_font_size":0,"ocean_menu_typo_font_size_tablet":0,"ocean_menu_typo_font_size_mobile":0,"ocean_menu_typo_font_size_unit":"px","ocean_menu_typo_font_weight":"","ocean_menu_typo_font_weight_tablet":"","ocean_menu_typo_font_weight_mobile":"","ocean_menu_typo_transform":"","ocean_menu_typo_transform_tablet":"","ocean_menu_typo_transform_mobile":"","ocean_menu_typo_line_height":0,"ocean_menu_typo_line_height_tablet":0,"ocean_menu_typo_line_height_mobile":0,"ocean_menu_typo_line_height_unit":"","ocean_menu_typo_spacing":0,"ocean_menu_typo_spacing_tablet":0,"ocean_menu_typo_spacing_mobile":0,"ocean_menu_typo_spacing_unit":"","ocean_menu_link_color":"","ocean_menu_link_color_hover":"","ocean_menu_link_color_active":"","ocean_menu_link_background":"","ocean_menu_link_hover_background":"","ocean_menu_link_active_background":"","ocean_menu_social_links_bg":"","ocean_menu_social_hover_links_bg":"","ocean_menu_social_links_color":"","ocean_menu_social_hover_links_color":"","ocean_disable_title":"default","ocean_disable_heading":"default","ocean_post_title":"","ocean_post_subheading":"","ocean_post_title_style":"","ocean_post_title_background_color":"","ocean_post_title_background":0,"ocean_post_title_bg_image_position":"","ocean_post_title_bg_image_attachment":"","ocean_post_title_bg_image_repeat":"","ocean_post_title_bg_image_size":"","ocean_post_title_height":0,"ocean_post_title_bg_overlay":0.5,"ocean_post_title_bg_overlay_color":"","ocean_disable_breadcrumbs":"default","ocean_breadcrumbs_color":"","ocean_breadcrumbs_separator_color":"","ocean_breadcrumbs_links_color":"","ocean_breadcrumbs_links_hover_color":"","ocean_display_footer_widgets":"default","ocean_display_footer_bottom":"default","ocean_custom_footer_template":"0"},"product_brand":[],"product_cat":[51,65],"product_tag":[],"class_list":{"0":"post-6321","1":"product","2":"type-product","3":"status-publish","4":"has-post-thumbnail","6":"product_cat-galagar","7":"product_cat-migmag","9":"entry","10":"has-media","12":"first","13":"instock","14":"shipping-taxable","15":"product-type-simple","16":"has-product-nav","17":"col","18":"span_1_of_5","19":"owp-content-center","20":"owp-thumbs-layout-vertical","21":"owp-btn-big","22":"owp-tabs-layout-vertical","23":"has-no-thumbnails","25":"circle-sale"},"_links":{"self":[{"href":"https:\/\/baobolt.com\/index.php\/wp-json\/wp\/v2\/product\/6321","targetHints":{"allow":["GET"]}}],"collection":[{"href":"https:\/\/baobolt.com\/index.php\/wp-json\/wp\/v2\/product"}],"about":[{"href":"https:\/\/baobolt.com\/index.php\/wp-json\/wp\/v2\/types\/product"}],"replies":[{"embeddable":true,"href":"https:\/\/baobolt.com\/index.php\/wp-json\/wp\/v2\/comments?post=6321"}],"version-history":[{"count":1,"href":"https:\/\/baobolt.com\/index.php\/wp-json\/wp\/v2\/product\/6321\/revisions"}],"predecessor-version":[{"id":6323,"href":"https:\/\/baobolt.com\/index.php\/wp-json\/wp\/v2\/product\/6321\/revisions\/6323"}],"wp:featuredmedia":[{"embeddable":true,"href":"https:\/\/baobolt.com\/index.php\/wp-json\/wp\/v2\/media\/7698"}],"wp:attachment":[{"href":"https:\/\/baobolt.com\/index.php\/wp-json\/wp\/v2\/media?parent=6321"}],"wp:term":[{"taxonomy":"product_brand","embeddable":true,"href":"https:\/\/baobolt.com\/index.php\/wp-json\/wp\/v2\/product_brand?post=6321"},{"taxonomy":"product_cat","embeddable":true,"href":"https:\/\/baobolt.com\/index.php\/wp-json\/wp\/v2\/product_cat?post=6321"},{"taxonomy":"product_tag","embeddable":true,"href":"https:\/\/baobolt.com\/index.php\/wp-json\/wp\/v2\/product_tag?post=6321"}],"curies":[{"name":"wp","href":"https:\/\/api.w.org\/{rel}","templated":true}]}}