{"id":6262,"date":"2023-12-29T01:18:38","date_gmt":"2023-12-29T00:18:38","guid":{"rendered":"https:\/\/baobolt.com\/?post_type=product&#038;p=6262"},"modified":"2023-12-29T20:31:41","modified_gmt":"2023-12-29T19:31:41","slug":"boulonneuse-a-chocs-fuel-one-key-carre-3-4-pouce-18-volts-m18-fhiwf34-502x-milwaukee","status":"publish","type":"product","link":"https:\/\/baobolt.com\/index.php\/produit\/boulonneuse-a-chocs-fuel-one-key-carre-3-4-pouce-18-volts-m18-fhiwf34-502x-milwaukee\/","title":{"rendered":"Boulonneuse \u00e0 Chocs FUEL ONE KEY Carr\u00e9 3\/4\u00a0\u00bb pouce 18 Volts M18 FHIWF34-502X Milwaukee"},"content":{"rendered":"<h3><strong>Accessoires livr\u00e9s avec<\/strong> <strong>Boulonneuse \u00e0 Chocs FUEL ONE KEY Carr\u00e9 3\/4\u00a0\u00bb pouce 18 Volts M18 FHIWF34-502X Milwaukee 4933478514<\/strong><\/h3>\n<ul>\n<li>2x Batteries 18V 5.0Ah<\/li>\n<li>1x Chargeur<\/li>\n<li>1x\u00a0Coffret HD Box<\/li>\n<\/ul>\n<h3><strong>Garantie et SAV de votre outillage\u00a0M18 FHIWF34-502X\u00a0| 4933459730 :<\/strong><\/h3>\n<p>Les outils Milwaukee sont garantis contractuellement, conform\u00e9ment aux dispositions l\u00e9gales \/ nationales.<\/p>\n<ul>\n<li>1 an pour la gamme Milwaukee.<\/li>\n<\/ul>\n<p>La garantie correspond \u00e0 une utilisation normale de l&rsquo;outil. Elle couvre donc tous les d\u00e9fauts de fabrication ou de montage.<\/p>\n<p>Elle exclut les avaries dues \u00e0 un mauvais usage, \u00e0 un entretien d\u00e9fectueux, \u00e0 l&rsquo;usure normale, \u00e0 une surcharge ou \u00e0 une utilisation d&rsquo;accessoires non pr\u00e9vus.<\/p>\n<p>La demande de garantie doit \u00eatre effectu\u00e9e lors de l&rsquo;envoi du mat\u00e9riel. Pour qu&rsquo;elle soit applicable, l&rsquo;outil doit nous \u00eatre retourn\u00e9 non ouvert et non d\u00e9mont\u00e9, accompagn\u00e9 de la preuve d&rsquo;achat<\/p>\n<p>&nbsp;<\/p>\n<p>&nbsp;<\/p>\n","protected":false},"excerpt":{"rendered":"<ul class=\"ProductFeaturesTextstyles__FeatureList-fxqvf2-1 dUrrwH\">\n<li class=\"ProductFeaturesTextstyles__Feature-fxqvf2-3 ggyeUS\">La boulonneuse\u00a0<a href=\"https:\/\/fr.milwaukeetool.eu\/systems\/m18\/fuel\/\">M18 FUEL\u2122<\/a>\u00a0\u00e9quip\u00e9e de la technologie\u00a0<a href=\"https:\/\/fr.milwaukeetool.eu\/systems\/one-key\/\">ONE-KEY\u2122<\/a>\u00a0d\u00e9livre un couple de serrage de 1627 Nm tout en restant compacte (213mm) pour acc\u00e9der facilement aux espaces \u00e9troits<\/li>\n<li class=\"ProductFeaturesTextstyles__Feature-fxqvf2-3 ggyeUS\">DRIVE CONTROL 4 modes pour adapter le couple, la vitesse et la cadence selon les applications<\/li>\n<li class=\"ProductFeaturesTextstyles__Feature-fxqvf2-3 ggyeUS\">Mode 4 id\u00e9al pour retirer les \u00e9crous: un couple de desserrage de 2034\u00a0Nm combin\u00e9 \u00e0 une vitesse de 750 tr\/min pour un contr\u00f4le de l&rsquo;outil in\u00e9gal\u00e9<\/li>\n<li class=\"ProductFeaturesTextstyles__Feature-fxqvf2-3 ggyeUS\">Couple identique \u00e0 chaque utilisation gr\u00e2ce \u00e0 l&rsquo;application\u00a0<a href=\"https:\/\/fr.milwaukeetool.eu\/systems\/one-key\/\">ONE-KEY\u2122<\/a><\/li>\n<li class=\"ProductFeaturesTextstyles__Feature-fxqvf2-3 ggyeUS\">La localisation et la s\u00e9curit\u00e9 de l&rsquo;outil via la technologie\u00a0<a href=\"https:\/\/fr.milwaukeetool.eu\/systems\/one-key\/\">ONE-KEY\u2122<\/a>\u00a0se font gr\u00e2ce \u00e0 l&rsquo;enregistrement des donn\u00e9es sur le cloud pour une visualisation rapide de l&rsquo;inventaire via Bluetooth.\u00a0<a href=\"https:\/\/fr.milwaukeetool.eu\/systems\/one-key\/\">ONE-KEY\u2122<\/a>\u00a0dispose \u00e9galement d&rsquo;une fonctionnalit\u00e9 de verrouillage \u00e0 distance. La fonction de personnalisation permet un ajustement pr\u00e9cis de l&rsquo;outil \u00e0 l&rsquo;application<\/li>\n<li class=\"ProductFeaturesTextstyles__Feature-fxqvf2-3 ggyeUS\">L&rsquo;ADN de notre plateforme FUEL\u2122 red\u00e9finit l&rsquo;\u00e9quilibre des technologies sans fil. Le moteur POWERSTATE\u2122 sans charbon de MILWAUKEE\u00ae, la batterie REDLITHIUM\u2122 et l&rsquo;intelligence \u00e9lectronique REDLINK PLUS\u2122 offrant une puissance, une autonomie et une durabilit\u00e9 exceptionnelles<\/li>\n<li class=\"ProductFeaturesTextstyles__Feature-fxqvf2-3 ggyeUS\">R\u00e9ception carr\u00e9 \u00be\u2033 O&rsquo;Ring<\/li>\n<\/ul>\n","protected":false},"featured_media":6269,"comment_status":"open","ping_status":"closed","template":"","meta":{"_eb_attr":"","ocean_post_layout":"","ocean_both_sidebars_style":"","ocean_both_sidebars_content_width":0,"ocean_both_sidebars_sidebars_width":0,"ocean_sidebar":"0","ocean_second_sidebar":"0","ocean_disable_margins":"enable","ocean_add_body_class":"","ocean_shortcode_before_top_bar":"","ocean_shortcode_after_top_bar":"","ocean_shortcode_before_header":"","ocean_shortcode_after_header":"","ocean_has_shortcode":"","ocean_shortcode_after_title":"","ocean_shortcode_before_footer_widgets":"","ocean_shortcode_after_footer_widgets":"","ocean_shortcode_before_footer_bottom":"","ocean_shortcode_after_footer_bottom":"","ocean_display_top_bar":"default","ocean_display_header":"default","ocean_header_style":"","ocean_center_header_left_menu":"0","ocean_custom_header_template":"0","ocean_custom_logo":0,"ocean_custom_retina_logo":0,"ocean_custom_logo_max_width":0,"ocean_custom_logo_tablet_max_width":0,"ocean_custom_logo_mobile_max_width":0,"ocean_custom_logo_max_height":0,"ocean_custom_logo_tablet_max_height":0,"ocean_custom_logo_mobile_max_height":0,"ocean_header_custom_menu":"0","ocean_menu_typo_font_family":"0","ocean_menu_typo_font_subset":"","ocean_menu_typo_font_size":0,"ocean_menu_typo_font_size_tablet":0,"ocean_menu_typo_font_size_mobile":0,"ocean_menu_typo_font_size_unit":"px","ocean_menu_typo_font_weight":"","ocean_menu_typo_font_weight_tablet":"","ocean_menu_typo_font_weight_mobile":"","ocean_menu_typo_transform":"","ocean_menu_typo_transform_tablet":"","ocean_menu_typo_transform_mobile":"","ocean_menu_typo_line_height":0,"ocean_menu_typo_line_height_tablet":0,"ocean_menu_typo_line_height_mobile":0,"ocean_menu_typo_line_height_unit":"","ocean_menu_typo_spacing":0,"ocean_menu_typo_spacing_tablet":0,"ocean_menu_typo_spacing_mobile":0,"ocean_menu_typo_spacing_unit":"","ocean_menu_link_color":"","ocean_menu_link_color_hover":"","ocean_menu_link_color_active":"","ocean_menu_link_background":"","ocean_menu_link_hover_background":"","ocean_menu_link_active_background":"","ocean_menu_social_links_bg":"","ocean_menu_social_hover_links_bg":"","ocean_menu_social_links_color":"","ocean_menu_social_hover_links_color":"","ocean_disable_title":"default","ocean_disable_heading":"default","ocean_post_title":"","ocean_post_subheading":"","ocean_post_title_style":"","ocean_post_title_background_color":"","ocean_post_title_background":0,"ocean_post_title_bg_image_position":"","ocean_post_title_bg_image_attachment":"","ocean_post_title_bg_image_repeat":"","ocean_post_title_bg_image_size":"","ocean_post_title_height":0,"ocean_post_title_bg_overlay":0.5,"ocean_post_title_bg_overlay_color":"","ocean_disable_breadcrumbs":"default","ocean_breadcrumbs_color":"","ocean_breadcrumbs_separator_color":"","ocean_breadcrumbs_links_color":"","ocean_breadcrumbs_links_hover_color":"","ocean_display_footer_widgets":"default","ocean_display_footer_bottom":"default","ocean_custom_footer_template":"0"},"product_brand":[],"product_cat":[48],"product_tag":[],"class_list":{"0":"post-6262","1":"product","2":"type-product","3":"status-publish","4":"has-post-thumbnail","6":"product_cat-milwaukee","8":"entry","9":"has-media","11":"first","12":"instock","13":"shipping-taxable","14":"purchasable","15":"product-type-simple","16":"has-product-nav","17":"col","18":"span_1_of_5","19":"owp-content-center","20":"owp-thumbs-layout-vertical","21":"owp-btn-big","22":"owp-tabs-layout-vertical","24":"circle-sale"},"_links":{"self":[{"href":"https:\/\/baobolt.com\/index.php\/wp-json\/wp\/v2\/product\/6262","targetHints":{"allow":["GET"]}}],"collection":[{"href":"https:\/\/baobolt.com\/index.php\/wp-json\/wp\/v2\/product"}],"about":[{"href":"https:\/\/baobolt.com\/index.php\/wp-json\/wp\/v2\/types\/product"}],"replies":[{"embeddable":true,"href":"https:\/\/baobolt.com\/index.php\/wp-json\/wp\/v2\/comments?post=6262"}],"version-history":[{"count":2,"href":"https:\/\/baobolt.com\/index.php\/wp-json\/wp\/v2\/product\/6262\/revisions"}],"predecessor-version":[{"id":6275,"href":"https:\/\/baobolt.com\/index.php\/wp-json\/wp\/v2\/product\/6262\/revisions\/6275"}],"wp:featuredmedia":[{"embeddable":true,"href":"https:\/\/baobolt.com\/index.php\/wp-json\/wp\/v2\/media\/6269"}],"wp:attachment":[{"href":"https:\/\/baobolt.com\/index.php\/wp-json\/wp\/v2\/media?parent=6262"}],"wp:term":[{"taxonomy":"product_brand","embeddable":true,"href":"https:\/\/baobolt.com\/index.php\/wp-json\/wp\/v2\/product_brand?post=6262"},{"taxonomy":"product_cat","embeddable":true,"href":"https:\/\/baobolt.com\/index.php\/wp-json\/wp\/v2\/product_cat?post=6262"},{"taxonomy":"product_tag","embeddable":true,"href":"https:\/\/baobolt.com\/index.php\/wp-json\/wp\/v2\/product_tag?post=6262"}],"curies":[{"name":"wp","href":"https:\/\/api.w.org\/{rel}","templated":true}]}}