{"id":6255,"date":"2023-12-29T01:05:57","date_gmt":"2023-12-29T00:05:57","guid":{"rendered":"https:\/\/baobolt.com\/?post_type=product&#038;p=6255"},"modified":"2023-12-29T01:05:58","modified_gmt":"2023-12-29T00:05:58","slug":"boulonneuse-a-chocs-18-volts-fuel-m18fmtiw2f12-502x-milwaukee","status":"publish","type":"product","link":"https:\/\/baobolt.com\/index.php\/produit\/boulonneuse-a-chocs-18-volts-fuel-m18fmtiw2f12-502x-milwaukee\/","title":{"rendered":"Boulonneuse a chocs 18 volts fuel M18FMTIW2F12-502X Milwaukee"},"content":{"rendered":"<h3><strong>Accessoires livr\u00e9s avec Boulonneuse a chocs 18 volts fuel M18FMTIW2F12-502X Milwaukee | 4933478450<\/strong><\/h3>\n<table class=\"table product__detail-table js-responsive-table\" style=\"height: 181px;\" width=\"736\">\n<tbody>\n<tr>\n<th>Boulon max.<\/th>\n<td>M22<\/td>\n<td><\/td>\n<\/tr>\n<tr>\n<th>Cadence de frappe (Cps\/min)<\/th>\n<td>0-900 \/ 0-2100 \/ 0-3100<\/td>\n<td><\/td>\n<\/tr>\n<tr>\n<th>Capacit\u00e9 batterie (Ah)<\/th>\n<td>5.0<\/td>\n<td><\/td>\n<\/tr>\n<tr>\n<th>Couple de desserrage (Nm)<\/th>\n<td>881<\/td>\n<td><\/td>\n<\/tr>\n<tr>\n<th>Couple max (Nm)<\/th>\n<td>745<\/td>\n<td><\/td>\n<\/tr>\n<tr>\n<th>Couple max (Nm)<\/th>\n<td>475 \/ 610 \/ 745 \/ 47<\/td>\n<td><\/td>\n<\/tr>\n<tr>\n<th>Emballage<\/th>\n<td>HD Box<\/td>\n<\/tr>\n<\/tbody>\n<\/table>\n<h3><strong>Garantie et SAV de votre outillage professionnel Boulonneuse a chocs 18 volts fuel M18FMTIW2F12-502X Milwaukee | 4933478450<\/strong><\/h3>\n<p><strong>1 an pour la gamme Milwaukee.<\/strong><\/p>\n<p><strong>La garantie correspond \u00e0 une utilisation normale de l&rsquo;outil. Elle couvre donc tous les d\u00e9fauts de fabrication ou de montage.<\/strong><\/p>\n<p><strong>Elle exclut les avaries dues \u00e0 un mauvais usage, \u00e0 un entretien d\u00e9fectueux, \u00e0 l&rsquo;usure normale, \u00e0 une surcharge ou \u00e0 une utilisation d&rsquo;accessoires non pr\u00e9vus.<\/strong><\/p>\n<p><strong>La demande de garantie doit \u00eatre effectu\u00e9e lors de l&rsquo;envoi du mat\u00e9riel. Pour qu&rsquo;elle soit applicable, l&rsquo;outil doit nous \u00eatre retourn\u00e9 non ouvert et non d\u00e9mont\u00e9, accompagn\u00e9 de la preuve d&rsquo;achat.<\/strong><\/p>\n","protected":false},"excerpt":{"rendered":"<ul class=\"ProductFeaturesTextstyles__FeatureList-fxqvf2-1 dUrrwH\">\n<li class=\"ProductFeaturesTextstyles__Feature-fxqvf2-3 ggyeUS\">La boulonneuse \u00e0 chocs sans fil la plus polyvalente de la large gamme MILWAUKEE\u00ae avec 881 Nm de couple au desserrage 745 Nm de couple au serrage<\/li>\n<li class=\"ProductFeaturesTextstyles__Feature-fxqvf2-3 ggyeUS\">Conception incroyablement compacte pour ce niveau de performance, avec seulement 152 mm de longueur totale id\u00e9ale pour les applications dans des espaces confin\u00e9s<\/li>\n<li class=\"ProductFeaturesTextstyles__Feature-fxqvf2-3 ggyeUS\">4-Modes DRIVE CONTROL pour permettre \u00e0 l&rsquo;utilisateur de choisir parmi 4 r\u00e9glages de vitesse et de couple diff\u00e9rents pour maximiser la polyvalence<\/li>\n<li class=\"ProductFeaturesTextstyles__Feature-fxqvf2-3 ggyeUS\">La fonction extraction de boulon permet d&rsquo;avoir le couple maximum puis le r\u00e9gime se r\u00e9duit lorsque le boulon est desserr\u00e9 afin d&rsquo;\u00e9viter de la chute du boulon ou tout endommagement de mati\u00e8re<\/li>\n<li class=\"ProductFeaturesTextstyles__Feature-fxqvf2-3 ggyeUS\">Le mode d&rsquo;arr\u00eat automatique n&rsquo;applique pas plus de 47 Nm de couple pour les applications de serrage \u00e0 la main afin d&rsquo;\u00e9viter un serrage excessif<\/li>\n<li class=\"ProductFeaturesTextstyles__Feature-fxqvf2-3 ggyeUS\">Les trois LED fournissent un \u00e9clairage haute d\u00e9finition pour augmenter la visibilit\u00e9 de l&rsquo;espace de travail<\/li>\n<\/ul>\n","protected":false},"featured_media":6260,"comment_status":"open","ping_status":"closed","template":"","meta":{"_eb_attr":"","ocean_post_layout":"","ocean_both_sidebars_style":"","ocean_both_sidebars_content_width":0,"ocean_both_sidebars_sidebars_width":0,"ocean_sidebar":"0","ocean_second_sidebar":"0","ocean_disable_margins":"enable","ocean_add_body_class":"","ocean_shortcode_before_top_bar":"","ocean_shortcode_after_top_bar":"","ocean_shortcode_before_header":"","ocean_shortcode_after_header":"","ocean_has_shortcode":"","ocean_shortcode_after_title":"","ocean_shortcode_before_footer_widgets":"","ocean_shortcode_after_footer_widgets":"","ocean_shortcode_before_footer_bottom":"","ocean_shortcode_after_footer_bottom":"","ocean_display_top_bar":"default","ocean_display_header":"default","ocean_header_style":"","ocean_center_header_left_menu":"0","ocean_custom_header_template":"0","ocean_custom_logo":0,"ocean_custom_retina_logo":0,"ocean_custom_logo_max_width":0,"ocean_custom_logo_tablet_max_width":0,"ocean_custom_logo_mobile_max_width":0,"ocean_custom_logo_max_height":0,"ocean_custom_logo_tablet_max_height":0,"ocean_custom_logo_mobile_max_height":0,"ocean_header_custom_menu":"0","ocean_menu_typo_font_family":"0","ocean_menu_typo_font_subset":"","ocean_menu_typo_font_size":0,"ocean_menu_typo_font_size_tablet":0,"ocean_menu_typo_font_size_mobile":0,"ocean_menu_typo_font_size_unit":"px","ocean_menu_typo_font_weight":"","ocean_menu_typo_font_weight_tablet":"","ocean_menu_typo_font_weight_mobile":"","ocean_menu_typo_transform":"","ocean_menu_typo_transform_tablet":"","ocean_menu_typo_transform_mobile":"","ocean_menu_typo_line_height":0,"ocean_menu_typo_line_height_tablet":0,"ocean_menu_typo_line_height_mobile":0,"ocean_menu_typo_line_height_unit":"","ocean_menu_typo_spacing":0,"ocean_menu_typo_spacing_tablet":0,"ocean_menu_typo_spacing_mobile":0,"ocean_menu_typo_spacing_unit":"","ocean_menu_link_color":"","ocean_menu_link_color_hover":"","ocean_menu_link_color_active":"","ocean_menu_link_background":"","ocean_menu_link_hover_background":"","ocean_menu_link_active_background":"","ocean_menu_social_links_bg":"","ocean_menu_social_hover_links_bg":"","ocean_menu_social_links_color":"","ocean_menu_social_hover_links_color":"","ocean_disable_title":"default","ocean_disable_heading":"default","ocean_post_title":"","ocean_post_subheading":"","ocean_post_title_style":"","ocean_post_title_background_color":"","ocean_post_title_background":0,"ocean_post_title_bg_image_position":"","ocean_post_title_bg_image_attachment":"","ocean_post_title_bg_image_repeat":"","ocean_post_title_bg_image_size":"","ocean_post_title_height":0,"ocean_post_title_bg_overlay":0.5,"ocean_post_title_bg_overlay_color":"","ocean_disable_breadcrumbs":"default","ocean_breadcrumbs_color":"","ocean_breadcrumbs_separator_color":"","ocean_breadcrumbs_links_color":"","ocean_breadcrumbs_links_hover_color":"","ocean_display_footer_widgets":"default","ocean_display_footer_bottom":"default","ocean_custom_footer_template":"0"},"product_brand":[],"product_cat":[48],"product_tag":[],"class_list":{"0":"post-6255","1":"product","2":"type-product","3":"status-publish","4":"has-post-thumbnail","6":"product_cat-milwaukee","8":"entry","9":"has-media","11":"first","12":"instock","13":"shipping-taxable","14":"purchasable","15":"product-type-simple","16":"has-product-nav","17":"col","18":"span_1_of_5","19":"owp-content-center","20":"owp-thumbs-layout-vertical","21":"owp-btn-big","22":"owp-tabs-layout-vertical","24":"circle-sale"},"_links":{"self":[{"href":"https:\/\/baobolt.com\/index.php\/wp-json\/wp\/v2\/product\/6255","targetHints":{"allow":["GET"]}}],"collection":[{"href":"https:\/\/baobolt.com\/index.php\/wp-json\/wp\/v2\/product"}],"about":[{"href":"https:\/\/baobolt.com\/index.php\/wp-json\/wp\/v2\/types\/product"}],"replies":[{"embeddable":true,"href":"https:\/\/baobolt.com\/index.php\/wp-json\/wp\/v2\/comments?post=6255"}],"version-history":[{"count":1,"href":"https:\/\/baobolt.com\/index.php\/wp-json\/wp\/v2\/product\/6255\/revisions"}],"predecessor-version":[{"id":6261,"href":"https:\/\/baobolt.com\/index.php\/wp-json\/wp\/v2\/product\/6255\/revisions\/6261"}],"wp:featuredmedia":[{"embeddable":true,"href":"https:\/\/baobolt.com\/index.php\/wp-json\/wp\/v2\/media\/6260"}],"wp:attachment":[{"href":"https:\/\/baobolt.com\/index.php\/wp-json\/wp\/v2\/media?parent=6255"}],"wp:term":[{"taxonomy":"product_brand","embeddable":true,"href":"https:\/\/baobolt.com\/index.php\/wp-json\/wp\/v2\/product_brand?post=6255"},{"taxonomy":"product_cat","embeddable":true,"href":"https:\/\/baobolt.com\/index.php\/wp-json\/wp\/v2\/product_cat?post=6255"},{"taxonomy":"product_tag","embeddable":true,"href":"https:\/\/baobolt.com\/index.php\/wp-json\/wp\/v2\/product_tag?post=6255"}],"curies":[{"name":"wp","href":"https:\/\/api.w.org\/{rel}","templated":true}]}}