{"id":6243,"date":"2023-12-29T00:44:11","date_gmt":"2023-12-28T23:44:11","guid":{"rendered":"https:\/\/baobolt.com\/?post_type=product&#038;p=6243"},"modified":"2023-12-29T21:36:40","modified_gmt":"2023-12-29T20:36:40","slug":"boulonneuse-a-chocs-18-volts-fuel-one-key-m18-onefhiwf1ds-121c-milwaukee","status":"publish","type":"product","link":"https:\/\/baobolt.com\/index.php\/produit\/boulonneuse-a-chocs-18-volts-fuel-one-key-m18-onefhiwf1ds-121c-milwaukee\/","title":{"rendered":"Boulonneuse a chocs 18 volts fuel one key M18 ONEFHIWF1DS-121C Milwaukee"},"content":{"rendered":"<h3><strong>Accessoires livr\u00e9s avec Boulonneuse a chocs 18 volts fuel one key M18 ONEFHIWF1DS-121C Milwaukee | 4933472072<\/strong><\/h3>\n<ul>\n<li>M18 ONEFHIWF1DS-121C &#8211; BOULONNEUSE A CHOC FUEL CARR\u00c9 1\u00a0\u00bb AVEC POIGN\u00c9E EN D ET NEZ COURT,18V, BLUETOOTH, 2576 \/ 2711NM, , FIXATION BAGUE DE SERRAGE<\/li>\n<\/ul>\n<h3><strong>Garantie et SAV de votre outillage professionnel Boulonneuse a chocs 18 volts fuel one key M18 ONEFHIWF1DS-121C Milwaukee | 4933471756<\/strong><\/h3>\n<p><strong>1 an pour la gamme Milwaukee.<\/strong><\/p>\n<p><strong>La garantie correspond \u00e0 une utilisation normale de l&rsquo;outil. Elle couvre donc tous les d\u00e9fauts de fabrication ou de montage.<\/strong><\/p>\n<p><strong>Elle exclut les avaries dues \u00e0 un mauvais usage, \u00e0 un entretien d\u00e9fectueux, \u00e0 l&rsquo;usure normale, \u00e0 une surcharge ou \u00e0 une utilisation d&rsquo;accessoires non pr\u00e9vus.<\/strong><\/p>\n<p><strong>La demande de garantie doit \u00eatre effectu\u00e9e lors de l&rsquo;envoi du mat\u00e9riel. Pour qu&rsquo;elle soit applicable, l&rsquo;outil doit nous \u00eatre retourn\u00e9 non ouvert et non d\u00e9mont\u00e9, accompagn\u00e9 de la preuve d&rsquo;achat.<\/strong><\/p>\n","protected":false},"excerpt":{"rendered":"<ul>\n<li>Tranchants r\u00e9sistants au carbure pour une vitesse de p\u00e9n\u00e9tration plus rapide et une long\u00e9vit\u00e9 accrue.<\/li>\n<li>4X90\u00b0: les 4 taillants sym\u00e9triques au carbure garantissent un trou circulaire<\/li>\n<li>net et pr\u00e9cis. Plus performants<\/li>\n<li>ils ne coincent pas m\u00eame dans les fers \u00e0 b\u00e9ton.<\/li>\n<li>Corps de gros diam\u00e8tre pour une meilleure r\u00e9sistance \u00e0 la flexion et pour absorber les vibrations. L&rsquo;h\u00e9lice quadruple et sym\u00e9trique assure une \u00e9vacuation optimale des poussi\u00e8res. L&rsquo;usure est uniforme.<\/li>\n<li>Taillants carbure soud\u00e9s sur le for\u00eat pour les diam\u00e8tres de 5 \u00e0 10 mm. Permet une meilleure vitesse de p\u00e9n\u00e9tration du for\u00eat. Le for\u00eat enrichit en carbure \u00e0 une plus grande dur\u00e9e de vie.<\/li>\n<li>Les diam\u00e8tres &gt; \u00d8 18 mm ont une t\u00eate carbure 3 pi\u00e8ces<\/li>\n<li>Meilleure r\u00e9sistance du for\u00eat lors du percement de fers \u00e0 b\u00e9ton.<\/li>\n<li>Nouveau design variable de la flute. Plus fine au niveau de la t\u00eate de per\u00e7age pour une \u00e9vacuation des d\u00e9bris plus rapide<\/li>\n<li>moins de friction et une meilleure vitesse de per\u00e7age. Flute \u00e9paisse \u00e0 la base pour une meilleure stabilit\u00e9 et moins de casse du for\u00eat. Jusqu&rsquo;\u00e0 20% de trous en plus par charge de batterie par rapport \u00e0 un for\u00eat 4 taillants dans le b\u00e9ton et par rapport \u00e0 l&rsquo;ancienne g\u00e9n\u00e9ration.<\/li>\n<\/ul>\n","protected":false},"featured_media":6247,"comment_status":"open","ping_status":"closed","template":"","meta":{"_eb_attr":"","ocean_post_layout":"","ocean_both_sidebars_style":"","ocean_both_sidebars_content_width":0,"ocean_both_sidebars_sidebars_width":0,"ocean_sidebar":"0","ocean_second_sidebar":"0","ocean_disable_margins":"enable","ocean_add_body_class":"","ocean_shortcode_before_top_bar":"","ocean_shortcode_after_top_bar":"","ocean_shortcode_before_header":"","ocean_shortcode_after_header":"","ocean_has_shortcode":"","ocean_shortcode_after_title":"","ocean_shortcode_before_footer_widgets":"","ocean_shortcode_after_footer_widgets":"","ocean_shortcode_before_footer_bottom":"","ocean_shortcode_after_footer_bottom":"","ocean_display_top_bar":"default","ocean_display_header":"default","ocean_header_style":"","ocean_center_header_left_menu":"0","ocean_custom_header_template":"0","ocean_custom_logo":0,"ocean_custom_retina_logo":0,"ocean_custom_logo_max_width":0,"ocean_custom_logo_tablet_max_width":0,"ocean_custom_logo_mobile_max_width":0,"ocean_custom_logo_max_height":0,"ocean_custom_logo_tablet_max_height":0,"ocean_custom_logo_mobile_max_height":0,"ocean_header_custom_menu":"0","ocean_menu_typo_font_family":"0","ocean_menu_typo_font_subset":"","ocean_menu_typo_font_size":0,"ocean_menu_typo_font_size_tablet":0,"ocean_menu_typo_font_size_mobile":0,"ocean_menu_typo_font_size_unit":"px","ocean_menu_typo_font_weight":"","ocean_menu_typo_font_weight_tablet":"","ocean_menu_typo_font_weight_mobile":"","ocean_menu_typo_transform":"","ocean_menu_typo_transform_tablet":"","ocean_menu_typo_transform_mobile":"","ocean_menu_typo_line_height":0,"ocean_menu_typo_line_height_tablet":0,"ocean_menu_typo_line_height_mobile":0,"ocean_menu_typo_line_height_unit":"","ocean_menu_typo_spacing":0,"ocean_menu_typo_spacing_tablet":0,"ocean_menu_typo_spacing_mobile":0,"ocean_menu_typo_spacing_unit":"","ocean_menu_link_color":"","ocean_menu_link_color_hover":"","ocean_menu_link_color_active":"","ocean_menu_link_background":"","ocean_menu_link_hover_background":"","ocean_menu_link_active_background":"","ocean_menu_social_links_bg":"","ocean_menu_social_hover_links_bg":"","ocean_menu_social_links_color":"","ocean_menu_social_hover_links_color":"","ocean_disable_title":"default","ocean_disable_heading":"default","ocean_post_title":"","ocean_post_subheading":"","ocean_post_title_style":"","ocean_post_title_background_color":"","ocean_post_title_background":0,"ocean_post_title_bg_image_position":"","ocean_post_title_bg_image_attachment":"","ocean_post_title_bg_image_repeat":"","ocean_post_title_bg_image_size":"","ocean_post_title_height":0,"ocean_post_title_bg_overlay":0.5,"ocean_post_title_bg_overlay_color":"","ocean_disable_breadcrumbs":"default","ocean_breadcrumbs_color":"","ocean_breadcrumbs_separator_color":"","ocean_breadcrumbs_links_color":"","ocean_breadcrumbs_links_hover_color":"","ocean_display_footer_widgets":"default","ocean_display_footer_bottom":"default","ocean_custom_footer_template":"0"},"product_brand":[],"product_cat":[48],"product_tag":[],"class_list":{"0":"post-6243","1":"product","2":"type-product","3":"status-publish","4":"has-post-thumbnail","6":"product_cat-milwaukee","8":"entry","9":"has-media","11":"first","12":"instock","13":"shipping-taxable","14":"purchasable","15":"product-type-simple","16":"has-product-nav","17":"col","18":"span_1_of_5","19":"owp-content-center","20":"owp-thumbs-layout-vertical","21":"owp-btn-big","22":"owp-tabs-layout-vertical","24":"circle-sale"},"_links":{"self":[{"href":"https:\/\/baobolt.com\/index.php\/wp-json\/wp\/v2\/product\/6243","targetHints":{"allow":["GET"]}}],"collection":[{"href":"https:\/\/baobolt.com\/index.php\/wp-json\/wp\/v2\/product"}],"about":[{"href":"https:\/\/baobolt.com\/index.php\/wp-json\/wp\/v2\/types\/product"}],"replies":[{"embeddable":true,"href":"https:\/\/baobolt.com\/index.php\/wp-json\/wp\/v2\/comments?post=6243"}],"version-history":[{"count":1,"href":"https:\/\/baobolt.com\/index.php\/wp-json\/wp\/v2\/product\/6243\/revisions"}],"predecessor-version":[{"id":6248,"href":"https:\/\/baobolt.com\/index.php\/wp-json\/wp\/v2\/product\/6243\/revisions\/6248"}],"wp:featuredmedia":[{"embeddable":true,"href":"https:\/\/baobolt.com\/index.php\/wp-json\/wp\/v2\/media\/6247"}],"wp:attachment":[{"href":"https:\/\/baobolt.com\/index.php\/wp-json\/wp\/v2\/media?parent=6243"}],"wp:term":[{"taxonomy":"product_brand","embeddable":true,"href":"https:\/\/baobolt.com\/index.php\/wp-json\/wp\/v2\/product_brand?post=6243"},{"taxonomy":"product_cat","embeddable":true,"href":"https:\/\/baobolt.com\/index.php\/wp-json\/wp\/v2\/product_cat?post=6243"},{"taxonomy":"product_tag","embeddable":true,"href":"https:\/\/baobolt.com\/index.php\/wp-json\/wp\/v2\/product_tag?post=6243"}],"curies":[{"name":"wp","href":"https:\/\/api.w.org\/{rel}","templated":true}]}}