{"id":6212,"date":"2023-12-29T00:20:08","date_gmt":"2023-12-28T23:20:08","guid":{"rendered":"https:\/\/baobolt.com\/?post_type=product&#038;p=6212"},"modified":"2023-12-29T00:20:09","modified_gmt":"2023-12-28T23:20:09","slug":"boulonneuse-m12-fuel-1-2-avec-fixation-oring-m12-fiwf12-422x-milwaukee","status":"publish","type":"product","link":"https:\/\/baobolt.com\/index.php\/produit\/boulonneuse-m12-fuel-1-2-avec-fixation-oring-m12-fiwf12-422x-milwaukee\/","title":{"rendered":"Boulonneuse M12 FUEL\u2122 1\/2 avec fixation O&rsquo;Ring M12 FIWF12-422X Milwaukee"},"content":{"rendered":"<h3><strong>Accessoires livr\u00e9s avec\u00a0 <\/strong><strong>Boulonneuse M12 FUEL\u2122 1\/2 avec fixation O&rsquo;Ring\u00a0M12 FIWF12-422X\u00a0Milwaukee | 4933464616<\/strong><\/h3>\n<h3><strong>Garantie et SAV de votre outillage\u00a0M12 FIWF12-422X | 4933464616 :<\/strong><\/h3>\n<p>Les outils Milwaukee sont garantis contractuellement, conform\u00e9ment aux dispositions l\u00e9gales \/ nationales.<\/p>\n<ul>\n<li>1 an pour la gamme Milwaukee.<\/li>\n<\/ul>\n<p>La garantie correspond \u00e0 une utilisation normale de l&rsquo;outil. Elle couvre donc tous les d\u00e9fauts de fabrication ou de montage.<\/p>\n<p>Elle exclut les avaries dues \u00e0 un mauvais usage, \u00e0 un entretien d\u00e9fectueux, \u00e0 l&rsquo;usure normale, \u00e0 une surcharge ou \u00e0 une utilisation d&rsquo;accessoires non pr\u00e9vus.<\/p>\n<p>La demande de garantie doit \u00eatre effectu\u00e9e lors de l&rsquo;envoi du mat\u00e9riel. Pour qu&rsquo;elle soit applicable, l&rsquo;outil doit nous \u00eatre retourn\u00e9 non ouvert et non d\u00e9mont\u00e9, accompagn\u00e9 de la preuve d&rsquo;achat.<\/p>\n","protected":false},"excerpt":{"rendered":"<p>Plus puissante, plus compacte, un meilleur contr\u00f4le<\/p>\n<p>Jusqu&rsquo;\u00e0 339 Nm de couple<\/p>\n<p>Carr\u00e9 \u00bd\u2033 pour un changement facile et rapide des douilles<\/p>\n<p>Moteur POWERSTATE\u2122 sans charbons con\u00e7u et fabriqu\u00e9 par Milwaukee\u00ae pour une plus longue dur\u00e9e de vie du moteur et plus de puissance<\/p>\n<p>REDLINK PLUS\u2122 &#8211; Nouvelle \u00e9lectronique offre une protection contre les surcharges de l&rsquo;outil et de la batterie, pour des performances et une autonomie nettement am\u00e9lior\u00e9es<\/p>\n<p>La batterie REDLITHIUM-ION\u2122 prot\u00e8ge l\u2019outil et la batterie contre les surchauffes et les surcharges pour une meilleure autonomie et une dur\u00e9e de vie plus longue de l\u2019ensemble<\/p>\n<p>Gestion individuelle des cellules pour une batterie 100% charg\u00e9 optimisant ainsi sa dur\u00e9e de vie et son autonomie<\/p>\n<p>Meilleur acc\u00e8s dans les espaces restreints avec une longueur totale de seulement 124,5 mm<\/p>\n","protected":false},"featured_media":6226,"comment_status":"open","ping_status":"closed","template":"","meta":{"_eb_attr":"","ocean_post_layout":"","ocean_both_sidebars_style":"","ocean_both_sidebars_content_width":0,"ocean_both_sidebars_sidebars_width":0,"ocean_sidebar":"0","ocean_second_sidebar":"0","ocean_disable_margins":"enable","ocean_add_body_class":"","ocean_shortcode_before_top_bar":"","ocean_shortcode_after_top_bar":"","ocean_shortcode_before_header":"","ocean_shortcode_after_header":"","ocean_has_shortcode":"","ocean_shortcode_after_title":"","ocean_shortcode_before_footer_widgets":"","ocean_shortcode_after_footer_widgets":"","ocean_shortcode_before_footer_bottom":"","ocean_shortcode_after_footer_bottom":"","ocean_display_top_bar":"default","ocean_display_header":"default","ocean_header_style":"","ocean_center_header_left_menu":"0","ocean_custom_header_template":"0","ocean_custom_logo":0,"ocean_custom_retina_logo":0,"ocean_custom_logo_max_width":0,"ocean_custom_logo_tablet_max_width":0,"ocean_custom_logo_mobile_max_width":0,"ocean_custom_logo_max_height":0,"ocean_custom_logo_tablet_max_height":0,"ocean_custom_logo_mobile_max_height":0,"ocean_header_custom_menu":"0","ocean_menu_typo_font_family":"0","ocean_menu_typo_font_subset":"","ocean_menu_typo_font_size":0,"ocean_menu_typo_font_size_tablet":0,"ocean_menu_typo_font_size_mobile":0,"ocean_menu_typo_font_size_unit":"px","ocean_menu_typo_font_weight":"","ocean_menu_typo_font_weight_tablet":"","ocean_menu_typo_font_weight_mobile":"","ocean_menu_typo_transform":"","ocean_menu_typo_transform_tablet":"","ocean_menu_typo_transform_mobile":"","ocean_menu_typo_line_height":0,"ocean_menu_typo_line_height_tablet":0,"ocean_menu_typo_line_height_mobile":0,"ocean_menu_typo_line_height_unit":"","ocean_menu_typo_spacing":0,"ocean_menu_typo_spacing_tablet":0,"ocean_menu_typo_spacing_mobile":0,"ocean_menu_typo_spacing_unit":"","ocean_menu_link_color":"","ocean_menu_link_color_hover":"","ocean_menu_link_color_active":"","ocean_menu_link_background":"","ocean_menu_link_hover_background":"","ocean_menu_link_active_background":"","ocean_menu_social_links_bg":"","ocean_menu_social_hover_links_bg":"","ocean_menu_social_links_color":"","ocean_menu_social_hover_links_color":"","ocean_disable_title":"default","ocean_disable_heading":"default","ocean_post_title":"","ocean_post_subheading":"","ocean_post_title_style":"","ocean_post_title_background_color":"","ocean_post_title_background":0,"ocean_post_title_bg_image_position":"","ocean_post_title_bg_image_attachment":"","ocean_post_title_bg_image_repeat":"","ocean_post_title_bg_image_size":"","ocean_post_title_height":0,"ocean_post_title_bg_overlay":0.5,"ocean_post_title_bg_overlay_color":"","ocean_disable_breadcrumbs":"default","ocean_breadcrumbs_color":"","ocean_breadcrumbs_separator_color":"","ocean_breadcrumbs_links_color":"","ocean_breadcrumbs_links_hover_color":"","ocean_display_footer_widgets":"default","ocean_display_footer_bottom":"default","ocean_custom_footer_template":"0"},"product_brand":[],"product_cat":[48],"product_tag":[],"class_list":{"0":"post-6212","1":"product","2":"type-product","3":"status-publish","4":"has-post-thumbnail","6":"product_cat-milwaukee","8":"entry","9":"has-media","11":"first","12":"instock","13":"shipping-taxable","14":"purchasable","15":"product-type-simple","16":"has-product-nav","17":"col","18":"span_1_of_5","19":"owp-content-center","20":"owp-thumbs-layout-vertical","21":"owp-btn-big","22":"owp-tabs-layout-vertical","24":"circle-sale"},"_links":{"self":[{"href":"https:\/\/baobolt.com\/index.php\/wp-json\/wp\/v2\/product\/6212","targetHints":{"allow":["GET"]}}],"collection":[{"href":"https:\/\/baobolt.com\/index.php\/wp-json\/wp\/v2\/product"}],"about":[{"href":"https:\/\/baobolt.com\/index.php\/wp-json\/wp\/v2\/types\/product"}],"replies":[{"embeddable":true,"href":"https:\/\/baobolt.com\/index.php\/wp-json\/wp\/v2\/comments?post=6212"}],"version-history":[{"count":1,"href":"https:\/\/baobolt.com\/index.php\/wp-json\/wp\/v2\/product\/6212\/revisions"}],"predecessor-version":[{"id":6230,"href":"https:\/\/baobolt.com\/index.php\/wp-json\/wp\/v2\/product\/6212\/revisions\/6230"}],"wp:featuredmedia":[{"embeddable":true,"href":"https:\/\/baobolt.com\/index.php\/wp-json\/wp\/v2\/media\/6226"}],"wp:attachment":[{"href":"https:\/\/baobolt.com\/index.php\/wp-json\/wp\/v2\/media?parent=6212"}],"wp:term":[{"taxonomy":"product_brand","embeddable":true,"href":"https:\/\/baobolt.com\/index.php\/wp-json\/wp\/v2\/product_brand?post=6212"},{"taxonomy":"product_cat","embeddable":true,"href":"https:\/\/baobolt.com\/index.php\/wp-json\/wp\/v2\/product_cat?post=6212"},{"taxonomy":"product_tag","embeddable":true,"href":"https:\/\/baobolt.com\/index.php\/wp-json\/wp\/v2\/product_tag?post=6212"}],"curies":[{"name":"wp","href":"https:\/\/api.w.org\/{rel}","templated":true}]}}