{"id":6186,"date":"2023-12-28T01:26:52","date_gmt":"2023-12-28T00:26:52","guid":{"rendered":"https:\/\/baobolt.com\/?post_type=product&#038;p=6186"},"modified":"2023-12-28T01:26:52","modified_gmt":"2023-12-28T00:26:52","slug":"tronconneuse-metal-2300-watts-3800-tours-minutes-pour-disque-de-355mm-chs-355-e-4933411760-milwaukee","status":"publish","type":"product","link":"https:\/\/baobolt.com\/index.php\/produit\/tronconneuse-metal-2300-watts-3800-tours-minutes-pour-disque-de-355mm-chs-355-e-4933411760-milwaukee\/","title":{"rendered":"Tron\u00e7onneuse m\u00e9tal 2300 Watts 3800 tours minutes pour disque de 355mm CHS 355 E | 4933411760 Milwaukee"},"content":{"rendered":"<h3><strong>Accessoires livr\u00e9s avec <\/strong><strong>Tron\u00e7onneuse m\u00e9tal 2300 Watts 3800 tours minutes pour disque de 355mm CHS 355 E | 4933411760 Milwaukee<\/strong><\/h3>\n<ul>\n<li>Disque \u00d8355mm<\/li>\n<li>Cl\u00e9<\/li>\n<li>Etau \u00e0 serrage rapide<\/li>\n<\/ul>\n<h3><strong>Garantie et SAV de votre outillage professionnel <\/strong><strong>Tron\u00e7onneuse m\u00e9tal 2300 Watts 3800 tours minutes pour disque de 355mm CHS 355 E | 4933411760 Milwaukee<\/strong><\/h3>\n<p><strong>1 an pour la gamme Milwaukee.<\/strong><\/p>\n<p><strong>La garantie correspond \u00e0 une utilisation normale de l\u2019outil. Elle couvre donc tous les d\u00e9fauts de fabrication ou de montage.<\/strong><\/p>\n<p><strong>Elle exclut les avaries dues \u00e0 un mauvais usage, \u00e0 un entretien d\u00e9fectueux, \u00e0 l\u2019usure normale, \u00e0 une surcharge ou \u00e0 une utilisation d\u2019accessoires non pr\u00e9vus.<\/strong><\/p>\n<p><strong>La demande de garantie doit \u00eatre effectu\u00e9e lors de l\u2019envoi du mat\u00e9riel. Pour qu\u2019elle soit applicable, l\u2019outil doit nous \u00eatre retourn\u00e9 non ouvert et non d\u00e9mont\u00e9, accompagn\u00e9 de la preuve d\u2019achat.<\/strong><\/p>\n<p>&nbsp;<\/p>\n<p>&nbsp;<\/p>\n<p>&nbsp;<\/p>\n","protected":false},"excerpt":{"rendered":"<ul>\n<li>2 300W + 3 800 tr\/min = performance de coupe dans les m\u00e9taux ferreux et non ferreux et les tuyaux en fonte<\/li>\n<li>Position de transport compacte avec poign\u00e9e et broche de blocage, plus besoin de cha\u00eene<\/li>\n<li>Etau \u00e0 serrage\/ desserrage rapide avec rapporteur pour coupe de 0 \u00e0 45\u00b0 D\/G<\/li>\n<li>Ecrou fixtec + blocage de l\u2019arbre pour un changement rapide du disque sans outil<\/li>\n<li>Ventilateur int\u00e9gr\u00e9 en m\u00e9tal pour la dur\u00e9e de vie<\/li>\n<li>Capot de protection enveloppant et r\u00e9sistant pour une plus grande s\u00e9curit\u00e9<\/li>\n<li>Construction robuste avec base en acier ind\u00e9formable<\/li>\n<\/ul>\n","protected":false},"featured_media":6187,"comment_status":"open","ping_status":"closed","template":"","meta":{"_eb_attr":"","ocean_post_layout":"","ocean_both_sidebars_style":"","ocean_both_sidebars_content_width":0,"ocean_both_sidebars_sidebars_width":0,"ocean_sidebar":"0","ocean_second_sidebar":"0","ocean_disable_margins":"enable","ocean_add_body_class":"","ocean_shortcode_before_top_bar":"","ocean_shortcode_after_top_bar":"","ocean_shortcode_before_header":"","ocean_shortcode_after_header":"","ocean_has_shortcode":"","ocean_shortcode_after_title":"","ocean_shortcode_before_footer_widgets":"","ocean_shortcode_after_footer_widgets":"","ocean_shortcode_before_footer_bottom":"","ocean_shortcode_after_footer_bottom":"","ocean_display_top_bar":"default","ocean_display_header":"default","ocean_header_style":"","ocean_center_header_left_menu":"0","ocean_custom_header_template":"0","ocean_custom_logo":0,"ocean_custom_retina_logo":0,"ocean_custom_logo_max_width":0,"ocean_custom_logo_tablet_max_width":0,"ocean_custom_logo_mobile_max_width":0,"ocean_custom_logo_max_height":0,"ocean_custom_logo_tablet_max_height":0,"ocean_custom_logo_mobile_max_height":0,"ocean_header_custom_menu":"0","ocean_menu_typo_font_family":"0","ocean_menu_typo_font_subset":"","ocean_menu_typo_font_size":0,"ocean_menu_typo_font_size_tablet":0,"ocean_menu_typo_font_size_mobile":0,"ocean_menu_typo_font_size_unit":"px","ocean_menu_typo_font_weight":"","ocean_menu_typo_font_weight_tablet":"","ocean_menu_typo_font_weight_mobile":"","ocean_menu_typo_transform":"","ocean_menu_typo_transform_tablet":"","ocean_menu_typo_transform_mobile":"","ocean_menu_typo_line_height":0,"ocean_menu_typo_line_height_tablet":0,"ocean_menu_typo_line_height_mobile":0,"ocean_menu_typo_line_height_unit":"","ocean_menu_typo_spacing":0,"ocean_menu_typo_spacing_tablet":0,"ocean_menu_typo_spacing_mobile":0,"ocean_menu_typo_spacing_unit":"","ocean_menu_link_color":"","ocean_menu_link_color_hover":"","ocean_menu_link_color_active":"","ocean_menu_link_background":"","ocean_menu_link_hover_background":"","ocean_menu_link_active_background":"","ocean_menu_social_links_bg":"","ocean_menu_social_hover_links_bg":"","ocean_menu_social_links_color":"","ocean_menu_social_hover_links_color":"","ocean_disable_title":"default","ocean_disable_heading":"default","ocean_post_title":"","ocean_post_subheading":"","ocean_post_title_style":"","ocean_post_title_background_color":"","ocean_post_title_background":0,"ocean_post_title_bg_image_position":"","ocean_post_title_bg_image_attachment":"","ocean_post_title_bg_image_repeat":"","ocean_post_title_bg_image_size":"","ocean_post_title_height":0,"ocean_post_title_bg_overlay":0.5,"ocean_post_title_bg_overlay_color":"","ocean_disable_breadcrumbs":"default","ocean_breadcrumbs_color":"","ocean_breadcrumbs_separator_color":"","ocean_breadcrumbs_links_color":"","ocean_breadcrumbs_links_hover_color":"","ocean_display_footer_widgets":"default","ocean_display_footer_bottom":"default","ocean_custom_footer_template":"0"},"product_brand":[],"product_cat":[48],"product_tag":[],"class_list":{"0":"post-6186","1":"product","2":"type-product","3":"status-publish","4":"has-post-thumbnail","6":"product_cat-milwaukee","8":"entry","9":"has-media","11":"first","12":"instock","13":"shipping-taxable","14":"purchasable","15":"product-type-simple","16":"has-product-nav","17":"col","18":"span_1_of_5","19":"owp-content-center","20":"owp-thumbs-layout-vertical","21":"owp-btn-big","22":"owp-tabs-layout-vertical","24":"circle-sale"},"_links":{"self":[{"href":"https:\/\/baobolt.com\/index.php\/wp-json\/wp\/v2\/product\/6186","targetHints":{"allow":["GET"]}}],"collection":[{"href":"https:\/\/baobolt.com\/index.php\/wp-json\/wp\/v2\/product"}],"about":[{"href":"https:\/\/baobolt.com\/index.php\/wp-json\/wp\/v2\/types\/product"}],"replies":[{"embeddable":true,"href":"https:\/\/baobolt.com\/index.php\/wp-json\/wp\/v2\/comments?post=6186"}],"version-history":[{"count":1,"href":"https:\/\/baobolt.com\/index.php\/wp-json\/wp\/v2\/product\/6186\/revisions"}],"predecessor-version":[{"id":6188,"href":"https:\/\/baobolt.com\/index.php\/wp-json\/wp\/v2\/product\/6186\/revisions\/6188"}],"wp:featuredmedia":[{"embeddable":true,"href":"https:\/\/baobolt.com\/index.php\/wp-json\/wp\/v2\/media\/6187"}],"wp:attachment":[{"href":"https:\/\/baobolt.com\/index.php\/wp-json\/wp\/v2\/media?parent=6186"}],"wp:term":[{"taxonomy":"product_brand","embeddable":true,"href":"https:\/\/baobolt.com\/index.php\/wp-json\/wp\/v2\/product_brand?post=6186"},{"taxonomy":"product_cat","embeddable":true,"href":"https:\/\/baobolt.com\/index.php\/wp-json\/wp\/v2\/product_cat?post=6186"},{"taxonomy":"product_tag","embeddable":true,"href":"https:\/\/baobolt.com\/index.php\/wp-json\/wp\/v2\/product_tag?post=6186"}],"curies":[{"name":"wp","href":"https:\/\/api.w.org\/{rel}","templated":true}]}}