{"id":6105,"date":"2023-12-19T01:10:49","date_gmt":"2023-12-19T00:10:49","guid":{"rendered":"https:\/\/baobolt.com\/?post_type=product&#038;p=6105"},"modified":"2023-12-19T01:15:43","modified_gmt":"2023-12-19T00:15:43","slug":"systeme-plasma-powermax-30-air","status":"publish","type":"product","link":"https:\/\/baobolt.com\/index.php\/produit\/systeme-plasma-powermax-30-air\/","title":{"rendered":"Syst\u00e8me plasma Powermax 30 AIR"},"content":{"rendered":"<div class=\"woocommerce-product-details__short-description\">\n<div class=\"short-description\"><span dir=\"ltr\" role=\"presentation\">Un syst\u00e8me plasma de qualit\u00e9\u00a0<\/span><span dir=\"ltr\" role=\"presentation\">professionnelle avec un compresseur\u00a0<\/span><span dir=\"ltr\" role=\"presentation\">d\u2019air interne pour une meilleure\u00a0<\/span><span dir=\"ltr\" role=\"presentation\">portabilit\u00e9 et une coupe facile du m\u00e9tal.<\/span><\/div>\n<div class=\"short-description\">Ce syst\u00e8me de coupage plasma d\u2019une grande portabilit\u00e9 comprend un compresseur \u00e0 air int\u00e9gr\u00e9 pour couper le m\u00e9tal partout o\u00f9 vous trouverez une alimentation monophas\u00e9e.<\/div>\n<div>Coupe \u00e0 la traine : Lorsque la torche est gliss\u00e9e directement sur la pi\u00e8ce \u00e0 couper<\/div>\n<h5>Facile \u00e0 installer et \u00e0 utiliser<\/h5>\n<ul>\n<li>Fonctionne partout avec son compresseur d\u2019air interne.<\/li>\n<li><span dir=\"ltr\" role=\"presentation\">Se branche dans toutes les prises de courant de 120 ou 240 V\u00a0<\/span><span dir=\"ltr\" role=\"presentation\">dot\u00e9es de la technologie Auto-Voltage\u2122.<\/span><\/li>\n<li>Grande portabilit\u00e9. Le syst\u00e8me le plus petit et l\u00e9ger de sa cat\u00e9gorie.<\/li>\n<\/ul>\n<h5>Termine les t\u00e2ches plus vite<\/h5>\n<ul>\n<li><span dir=\"ltr\" role=\"presentation\">Plus productif en moins de temps. Des vitesses de coupe plus\u00a0<\/span><span dir=\"ltr\" role=\"presentation\">\u00e9lev\u00e9es et une qualit\u00e9 de coupe sup\u00e9rieure n\u00e9cessitent moins\u00a0<\/span><span dir=\"ltr\" role=\"presentation\">d\u2019op\u00e9rations secondaires.<\/span><\/li>\n<li><span dir=\"ltr\" role=\"presentation\">Coupe rapidement du m\u00e9tal d\u00e9ploy\u00e9 ou rouill\u00e9 sans r\u00e9enclencher\u00a0<\/span><span dir=\"ltr\" role=\"presentation\">avec la caract\u00e9ristique d\u2019arc pilote continu.<\/span><\/li>\n<li><span dir=\"ltr\" role=\"presentation\">Un outil pour couper diff\u00e9rents types de m\u00e9taux et diff\u00e9rentes\u00a0<\/span><span dir=\"ltr\" role=\"presentation\">\u00e9paisseurs.<\/span><\/li>\n<\/ul>\n<h5>Robuste et fiable<\/h5>\n<ul>\n<li><span dir=\"ltr\" role=\"presentation\">La nouvelle torche AIR T30 est r\u00e9sistante et con\u00e7ue pour\u00a0<\/span><span dir=\"ltr\" role=\"presentation\">supporter les environnements difficiles.<\/span><\/li>\n<li><span dir=\"ltr\" role=\"presentation\">Le compresseur d\u2019air interne robuste \u00e9limine les co\u00fbts associ\u00e9s\u00a0<\/span><span dir=\"ltr\" role=\"presentation\">\u00e0 un compresseur externe.<\/span><\/li>\n<li><span dir=\"ltr\" role=\"presentation\">La fiabilit\u00e9 Hypertherm Certified\u2122 assure la performance et ce,\u00a0<\/span><span dir=\"ltr\" role=\"presentation\">dans les conditions les plus exigeantes.<\/span><\/li>\n<\/ul>\n<h5><span dir=\"ltr\" role=\"presentation\">Le syst\u00e8me comprend<\/span><\/h5>\n<ul>\n<li><span dir=\"ltr\" role=\"presentation\">Alimentation \u00e9lectrique, torche manuelle AIR T30 avec\u00a0<\/span><span dir=\"ltr\" role=\"presentation\">faisceau de 4,5 m et connecteur de pi\u00e8ce avec faisceau\u00a0<\/span><span dir=\"ltr\" role=\"presentation\">de 4,5 m<\/span><\/li>\n<li><span dir=\"ltr\" role=\"presentation\">Manuels de l\u2019op\u00e9rateur et de s\u00e9curit\u00e9<\/span><\/li>\n<li><span dir=\"ltr\" role=\"presentation\">1 buse et 1 \u00e9lectrode<\/span><\/li>\n<li><span dir=\"ltr\" role=\"presentation\">Sangle de transport<\/span><\/li>\n<\/ul>\n<h5><span dir=\"ltr\" role=\"presentation\">Technologie haute performance<\/span><\/h5>\n<p><span dir=\"ltr\" role=\"presentation\">Les nouvelles conceptions de consommables en attente de brevet\u00a0<\/span><span dir=\"ltr\" role=\"presentation\">permettent une coupe constante en optimisant le d\u00e9bit d\u2019air\u00a0<\/span><span dir=\"ltr\" role=\"presentation\">depuis le compresseur compact interne. Associ\u00e9 au syst\u00e8me tr\u00e8s<\/span><br role=\"presentation\" \/><span dir=\"ltr\" role=\"presentation\">efficace d\u2019\u00e9limination de l\u2019humidit\u00e9, le Powermax30 AIR fournit\u00a0<\/span><span dir=\"ltr\" role=\"presentation\">une excellente qualit\u00e9 de coupe et un rendement constant dans\u00a0<\/span><span dir=\"ltr\" role=\"presentation\">des environnements chauds et humides.<\/span><\/p>\n<h5><span dir=\"ltr\" role=\"presentation\">Coupe avec puissance d\u2019entr\u00e9e de 120 V<\/span><\/h5>\n<p><span dir=\"ltr\" role=\"presentation\">Avec la sortie recommand\u00e9e maximale de 20 A, les\u00a0<\/span><span dir=\"ltr\" role=\"presentation\">capacit\u00e9s de coupe sont les suivantes :<\/span><\/p>\n<ul>\n<li><span dir=\"ltr\" role=\"presentation\">3 mm \u00e0 762 mm\/min<\/span><\/li>\n<li><span dir=\"ltr\" role=\"presentation\">6 mm \u00e0 355 mm\/min<\/span><\/li>\n<li><span dir=\"ltr\" role=\"presentation\">10 mm \u00e0 125 mm\/min<\/span><\/li>\n<\/ul>\n<h5><span dir=\"ltr\" role=\"presentation\">Performance sup\u00e9rieure avec meilleure portabilit\u00e9<\/span><\/h5>\n<p><span dir=\"ltr\" role=\"presentation\">Compar\u00e9 aux mod\u00e8les de la concurrence avec des\u00a0<\/span><span dir=\"ltr\" role=\"presentation\">compresseurs internes, le Powermax30 AIR poss\u00e8de\u00a0<\/span><span dir=\"ltr\" role=\"presentation\">le rapport puissance\/poids le plus \u00e9lev\u00e9, ce qui\u00a0<\/span><span dir=\"ltr\" role=\"presentation\">signifie qu\u2019il a la meilleure puissance de coupe dans\u00a0<\/span><span dir=\"ltr\" role=\"presentation\">la conception la plus l\u00e9g\u00e8re<\/span><\/p>\n<h5><span dir=\"ltr\" role=\"presentation\">Applications courantes<\/span><\/h5>\n<p><span dir=\"ltr\" role=\"presentation\">CVC, entretien de biens\/d\u2019usine, incendie et secours,\u00a0<\/span><span dir=\"ltr\" role=\"presentation\">fabrication g\u00e9n\u00e9rale et en plus : Construction, R\u00e9paration et modification de v\u00e9hicules, Agriculture.<\/span><\/p>\n<\/div>\n","protected":false},"excerpt":{"rendered":"<div class=\"woocommerce-product-details__short-description\">\n<p>&nbsp;<\/p>\n<h2 class=\"headline headline__redesign headline__redesign--blue headline__redesign--hl2\">CARACT\u00c9RISTIQUES TECHNIQUES<\/h2>\n<table class=\"woocommerce-product-attributes shop_attributes\">\n<tbody>\n<tr class=\"woocommerce-product-attributes-item woocommerce-product-attributes-item--weight\">\n<th class=\"woocommerce-product-attributes-item__label\">POIDS<\/th>\n<td class=\"woocommerce-product-attributes-item__value\">13.5 kg<\/td>\n<\/tr>\n<tr class=\"woocommerce-product-attributes-item woocommerce-product-attributes-item--attribute_pa_plage-dintensite-de-sortie\">\n<th class=\"woocommerce-product-attributes-item__label\">PLAGE D\u2019INTENSIT\u00c9 DE SORTIE<\/th>\n<td class=\"woocommerce-product-attributes-item__value\">15 \u2013 30 A<\/td>\n<\/tr>\n<tr class=\"woocommerce-product-attributes-item woocommerce-product-attributes-item--attribute_pa_capacite-de-coupe-maximale\">\n<th class=\"woocommerce-product-attributes-item__label\">CAPACIT\u00c9 DE COUPE MAXIMALE<\/th>\n<td class=\"woocommerce-product-attributes-item__value\"><a href=\"https:\/\/www.easyweldfrance.com\/capacite-de-coupe-maximale\/10-mm\/\" rel=\"tag\">10 mm<\/a><\/td>\n<\/tr>\n<tr class=\"woocommerce-product-attributes-item woocommerce-product-attributes-item--attribute_pa_capacite-de-coupe-grossiere\">\n<th class=\"woocommerce-product-attributes-item__label\">CAPACIT\u00c9 DE COUPE GROSSI\u00c8RE<\/th>\n<td class=\"woocommerce-product-attributes-item__value\">16 mm<\/td>\n<\/tr>\n<tr class=\"woocommerce-product-attributes-item woocommerce-product-attributes-item--attribute_pa_tension-de-sortie-nominale\">\n<th class=\"woocommerce-product-attributes-item__label\">TENSION DE SORTIE NOMINALE<\/th>\n<td class=\"woocommerce-product-attributes-item__value\">83 V c.c.<\/td>\n<\/tr>\n<tr class=\"woocommerce-product-attributes-item woocommerce-product-attributes-item--attribute_pa_facteur-de-marche-35\">\n<th class=\"woocommerce-product-attributes-item__label\">FACTEUR DE MARCHE (CYCLE DE 10&prime; \u00c0 40\u00b0C) 35%<\/th>\n<td class=\"woocommerce-product-attributes-item__value\"><a href=\"https:\/\/www.easyweldfrance.com\/facteur-de-marche-35\/240-v\/\" rel=\"tag\">240 V<\/a><\/td>\n<\/tr>\n<tr class=\"woocommerce-product-attributes-item woocommerce-product-attributes-item--attribute_pa_facteur-de-marche-20\">\n<th class=\"woocommerce-product-attributes-item__label\">FACTEUR DE MARCHE (CYCLE DE 10&prime; \u00c0 40\u00b0C) 20%<\/th>\n<td class=\"woocommerce-product-attributes-item__value\"><a href=\"https:\/\/www.easyweldfrance.com\/facteur-de-marche-20\/120-v\/\" rel=\"tag\">120 V<\/a><\/td>\n<\/tr>\n<tr class=\"woocommerce-product-attributes-item woocommerce-product-attributes-item--attribute_pa_tension-a-vide\">\n<th class=\"woocommerce-product-attributes-item__label\">TENSION \u00c0 VIDE<\/th>\n<td class=\"woocommerce-product-attributes-item__value\"><a href=\"https:\/\/www.easyweldfrance.com\/tension-a-vide\/256-v-c-c\/\" rel=\"tag\">256 V c.c.<\/a><\/td>\n<\/tr>\n<tr class=\"woocommerce-product-attributes-item woocommerce-product-attributes-item--attribute_pa_dimensions-lxlxh-en-mm\">\n<th class=\"woocommerce-product-attributes-item__label\">DIMENSIONS (LXLXH EN MM)<\/th>\n<td class=\"woocommerce-product-attributes-item__value\"><a href=\"https:\/\/www.easyweldfrance.com\/dimensions-lxlxh-en-mm\/420-mm-p-195-mm-l-333-mm-h\/\" rel=\"tag\">420 mm P ; 195 mm L ; 333 mm H<\/a><\/td>\n<\/tr>\n<tr class=\"woocommerce-product-attributes-item woocommerce-product-attributes-item--attribute_pa_poids-poste-nu\">\n<th class=\"woocommerce-product-attributes-item__label\">POIDS POSTE NU<\/th>\n<td class=\"woocommerce-product-attributes-item__value\"><a href=\"https:\/\/www.easyweldfrance.com\/poids-poste-nu\/135-kg\/\" rel=\"tag\">13,5 kg<\/a><\/td>\n<\/tr>\n<\/tbody>\n<\/table>\n<\/div>\n","protected":false},"featured_media":6109,"comment_status":"open","ping_status":"closed","template":"","meta":{"_eb_attr":"","ocean_post_layout":"","ocean_both_sidebars_style":"","ocean_both_sidebars_content_width":0,"ocean_both_sidebars_sidebars_width":0,"ocean_sidebar":"0","ocean_second_sidebar":"0","ocean_disable_margins":"enable","ocean_add_body_class":"","ocean_shortcode_before_top_bar":"","ocean_shortcode_after_top_bar":"","ocean_shortcode_before_header":"","ocean_shortcode_after_header":"","ocean_has_shortcode":"","ocean_shortcode_after_title":"","ocean_shortcode_before_footer_widgets":"","ocean_shortcode_after_footer_widgets":"","ocean_shortcode_before_footer_bottom":"","ocean_shortcode_after_footer_bottom":"","ocean_display_top_bar":"default","ocean_display_header":"default","ocean_header_style":"","ocean_center_header_left_menu":"0","ocean_custom_header_template":"0","ocean_custom_logo":0,"ocean_custom_retina_logo":0,"ocean_custom_logo_max_width":0,"ocean_custom_logo_tablet_max_width":0,"ocean_custom_logo_mobile_max_width":0,"ocean_custom_logo_max_height":0,"ocean_custom_logo_tablet_max_height":0,"ocean_custom_logo_mobile_max_height":0,"ocean_header_custom_menu":"0","ocean_menu_typo_font_family":"0","ocean_menu_typo_font_subset":"","ocean_menu_typo_font_size":0,"ocean_menu_typo_font_size_tablet":0,"ocean_menu_typo_font_size_mobile":0,"ocean_menu_typo_font_size_unit":"px","ocean_menu_typo_font_weight":"","ocean_menu_typo_font_weight_tablet":"","ocean_menu_typo_font_weight_mobile":"","ocean_menu_typo_transform":"","ocean_menu_typo_transform_tablet":"","ocean_menu_typo_transform_mobile":"","ocean_menu_typo_line_height":0,"ocean_menu_typo_line_height_tablet":0,"ocean_menu_typo_line_height_mobile":0,"ocean_menu_typo_line_height_unit":"","ocean_menu_typo_spacing":0,"ocean_menu_typo_spacing_tablet":0,"ocean_menu_typo_spacing_mobile":0,"ocean_menu_typo_spacing_unit":"","ocean_menu_link_color":"","ocean_menu_link_color_hover":"","ocean_menu_link_color_active":"","ocean_menu_link_background":"","ocean_menu_link_hover_background":"","ocean_menu_link_active_background":"","ocean_menu_social_links_bg":"","ocean_menu_social_hover_links_bg":"","ocean_menu_social_links_color":"","ocean_menu_social_hover_links_color":"","ocean_disable_title":"default","ocean_disable_heading":"default","ocean_post_title":"","ocean_post_subheading":"","ocean_post_title_style":"","ocean_post_title_background_color":"","ocean_post_title_background":0,"ocean_post_title_bg_image_position":"","ocean_post_title_bg_image_attachment":"","ocean_post_title_bg_image_repeat":"","ocean_post_title_bg_image_size":"","ocean_post_title_height":0,"ocean_post_title_bg_overlay":0.5,"ocean_post_title_bg_overlay_color":"","ocean_disable_breadcrumbs":"default","ocean_breadcrumbs_color":"","ocean_breadcrumbs_separator_color":"","ocean_breadcrumbs_links_color":"","ocean_breadcrumbs_links_hover_color":"","ocean_display_footer_widgets":"default","ocean_display_footer_bottom":"default","ocean_custom_footer_template":"0"},"product_brand":[],"product_cat":[15,62],"product_tag":[],"class_list":{"0":"post-6105","1":"product","2":"type-product","3":"status-publish","4":"has-post-thumbnail","6":"product_cat-non-classe","7":"product_cat-coupage-plasma","9":"entry","10":"has-media","12":"first","13":"instock","14":"shipping-taxable","15":"product-type-simple","16":"has-product-nav","17":"col","18":"span_1_of_5","19":"owp-content-center","20":"owp-thumbs-layout-vertical","21":"owp-btn-big","22":"owp-tabs-layout-vertical","24":"circle-sale"},"_links":{"self":[{"href":"https:\/\/baobolt.com\/index.php\/wp-json\/wp\/v2\/product\/6105","targetHints":{"allow":["GET"]}}],"collection":[{"href":"https:\/\/baobolt.com\/index.php\/wp-json\/wp\/v2\/product"}],"about":[{"href":"https:\/\/baobolt.com\/index.php\/wp-json\/wp\/v2\/types\/product"}],"replies":[{"embeddable":true,"href":"https:\/\/baobolt.com\/index.php\/wp-json\/wp\/v2\/comments?post=6105"}],"version-history":[{"count":3,"href":"https:\/\/baobolt.com\/index.php\/wp-json\/wp\/v2\/product\/6105\/revisions"}],"predecessor-version":[{"id":6113,"href":"https:\/\/baobolt.com\/index.php\/wp-json\/wp\/v2\/product\/6105\/revisions\/6113"}],"wp:featuredmedia":[{"embeddable":true,"href":"https:\/\/baobolt.com\/index.php\/wp-json\/wp\/v2\/media\/6109"}],"wp:attachment":[{"href":"https:\/\/baobolt.com\/index.php\/wp-json\/wp\/v2\/media?parent=6105"}],"wp:term":[{"taxonomy":"product_brand","embeddable":true,"href":"https:\/\/baobolt.com\/index.php\/wp-json\/wp\/v2\/product_brand?post=6105"},{"taxonomy":"product_cat","embeddable":true,"href":"https:\/\/baobolt.com\/index.php\/wp-json\/wp\/v2\/product_cat?post=6105"},{"taxonomy":"product_tag","embeddable":true,"href":"https:\/\/baobolt.com\/index.php\/wp-json\/wp\/v2\/product_tag?post=6105"}],"curies":[{"name":"wp","href":"https:\/\/api.w.org\/{rel}","templated":true}]}}