{"id":6063,"date":"2023-12-18T01:33:04","date_gmt":"2023-12-18T00:33:04","guid":{"rendered":"https:\/\/baobolt.com\/?post_type=product&#038;p=6063"},"modified":"2024-12-01T19:10:12","modified_gmt":"2024-12-01T18:10:12","slug":"meuleuse-dangle-ag10-115-milwaukee","status":"publish","type":"product","link":"https:\/\/baobolt.com\/index.php\/produit\/meuleuse-dangle-ag10-115-milwaukee\/","title":{"rendered":"MEULEUSE D\u2019ANGLE AG10-115 MILWAUKEE"},"content":{"rendered":"<h3><strong>Produits livr\u00e9s avec la r\u00e9f\u00e9rence <\/strong>MEULEUSE D\u2019ANGLE AG10-115 MILWAUKEE4922440315<\/h3>\n<ul>\n<li>Livr\u00e9 dans un carton<\/li>\n<\/ul>\n<h3><strong>Garantie et SAV de votre outillage Milwaukee<\/strong><\/h3>\n<p>Les outils Milwaukee sont garantis contractuellement, conform\u00e9ment aux dispositions l\u00e9gales \/ nationales.<\/p>\n<ul>\n<li>1 an pour la gamme Milwaukee.<\/li>\n<\/ul>\n<p>La garantie correspond \u00e0 une utilisation normale de l\u2019outil. Elle couvre donc tous les d\u00e9fauts de fabrication ou de montage.<\/p>\n<p>Elle exclut les avaries dues \u00e0 un mauvais usage, \u00e0 un entretien d\u00e9fectueux, \u00e0 l\u2019usure normale, \u00e0 une surcharge ou \u00e0 une utilisation d\u2019accessoires non pr\u00e9vus.<\/p>\n<p>La demande de garantie doit \u00eatre effectu\u00e9e lors de l\u2019envoi du mat\u00e9riel. Pour qu\u2019elle soit applicable, l\u2019outil doit nous \u00eatre retourn\u00e9 non ouvert et non d\u00e9mont\u00e9, accompagn\u00e9 de la preuve d\u2019achat.<\/p>\n","protected":false},"excerpt":{"rendered":"<p style=\"font-weight: 400;\">La meuleuse Milwaukee 1000W &#8211; 125mm AG10-115EK est un outil qui sert de meuleuse, ponceuse, brosse m\u00e9tallique, lustreuse ou outil \u00e0 tron\u00e7onner. Toutefois, il n\u2019est pas destin\u00e9 au meulage \u00e0 la polissage. D\u00e9couvrez l\u2019ensemble de ses caract\u00e9ristiques\u00a0techniques\u00a0:<\/p>\n<ul>\n<li>Puissance nominale : 1000W\u00a0;<\/li>\n<li>Diam\u00e8tre du disque\u00a0: 125 mm ;<\/li>\n<li>Forme d\u2019angle\u00a0;<\/li>\n<li>Vitesse de rotation (maximum)\u00a0: 11 000 tr\/min\u00a0;<\/li>\n<li>Diam\u00e8tre de l&rsquo;al\u00e9sage : 22,2 mm\u00a0;<\/li>\n<li>Alimentation\u00a0: avec fil ;<\/li>\n<li>C\u00e2ble\u00a0: 4 m\u00e8tres\u00a0;<\/li>\n<li>Broche\u00a0: M 14\u00a0;<\/li>\n<li>Profondeur de coupe\u00a0: 33 mm\u00a0;<\/li>\n<li>Interrupteur coulissant.<\/li>\n<\/ul>\n<p>&nbsp;<\/p>\n","protected":false},"featured_media":9543,"comment_status":"open","ping_status":"closed","template":"","meta":{"_eb_attr":"","ocean_post_layout":"","ocean_both_sidebars_style":"","ocean_both_sidebars_content_width":0,"ocean_both_sidebars_sidebars_width":0,"ocean_sidebar":"0","ocean_second_sidebar":"0","ocean_disable_margins":"enable","ocean_add_body_class":"","ocean_shortcode_before_top_bar":"","ocean_shortcode_after_top_bar":"","ocean_shortcode_before_header":"","ocean_shortcode_after_header":"","ocean_has_shortcode":"","ocean_shortcode_after_title":"","ocean_shortcode_before_footer_widgets":"","ocean_shortcode_after_footer_widgets":"","ocean_shortcode_before_footer_bottom":"","ocean_shortcode_after_footer_bottom":"","ocean_display_top_bar":"default","ocean_display_header":"default","ocean_header_style":"","ocean_center_header_left_menu":"0","ocean_custom_header_template":"0","ocean_custom_logo":0,"ocean_custom_retina_logo":0,"ocean_custom_logo_max_width":0,"ocean_custom_logo_tablet_max_width":0,"ocean_custom_logo_mobile_max_width":0,"ocean_custom_logo_max_height":0,"ocean_custom_logo_tablet_max_height":0,"ocean_custom_logo_mobile_max_height":0,"ocean_header_custom_menu":"0","ocean_menu_typo_font_family":"0","ocean_menu_typo_font_subset":"","ocean_menu_typo_font_size":0,"ocean_menu_typo_font_size_tablet":0,"ocean_menu_typo_font_size_mobile":0,"ocean_menu_typo_font_size_unit":"px","ocean_menu_typo_font_weight":"","ocean_menu_typo_font_weight_tablet":"","ocean_menu_typo_font_weight_mobile":"","ocean_menu_typo_transform":"","ocean_menu_typo_transform_tablet":"","ocean_menu_typo_transform_mobile":"","ocean_menu_typo_line_height":0,"ocean_menu_typo_line_height_tablet":0,"ocean_menu_typo_line_height_mobile":0,"ocean_menu_typo_line_height_unit":"","ocean_menu_typo_spacing":0,"ocean_menu_typo_spacing_tablet":0,"ocean_menu_typo_spacing_mobile":0,"ocean_menu_typo_spacing_unit":"","ocean_menu_link_color":"","ocean_menu_link_color_hover":"","ocean_menu_link_color_active":"","ocean_menu_link_background":"","ocean_menu_link_hover_background":"","ocean_menu_link_active_background":"","ocean_menu_social_links_bg":"","ocean_menu_social_hover_links_bg":"","ocean_menu_social_links_color":"","ocean_menu_social_hover_links_color":"","ocean_disable_title":"default","ocean_disable_heading":"default","ocean_post_title":"","ocean_post_subheading":"","ocean_post_title_style":"","ocean_post_title_background_color":"","ocean_post_title_background":0,"ocean_post_title_bg_image_position":"","ocean_post_title_bg_image_attachment":"","ocean_post_title_bg_image_repeat":"","ocean_post_title_bg_image_size":"","ocean_post_title_height":0,"ocean_post_title_bg_overlay":0.5,"ocean_post_title_bg_overlay_color":"","ocean_disable_breadcrumbs":"default","ocean_breadcrumbs_color":"","ocean_breadcrumbs_separator_color":"","ocean_breadcrumbs_links_color":"","ocean_breadcrumbs_links_hover_color":"","ocean_display_footer_widgets":"default","ocean_display_footer_bottom":"default","ocean_custom_footer_template":"0"},"product_brand":[],"product_cat":[39,48],"product_tag":[],"class_list":{"0":"post-6063","1":"product","2":"type-product","3":"status-publish","4":"has-post-thumbnail","6":"product_cat-meuleuse","7":"product_cat-milwaukee","9":"entry","10":"has-media","12":"first","13":"instock","14":"shipping-taxable","15":"purchasable","16":"product-type-simple","17":"has-product-nav","18":"col","19":"span_1_of_5","20":"owp-content-center","21":"owp-thumbs-layout-vertical","22":"owp-btn-big","23":"owp-tabs-layout-vertical","24":"has-no-thumbnails","26":"circle-sale"},"_links":{"self":[{"href":"https:\/\/baobolt.com\/index.php\/wp-json\/wp\/v2\/product\/6063","targetHints":{"allow":["GET"]}}],"collection":[{"href":"https:\/\/baobolt.com\/index.php\/wp-json\/wp\/v2\/product"}],"about":[{"href":"https:\/\/baobolt.com\/index.php\/wp-json\/wp\/v2\/types\/product"}],"replies":[{"embeddable":true,"href":"https:\/\/baobolt.com\/index.php\/wp-json\/wp\/v2\/comments?post=6063"}],"version-history":[{"count":3,"href":"https:\/\/baobolt.com\/index.php\/wp-json\/wp\/v2\/product\/6063\/revisions"}],"predecessor-version":[{"id":6147,"href":"https:\/\/baobolt.com\/index.php\/wp-json\/wp\/v2\/product\/6063\/revisions\/6147"}],"wp:featuredmedia":[{"embeddable":true,"href":"https:\/\/baobolt.com\/index.php\/wp-json\/wp\/v2\/media\/9543"}],"wp:attachment":[{"href":"https:\/\/baobolt.com\/index.php\/wp-json\/wp\/v2\/media?parent=6063"}],"wp:term":[{"taxonomy":"product_brand","embeddable":true,"href":"https:\/\/baobolt.com\/index.php\/wp-json\/wp\/v2\/product_brand?post=6063"},{"taxonomy":"product_cat","embeddable":true,"href":"https:\/\/baobolt.com\/index.php\/wp-json\/wp\/v2\/product_cat?post=6063"},{"taxonomy":"product_tag","embeddable":true,"href":"https:\/\/baobolt.com\/index.php\/wp-json\/wp\/v2\/product_tag?post=6063"}],"curies":[{"name":"wp","href":"https:\/\/api.w.org\/{rel}","templated":true}]}}