{"id":5947,"date":"2023-12-17T20:40:55","date_gmt":"2023-12-17T19:40:55","guid":{"rendered":"https:\/\/baobolt.com\/?post_type=product&#038;p=5947"},"modified":"2023-12-29T21:01:54","modified_gmt":"2023-12-29T20:01:54","slug":"perceuse-visseuse-a-4-mandrins-m12fddxkit-202x-milwaukee","status":"publish","type":"product","link":"https:\/\/baobolt.com\/index.php\/produit\/perceuse-visseuse-a-4-mandrins-m12fddxkit-202x-milwaukee\/","title":{"rendered":"PERCEUSE VISSEUSE A 4 MANDRINS M12FDDXKIT-202X MILWAUKEE"},"content":{"rendered":"<h3><strong>Produits livr\u00e9s avec la r\u00e9f\u00e9rence M12 FDDXKIT-202X &#8211; Perceuse\/Visseuse FUEL A mandrin amovible. Livr\u00e9 en HD box 2 Batteries 12 V &#8211; 2,0 Ah Milwaukee | 4933464979<\/strong><\/h3>\n<ul>\n<li>Livr\u00e9 en HD box<\/li>\n<li>2 Batteries 12 V &#8211; 2,0 Ah Red Li-Ion<\/li>\n<li>Chargeur<\/li>\n<li>1 mandrin 13mm<\/li>\n<li>1 renvoi d&rsquo;angle<\/li>\n<li>1 d\u00e9port\u00e9<\/li>\n<li>1 mandrin Hex 1\/4<\/li>\n<\/ul>\n<h3><strong>Garantie et SAV de votre outillage Milwaukee<\/strong><\/h3>\n<p>Les outils Milwaukee sont garantis contractuellement, conform\u00e9ment aux dispositions l\u00e9gales \/ nationales.<\/p>\n<ul>\n<li>1 an pour la gamme Milwaukee.<\/li>\n<\/ul>\n<p>La garantie correspond \u00e0 une utilisation normale de l\u2019outil. Elle couvre donc tous les d\u00e9fauts de fabrication ou de montage.<\/p>\n<p>Elle exclut les avaries dues \u00e0 un mauvais usage, \u00e0 un entretien d\u00e9fectueux, \u00e0 l\u2019usure normale, \u00e0 une surcharge ou \u00e0 une utilisation d\u2019accessoires non pr\u00e9vus.<\/p>\n<p>La demande de garantie doit \u00eatre effectu\u00e9e lors de l\u2019envoi du mat\u00e9riel. Pour qu\u2019elle soit applicable, l\u2019outil doit nous \u00eatre retourn\u00e9 non ouvert et non d\u00e9mont\u00e9, accompagn\u00e9 de la preuve d\u2019achat.<\/p>\n","protected":false},"excerpt":{"rendered":"<p>Compacte et l\u00e9g\u00e8re, la perceuse visseuse 4 en 1 Milwaukee M12 FUEL FDDX\u00a0 permet de r\u00e9aliser des applications de vissage et per\u00e7age dans de nombreuses situations.<\/p>\n<p>Ses points forts :<\/p>\n<ul>\n<li>Syst\u00e8me de mandrin amovible avec 4 t\u00eates diff\u00e9rents pour un maximum de polyvalence<\/li>\n<li>Emmanchement 1\/4&Prime; hex sur l&rsquo;outil pour r\u00e9duire la taille de l&rsquo;outil \u00e0 130mm si besoin<\/li>\n<li>Design de poign\u00e9e en ligne pour un acc\u00e8s et un contr\u00f4le in\u00e9gal\u00e9s<\/li>\n<li>Moteur sans charbons POWERSTATE\u2122 d\u00e9livrant un couple de 34 Nm maximum.<\/li>\n<li>Porte embout magn\u00e9tique.<\/li>\n<li>La technologie REDLINK PLUS offre une protection num\u00e9rique avanc\u00e9e contre la surcharge de l&rsquo;outil et de la batterie.<\/li>\n<\/ul>\n","protected":false},"featured_media":5948,"comment_status":"open","ping_status":"closed","template":"","meta":{"_eb_attr":"","ocean_post_layout":"","ocean_both_sidebars_style":"","ocean_both_sidebars_content_width":0,"ocean_both_sidebars_sidebars_width":0,"ocean_sidebar":"0","ocean_second_sidebar":"0","ocean_disable_margins":"enable","ocean_add_body_class":"","ocean_shortcode_before_top_bar":"","ocean_shortcode_after_top_bar":"","ocean_shortcode_before_header":"","ocean_shortcode_after_header":"","ocean_has_shortcode":"","ocean_shortcode_after_title":"","ocean_shortcode_before_footer_widgets":"","ocean_shortcode_after_footer_widgets":"","ocean_shortcode_before_footer_bottom":"","ocean_shortcode_after_footer_bottom":"","ocean_display_top_bar":"default","ocean_display_header":"default","ocean_header_style":"","ocean_center_header_left_menu":"0","ocean_custom_header_template":"0","ocean_custom_logo":0,"ocean_custom_retina_logo":0,"ocean_custom_logo_max_width":0,"ocean_custom_logo_tablet_max_width":0,"ocean_custom_logo_mobile_max_width":0,"ocean_custom_logo_max_height":0,"ocean_custom_logo_tablet_max_height":0,"ocean_custom_logo_mobile_max_height":0,"ocean_header_custom_menu":"0","ocean_menu_typo_font_family":"0","ocean_menu_typo_font_subset":"","ocean_menu_typo_font_size":0,"ocean_menu_typo_font_size_tablet":0,"ocean_menu_typo_font_size_mobile":0,"ocean_menu_typo_font_size_unit":"px","ocean_menu_typo_font_weight":"","ocean_menu_typo_font_weight_tablet":"","ocean_menu_typo_font_weight_mobile":"","ocean_menu_typo_transform":"","ocean_menu_typo_transform_tablet":"","ocean_menu_typo_transform_mobile":"","ocean_menu_typo_line_height":0,"ocean_menu_typo_line_height_tablet":0,"ocean_menu_typo_line_height_mobile":0,"ocean_menu_typo_line_height_unit":"","ocean_menu_typo_spacing":0,"ocean_menu_typo_spacing_tablet":0,"ocean_menu_typo_spacing_mobile":0,"ocean_menu_typo_spacing_unit":"","ocean_menu_link_color":"","ocean_menu_link_color_hover":"","ocean_menu_link_color_active":"","ocean_menu_link_background":"","ocean_menu_link_hover_background":"","ocean_menu_link_active_background":"","ocean_menu_social_links_bg":"","ocean_menu_social_hover_links_bg":"","ocean_menu_social_links_color":"","ocean_menu_social_hover_links_color":"","ocean_disable_title":"default","ocean_disable_heading":"default","ocean_post_title":"","ocean_post_subheading":"","ocean_post_title_style":"","ocean_post_title_background_color":"","ocean_post_title_background":0,"ocean_post_title_bg_image_position":"","ocean_post_title_bg_image_attachment":"","ocean_post_title_bg_image_repeat":"","ocean_post_title_bg_image_size":"","ocean_post_title_height":0,"ocean_post_title_bg_overlay":0.5,"ocean_post_title_bg_overlay_color":"","ocean_disable_breadcrumbs":"default","ocean_breadcrumbs_color":"","ocean_breadcrumbs_separator_color":"","ocean_breadcrumbs_links_color":"","ocean_breadcrumbs_links_hover_color":"","ocean_display_footer_widgets":"default","ocean_display_footer_bottom":"default","ocean_custom_footer_template":"0"},"product_brand":[],"product_cat":[48,36,37],"product_tag":[],"class_list":{"0":"post-5947","1":"product","2":"type-product","3":"status-publish","4":"has-post-thumbnail","6":"product_cat-milwaukee","7":"product_cat-perceuse","8":"product_cat-visseuse","10":"entry","11":"has-media","13":"first","14":"instock","15":"shipping-taxable","16":"purchasable","17":"product-type-simple","18":"has-product-nav","19":"col","20":"span_1_of_5","21":"owp-content-center","22":"owp-thumbs-layout-vertical","23":"owp-btn-big","24":"owp-tabs-layout-vertical","25":"has-no-thumbnails","27":"circle-sale"},"_links":{"self":[{"href":"https:\/\/baobolt.com\/index.php\/wp-json\/wp\/v2\/product\/5947","targetHints":{"allow":["GET"]}}],"collection":[{"href":"https:\/\/baobolt.com\/index.php\/wp-json\/wp\/v2\/product"}],"about":[{"href":"https:\/\/baobolt.com\/index.php\/wp-json\/wp\/v2\/types\/product"}],"replies":[{"embeddable":true,"href":"https:\/\/baobolt.com\/index.php\/wp-json\/wp\/v2\/comments?post=5947"}],"version-history":[{"count":1,"href":"https:\/\/baobolt.com\/index.php\/wp-json\/wp\/v2\/product\/5947\/revisions"}],"predecessor-version":[{"id":5951,"href":"https:\/\/baobolt.com\/index.php\/wp-json\/wp\/v2\/product\/5947\/revisions\/5951"}],"wp:featuredmedia":[{"embeddable":true,"href":"https:\/\/baobolt.com\/index.php\/wp-json\/wp\/v2\/media\/5948"}],"wp:attachment":[{"href":"https:\/\/baobolt.com\/index.php\/wp-json\/wp\/v2\/media?parent=5947"}],"wp:term":[{"taxonomy":"product_brand","embeddable":true,"href":"https:\/\/baobolt.com\/index.php\/wp-json\/wp\/v2\/product_brand?post=5947"},{"taxonomy":"product_cat","embeddable":true,"href":"https:\/\/baobolt.com\/index.php\/wp-json\/wp\/v2\/product_cat?post=5947"},{"taxonomy":"product_tag","embeddable":true,"href":"https:\/\/baobolt.com\/index.php\/wp-json\/wp\/v2\/product_tag?post=5947"}],"curies":[{"name":"wp","href":"https:\/\/api.w.org\/{rel}","templated":true}]}}