{"id":5809,"date":"2023-12-17T17:41:05","date_gmt":"2023-12-17T16:41:05","guid":{"rendered":"https:\/\/baobolt.com\/?post_type=product&#038;p=5809"},"modified":"2024-04-13T17:39:27","modified_gmt":"2024-04-13T15:39:27","slug":"marteau-piqueur-milwaukee-25kg-brusheless-k2628h","status":"publish","type":"product","link":"https:\/\/baobolt.com\/index.php\/produit\/marteau-piqueur-milwaukee-25kg-brusheless-k2628h\/","title":{"rendered":"MARTEAU PIQUEUR  25KG BRUSHELESS K2628H MILWAUKEE"},"content":{"rendered":"<h3><strong><span style=\"vertical-align: inherit;\"><span style=\"vertical-align: inherit;\">Produits livr\u00e9s avec la r\u00e9f\u00e9rence K2628H &#8211; Marteau piqueur, 25Kg, 64J. Livr\u00e9 en Carton Milwaukee\u00a0<\/span><\/span><\/strong><\/h3>\n<ul>\n<li><span style=\"vertical-align: inherit;\"><span style=\"vertical-align: inherit;\">Livr\u00e9 dans un carton<\/span><\/span><\/li>\n<\/ul>\n<h3><strong><span style=\"vertical-align: inherit;\"><span style=\"vertical-align: inherit;\">Garantie et SAV de votre outillage Milwaukee<\/span><\/span><\/strong><\/h3>\n<p><span style=\"vertical-align: inherit;\"><span style=\"vertical-align: inherit;\">Les outils Milwaukee sont garantis contractuellement, conform\u00e9ment aux dispositions l\u00e9gales \/ nationales.<\/span><\/span><\/p>\n<ul>\n<li><span style=\"vertical-align: inherit;\"><span style=\"vertical-align: inherit;\">1 pour la gamme Milwaukee.<\/span><\/span><\/li>\n<\/ul>\n<p><span style=\"vertical-align: inherit;\"><span style=\"vertical-align: inherit;\">La garantie correspond \u00e0 une utilisation normale de l&rsquo;outil. Elle couvre donc tous les d\u00e9fauts de fabrication ou de montage.<\/span><\/span><\/p>\n<p><span style=\"vertical-align: inherit;\"><span style=\"vertical-align: inherit;\">Elle exclut les cons\u00e9quences dues \u00e0 un mauvais usage, \u00e0 un entretien d\u00e9fectueux, \u00e0 l&rsquo;usure normale, \u00e0 une surcharge ou \u00e0 une utilisation d&rsquo;accessoires non pr\u00e9vue.<\/span><\/span><\/p>\n<p><span style=\"vertical-align: inherit;\"><span style=\"vertical-align: inherit;\">La demande de garantie doit \u00eatre effectu\u00e9e lors de l&rsquo;envoi du mat\u00e9riel. Pour qu&rsquo;elle soit applicable, l&rsquo;outil doit nous \u00eatre retourn\u00e9 non ouvert et non d\u00e9mont\u00e9, accompagn\u00e9 de la preuve d&rsquo;achat.<\/span><\/span><\/p>\n","protected":false},"excerpt":{"rendered":"<ul class=\"ProductFeaturesTextstyles__FeatureList-fxqvf2-1 dUrrwH\">\n<li class=\"ProductFeaturesTextstyles__Feature-fxqvf2-3 ggyeUS\">D\u00e9molisseur avec une puissance de frappe de 64J pour les applications les plus lourdes<\/li>\n<li class=\"ProductFeaturesTextstyles__Feature-fxqvf2-3 ggyeUS\">Technologie antivibrations \u00e0 corps flottant : Moteur d\u00e9solidaris\u00e9 de la coque et poign\u00e9es fix\u00e9es \u00e0 la coque pour un produit avec moins de fibration et une meilleure dur\u00e9e d&rsquo;utilisation<\/li>\n<li class=\"ProductFeaturesTextstyles__Feature-fxqvf2-3 ggyeUS\">Une troisi\u00e8me poign\u00e9e suppl\u00e9mentaire permet un contr\u00f4le maximal lorsque l&rsquo;on souhaite d\u00e9placer le d\u00e9molisseur entre les applications<\/li>\n<li class=\"ProductFeaturesTextstyles__Feature-fxqvf2-3 ggyeUS\">1200 Cps\/min pour une meilleure productivit\u00e9<\/li>\n<li class=\"ProductFeaturesTextstyles__Feature-fxqvf2-3 ggyeUS\">Moteur sans charbons pour une meilleure dur\u00e9e d&rsquo;utilisation<\/li>\n<li class=\"ProductFeaturesTextstyles__Feature-fxqvf2-3 ggyeUS\">C\u00e2ble 10m pour une couverture de zone de travail jusqu&rsquo;\u00e0 314m\u00b2<\/li>\n<li class=\"ProductFeaturesTextstyles__Feature-fxqvf2-3 ggyeUS\">Emmanchement 28\u00a0mm Hex<\/li>\n<li class=\"ProductFeaturesTextstyles__Feature-fxqvf2-3 ggyeUS\">Disponible: Trolley avec rangement pour 4 burins pour faciliter le transport sur les chantiers (produit non fourni avec le d\u00e9molisseur)<\/li>\n<\/ul>\n","protected":false},"featured_media":5815,"comment_status":"open","ping_status":"closed","template":"","meta":{"_eb_attr":"","ocean_post_layout":"","ocean_both_sidebars_style":"","ocean_both_sidebars_content_width":0,"ocean_both_sidebars_sidebars_width":0,"ocean_sidebar":"0","ocean_second_sidebar":"0","ocean_disable_margins":"enable","ocean_add_body_class":"","ocean_shortcode_before_top_bar":"","ocean_shortcode_after_top_bar":"","ocean_shortcode_before_header":"","ocean_shortcode_after_header":"","ocean_has_shortcode":"","ocean_shortcode_after_title":"","ocean_shortcode_before_footer_widgets":"","ocean_shortcode_after_footer_widgets":"","ocean_shortcode_before_footer_bottom":"","ocean_shortcode_after_footer_bottom":"","ocean_display_top_bar":"default","ocean_display_header":"default","ocean_header_style":"","ocean_center_header_left_menu":"0","ocean_custom_header_template":"0","ocean_custom_logo":0,"ocean_custom_retina_logo":0,"ocean_custom_logo_max_width":0,"ocean_custom_logo_tablet_max_width":0,"ocean_custom_logo_mobile_max_width":0,"ocean_custom_logo_max_height":0,"ocean_custom_logo_tablet_max_height":0,"ocean_custom_logo_mobile_max_height":0,"ocean_header_custom_menu":"0","ocean_menu_typo_font_family":"0","ocean_menu_typo_font_subset":"","ocean_menu_typo_font_size":0,"ocean_menu_typo_font_size_tablet":0,"ocean_menu_typo_font_size_mobile":0,"ocean_menu_typo_font_size_unit":"px","ocean_menu_typo_font_weight":"","ocean_menu_typo_font_weight_tablet":"","ocean_menu_typo_font_weight_mobile":"","ocean_menu_typo_transform":"","ocean_menu_typo_transform_tablet":"","ocean_menu_typo_transform_mobile":"","ocean_menu_typo_line_height":0,"ocean_menu_typo_line_height_tablet":0,"ocean_menu_typo_line_height_mobile":0,"ocean_menu_typo_line_height_unit":"","ocean_menu_typo_spacing":0,"ocean_menu_typo_spacing_tablet":0,"ocean_menu_typo_spacing_mobile":0,"ocean_menu_typo_spacing_unit":"","ocean_menu_link_color":"","ocean_menu_link_color_hover":"","ocean_menu_link_color_active":"","ocean_menu_link_background":"","ocean_menu_link_hover_background":"","ocean_menu_link_active_background":"","ocean_menu_social_links_bg":"","ocean_menu_social_hover_links_bg":"","ocean_menu_social_links_color":"","ocean_menu_social_hover_links_color":"","ocean_disable_title":"default","ocean_disable_heading":"default","ocean_post_title":"","ocean_post_subheading":"","ocean_post_title_style":"","ocean_post_title_background_color":"","ocean_post_title_background":0,"ocean_post_title_bg_image_position":"","ocean_post_title_bg_image_attachment":"","ocean_post_title_bg_image_repeat":"","ocean_post_title_bg_image_size":"","ocean_post_title_height":0,"ocean_post_title_bg_overlay":0.5,"ocean_post_title_bg_overlay_color":"","ocean_disable_breadcrumbs":"default","ocean_breadcrumbs_color":"","ocean_breadcrumbs_separator_color":"","ocean_breadcrumbs_links_color":"","ocean_breadcrumbs_links_hover_color":"","ocean_display_footer_widgets":"default","ocean_display_footer_bottom":"default","ocean_custom_footer_template":"0"},"product_brand":[],"product_cat":[58,48],"product_tag":[],"class_list":{"0":"post-5809","1":"product","2":"type-product","3":"status-publish","4":"has-post-thumbnail","6":"product_cat-marteau-piqueur","7":"product_cat-milwaukee","9":"entry","10":"has-media","12":"first","13":"instock","14":"shipping-taxable","15":"purchasable","16":"product-type-simple","17":"has-product-nav","18":"col","19":"span_1_of_5","20":"owp-content-center","21":"owp-thumbs-layout-vertical","22":"owp-btn-big","23":"owp-tabs-layout-vertical","24":"has-no-thumbnails","26":"circle-sale"},"_links":{"self":[{"href":"https:\/\/baobolt.com\/index.php\/wp-json\/wp\/v2\/product\/5809","targetHints":{"allow":["GET"]}}],"collection":[{"href":"https:\/\/baobolt.com\/index.php\/wp-json\/wp\/v2\/product"}],"about":[{"href":"https:\/\/baobolt.com\/index.php\/wp-json\/wp\/v2\/types\/product"}],"replies":[{"embeddable":true,"href":"https:\/\/baobolt.com\/index.php\/wp-json\/wp\/v2\/comments?post=5809"}],"version-history":[{"count":5,"href":"https:\/\/baobolt.com\/index.php\/wp-json\/wp\/v2\/product\/5809\/revisions"}],"predecessor-version":[{"id":8618,"href":"https:\/\/baobolt.com\/index.php\/wp-json\/wp\/v2\/product\/5809\/revisions\/8618"}],"wp:featuredmedia":[{"embeddable":true,"href":"https:\/\/baobolt.com\/index.php\/wp-json\/wp\/v2\/media\/5815"}],"wp:attachment":[{"href":"https:\/\/baobolt.com\/index.php\/wp-json\/wp\/v2\/media?parent=5809"}],"wp:term":[{"taxonomy":"product_brand","embeddable":true,"href":"https:\/\/baobolt.com\/index.php\/wp-json\/wp\/v2\/product_brand?post=5809"},{"taxonomy":"product_cat","embeddable":true,"href":"https:\/\/baobolt.com\/index.php\/wp-json\/wp\/v2\/product_cat?post=5809"},{"taxonomy":"product_tag","embeddable":true,"href":"https:\/\/baobolt.com\/index.php\/wp-json\/wp\/v2\/product_tag?post=5809"}],"curies":[{"name":"wp","href":"https:\/\/api.w.org\/{rel}","templated":true}]}}