{"id":5663,"date":"2023-12-17T18:01:21","date_gmt":"2023-12-17T17:01:21","guid":{"rendered":"https:\/\/baobolt.com\/?post_type=product&#038;p=5663"},"modified":"2024-04-13T17:48:53","modified_gmt":"2024-04-13T15:48:53","slug":"meuleuse-sans-fil-gws18v-li-125mm-bosch","status":"publish","type":"product","link":"https:\/\/baobolt.com\/index.php\/produit\/meuleuse-sans-fil-gws18v-li-125mm-bosch\/","title":{"rendered":"MEULEUSE SANS FIL GWS18V-LI 125MM  BOSCH"},"content":{"rendered":"<h3 class=\"product-detail-stage__headline\">La meuleuse angulaire Bosch la plus petite et la plus l\u00e9g\u00e8re de la cat\u00e9gorie 18 V<\/h3>\n<ul class=\"product-detail-stage__list a-list\">\n<li>Puissance \u00e9quivalente \u00e0 une meuleuse filaire de 800 W gr\u00e2ce \u00e0 son moteur haute performance \u00e0 4 p\u00f4les<\/li>\n<li>Grande l\u00e9g\u00e8ret\u00e9 (2,3 kg) et carter compact permettant des travaux en hauteur et dans les endroits difficiles d\u2019acc\u00e8s<\/li>\n<li>Compatibilit\u00e9 totale avec toutes les batteries et tous les chargeurs 18 V de Bosch Professional<\/li>\n<\/ul>\n","protected":false},"excerpt":{"rendered":"<div class=\"row\">\n<div class=\"col-xs-12\">\n<h2 class=\"headline headline__redesign headline__redesign--blue headline__redesign--hl2\">CARACT\u00c9RISTIQUES TECHNIQUES<\/h2>\n<\/div>\n<\/div>\n<div class=\"row\">\n<div class=\"col-lg-8 col-xs-12\">\n<table class=\"table\">\n<colgroup>\n<col class=\"col-xs-5\" \/>\n<col class=\"col-xs-3\" \/><\/colgroup>\n<thead>\n<tr>\n<th colspan=\"2\">\n<h3 class=\"headline headline__redesign--blue fs16 bsBold\">Donn\u00e9es les plus importantes<\/h3>\n<\/th>\n<\/tr>\n<\/thead>\n<tbody>\n<tr>\n<td>R\u00e9gime \u00e0 vide*<\/td>\n<td>11.000 tr\/min<\/td>\n<\/tr>\n<tr>\n<td>Tension de la batterie<\/td>\n<td>18,0 V<\/td>\n<\/tr>\n<tr>\n<td>Dimensions de l\u2019emballage (longueur x largeur x hauteur)<\/td>\n<td>165 x 375 x 100 mm<\/td>\n<\/tr>\n<tr>\n<td>Poids avec batterie*<\/td>\n<td>2,3 kg<\/td>\n<\/tr>\n<\/tbody>\n<\/table>\n<\/div>\n<\/div>\n","protected":false},"featured_media":8537,"comment_status":"open","ping_status":"closed","template":"","meta":{"_eb_attr":"","ocean_post_layout":"","ocean_both_sidebars_style":"","ocean_both_sidebars_content_width":0,"ocean_both_sidebars_sidebars_width":0,"ocean_sidebar":"0","ocean_second_sidebar":"0","ocean_disable_margins":"enable","ocean_add_body_class":"","ocean_shortcode_before_top_bar":"","ocean_shortcode_after_top_bar":"","ocean_shortcode_before_header":"","ocean_shortcode_after_header":"","ocean_has_shortcode":"","ocean_shortcode_after_title":"","ocean_shortcode_before_footer_widgets":"","ocean_shortcode_after_footer_widgets":"","ocean_shortcode_before_footer_bottom":"","ocean_shortcode_after_footer_bottom":"","ocean_display_top_bar":"default","ocean_display_header":"default","ocean_header_style":"","ocean_center_header_left_menu":"0","ocean_custom_header_template":"0","ocean_custom_logo":0,"ocean_custom_retina_logo":0,"ocean_custom_logo_max_width":0,"ocean_custom_logo_tablet_max_width":0,"ocean_custom_logo_mobile_max_width":0,"ocean_custom_logo_max_height":0,"ocean_custom_logo_tablet_max_height":0,"ocean_custom_logo_mobile_max_height":0,"ocean_header_custom_menu":"0","ocean_menu_typo_font_family":"0","ocean_menu_typo_font_subset":"","ocean_menu_typo_font_size":0,"ocean_menu_typo_font_size_tablet":0,"ocean_menu_typo_font_size_mobile":0,"ocean_menu_typo_font_size_unit":"px","ocean_menu_typo_font_weight":"","ocean_menu_typo_font_weight_tablet":"","ocean_menu_typo_font_weight_mobile":"","ocean_menu_typo_transform":"","ocean_menu_typo_transform_tablet":"","ocean_menu_typo_transform_mobile":"","ocean_menu_typo_line_height":0,"ocean_menu_typo_line_height_tablet":0,"ocean_menu_typo_line_height_mobile":0,"ocean_menu_typo_line_height_unit":"","ocean_menu_typo_spacing":0,"ocean_menu_typo_spacing_tablet":0,"ocean_menu_typo_spacing_mobile":0,"ocean_menu_typo_spacing_unit":"","ocean_menu_link_color":"","ocean_menu_link_color_hover":"","ocean_menu_link_color_active":"","ocean_menu_link_background":"","ocean_menu_link_hover_background":"","ocean_menu_link_active_background":"","ocean_menu_social_links_bg":"","ocean_menu_social_hover_links_bg":"","ocean_menu_social_links_color":"","ocean_menu_social_hover_links_color":"","ocean_disable_title":"default","ocean_disable_heading":"default","ocean_post_title":"","ocean_post_subheading":"","ocean_post_title_style":"","ocean_post_title_background_color":"","ocean_post_title_background":0,"ocean_post_title_bg_image_position":"","ocean_post_title_bg_image_attachment":"","ocean_post_title_bg_image_repeat":"","ocean_post_title_bg_image_size":"","ocean_post_title_height":0,"ocean_post_title_bg_overlay":0.5,"ocean_post_title_bg_overlay_color":"","ocean_disable_breadcrumbs":"default","ocean_breadcrumbs_color":"","ocean_breadcrumbs_separator_color":"","ocean_breadcrumbs_links_color":"","ocean_breadcrumbs_links_hover_color":"","ocean_display_footer_widgets":"default","ocean_display_footer_bottom":"default","ocean_custom_footer_template":"0"},"product_brand":[],"product_cat":[52,39],"product_tag":[],"class_list":{"0":"post-5663","1":"product","2":"type-product","3":"status-publish","4":"has-post-thumbnail","6":"product_cat-bosch","7":"product_cat-meuleuse","9":"entry","10":"has-media","12":"first","13":"instock","14":"sale","15":"shipping-taxable","16":"purchasable","17":"product-type-simple","18":"has-product-nav","19":"col","20":"span_1_of_5","21":"owp-content-center","22":"owp-thumbs-layout-vertical","23":"owp-btn-big","24":"owp-tabs-layout-vertical","25":"has-no-thumbnails","27":"circle-sale"},"_links":{"self":[{"href":"https:\/\/baobolt.com\/index.php\/wp-json\/wp\/v2\/product\/5663","targetHints":{"allow":["GET"]}}],"collection":[{"href":"https:\/\/baobolt.com\/index.php\/wp-json\/wp\/v2\/product"}],"about":[{"href":"https:\/\/baobolt.com\/index.php\/wp-json\/wp\/v2\/types\/product"}],"replies":[{"embeddable":true,"href":"https:\/\/baobolt.com\/index.php\/wp-json\/wp\/v2\/comments?post=5663"}],"version-history":[{"count":4,"href":"https:\/\/baobolt.com\/index.php\/wp-json\/wp\/v2\/product\/5663\/revisions"}],"predecessor-version":[{"id":8641,"href":"https:\/\/baobolt.com\/index.php\/wp-json\/wp\/v2\/product\/5663\/revisions\/8641"}],"wp:featuredmedia":[{"embeddable":true,"href":"https:\/\/baobolt.com\/index.php\/wp-json\/wp\/v2\/media\/8537"}],"wp:attachment":[{"href":"https:\/\/baobolt.com\/index.php\/wp-json\/wp\/v2\/media?parent=5663"}],"wp:term":[{"taxonomy":"product_brand","embeddable":true,"href":"https:\/\/baobolt.com\/index.php\/wp-json\/wp\/v2\/product_brand?post=5663"},{"taxonomy":"product_cat","embeddable":true,"href":"https:\/\/baobolt.com\/index.php\/wp-json\/wp\/v2\/product_cat?post=5663"},{"taxonomy":"product_tag","embeddable":true,"href":"https:\/\/baobolt.com\/index.php\/wp-json\/wp\/v2\/product_tag?post=5663"}],"curies":[{"name":"wp","href":"https:\/\/api.w.org\/{rel}","templated":true}]}}