{"id":5491,"date":"2023-12-17T18:06:05","date_gmt":"2023-12-17T17:06:05","guid":{"rendered":"https:\/\/baobolt.com\/?post_type=product&#038;p=5491"},"modified":"2024-04-13T17:43:27","modified_gmt":"2024-04-13T15:43:27","slug":"perceuse-gsb-18-2-re-professional-bosch","status":"publish","type":"product","link":"https:\/\/baobolt.com\/index.php\/produit\/perceuse-gsb-18-2-re-professional-bosch\/","title":{"rendered":"PERCEUSE GSB 18-2 RE PROFESSIONAL  BOSCH"},"content":{"rendered":"<div class=\"product-detail-stage__info\">\n<h3 class=\"product-detail-stage__headline\">La plus rapide et la plus polyvalente de sa cat\u00e9gorie<\/h3>\n<ul class=\"product-detail-stage__list a-list\">\n<li>Perceuse \u00e0 percussion 2 vitesses puissante (800 W) pour une progression de travail tr\u00e8s rapide<\/li>\n<li>Carter en m\u00e9tal robuste pour une grande long\u00e9vit\u00e9<\/li>\n<li>D\u00e9brayage de s\u00e9curit\u00e9 m\u00e9canique antirotation pour une s\u00e9curit\u00e9 de travail \u00e9lev\u00e9e<\/li>\n<\/ul>\n<\/div>\n<div class=\"product-detail-stage__materials\">\n<div class=\"product-detail-stage__pics-wrapper\">\n<div class=\"pics-tooltip\" data-title=\"Couple optimis\u00e9 pour les vissages et vitesse optimis\u00e9e pour les per\u00e7ages gr\u00e2ce \u00e0 l\u2019engrenage plan\u00e9taire \u00e0 2 vitesses\">\n<div class=\"product-detail-stage__pic\"><\/div>\n<\/div>\n<\/div>\n<\/div>\n","protected":false},"excerpt":{"rendered":"<div class=\"row\">\n<div class=\"col-xs-12\">\n<h2 class=\"headline headline__redesign headline__redesign--blue headline__redesign--hl2\">CARACT\u00c9RISTIQUES TECHNIQUES<\/h2>\n<\/div>\n<\/div>\n<div class=\"row\">\n<div class=\"col-lg-8 col-xs-12\">\n<table id=\"product-attribute-specs-table\" class=\" table-bordered table-data-attr\">\n<tbody>\n<tr>\n<td class=\"col label\" scope=\"row\">Poids<\/td>\n<th class=\"col data\" data-th=\"Poids\">2.60 Kg<\/th>\n<\/tr>\n<tr>\n<td class=\"col label\" scope=\"row\">Marque<\/td>\n<th class=\"col data\" data-th=\"Marque \">BOSCH<\/th>\n<\/tr>\n<tr>\n<td class=\"col label\" scope=\"row\">Puissance absorb\u00e9e nominale<\/td>\n<th class=\"col data\" data-th=\"Puissance absorb\u00e9e nominale\">800 W<\/th>\n<\/tr>\n<tr>\n<td class=\"col label\" scope=\"row\">R\u00e9gime \u00e0 vide<\/td>\n<th class=\"col data\" data-th=\"R\u00e9gime \u00e0 vide\">0 \u2013 1,100 t\/min<\/th>\n<\/tr>\n<tr>\n<td class=\"col label\" scope=\"row\">Puissance restitu\u00e9e<\/td>\n<th class=\"col data\" data-th=\"Puissance restitu\u00e9e\">420 W<\/th>\n<\/tr>\n<\/tbody>\n<\/table>\n<\/div>\n<\/div>\n","protected":false},"featured_media":8333,"comment_status":"open","ping_status":"closed","template":"","meta":{"_eb_attr":"","ocean_post_layout":"","ocean_both_sidebars_style":"","ocean_both_sidebars_content_width":0,"ocean_both_sidebars_sidebars_width":0,"ocean_sidebar":"0","ocean_second_sidebar":"0","ocean_disable_margins":"enable","ocean_add_body_class":"","ocean_shortcode_before_top_bar":"","ocean_shortcode_after_top_bar":"","ocean_shortcode_before_header":"","ocean_shortcode_after_header":"","ocean_has_shortcode":"","ocean_shortcode_after_title":"","ocean_shortcode_before_footer_widgets":"","ocean_shortcode_after_footer_widgets":"","ocean_shortcode_before_footer_bottom":"","ocean_shortcode_after_footer_bottom":"","ocean_display_top_bar":"default","ocean_display_header":"default","ocean_header_style":"","ocean_center_header_left_menu":"0","ocean_custom_header_template":"0","ocean_custom_logo":0,"ocean_custom_retina_logo":0,"ocean_custom_logo_max_width":0,"ocean_custom_logo_tablet_max_width":0,"ocean_custom_logo_mobile_max_width":0,"ocean_custom_logo_max_height":0,"ocean_custom_logo_tablet_max_height":0,"ocean_custom_logo_mobile_max_height":0,"ocean_header_custom_menu":"0","ocean_menu_typo_font_family":"0","ocean_menu_typo_font_subset":"","ocean_menu_typo_font_size":0,"ocean_menu_typo_font_size_tablet":0,"ocean_menu_typo_font_size_mobile":0,"ocean_menu_typo_font_size_unit":"px","ocean_menu_typo_font_weight":"","ocean_menu_typo_font_weight_tablet":"","ocean_menu_typo_font_weight_mobile":"","ocean_menu_typo_transform":"","ocean_menu_typo_transform_tablet":"","ocean_menu_typo_transform_mobile":"","ocean_menu_typo_line_height":0,"ocean_menu_typo_line_height_tablet":0,"ocean_menu_typo_line_height_mobile":0,"ocean_menu_typo_line_height_unit":"","ocean_menu_typo_spacing":0,"ocean_menu_typo_spacing_tablet":0,"ocean_menu_typo_spacing_mobile":0,"ocean_menu_typo_spacing_unit":"","ocean_menu_link_color":"","ocean_menu_link_color_hover":"","ocean_menu_link_color_active":"","ocean_menu_link_background":"","ocean_menu_link_hover_background":"","ocean_menu_link_active_background":"","ocean_menu_social_links_bg":"","ocean_menu_social_hover_links_bg":"","ocean_menu_social_links_color":"","ocean_menu_social_hover_links_color":"","ocean_disable_title":"default","ocean_disable_heading":"default","ocean_post_title":"","ocean_post_subheading":"","ocean_post_title_style":"","ocean_post_title_background_color":"","ocean_post_title_background":0,"ocean_post_title_bg_image_position":"","ocean_post_title_bg_image_attachment":"","ocean_post_title_bg_image_repeat":"","ocean_post_title_bg_image_size":"","ocean_post_title_height":0,"ocean_post_title_bg_overlay":0.5,"ocean_post_title_bg_overlay_color":"","ocean_disable_breadcrumbs":"default","ocean_breadcrumbs_color":"","ocean_breadcrumbs_separator_color":"","ocean_breadcrumbs_links_color":"","ocean_breadcrumbs_links_hover_color":"","ocean_display_footer_widgets":"default","ocean_display_footer_bottom":"default","ocean_custom_footer_template":"0"},"product_brand":[],"product_cat":[52,36],"product_tag":[],"class_list":{"0":"post-5491","1":"product","2":"type-product","3":"status-publish","4":"has-post-thumbnail","6":"product_cat-bosch","7":"product_cat-perceuse","9":"entry","10":"has-media","12":"first","13":"instock","14":"sale","15":"shipping-taxable","16":"purchasable","17":"product-type-simple","18":"has-product-nav","19":"col","20":"span_1_of_5","21":"owp-content-center","22":"owp-thumbs-layout-vertical","23":"owp-btn-big","24":"owp-tabs-layout-vertical","25":"has-no-thumbnails","27":"circle-sale"},"_links":{"self":[{"href":"https:\/\/baobolt.com\/index.php\/wp-json\/wp\/v2\/product\/5491","targetHints":{"allow":["GET"]}}],"collection":[{"href":"https:\/\/baobolt.com\/index.php\/wp-json\/wp\/v2\/product"}],"about":[{"href":"https:\/\/baobolt.com\/index.php\/wp-json\/wp\/v2\/types\/product"}],"replies":[{"embeddable":true,"href":"https:\/\/baobolt.com\/index.php\/wp-json\/wp\/v2\/comments?post=5491"}],"version-history":[{"count":2,"href":"https:\/\/baobolt.com\/index.php\/wp-json\/wp\/v2\/product\/5491\/revisions"}],"predecessor-version":[{"id":8627,"href":"https:\/\/baobolt.com\/index.php\/wp-json\/wp\/v2\/product\/5491\/revisions\/8627"}],"wp:featuredmedia":[{"embeddable":true,"href":"https:\/\/baobolt.com\/index.php\/wp-json\/wp\/v2\/media\/8333"}],"wp:attachment":[{"href":"https:\/\/baobolt.com\/index.php\/wp-json\/wp\/v2\/media?parent=5491"}],"wp:term":[{"taxonomy":"product_brand","embeddable":true,"href":"https:\/\/baobolt.com\/index.php\/wp-json\/wp\/v2\/product_brand?post=5491"},{"taxonomy":"product_cat","embeddable":true,"href":"https:\/\/baobolt.com\/index.php\/wp-json\/wp\/v2\/product_cat?post=5491"},{"taxonomy":"product_tag","embeddable":true,"href":"https:\/\/baobolt.com\/index.php\/wp-json\/wp\/v2\/product_tag?post=5491"}],"curies":[{"name":"wp","href":"https:\/\/api.w.org\/{rel}","templated":true}]}}